{"id":2204,"date":"2019-06-05T12:03:44","date_gmt":"2019-06-05T10:03:44","guid":{"rendered":"https:\/\/expansion-method.com\/die-funf-prinzipien-der-ausdehnung\/"},"modified":"2019-07-22T23:03:58","modified_gmt":"2019-07-22T21:03:58","slug":"die-funf-prinzipien-der-ausdehnung","status":"publish","type":"page","link":"https:\/\/expansion-method.com\/de\/die-funf-prinzipien-der-ausdehnung\/","title":{"rendered":"Die f\u00fcnf Prinzipien der Ausdehnung"},"content":{"rendered":"<p>[et_pb_section fb_built=&#8220;1&#8243; _builder_version=&#8220;3.23.3&#8243;][et_pb_row _builder_version=&#8220;3.25&#8243;][et_pb_column type=&#8220;4_4&#8243; _builder_version=&#8220;3.25&#8243; custom_padding=&#8220;|||&#8220; custom_padding__hover=&#8220;|||&#8220;][et_pb_image src=&#8220;https:\/\/expansion-method.com\/wp-content\/uploads\/2019\/06\/5-principles-expansion-de-1.jpg&#8220; _builder_version=&#8220;3.23.3&#8243;][\/et_pb_image][\/et_pb_column][\/et_pb_row][et_pb_row _builder_version=&#8220;3.25&#8243; column_structure=&#8220;1_5,3_5,1_5&#8243;][et_pb_column type=&#8220;1_5&#8243; _builder_version=&#8220;3.25&#8243; custom_padding=&#8220;|||&#8220; custom_padding__hover=&#8220;|||&#8220;][\/et_pb_column][et_pb_column type=&#8220;3_5&#8243; _builder_version=&#8220;3.25&#8243; custom_padding=&#8220;|||&#8220; custom_padding__hover=&#8220;|||&#8220;][et_pb_text _builder_version=&#8220;3.23.3&#8243;]<\/p>\n<h2 style=\"text-align: center;\"> Die f\u00fcnf Prinzipien der Ausdehnung<\/h2>\n<p>&nbsp;<\/p>\n<p>Die Ausdehnung-Methode besteht aus <strong>f\u00fcnf Prinzipien<\/strong>, die durch Praxis und eigene Erfahrung validiert werden k\u00f6nnen.<\/p>\n<p>Das erste Prinzip ist \u201e<strong>Bewusstsein geht Ph\u00e4nomenen voraus<\/strong>\u201c \u2013 Je tiefer Sie in weitere Bewusstseinsebenen gehen, desto schneller k\u00f6nnen Sie den Inhalt Ihres Bewusstseins \u00e4ndern.<\/p>\n<p>Das zweite Prinzip \u201e<strong>Die subtilen Felder sind Ebenen, in denen Leiden unm\u00f6glich ist<\/strong>\u201c besagt, dass Leiden nicht existieren kann, wenn es kein psychologisches Ged\u00e4chtnis gibt. Sobald Sie das psychologische Ged\u00e4chtnis durch die Kraft der subtilen Felder transzendieren, befinden Sie sich au\u00dferhalb des Kreislaufs des Leidens.<\/p>\n<p>Das dritte Prinzip ist \u201e<strong>Selbstautorit\u00e4t<\/strong>\u201c &#8211; wenn Sie sich in das subtile Bewusstsein begeben, offenbart sich das Gl\u00fcck als ein nicht-kausaler innerer Zustand, d.h. ein Zustand, der nicht von Umst\u00e4nden oder anderen Menschen abh\u00e4ngt. Dies ist der Beginn der Entdeckung, dass Sie Ihre eigene Quelle der Liebe, des Verst\u00e4ndnisses, der F\u00fchrung und der Gnade werden k\u00f6nnen &#8211; und diese Erkenntnis f\u00fchrt zur Entstehung echter Individualit\u00e4t.<\/p>\n<p>\u201e<strong>Ausdehnung ist Gl\u00fcckseligkeit<\/strong>\u201c, das vierte Prinzip, sagt uns, dass Leiden das Gef\u00fchl der Kontraktion und Begrenzung <em>ist<\/em>. Daraus folgt, dass Ausdehnung die Quelle h\u00f6chsten Gl\u00fccks ist. Indem die Kontraktion aufgebrochen wird und ihre Grenzen in ein ges\u00fcnderes und vibrierenderes Wesen aufgenommen werden, l\u00f6st sich das Leiden vollst\u00e4ndig auf.<\/p>\n<p>Das letzte, \u201e<strong>Das Erwachen des neuen Gehirns<\/strong>\u201c, lehrt, dass Ihr Gehirn, sobald es von einem Zustand des Denkens in einen Zustand des <em>Zuh\u00f6rens<\/em>\u00fcbergeht, frei von Konditionierung ist und daher auf einer v\u00f6llig anderen Ebene von Klarheit, Intelligenz und Kreativit\u00e4t funktioniert. Auf diese Weise hilft Ihnen der Expansionsprozess, in den n\u00e4chsten Evolutionsschritt des menschlichen Gehirns \u00fcberzugehen.<\/p>\n<p>[\/et_pb_text][\/et_pb_column][et_pb_column type=&#8220;1_5&#8243; _builder_version=&#8220;3.25&#8243; custom_padding=&#8220;|||&#8220; custom_padding__hover=&#8220;|||&#8220;][\/et_pb_column][\/et_pb_row][\/et_pb_section][et_pb_section fb_built=&#8220;1&#8243; _builder_version=&#8220;3.25.3&#8243; background_color=&#8220;#FEF7E6&#8243;][et_pb_row column_structure=&#8220;1_5,3_5,1_5&#8243; _builder_version=&#8220;3.25.3&#8243;][et_pb_column type=&#8220;1_5&#8243; _builder_version=&#8220;3.25.3&#8243;][\/et_pb_column][et_pb_column type=&#8220;3_5&#8243; _builder_version=&#8220;3.25.3&#8243;][et_pb_text _builder_version=&#8220;3.25.3&#8243;]<\/p>\n<h3 style=\"text-align: center;\">Was andere \u00fcber Tamar und die Expansion Methode f\u00fcr das L\u00f6sen von Traumata sagen:<\/h3>\n<p>[\/et_pb_text][et_pb_testimonial author=&#8220;Regina Tokarczyk&#8220; quote_icon_color=&#8220;#A67240&#8243; _builder_version=&#8220;3.25.3&#8243; background_color=&#8220;#ffffff&#8220;]<\/p>\n<p><em>Als Teil der ersten Generation von Practitionern der Expansionsmethode und der Traumatechnik in Deutschland setze ich diese Techniken seit etwa sieben Jahren sowohl f\u00fcr meinen pers\u00f6nlichen Prozess als auch f\u00fcr die Arbeit mit meinen Klienten (insgesamt \u00fcber 200 Sitzungen) ein und ich habe erstaunliche, lebensver\u00e4ndernde Ergebnisse erlebt: massive transformative Ver\u00e4nderungen, \u00dcberwindung destruktiver, begrenzter Denk- und Verhaltensmuster, Schaffung eines emotionalen Gleichgewichts, Chakra-Ausrichtung und tiefer Trauma-Freisetzung, um nur einige zu nennen. W\u00e4hrend die Methode an sich als wunderbares Werkzeug f\u00fcr die spirituelle Befreiung gedacht ist, funktioniert sie auch auf dem Gebiet der Traumaheilung fantastisch, was letztendlich die Grundlage f\u00fcr jede weitere evolution\u00e4re Entfaltung und das Erreichen von H\u00f6hen eines gl\u00fcckseligen, freudigen, gen\u00e4hrten, kreativen Selbstausdrucks ist. Ich wei\u00df, dass diese Methode die Kraft und das Potenzial hat, der klassischen Psychotherapie den Rang abzulaufen, da sie superschnell, ganzheitlich und effizient arbeitet und das ist es, was wir in diesen gegenw\u00e4rtigen, sich schnell ver\u00e4ndernden Zeiten dringend brauchen. Es ist meine Vision, den Planeten in zehn Jahren traumafrei zu machen, und diese Methode k\u00f6nnte ein wichtiges Schl\u00fcsselinstrument sein, um dorthin zu gelangen. Alles, was ben\u00f6tigt wird, ist eine Menge Heiler, Psychologen und Practitioner, die darin geschult werden und es bei ihren Klienten anwenden. Ich w\u00fcrde auch gerne sehen, wie diese Methode Teenagern in Schulen beigebracht wird.<\/em><\/p>\n<p>&nbsp;<\/p>\n<p><em> Tamar ist mehr als eine herausragende Expertin f\u00fcr Traumaheilung und ihr tiefes Fachwissen, und ihr brillantes, scharfes Adlerauge, das in die verwundbarsten, zerbrechlichsten, unbewusstesten, verschlossensten Aspekte der Psyche des Patienten blickt, sind hier unglaublich wertvolle Edelsteine. Gleichzeitig wird ihr k\u00fchnes, ger\u00e4umiges L\u00f6wenherz zu jeder Zeit des Prozesses f\u00fcr Sicherheit und W\u00e4rme und Mitgef\u00fchl sorgen. Wenn Sie mit Tamar zusammenarbeiten, ist Ihre Transformation garantiert! Tun Sie es!<\/em> <\/p>\n<p>[\/et_pb_testimonial][\/et_pb_column][et_pb_column type=&#8220;1_5&#8243; _builder_version=&#8220;3.25.3&#8243;][\/et_pb_column][\/et_pb_row][\/et_pb_section][et_pb_section fb_built=&#8220;1&#8243; _builder_version=&#8220;3.26.3&#8243; custom_padding=&#8220;||123px|||&#8220;][et_pb_row _builder_version=&#8220;3.26.3&#8243;][et_pb_column type=&#8220;4_4&#8243; _builder_version=&#8220;3.26.3&#8243;][et_pb_text _builder_version=&#8220;3.26.3&#8243; inline_fonts=&#8220;Quattrocento&#8220;]<\/p>\n<div class=\"et_pb_module et_pb_text et_pb_text_2 et_pb_bg_layout_light  et_pb_text_align_left\">\n<div class=\"et_pb_text_inner\">\n<h4 style=\"text-align: center;\"><span style=\"font-size: 60px;\"><span style=\"font-family: Quattrocento; font-weight: normal; font-size: x-large;\">DAS NEUE TRAINING STARTET BALD<\/span><br \/><\/span><\/h4>\n<p><span style=\"font-size: 60px;\"><span style=\"font-family: Quattrocento; font-weight: normal; font-size: x-large;\"><\/span><\/span><\/p>\n<p><span style=\"font-size: 60px;\"><span style=\"font-family: Quattrocento; font-weight: normal; font-size: x-large;\"><\/span><\/span><\/p>\n<h1 style=\"text-align: center;\"><span style=\"font-size: 60px;\">Die Expansions-Methode<\/span><\/h1>\n<h2 style=\"text-align: center;\"><strong><\/strong><\/h2>\n<h2 style=\"text-align: center;\"><strong><\/strong><\/h2>\n<h2 style=\"text-align: center;\"><strong>\u2013 Trauma Release Certification Training<\/strong><\/h2>\n<\/div>\n<\/div>\n<p>[\/et_pb_text][\/et_pb_column][\/et_pb_row][et_pb_row column_structure=&#8220;1_5,3_5,1_5&#8243; _builder_version=&#8220;3.26.3&#8243;][et_pb_column type=&#8220;1_5&#8243; _builder_version=&#8220;3.26.3&#8243;][\/et_pb_column][et_pb_column type=&#8220;3_5&#8243; _builder_version=&#8220;3.26.3&#8243;][et_pb_text _builder_version=&#8220;3.26.3&#8243; custom_margin=&#8220;||71px|||&#8220;]<\/p>\n<h4 style=\"text-align: center;\">Entdecke und erlerne eine kraftvolle und effektive Methode um Traumata zu l\u00f6sen und zu transformieren<\/h4>\n<p>[\/et_pb_text][et_pb_button button_url=&#8220;https:\/\/expansion-method.com&#8220; button_text=&#8220;Ich m\u00f6chte mehr erfahren &#8230;&#8220; button_alignment=&#8220;center&#8220; _builder_version=&#8220;3.26.3&#8243; custom_button=&#8220;on&#8220; button_text_size=&#8220;22px&#8220; button_text_color=&#8220;#000000&#8243; button_bg_color=&#8220;#FFBF1E&#8220; button_border_width=&#8220;0px&#8220; button_font=&#8220;Cinzel|||on|||||&#8220; button_icon=&#8220;%%20%%&#8220; button_on_hover=&#8220;off&#8220; box_shadow_style=&#8220;preset3&#8243; custom_margin=&#8220;32px|||||&#8220;][\/et_pb_button][\/et_pb_column][et_pb_column type=&#8220;1_5&#8243; _builder_version=&#8220;3.26.3&#8243;][\/et_pb_column][\/et_pb_row][\/et_pb_section]<\/p>\n","protected":false},"excerpt":{"rendered":"<p>Die f\u00fcnf Prinzipien der Ausdehnung &nbsp; Die Ausdehnung-Methode besteht aus f\u00fcnf Prinzipien, die durch Praxis und eigene Erfahrung validiert werden k\u00f6nnen. Das erste Prinzip ist \u201eBewusstsein geht Ph\u00e4nomenen voraus\u201c \u2013 Je tiefer Sie in weitere Bewusstseinsebenen gehen, desto schneller k\u00f6nnen Sie den Inhalt Ihres Bewusstseins \u00e4ndern. Das zweite Prinzip \u201eDie subtilen Felder sind Ebenen, in [&hellip;]<\/p>\n","protected":false},"author":1,"featured_media":2219,"parent":0,"menu_order":0,"comment_status":"closed","ping_status":"closed","template":"","meta":{"_et_pb_use_builder":"on","_et_pb_old_content":"","_et_gb_content_width":"","footnotes":""},"class_list":["post-2204","page","type-page","status-publish","has-post-thumbnail","hentry"],"yoast_head":"<!-- This site is optimized with the Yoast SEO plugin v27.3 - https:\/\/yoast.com\/product\/yoast-seo-wordpress\/ -->\n<title>Die f\u00fcnf Prinzipien der Ausdehnung - The Expansion Method<\/title>\n<meta name=\"robots\" content=\"index, follow, max-snippet:-1, max-image-preview:large, max-video-preview:-1\" \/>\n<link rel=\"canonical\" href=\"https:\/\/expansion-method.com\/de\/die-funf-prinzipien-der-ausdehnung\/\" \/>\n<meta property=\"og:locale\" content=\"de_DE\" \/>\n<meta property=\"og:type\" content=\"article\" \/>\n<meta property=\"og:title\" content=\"Die f\u00fcnf Prinzipien der Ausdehnung - The Expansion Method\" \/>\n<meta property=\"og:description\" content=\"Die f\u00fcnf Prinzipien der Ausdehnung &nbsp; Die Ausdehnung-Methode besteht aus f\u00fcnf Prinzipien, die durch Praxis und eigene Erfahrung validiert werden k\u00f6nnen. Das erste Prinzip ist \u201eBewusstsein geht Ph\u00e4nomenen voraus\u201c \u2013 Je tiefer Sie in weitere Bewusstseinsebenen gehen, desto schneller k\u00f6nnen Sie den Inhalt Ihres Bewusstseins \u00e4ndern. Das zweite Prinzip \u201eDie subtilen Felder sind Ebenen, in [&hellip;]\" \/>\n<meta property=\"og:url\" content=\"https:\/\/expansion-method.com\/de\/die-funf-prinzipien-der-ausdehnung\/\" \/>\n<meta property=\"og:site_name\" content=\"The Expansion Method\" \/>\n<meta property=\"article:modified_time\" content=\"2019-07-22T21:03:58+00:00\" \/>\n<meta property=\"og:image\" content=\"https:\/\/expansion-method.com\/wp-content\/uploads\/2019\/06\/5-principles-expansion-de-1.jpg\" \/>\n\t<meta property=\"og:image:width\" content=\"1200\" \/>\n\t<meta property=\"og:image:height\" content=\"630\" \/>\n\t<meta property=\"og:image:type\" content=\"image\/jpeg\" \/>\n<meta name=\"twitter:card\" content=\"summary_large_image\" \/>\n<meta name=\"twitter:label1\" content=\"Gesch\u00e4tzte Lesezeit\" \/>\n\t<meta name=\"twitter:data1\" content=\"5\u00a0Minuten\" \/>\n<script type=\"application\/ld+json\" class=\"yoast-schema-graph\">{\"@context\":\"https:\\\/\\\/schema.org\",\"@graph\":[{\"@type\":\"WebPage\",\"@id\":\"https:\\\/\\\/expansion-method.com\\\/de\\\/die-funf-prinzipien-der-ausdehnung\\\/\",\"url\":\"https:\\\/\\\/expansion-method.com\\\/de\\\/die-funf-prinzipien-der-ausdehnung\\\/\",\"name\":\"Die f\u00fcnf Prinzipien der Ausdehnung - The Expansion Method\",\"isPartOf\":{\"@id\":\"https:\\\/\\\/expansion-method.com\\\/de\\\/#website\"},\"primaryImageOfPage\":{\"@id\":\"https:\\\/\\\/expansion-method.com\\\/de\\\/die-funf-prinzipien-der-ausdehnung\\\/#primaryimage\"},\"image\":{\"@id\":\"https:\\\/\\\/expansion-method.com\\\/de\\\/die-funf-prinzipien-der-ausdehnung\\\/#primaryimage\"},\"thumbnailUrl\":\"https:\\\/\\\/expansion-method.com\\\/wp-content\\\/uploads\\\/2019\\\/06\\\/5-principles-expansion-de-1.jpg\",\"datePublished\":\"2019-06-05T10:03:44+00:00\",\"dateModified\":\"2019-07-22T21:03:58+00:00\",\"breadcrumb\":{\"@id\":\"https:\\\/\\\/expansion-method.com\\\/de\\\/die-funf-prinzipien-der-ausdehnung\\\/#breadcrumb\"},\"inLanguage\":\"de\",\"potentialAction\":[{\"@type\":\"ReadAction\",\"target\":[\"https:\\\/\\\/expansion-method.com\\\/de\\\/die-funf-prinzipien-der-ausdehnung\\\/\"]}]},{\"@type\":\"ImageObject\",\"inLanguage\":\"de\",\"@id\":\"https:\\\/\\\/expansion-method.com\\\/de\\\/die-funf-prinzipien-der-ausdehnung\\\/#primaryimage\",\"url\":\"https:\\\/\\\/expansion-method.com\\\/wp-content\\\/uploads\\\/2019\\\/06\\\/5-principles-expansion-de-1.jpg\",\"contentUrl\":\"https:\\\/\\\/expansion-method.com\\\/wp-content\\\/uploads\\\/2019\\\/06\\\/5-principles-expansion-de-1.jpg\",\"width\":1200,\"height\":630},{\"@type\":\"BreadcrumbList\",\"@id\":\"https:\\\/\\\/expansion-method.com\\\/de\\\/die-funf-prinzipien-der-ausdehnung\\\/#breadcrumb\",\"itemListElement\":[{\"@type\":\"ListItem\",\"position\":1,\"name\":\"Startseite\",\"item\":\"https:\\\/\\\/expansion-method.com\\\/de\\\/\"},{\"@type\":\"ListItem\",\"position\":2,\"name\":\"Die f\u00fcnf Prinzipien der Ausdehnung\"}]},{\"@type\":\"WebSite\",\"@id\":\"https:\\\/\\\/expansion-method.com\\\/de\\\/#website\",\"url\":\"https:\\\/\\\/expansion-method.com\\\/de\\\/\",\"name\":\"The Expansion Method\",\"description\":\"Become Bigger Than Your Problems\",\"potentialAction\":[{\"@type\":\"SearchAction\",\"target\":{\"@type\":\"EntryPoint\",\"urlTemplate\":\"https:\\\/\\\/expansion-method.com\\\/de\\\/?s={search_term_string}\"},\"query-input\":{\"@type\":\"PropertyValueSpecification\",\"valueRequired\":true,\"valueName\":\"search_term_string\"}}],\"inLanguage\":\"de\"}]}<\/script>\n<!-- \/ Yoast SEO plugin. -->","yoast_head_json":{"title":"Die f\u00fcnf Prinzipien der Ausdehnung - The Expansion Method","robots":{"index":"index","follow":"follow","max-snippet":"max-snippet:-1","max-image-preview":"max-image-preview:large","max-video-preview":"max-video-preview:-1"},"canonical":"https:\/\/expansion-method.com\/de\/die-funf-prinzipien-der-ausdehnung\/","og_locale":"de_DE","og_type":"article","og_title":"Die f\u00fcnf Prinzipien der Ausdehnung - The Expansion Method","og_description":"Die f\u00fcnf Prinzipien der Ausdehnung &nbsp; Die Ausdehnung-Methode besteht aus f\u00fcnf Prinzipien, die durch Praxis und eigene Erfahrung validiert werden k\u00f6nnen. Das erste Prinzip ist \u201eBewusstsein geht Ph\u00e4nomenen voraus\u201c \u2013 Je tiefer Sie in weitere Bewusstseinsebenen gehen, desto schneller k\u00f6nnen Sie den Inhalt Ihres Bewusstseins \u00e4ndern. Das zweite Prinzip \u201eDie subtilen Felder sind Ebenen, in [&hellip;]","og_url":"https:\/\/expansion-method.com\/de\/die-funf-prinzipien-der-ausdehnung\/","og_site_name":"The Expansion Method","article_modified_time":"2019-07-22T21:03:58+00:00","og_image":[{"width":1200,"height":630,"url":"https:\/\/expansion-method.com\/wp-content\/uploads\/2019\/06\/5-principles-expansion-de-1.jpg","type":"image\/jpeg"}],"twitter_card":"summary_large_image","twitter_misc":{"Gesch\u00e4tzte Lesezeit":"5\u00a0Minuten"},"schema":{"@context":"https:\/\/schema.org","@graph":[{"@type":"WebPage","@id":"https:\/\/expansion-method.com\/de\/die-funf-prinzipien-der-ausdehnung\/","url":"https:\/\/expansion-method.com\/de\/die-funf-prinzipien-der-ausdehnung\/","name":"Die f\u00fcnf Prinzipien der Ausdehnung - The Expansion Method","isPartOf":{"@id":"https:\/\/expansion-method.com\/de\/#website"},"primaryImageOfPage":{"@id":"https:\/\/expansion-method.com\/de\/die-funf-prinzipien-der-ausdehnung\/#primaryimage"},"image":{"@id":"https:\/\/expansion-method.com\/de\/die-funf-prinzipien-der-ausdehnung\/#primaryimage"},"thumbnailUrl":"https:\/\/expansion-method.com\/wp-content\/uploads\/2019\/06\/5-principles-expansion-de-1.jpg","datePublished":"2019-06-05T10:03:44+00:00","dateModified":"2019-07-22T21:03:58+00:00","breadcrumb":{"@id":"https:\/\/expansion-method.com\/de\/die-funf-prinzipien-der-ausdehnung\/#breadcrumb"},"inLanguage":"de","potentialAction":[{"@type":"ReadAction","target":["https:\/\/expansion-method.com\/de\/die-funf-prinzipien-der-ausdehnung\/"]}]},{"@type":"ImageObject","inLanguage":"de","@id":"https:\/\/expansion-method.com\/de\/die-funf-prinzipien-der-ausdehnung\/#primaryimage","url":"https:\/\/expansion-method.com\/wp-content\/uploads\/2019\/06\/5-principles-expansion-de-1.jpg","contentUrl":"https:\/\/expansion-method.com\/wp-content\/uploads\/2019\/06\/5-principles-expansion-de-1.jpg","width":1200,"height":630},{"@type":"BreadcrumbList","@id":"https:\/\/expansion-method.com\/de\/die-funf-prinzipien-der-ausdehnung\/#breadcrumb","itemListElement":[{"@type":"ListItem","position":1,"name":"Startseite","item":"https:\/\/expansion-method.com\/de\/"},{"@type":"ListItem","position":2,"name":"Die f\u00fcnf Prinzipien der Ausdehnung"}]},{"@type":"WebSite","@id":"https:\/\/expansion-method.com\/de\/#website","url":"https:\/\/expansion-method.com\/de\/","name":"The Expansion Method","description":"Become Bigger Than Your Problems","potentialAction":[{"@type":"SearchAction","target":{"@type":"EntryPoint","urlTemplate":"https:\/\/expansion-method.com\/de\/?s={search_term_string}"},"query-input":{"@type":"PropertyValueSpecification","valueRequired":true,"valueName":"search_term_string"}}],"inLanguage":"de"}]}},"_links":{"self":[{"href":"https:\/\/expansion-method.com\/de\/wp-json\/wp\/v2\/pages\/2204","targetHints":{"allow":["GET"]}}],"collection":[{"href":"https:\/\/expansion-method.com\/de\/wp-json\/wp\/v2\/pages"}],"about":[{"href":"https:\/\/expansion-method.com\/de\/wp-json\/wp\/v2\/types\/page"}],"author":[{"embeddable":true,"href":"https:\/\/expansion-method.com\/de\/wp-json\/wp\/v2\/users\/1"}],"replies":[{"embeddable":true,"href":"https:\/\/expansion-method.com\/de\/wp-json\/wp\/v2\/comments?post=2204"}],"version-history":[{"count":0,"href":"https:\/\/expansion-method.com\/de\/wp-json\/wp\/v2\/pages\/2204\/revisions"}],"wp:featuredmedia":[{"embeddable":true,"href":"https:\/\/expansion-method.com\/de\/wp-json\/wp\/v2\/media\/2219"}],"wp:attachment":[{"href":"https:\/\/expansion-method.com\/de\/wp-json\/wp\/v2\/media?parent=2204"}],"curies":[{"name":"wp","href":"https:\/\/api.w.org\/{rel}","templated":true}]}}