{"id":2272,"date":"2019-07-02T20:41:24","date_gmt":"2019-07-02T18:41:24","guid":{"rendered":"https:\/\/expansion-method.com\/die-expansion-methode-eine-technologie-der-positiven-psychologie\/"},"modified":"2019-07-02T20:41:57","modified_gmt":"2019-07-02T18:41:57","slug":"technologie-positiver-psychologie","status":"publish","type":"page","link":"https:\/\/expansion-method.com\/de\/technologie-positiver-psychologie\/","title":{"rendered":"Die Expansion Methode \u2013 Eine Technologie der Positiven Psychologie"},"content":{"rendered":"\n[et_pb_section fb_built=&#8220;1&#8243; _builder_version=&#8220;3.23.3&#8243;][et_pb_row _builder_version=&#8220;3.23.3&#8243;][et_pb_column type=&#8220;1_5&#8243; _builder_version=&#8220;3.23.3&#8243;][\/et_pb_column][et_pb_column type=&#8220;3_5&#8243; _builder_version=&#8220;3.23.3&#8243;][et_pb_text _builder_version=&#8220;3.23.3&#8243;]<h2><strong>Die Expansion Methode \u2013 Eine Technologie der Positiven Psychologie<\/strong><\/h2>\n<p><strong><\/strong><\/p>\n<h3><u>Das Positive betonen<\/u><\/h3>\n<p>Die Positive Psychologie ist ein popul\u00e4rer wissenschaftlicher Ansatz die menschlichen Gedanken, Gef\u00fchle und das menschliche Verhalten studieren. Dabei stelle sie die St\u00e4rken anstatt der Schw\u00e4chen in den Mittelpunkt. Es geht darum ein gutes Leben aufzubauen, statt nur das schlechte zu reparieren und das Leben der Durchschnittsmenschen \u201egro\u00dfartig\u201c zu machen, statt sich nur darauf zu fokussieren diejenigen, die Probleme haben auf ein \u201enormales\u201c Level zu bringen (Peterson, 2008<a href=\"#_edn1\" name=\"_ednref1\"><span>[i]<\/span><\/a>).<\/p>\n<p>&#8218;Die Expansion&#8216; ist ein effektives und tief transformatives Werkzeug, das auf dem Geiste der positive Psychologie basiert und auf den Grunds\u00e4tzen spiritueller Erleuchtung. Der gesamte Handlungsablauf in der Ausdehnung basiert nicht im geringsten auf einem &#8218;Problembewusstsein&#8216; \u2013 im Gegenteil. Im Sprachgebrauch der Ausdehnung impliziert der Term &#8218;mentale Gesundheit&#8216; nicht nur die F\u00e4higkeit normal zu funktionieren, sondern schlie\u00dft ein volles Aufbl\u00fchen und entfalten des eigenen Potentials \u2013 auf geistiger sowie aktiv handelnder Ebene, mit ein. Kein &#8218;gew\u00f6hnliches menschliches Ungl\u00fcck&#8216; (Freud) mehr, sondern stattdessen eine optimale und harmonische Aktivit\u00e4t aller Komponenten des Bewusstseins.<\/p>\n<p>Dies Bedeutet, dass wenn eine Person sich in einen Prozess im Rahmen dieser Methode begibt, das Ziel des Behandlers nicht nur ist ihr zu helfen den neurotischen Faktor zu entfernen \u2013 ein Trauma, einen zwanghaften Gedanken, eine tiefsitzende und abgr\u00fcndige Angst oder ein unaufh\u00f6rliches und unverh\u00e4ltnism\u00e4\u00dfiges emotionales Bed\u00fcrfnis \u2013 sondern vielmehr im gesamten K\u00f6rper-Geist-Komplex die Gef\u00fchle von Gesundheit, Ausrichtung, Integration und Harmonie zu erwecken, bis er sie \u201elernt\u201c und als einen nat\u00fcrlichen Zustand annimmt.<\/p>\n<p>&nbsp;<\/p>\n<h3><u>Ein Wechsel in Ihrer Perspektive<\/u><\/h3>\n<p>Im Allgemeinen ist der gr\u00f6\u00dfte potentielle Vorteil der Positiven Psychologie, dass sie uns <strong>die Kraft lehrt, die eigene Perspektive zu wechseln.<\/strong> Viele Techniken und \u00dcbungen im Feld der Positiven Psychologie fokussieren sich auf diesen Wechsel, weil bereits ein relativ kleiner Wechsel der eigenen Perspektive zu erstaunlichen Ver\u00e4nderungen des Wohlbefindens und der Lebensqualit\u00e4t f\u00fchren kann. Die Expansion Methode arbeitet mit diesem Prinzip und geht noch weit dar\u00fcber hinaus. Durch die Ausdehnung des Bewusstseins hilft sie die eigene Perspektive vollkommen zu wechseln. Durch den Akt der Ausdehnung wird das Gef\u00fchl der Selbstidentit\u00e4t so sehr erweitert und gedehnt, dass die F\u00e4higkeit, auf sich selbst und auf das eigene Leben zu blicken sich radikal ver\u00e4ndert.<\/p>\n<p>&nbsp;<\/p>\n<p><strong>Die Expansion Methode hilft also<\/strong><\/p>\n<ul>\n<li>Deine Ganzheit zu realisieren indem sie traumatische Erinnerungen und unbehandelten Schmerz entfernt<\/li>\n<li>Ungesunde Gedanken- und Verhaltensmuster zu l\u00f6sen und neue, ges\u00fcndere Seinsarten anzunehmen<\/li>\n<li>Dein Gleichgewicht und Funktionalit\u00e4t in der Welt wiederherzustellen<\/li>\n<li>In direkte Verbindung mit deinen bewussten und unbewussten Fertigkeiten und zu gehen<\/li>\n<li>Deine Lebensgeschichte neu zu erz\u00e4hlen, so dass du von einer Opferperspektive zu wahrer, innerer St\u00e4rke finden kannst<\/li>\n<li>Dich mit deiner besonderen, inneren Konstitution zu verbinden f\u00fcr eine tiefe Selbstakzeptanz und ein h\u00f6heres Niveau der Leistungsf\u00e4higkeit und Erf\u00fcllung in der Welt<\/li>\n<\/ul>\n<p><u><\/u><\/p>\n<h3><u>Die Kraft der Dankbarkeit<\/u><\/h3>\n<p>Studien zeigen, dass Dankbarkeit einer der gr\u00f6\u00dften Faktoren zum Gl\u00fcck im Leben ist (Seligman, Steen, Park, &amp; Peterson, 2005<a href=\"#_edn2\" name=\"_ednref2\"><span>[ii]<\/span><\/a>). Die &#8218;Expansion&#8216; hilft uns mit sehr tiefen Zust\u00e4nden der Dankbarkeit und Wertsch\u00e4tzung in Kontakt zu kommen, da wir jedes Mal, wenn wir die unergr\u00fcndlichen Bereiche unseres Bewusstseins besuchen, mit Freude und dem direkten Wissen um den Sinn und den Wert des Lebens \u00fcberflutet werden. Dankbar zu sein wird unser nat\u00fcrlicher innerer Zustand und der Ausdruck dieser Dankbarkeit geschieht von selbst.<\/p>\n<p>&nbsp;<\/p>\n<h3><u>Die Kultivierung positiver Emotionen<\/u><\/h3>\n<p>Studien der Positiven Psychologie zeigen, dass bereits die Intention positive Emotionen und positive Gem\u00fctszust\u00e4nde zu kultivieren unsere F\u00e4higkeit verst\u00e4rken kann, Positivit\u00e4t direkt zu erfahren und dadurch unser generelles Wohlbefinden und unsere Leistungsf\u00e4higkeit zu erh\u00f6hen (Scott &amp; Barnes, 2011<a href=\"#_edn3\" name=\"_ednref3\"><span>[iii]<\/span><\/a>). Die &#8218;Expansion&#8216; arbeitet auf zwei Hauptwegen direkt an der Verbesserung des Positivit\u00e4tsniveaus. Der erste legt sein Augenmerk auf die Kultivierung und Ausdehnung von positiven Eindr\u00fccken, wie positiven Emotionen, positiven Erinnerungen sowie F\u00e4higkeiten und Fertigkeiten. Wir lernen positive Momente und Eindr\u00fccke zu erkennen und sie durch die Ausdehnung zu vergr\u00f6\u00dfern. Diese Praxis erlaubt eine tiefe Entspannung und eine \u00d6ffnung f\u00fcr unsere F\u00e4higkeit tiefe Gl\u00fccks- und Zufriedenheitszust\u00e4nde zu sp\u00fcren. Der zweite Weg resoniert mit der &#8218;zweiten Welle&#8216; der Positiven Psychologie (Lomas, &amp; Ivtzan, 2016<a href=\"#_edn4\" name=\"_ednref4\"><span>[iv]<\/span><\/a>), welche auch die Arbeit mit den negativen Impressionen, die wir haben, einschlie\u00dft. In der &#8218;Ausdehnung&#8216; nehmen wir jede negative Erinnerung\/Emotion\/Gef\u00fchl und transformieren diese dichte und kontrahierte Impression zu Freude, Stille und innerer St\u00e4rke. Dies entspricht auch der These, die die f\u00fchrende Wissenschaftlerin auf dem Gebiet positiver Emotionen Dr. Barbara Fredrickson in Ihrer &#8218;broaden and build theory&#8216; <a href=\"#_edn5\" name=\"_ednref5\"><span>[v]<\/span><\/a> aufstellt: &#8222;Positive Emotionen leisten viel mehr als nur Gl\u00fcck, Freude und Zufriedenheit zu verursachen, wenn wir sie erleben. Sie erweitern auch Verhaltensweisen (\u201cGedanken-Aktions-Repertoire\u201d), wie zum Beispiel Gewahrsein, spielerisches Entdecken und Neugierde. Je mehr positive Emotionen wir erleben, desto weiter wird das Spektrum des Gedanken-Aktions-Repertoires, das wir haben \u2013 in anderen Worten: Je gl\u00fccklicher wir sind, desto flexibler und kreativer sind wir in der Art und Weise uns selbst wahrzunehmen, zu kreieren, zu kommunizieren und zu arbeiten.&#8220;<\/p>\n<p>&nbsp;<\/p>\n<h3><u>Einen tiefen Sinn im Leben entdecken <\/u><\/h3>\n<p>Was f\u00fcr ein Leben ist wirklich lebenswert? Was ist der Sinn des Lebens und wie kann ich ein Gesp\u00fcr f\u00fcr Sinn in meinem Leben haben? All dies sind h\u00e4ufige Fragen, die wir uns w\u00e4hrend unseres Lebens stellen. Die Literatur zu Positiver Psychologie ist mit Untersuchungen und Theorien zum Thema Sinn gef\u00fcllt und viele Studien zeigen, dass je mehr Bedeutung wir in unserem Leben erfahren, desto h\u00f6her unser gef\u00fchltes Wohlbefinden ist (Wong, 1998 ). Die Ausdehnungsmethode betont das Thema der Sinngebung, da sie sich deren Bedeutung auf die Lebens- und Wesensqualit\u00e4t h\u00f6chst bewusst ist.<\/p>\n<p>Durch den konstanten Akt der Ausdehnung k\u00f6nnen wir so tiefe Zust\u00e4nde von Klarheit und Freude erfahren, dass wir auch mit einem fundamentalen Zustand von Sinn in Kontakt kommen. Wir k\u00f6nnen sehen, dass wer wir sind, im tiefsten Sinne des Wortes, in sich bedeutungsvoll ist. Wir erkennen, dass Sinn vor allem anderen eine universelle Erfahrung ist, die \u00fcber das pers\u00f6nliche Gef\u00fchl f\u00fcr Sinn hinausgeht und dass unsere eigene Lebensgeschichte, mit all ihren Triumphen und Fehlschl\u00e4gen, H\u00f6hen und Tiefen, in einen tieferen Sinn eingebettet ist. Jede schwierige und gl\u00fcckselige Erfahrung wird auf verschiedene Weisen zutiefst bedeutungsvoll und so werden unsere Leben mit Bedeutung und dadurch auch mit Gl\u00fcck und Frieden gef\u00fcllt.<\/p>\n<p>&nbsp;<\/p>\n<h3><u>Das Neuschreiben der eigenen Lebensgeschichte als ein Weg um Wohlbefinden zu kreieren<\/u><\/h3>\n<p>Wir alle besitzen eine Geschichte, eine Art unser Leben zu erz\u00e4hlen. Die Art, wie wir diese Geschichte erz\u00e4hlen kann tiefen Einfluss auf die Art haben wie wir uns selbst, andere, das Leben im Allgemeinen und unseren Platz im Geschehen der Dinge wahrnehmen. Die klinische Psychologie und die Positive Psychologie heben die Wichtigkeit dieser Geschichte hervor: \u201edie Bildung einer Geschichte ist entscheidend und ist ein Indikator guter mentaler und physischer Gesundheit\u201c (im Original: &#8222;the formation of a narrative is critical and is an indicator of good mental and physical health&#8220;) (Pennebaker &amp; Seagal, 1999). Aber wie sollte man die Formatierung seiner Erz\u00e4hlung \u00fcben?<\/p>\n<p>&nbsp;<\/p>\n<p>Die Expansion lehrt uns, unsere Erz\u00e4hlung aus einem anderen Blickwinkel zu betrachten. Zun\u00e4chst erz\u00e4hlen wir einfach unsere Geschichte, wie wir sie f\u00fchlen, verstehen und erleben. Die meisten von uns werden eine Geschichte erz\u00e4hlen, die haupts\u00e4chlich von Negativit\u00e4t und einer Opferperspektive gepr\u00e4gt ist, da dies die generelle Tendenz des Erinnerungsapparates ist \u2013 das \u201ehalb leere Glas\u201c der Realit\u00e4t zu sehen. Wir erz\u00e4hlen in der Regel eine Geschichte \u00fcber die schlechten Dinge, die uns widerfahren sind, und \u00fcber unsere zerbrochenen Tr\u00e4ume. Es ist wahr, dass wenn wir unsere Lebensgeschichte einfach immer wieder aufs Neue aufschreiben w\u00fcrden, wahrscheinlich irgendwann eine bessere und positivere Version entstehen w\u00fcrde. Aber in der Expansion k\u00f6nnen wir das Muster dieser Geschichte nehmen, es ein paar Mal ausdehnen und dann nochmal aus einer vollkommen anderen Perspektive erz\u00e4hlen. Sie wird immer zu einer Geschichte des \u00dcberwindens, Kraft Findens und einer Geschichte, in der das Gef\u00fchl ein Opfer zu sein nicht mehr enthalten ist. Wir beginnen zu erkennen, dass wir immer entscheiden und dass uns immer gen\u00fcgend Werkzeuge und Mittel zur Verf\u00fcgung stehen, um entsprechend unserer F\u00e4higkeiten mit den Dingen umzugehen. Eine solche Lebensgeschichte dein eigen nennen zu k\u00f6nnen ist die Bedeutung Positiver Psychologie.<\/p>\n<p>&nbsp;<\/p>\n<p><a href=\"#_ednref1\" name=\"_edn1\"><span>[i]<\/span><\/a> Peterson, C. (2009). Positive psychology. <em>Reclaiming children and youth<\/em>, <em>18<\/em>(2), 3.<\/p>\n<p><a href=\"#_ednref2\" name=\"_edn2\"><span>[ii]<\/span><\/a> Seligman, M. E., Steen, T. A., Park, N., &amp; Peterson, C. (2005). Positive psychology progress: empirical validation of interventions. <em>American psychologist<\/em>, <em>60<\/em>(5), 410.<\/p>\n<p><a href=\"#_ednref3\" name=\"_edn3\"><span>[iii]<\/span><\/a> Scott, B. A., &amp; Barnes, C. M. (2011). A multilevel field investigation of emotional labor, affect, work withdrawal, and gender. <em>Academy of management journal<\/em>, <em>54<\/em>(1), 116-136.<\/p>\n<p><a href=\"#_ednref4\" name=\"_edn4\"><span>[iv]<\/span><\/a> Lomas, T., &amp; Ivtzan, I. (2016). Second wave positive psychology: Exploring the positive\u2013negative dialectics of wellbeing. <em>Journal of Happiness Studies<\/em>, <em>17<\/em>(4), 1753-1768.<\/p>\n<p><a href=\"#_ednref5\" name=\"_edn5\"><span>[v]<\/span><\/a> Fredrickson, B. L. (2001). The role of positive emotions in positive psychology: The broaden-and-build theory of positive emotions. <em>American psychologist<\/em>, <em>56<\/em>(3), 218.<\/p>\n[\/et_pb_text][\/et_pb_column][et_pb_column type=&#8220;1_5&#8243; _builder_version=&#8220;3.23.3&#8243;][\/et_pb_column][\/et_pb_row][\/et_pb_section]\n","protected":false},"excerpt":{"rendered":"<p>Die Expansion Methode \u2013 Eine Technologie der Positiven Psychologie Das Positive betonen Die Positive Psychologie ist ein popul\u00e4rer wissenschaftlicher Ansatz die menschlichen Gedanken, Gef\u00fchle und das menschliche Verhalten studieren. Dabei stelle sie die St\u00e4rken anstatt der Schw\u00e4chen in den Mittelpunkt. Es geht darum ein gutes Leben aufzubauen, statt nur das schlechte zu reparieren und das [&hellip;]<\/p>\n","protected":false},"author":1,"featured_media":0,"parent":0,"menu_order":0,"comment_status":"closed","ping_status":"closed","template":"","meta":{"_et_pb_use_builder":"on","_et_pb_old_content":"","_et_gb_content_width":"","footnotes":""},"class_list":["post-2272","page","type-page","status-publish","hentry"],"yoast_head":"<!-- This site is optimized with the Yoast SEO plugin v27.1.1 - https:\/\/yoast.com\/product\/yoast-seo-wordpress\/ -->\n<title>Die Expansion Methode \u2013 Eine Technologie der Positiven Psychologie - The Expansion Method<\/title>\n<meta name=\"robots\" content=\"index, follow, max-snippet:-1, max-image-preview:large, max-video-preview:-1\" \/>\n<link rel=\"canonical\" href=\"https:\/\/expansion-method.com\/de\/technologie-positiver-psychologie\/\" \/>\n<meta property=\"og:locale\" content=\"de_DE\" \/>\n<meta property=\"og:type\" content=\"article\" \/>\n<meta property=\"og:title\" content=\"Die Expansion Methode \u2013 Eine Technologie der Positiven Psychologie - The Expansion Method\" \/>\n<meta property=\"og:description\" content=\"Die Expansion Methode \u2013 Eine Technologie der Positiven Psychologie Das Positive betonen Die Positive Psychologie ist ein popul\u00e4rer wissenschaftlicher Ansatz die menschlichen Gedanken, Gef\u00fchle und das menschliche Verhalten studieren. Dabei stelle sie die St\u00e4rken anstatt der Schw\u00e4chen in den Mittelpunkt. Es geht darum ein gutes Leben aufzubauen, statt nur das schlechte zu reparieren und das [&hellip;]\" \/>\n<meta property=\"og:url\" content=\"https:\/\/expansion-method.com\/de\/technologie-positiver-psychologie\/\" \/>\n<meta property=\"og:site_name\" content=\"The Expansion Method\" \/>\n<meta property=\"article:modified_time\" content=\"2019-07-02T18:41:57+00:00\" \/>\n<meta name=\"twitter:card\" content=\"summary_large_image\" \/>\n<meta name=\"twitter:label1\" content=\"Gesch\u00e4tzte Lesezeit\" \/>\n\t<meta name=\"twitter:data1\" content=\"8\u00a0Minuten\" \/>\n<script type=\"application\/ld+json\" class=\"yoast-schema-graph\">{\"@context\":\"https:\/\/schema.org\",\"@graph\":[{\"@type\":\"WebPage\",\"@id\":\"https:\/\/expansion-method.com\/de\/technologie-positiver-psychologie\/\",\"url\":\"https:\/\/expansion-method.com\/de\/technologie-positiver-psychologie\/\",\"name\":\"Die Expansion Methode \u2013 Eine Technologie der Positiven Psychologie - The Expansion Method\",\"isPartOf\":{\"@id\":\"https:\/\/expansion-method.com\/de\/#website\"},\"datePublished\":\"2019-07-02T18:41:24+00:00\",\"dateModified\":\"2019-07-02T18:41:57+00:00\",\"breadcrumb\":{\"@id\":\"https:\/\/expansion-method.com\/de\/technologie-positiver-psychologie\/#breadcrumb\"},\"inLanguage\":\"de\",\"potentialAction\":[{\"@type\":\"ReadAction\",\"target\":[\"https:\/\/expansion-method.com\/de\/technologie-positiver-psychologie\/\"]}]},{\"@type\":\"BreadcrumbList\",\"@id\":\"https:\/\/expansion-method.com\/de\/technologie-positiver-psychologie\/#breadcrumb\",\"itemListElement\":[{\"@type\":\"ListItem\",\"position\":1,\"name\":\"Startseite\",\"item\":\"https:\/\/expansion-method.com\/de\/\"},{\"@type\":\"ListItem\",\"position\":2,\"name\":\"Die Expansion Methode \u2013 Eine Technologie der Positiven Psychologie\"}]},{\"@type\":\"WebSite\",\"@id\":\"https:\/\/expansion-method.com\/de\/#website\",\"url\":\"https:\/\/expansion-method.com\/de\/\",\"name\":\"The Expansion Method\",\"description\":\"Become Bigger Than Your Problems\",\"potentialAction\":[{\"@type\":\"SearchAction\",\"target\":{\"@type\":\"EntryPoint\",\"urlTemplate\":\"https:\/\/expansion-method.com\/de\/?s={search_term_string}\"},\"query-input\":{\"@type\":\"PropertyValueSpecification\",\"valueRequired\":true,\"valueName\":\"search_term_string\"}}],\"inLanguage\":\"de\"}]}<\/script>\n<!-- \/ Yoast SEO plugin. -->","yoast_head_json":{"title":"Die Expansion Methode \u2013 Eine Technologie der Positiven Psychologie - The Expansion Method","robots":{"index":"index","follow":"follow","max-snippet":"max-snippet:-1","max-image-preview":"max-image-preview:large","max-video-preview":"max-video-preview:-1"},"canonical":"https:\/\/expansion-method.com\/de\/technologie-positiver-psychologie\/","og_locale":"de_DE","og_type":"article","og_title":"Die Expansion Methode \u2013 Eine Technologie der Positiven Psychologie - The Expansion Method","og_description":"Die Expansion Methode \u2013 Eine Technologie der Positiven Psychologie Das Positive betonen Die Positive Psychologie ist ein popul\u00e4rer wissenschaftlicher Ansatz die menschlichen Gedanken, Gef\u00fchle und das menschliche Verhalten studieren. Dabei stelle sie die St\u00e4rken anstatt der Schw\u00e4chen in den Mittelpunkt. Es geht darum ein gutes Leben aufzubauen, statt nur das schlechte zu reparieren und das [&hellip;]","og_url":"https:\/\/expansion-method.com\/de\/technologie-positiver-psychologie\/","og_site_name":"The Expansion Method","article_modified_time":"2019-07-02T18:41:57+00:00","twitter_card":"summary_large_image","twitter_misc":{"Gesch\u00e4tzte Lesezeit":"8\u00a0Minuten"},"schema":{"@context":"https:\/\/schema.org","@graph":[{"@type":"WebPage","@id":"https:\/\/expansion-method.com\/de\/technologie-positiver-psychologie\/","url":"https:\/\/expansion-method.com\/de\/technologie-positiver-psychologie\/","name":"Die Expansion Methode \u2013 Eine Technologie der Positiven Psychologie - The Expansion Method","isPartOf":{"@id":"https:\/\/expansion-method.com\/de\/#website"},"datePublished":"2019-07-02T18:41:24+00:00","dateModified":"2019-07-02T18:41:57+00:00","breadcrumb":{"@id":"https:\/\/expansion-method.com\/de\/technologie-positiver-psychologie\/#breadcrumb"},"inLanguage":"de","potentialAction":[{"@type":"ReadAction","target":["https:\/\/expansion-method.com\/de\/technologie-positiver-psychologie\/"]}]},{"@type":"BreadcrumbList","@id":"https:\/\/expansion-method.com\/de\/technologie-positiver-psychologie\/#breadcrumb","itemListElement":[{"@type":"ListItem","position":1,"name":"Startseite","item":"https:\/\/expansion-method.com\/de\/"},{"@type":"ListItem","position":2,"name":"Die Expansion Methode \u2013 Eine Technologie der Positiven Psychologie"}]},{"@type":"WebSite","@id":"https:\/\/expansion-method.com\/de\/#website","url":"https:\/\/expansion-method.com\/de\/","name":"The Expansion Method","description":"Become Bigger Than Your Problems","potentialAction":[{"@type":"SearchAction","target":{"@type":"EntryPoint","urlTemplate":"https:\/\/expansion-method.com\/de\/?s={search_term_string}"},"query-input":{"@type":"PropertyValueSpecification","valueRequired":true,"valueName":"search_term_string"}}],"inLanguage":"de"}]}},"_links":{"self":[{"href":"https:\/\/expansion-method.com\/de\/wp-json\/wp\/v2\/pages\/2272","targetHints":{"allow":["GET"]}}],"collection":[{"href":"https:\/\/expansion-method.com\/de\/wp-json\/wp\/v2\/pages"}],"about":[{"href":"https:\/\/expansion-method.com\/de\/wp-json\/wp\/v2\/types\/page"}],"author":[{"embeddable":true,"href":"https:\/\/expansion-method.com\/de\/wp-json\/wp\/v2\/users\/1"}],"replies":[{"embeddable":true,"href":"https:\/\/expansion-method.com\/de\/wp-json\/wp\/v2\/comments?post=2272"}],"version-history":[{"count":0,"href":"https:\/\/expansion-method.com\/de\/wp-json\/wp\/v2\/pages\/2272\/revisions"}],"wp:attachment":[{"href":"https:\/\/expansion-method.com\/de\/wp-json\/wp\/v2\/media?parent=2272"}],"curies":[{"name":"wp","href":"https:\/\/api.w.org\/{rel}","templated":true}]}}