{"id":2680,"date":"2019-08-04T01:55:44","date_gmt":"2019-08-03T23:55:44","guid":{"rendered":"https:\/\/expansion-method.com\/?page_id=2680"},"modified":"2020-05-12T10:37:00","modified_gmt":"2020-05-12T08:37:00","slug":"webinar-schnellstrasse","status":"publish","type":"page","link":"https:\/\/expansion-method.com\/de\/webinar-schnellstrasse\/","title":{"rendered":"[Webinar 6.2.] Emotionale Transformation durch Expansion"},"content":{"rendered":"<p>[et_pb_section fb_built=&#8220;1&#8243; _builder_version=&#8220;4.4.6&#8243; background_color_gradient_direction=&#8220;67deg&#8220; background_image=&#8220;https:\/\/expansion-method.com\/wp-content\/uploads\/2020\/05\/expansion-emotions-webinar-barbara.jpg&#8220; background_position=&#8220;bottom_center&#8220; background_blend=&#8220;darken&#8220; width=&#8220;100%&#8220; custom_padding=&#8220;0|0px|0|0|false|false&#8220; hover_enabled=&#8220;0&#8243; title_text=&#8220;expansion-emotions-webinar-barbara&#8220;][et_pb_row column_structure=&#8220;1_2,1_2&#8243; module_class=&#8220; et_pb_row_fullwidth&#8220; _builder_version=&#8220;4.2.2&#8243; background_size=&#8220;initial&#8220; background_position=&#8220;top_left&#8220; background_repeat=&#8220;repeat&#8220; width=&#8220;89%&#8220; width_tablet=&#8220;80%&#8220; width_phone=&#8220;&#8220; width_last_edited=&#8220;on|desktop&#8220; max_width=&#8220;89%&#8220; max_width_tablet=&#8220;80%&#8220; max_width_phone=&#8220;&#8220; max_width_last_edited=&#8220;on|desktop&#8220; custom_padding=&#8220;44px|30px|34px|30px|false|false&#8220; make_fullwidth=&#8220;on&#8220;][et_pb_column type=&#8220;1_2&#8243; _builder_version=&#8220;3.25&#8243; custom_padding=&#8220;|||&#8220; custom_padding__hover=&#8220;|||&#8220;][\/et_pb_column][et_pb_column type=&#8220;1_2&#8243; _builder_version=&#8220;4.2.2&#8243; use_background_color_gradient=&#8220;on&#8220; background_color_gradient_start=&#8220;rgba(255,255,255,0.8)&#8220; background_color_gradient_end=&#8220;rgba(255,255,255,0.18)&#8220; background_color_gradient_direction=&#8220;260deg&#8220; custom_padding=&#8220;5px|5px|5px|5px|true|true&#8220; custom_padding__hover=&#8220;|||&#8220;][et_pb_text _builder_version=&#8220;4.4.6&#8243; header_font=&#8220;||||||||&#8220; header_4_font=&#8220;Quattrocento|||on|||||&#8220; header_4_text_align=&#8220;center&#8220; hover_enabled=&#8220;0&#8243;]<\/p>\n<h4>Live-Workshop<\/h4>\n<p>[\/et_pb_text][et_pb_text _builder_version=&#8220;4.4.6&#8243; text_font=&#8220;||||||||&#8220; header_font=&#8220;Cinzel Decorative||||||||&#8220; header_text_align=&#8220;center&#8220; header_text_color=&#8220;#000000&#8243; header_2_font=&#8220;||||||||&#8220; header_3_font=&#8220;||||||||&#8220; custom_margin=&#8220;||14px|||&#8220; hover_enabled=&#8220;0&#8243; header_2_text_align=&#8220;center&#8220;]<\/p>\n<h1><strong>Emotionale Probleme?<\/strong> 5 Irrwege im Umgang damit und was wirklich hilft&#8220;<\/h1>\n<p>[\/et_pb_text][et_pb_text _builder_version=&#8220;3.27.4&#8243; header_font=&#8220;||||||||&#8220; header_3_font=&#8220;Lora||on||||||&#8220; header_3_text_align=&#8220;center&#8220; custom_margin=&#8220;||7px|||&#8220;]<\/p>\n<h3>Einf\u00fchrung in die Expansions-Methode.<\/h3>\n<p>[\/et_pb_text][et_pb_divider color=&#8220;#026aa9&#8243; divider_weight=&#8220;2px&#8220; _builder_version=&#8220;3.15&#8243; max_width=&#8220;42%&#8220; module_alignment=&#8220;center&#8220; height=&#8220;40px&#8220; custom_margin=&#8220;||14px|||&#8220; custom_padding=&#8220;||0px|||&#8220;][\/et_pb_divider][et_pb_button button_url=&#8220;#surveyslam#2707&#8243; button_text=&#8220;Ja, ich bin dabei&#8220; button_alignment=&#8220;center&#8220; module_id=&#8220;popupn2&#8243; _builder_version=&#8220;3.26.6&#8243; custom_button=&#8220;on&#8220; button_text_size=&#8220;25px&#8220; button_text_color=&#8220;#ffffff&#8220; button_bg_color=&#8220;#2faf3a&#8220; button_border_width=&#8220;0px&#8220; button_font=&#8220;||||||||&#8220; button_icon=&#8220;%%24%%&#8220; button_on_hover=&#8220;off&#8220; background_layout=&#8220;dark&#8220; custom_padding=&#8220;10px||10px|&#8220; box_shadow_style=&#8220;preset1&#8243; button_bg_color_hover=&#8220;#e2453c&#8220; button_text_size__hover_enabled=&#8220;off&#8220; button_one_text_size__hover_enabled=&#8220;off&#8220; button_two_text_size__hover_enabled=&#8220;off&#8220; button_text_color__hover_enabled=&#8220;off&#8220; button_one_text_color__hover_enabled=&#8220;off&#8220; button_two_text_color__hover_enabled=&#8220;off&#8220; button_border_width__hover_enabled=&#8220;off&#8220; button_one_border_width__hover_enabled=&#8220;off&#8220; button_two_border_width__hover_enabled=&#8220;off&#8220; button_border_color__hover_enabled=&#8220;off&#8220; button_one_border_color__hover_enabled=&#8220;off&#8220; button_two_border_color__hover_enabled=&#8220;off&#8220; button_border_radius__hover_enabled=&#8220;off&#8220; button_one_border_radius__hover_enabled=&#8220;off&#8220; button_two_border_radius__hover_enabled=&#8220;off&#8220; button_letter_spacing__hover_enabled=&#8220;off&#8220; button_one_letter_spacing__hover_enabled=&#8220;off&#8220; button_two_letter_spacing__hover_enabled=&#8220;off&#8220; button_bg_color__hover_enabled=&#8220;on&#8220; button_bg_color__hover=&#8220;#e2453c&#8220; button_one_bg_color__hover_enabled=&#8220;off&#8220; button_two_bg_color__hover_enabled=&#8220;off&#8220;][\/et_pb_button][et_pb_text _builder_version=&#8220;4.4.6&#8243; text_text_color=&#8220;#000000&#8243; text_orientation=&#8220;center&#8220; hover_enabled=&#8220;0&#8243; text_text_align=&#8220;center&#8220;]<\/p>\n<p>Am Dienstag, dem 19. Mai um 19:30 Uhr<\/p>\n<p>[\/et_pb_text][\/et_pb_column][\/et_pb_row][\/et_pb_section][et_pb_section fb_built=&#8220;1&#8243; _builder_version=&#8220;3.26&#8243;][et_pb_row column_structure=&#8220;3_5,2_5&#8243; _builder_version=&#8220;3.26&#8243;][et_pb_column type=&#8220;3_5&#8243; _builder_version=&#8220;3.26&#8243;][et_pb_testimonial author=&#8220;Regina Tokarczyk&#8220; quote_icon_color=&#8220;#A67340&#8243; _builder_version=&#8220;3.26&#8243; background_color=&#8220;#FEF7E6&#8243;]<\/p>\n<p><em>&#8222;Als Teil der ersten Generation von Practitionern der Expansionsmethode und der Traumatechnik in Deutschland setze ich diese Techniken seit etwa sieben Jahren sowohl f\u00fcr meinen pers\u00f6nlichen Prozess als auch f\u00fcr die Arbeit mit meinen Klienten (insgesamt \u00fcber 200 Sitzungen) ein und ich habe erstaunliche, lebensver\u00e4ndernde Ergebnisse erlebt: massive transformative Ver\u00e4nderungen, \u00dcberwindung destruktiver, begrenzter Denk- und Verhaltensmuster, Schaffung eines emotionalen Gleichgewichts und tiefer Trauma-Freisetzung, um nur einige zu nennen. <\/em><\/p>\n<p><em>Tamar ist mehr als eine herausragende Expertin f\u00fcr Traumaheilung und ihr tiefes Fachwissen, und ihr brillantes, scharfes Adlerauge, das in die verwundbarsten, zerbrechlichsten, unbewusstesten, verschlossensten Aspekte der Psyche des Patienten blickt, sind hier unglaublich wertvolle Edelsteine. Gleichzeitig wird ihr k\u00fchnes, ger\u00e4umiges L\u00f6wenherz zu jeder Zeit des Prozesses f\u00fcr Sicherheit und W\u00e4rme und Mitgef\u00fchl sorgen. Wenn Sie mit Tamar zusammenarbeiten, ist Ihre Transformation garantiert! Tun Sie es!<\/em><\/p>\n<p>[\/et_pb_testimonial][\/et_pb_column][et_pb_column type=&#8220;2_5&#8243; _builder_version=&#8220;3.26&#8243;][et_pb_testimonial author=&#8220;Patientin&#8220; quote_icon_color=&#8220;#A67340&#8243; _builder_version=&#8220;3.26&#8243; background_color=&#8220;#FEF7E6&#8243;]<\/p>\n<p><em><span class=\"tlid-translation translation\"><span class=\"\" title=\"\">&#8222;Nach nur einer Trauma-Sitzung mit Barbara M\u00fcller war der 2-j\u00e4hrige Schmerz, den ich seit der Trennung von meinem Ex-Freund sp\u00fcrte, verschwunden. Ich kann ihm heute sehr gelassen gegen\u00fcber treten. Zudem beobachte ich, dass ich nach der Sitzung Menschen in meinem Alltag wieder viel offener gegen\u00fcber treten kann. Ich bin wieder mehr \u201cIch selbst\u201d und f\u00fchle mich mehr.&#8220;<\/span><\/span><\/em><\/p>\n<p>[\/et_pb_testimonial][et_pb_testimonial author=&#8220;Hannah K.&#8220; quote_icon_color=&#8220;#A67340&#8243; _builder_version=&#8220;3.26&#8243; background_color=&#8220;#FEF7E6&#8243;]<\/p>\n<p><em>&#8222;<span class=\"tlid-translation translation\"><span class=\"\" title=\"\">Tamar Brosh war wie eine von Gott gesandte Person und die Zusammenarbeit mit ihr war eine ermutigende und wirklich erleuchtende Erfahrung. <\/span><\/span><\/em><\/p>\n<p><em><span class=\"tlid-translation translation\"><span class=\"\" title=\"\">Ich kann Tamars Arbeit jedem w\u00e4rmstens empfehlen, der alte Muster und Glaubensstrukturen durchbrechen m\u00f6chte, um seinem authentischen besten Selbst nachzugehen, die unbegrenzten F\u00e4higkeiten seines Wesens in die Hand zu nehmen und mit seiner ultimativen g\u00f6ttlichen Essenz in Kontakt zu treten.&#8220;<\/span><\/span><br \/> <\/em><\/p>\n<p>[\/et_pb_testimonial][\/et_pb_column][\/et_pb_row][\/et_pb_section][et_pb_section fb_built=&#8220;1&#8243; _builder_version=&#8220;3.25.3&#8243; background_image=&#8220;https:\/\/expansion-method.com\/wp-content\/uploads\/2019\/07\/beyond-fear-header-lp.jpg&#8220; custom_padding=&#8220;8px|0px|15px|0px|false|false&#8220;][et_pb_row column_structure=&#8220;2_3,1_3&#8243; _builder_version=&#8220;3.25&#8243; custom_margin=&#8220;42px|auto|48px|auto||&#8220;][et_pb_column type=&#8220;2_3&#8243; _builder_version=&#8220;3.25&#8243; custom_padding=&#8220;|||&#8220; custom_padding__hover=&#8220;|||&#8220;][et_pb_text _builder_version=&#8220;3.27.4&#8243; inline_fonts=&#8220;Lora&#8220;]<\/p>\n<h3><strong>Du wirst entdecken: <\/strong><\/h3>\n<p>[\/et_pb_text][et_pb_blurb title=&#8220;die subtilen Felder des menschlichen Bewusstseins&#8220; use_icon=&#8220;on&#8220; font_icon=&#8220;%%45%%&#8220; icon_placement=&#8220;left&#8220; content_max_width=&#8220;670px&#8220; use_icon_font_size=&#8220;on&#8220; icon_font_size=&#8220;25px&#8220; _builder_version=&#8220;3.26.6&#8243; body_text_color=&#8220;#000000&#8243;]<\/p>\n<p>Die Grundlage f\u00fcr das vollst\u00e4ndige L\u00f6sen und tiefsitzenden Blockaden<\/p>\n<p>[\/et_pb_blurb][et_pb_blurb title=&#8220;Warum rein mentale Therapiemethoden unvollst\u00e4ndig sind&#8220; use_icon=&#8220;on&#8220; font_icon=&#8220;%%45%%&#8220; icon_placement=&#8220;left&#8220; content_max_width=&#8220;670px&#8220; use_icon_font_size=&#8220;on&#8220; icon_font_size=&#8220;25px&#8220; _builder_version=&#8220;3.26.6&#8243; body_text_color=&#8220;#000000&#8243;]<\/p>\n<p>und dagegen das Einbeziehen des gesamten Geist-K\u00f6perkomplexes revolution\u00e4re Resultate erzielt<\/p>\n<p>[\/et_pb_blurb][\/et_pb_column][et_pb_column type=&#8220;1_3&#8243; _builder_version=&#8220;3.25&#8243; custom_padding=&#8220;|||&#8220; custom_padding__hover=&#8220;|||&#8220;][et_pb_divider show_divider=&#8220;off&#8220; _builder_version=&#8220;3.26.6&#8243; custom_margin=&#8220;40px||40px||false|false&#8220;][\/et_pb_divider][et_pb_text _builder_version=&#8220;3.27.4&#8243; text_text_color=&#8220;#000000&#8243; text_orientation=&#8220;center&#8220; text_text_align=&#8220;center&#8220;]<\/p>\n<h3><strong>Live-Online-Workshop<\/strong><\/h3>\n<p><strong><\/strong><\/p>\n<p><em>Am Freitag, dem 6. Februar um 20:00 Uhr<\/em><\/p>\n<p>[\/et_pb_text][et_pb_button button_url=&#8220;#surveyslam#2707&#8243; button_text=&#8220;Ja, ich bin dabei&#8220; button_alignment=&#8220;center&#8220; module_id=&#8220;popupn2&#8243; _builder_version=&#8220;3.26.6&#8243; custom_button=&#8220;on&#8220; button_text_size=&#8220;25px&#8220; button_text_color=&#8220;#ffffff&#8220; button_bg_color=&#8220;#2faf3a&#8220; button_border_width=&#8220;0px&#8220; button_font=&#8220;||||||||&#8220; button_icon=&#8220;%%24%%&#8220; button_on_hover=&#8220;off&#8220; background_layout=&#8220;dark&#8220; custom_padding=&#8220;10px||10px|&#8220; box_shadow_style=&#8220;preset1&#8243; button_bg_color_hover=&#8220;#e2453c&#8220; button_text_size__hover_enabled=&#8220;off&#8220; button_one_text_size__hover_enabled=&#8220;off&#8220; button_two_text_size__hover_enabled=&#8220;off&#8220; button_text_color__hover_enabled=&#8220;off&#8220; button_one_text_color__hover_enabled=&#8220;off&#8220; button_two_text_color__hover_enabled=&#8220;off&#8220; button_border_width__hover_enabled=&#8220;off&#8220; button_one_border_width__hover_enabled=&#8220;off&#8220; button_two_border_width__hover_enabled=&#8220;off&#8220; button_border_color__hover_enabled=&#8220;off&#8220; button_one_border_color__hover_enabled=&#8220;off&#8220; button_two_border_color__hover_enabled=&#8220;off&#8220; button_border_radius__hover_enabled=&#8220;off&#8220; button_one_border_radius__hover_enabled=&#8220;off&#8220; button_two_border_radius__hover_enabled=&#8220;off&#8220; button_letter_spacing__hover_enabled=&#8220;off&#8220; button_one_letter_spacing__hover_enabled=&#8220;off&#8220; button_two_letter_spacing__hover_enabled=&#8220;off&#8220; button_bg_color__hover_enabled=&#8220;on&#8220; button_bg_color__hover=&#8220;#e2453c&#8220; button_one_bg_color__hover_enabled=&#8220;off&#8220; button_two_bg_color__hover_enabled=&#8220;off&#8220;][\/et_pb_button][\/et_pb_column][\/et_pb_row][\/et_pb_section][et_pb_section fb_built=&#8220;1&#8243; _builder_version=&#8220;3.26&#8243;][et_pb_row column_structure=&#8220;2_5,3_5&#8243; _builder_version=&#8220;3.26&#8243;][et_pb_column type=&#8220;2_5&#8243; _builder_version=&#8220;3.26&#8243;][et_pb_image src=&#8220;https:\/\/expansion-method.com\/wp-content\/uploads\/2019\/07\/Tamar-Brosh-Expansion-Methode-head-instructor.jpg&#8220; _builder_version=&#8220;3.26&#8243;][\/et_pb_image][\/et_pb_column][et_pb_column type=&#8220;3_5&#8243; _builder_version=&#8220;3.26&#8243;][et_pb_text _builder_version=&#8220;3.27.4&#8243; inline_fonts=&#8220;Playfair Display&#8220;]<\/p>\n<p><em><\/em><\/p>\n<p><em>Mein Name ist <strong>Tamar Brosh<\/strong> und ich bin Positive Psychologin, Coach und Expertin f\u00fcr das L\u00f6sen von Traumata. Ich haben einen Master in Positiver Psychologie und Coaching und bin zertifizierte Ausbilderin und Senior Practitioner in der Expansion Methode\u00a9. In meiner Arbeit habe ich mich in den letzten 15 Jahren darauf spezialisiert, bewusste und unbewusste Trauma-Freisetzungsprozesse zu leiten. Ich habe umfangreiche Erfahrungen und Kenntnisse mit therapeutischen Dynamiken sowie mit best\u00e4rkenden und transformativen Prozessen. Ich praktiziere auch seit 20 Jahren Meditation und spirituelle Selbstforschung und diene vielen in meiner Arbeit als spirituelle Begleiterin.<\/em><\/p>\n<p><em> <\/em><\/p>\n<p>[\/et_pb_text][\/et_pb_column][\/et_pb_row][\/et_pb_section][et_pb_section fb_built=&#8220;1&#8243; _builder_version=&#8220;3.26&#8243; background_color=&#8220;#2A1B0F&#8220;][et_pb_row _builder_version=&#8220;3.25&#8243;][et_pb_column type=&#8220;4_4&#8243; _builder_version=&#8220;3.25&#8243; custom_padding=&#8220;|||&#8220; custom_padding__hover=&#8220;|||&#8220;][et_pb_text _builder_version=&#8220;3.27.4&#8243;]<\/p>\n<p style=\"text-align: center;\"><a href=\"https:\/\/trueloveoflife.com\/impressum\/\">Impressum<\/a> | <a href=\"https:\/\/trueloveoflife.com\/datenschutz\/\">Privacy Policy<\/a><\/p>\n<p>[\/et_pb_text][\/et_pb_column][\/et_pb_row][\/et_pb_section]<\/p>\n","protected":false},"excerpt":{"rendered":"<p>Live-Workshop Emotionale Probleme? 5 Irrwege im Umgang damit und was wirklich hilft&#8220;Einf\u00fchrung in die Expansions-Methode.Am Dienstag, dem 19. Mai um 19:30 Uhr &#8222;Als Teil der ersten Generation von Practitionern der Expansionsmethode und der Traumatechnik in Deutschland setze ich diese Techniken seit etwa sieben Jahren sowohl f\u00fcr meinen pers\u00f6nlichen Prozess als auch f\u00fcr die Arbeit mit [&hellip;]<\/p>\n","protected":false},"author":1,"featured_media":4245,"parent":0,"menu_order":0,"comment_status":"closed","ping_status":"closed","template":"page-template-blank.php","meta":{"_et_pb_use_builder":"on","_et_pb_old_content":"","_et_gb_content_width":"","footnotes":""},"class_list":["post-2680","page","type-page","status-publish","has-post-thumbnail","hentry"],"yoast_head":"<!-- This site is optimized with the Yoast SEO plugin v27.3 - https:\/\/yoast.com\/product\/yoast-seo-wordpress\/ -->\n<title>[Webinar 6.2.] Emotionale Transformation durch Expansion - The Expansion Method<\/title>\n<meta name=\"robots\" content=\"index, follow, max-snippet:-1, max-image-preview:large, max-video-preview:-1\" \/>\n<link rel=\"canonical\" href=\"https:\/\/expansion-method.com\/de\/webinar-schnellstrasse\/\" \/>\n<meta property=\"og:locale\" content=\"de_DE\" \/>\n<meta property=\"og:type\" content=\"article\" \/>\n<meta property=\"og:title\" content=\"[Webinar 6.2.] Emotionale Transformation durch Expansion - The Expansion Method\" \/>\n<meta property=\"og:description\" content=\"Live-Workshop Emotionale Probleme? 5 Irrwege im Umgang damit und was wirklich hilft&quot;Einf\u00fchrung in die Expansions-Methode.Am Dienstag, dem 19. Mai um 19:30 Uhr &quot;Als Teil der ersten Generation von Practitionern der Expansionsmethode und der Traumatechnik in Deutschland setze ich diese Techniken seit etwa sieben Jahren sowohl f\u00fcr meinen pers\u00f6nlichen Prozess als auch f\u00fcr die Arbeit mit [&hellip;]\" \/>\n<meta property=\"og:url\" content=\"https:\/\/expansion-method.com\/de\/webinar-schnellstrasse\/\" \/>\n<meta property=\"og:site_name\" content=\"The Expansion Method\" \/>\n<meta property=\"article:modified_time\" content=\"2020-05-12T08:37:00+00:00\" \/>\n<meta property=\"og:image\" content=\"https:\/\/expansion-method.com\/wp-content\/uploads\/2020\/02\/emo-webinar-thumb.jpg\" \/>\n\t<meta property=\"og:image:width\" content=\"1200\" \/>\n\t<meta property=\"og:image:height\" content=\"630\" \/>\n\t<meta property=\"og:image:type\" content=\"image\/jpeg\" \/>\n<meta name=\"twitter:card\" content=\"summary_large_image\" \/>\n<meta name=\"twitter:label1\" content=\"Gesch\u00e4tzte Lesezeit\" \/>\n\t<meta name=\"twitter:data1\" content=\"8\u00a0Minuten\" \/>\n<script type=\"application\/ld+json\" class=\"yoast-schema-graph\">{\"@context\":\"https:\\\/\\\/schema.org\",\"@graph\":[{\"@type\":\"WebPage\",\"@id\":\"https:\\\/\\\/expansion-method.com\\\/de\\\/webinar-schnellstrasse\\\/\",\"url\":\"https:\\\/\\\/expansion-method.com\\\/de\\\/webinar-schnellstrasse\\\/\",\"name\":\"[Webinar 6.2.] Emotionale Transformation durch Expansion - The Expansion Method\",\"isPartOf\":{\"@id\":\"https:\\\/\\\/expansion-method.com\\\/de\\\/#website\"},\"primaryImageOfPage\":{\"@id\":\"https:\\\/\\\/expansion-method.com\\\/de\\\/webinar-schnellstrasse\\\/#primaryimage\"},\"image\":{\"@id\":\"https:\\\/\\\/expansion-method.com\\\/de\\\/webinar-schnellstrasse\\\/#primaryimage\"},\"thumbnailUrl\":\"https:\\\/\\\/expansion-method.com\\\/wp-content\\\/uploads\\\/2020\\\/02\\\/emo-webinar-thumb.jpg\",\"datePublished\":\"2019-08-03T23:55:44+00:00\",\"dateModified\":\"2020-05-12T08:37:00+00:00\",\"breadcrumb\":{\"@id\":\"https:\\\/\\\/expansion-method.com\\\/de\\\/webinar-schnellstrasse\\\/#breadcrumb\"},\"inLanguage\":\"de\",\"potentialAction\":[{\"@type\":\"ReadAction\",\"target\":[\"https:\\\/\\\/expansion-method.com\\\/de\\\/webinar-schnellstrasse\\\/\"]}]},{\"@type\":\"ImageObject\",\"inLanguage\":\"de\",\"@id\":\"https:\\\/\\\/expansion-method.com\\\/de\\\/webinar-schnellstrasse\\\/#primaryimage\",\"url\":\"https:\\\/\\\/expansion-method.com\\\/wp-content\\\/uploads\\\/2020\\\/02\\\/emo-webinar-thumb.jpg\",\"contentUrl\":\"https:\\\/\\\/expansion-method.com\\\/wp-content\\\/uploads\\\/2020\\\/02\\\/emo-webinar-thumb.jpg\",\"width\":1200,\"height\":630},{\"@type\":\"BreadcrumbList\",\"@id\":\"https:\\\/\\\/expansion-method.com\\\/de\\\/webinar-schnellstrasse\\\/#breadcrumb\",\"itemListElement\":[{\"@type\":\"ListItem\",\"position\":1,\"name\":\"Startseite\",\"item\":\"https:\\\/\\\/expansion-method.com\\\/de\\\/\"},{\"@type\":\"ListItem\",\"position\":2,\"name\":\"[Webinar 6.2.] Emotionale Transformation durch Expansion\"}]},{\"@type\":\"WebSite\",\"@id\":\"https:\\\/\\\/expansion-method.com\\\/de\\\/#website\",\"url\":\"https:\\\/\\\/expansion-method.com\\\/de\\\/\",\"name\":\"The Expansion Method\",\"description\":\"Become Bigger Than Your Problems\",\"potentialAction\":[{\"@type\":\"SearchAction\",\"target\":{\"@type\":\"EntryPoint\",\"urlTemplate\":\"https:\\\/\\\/expansion-method.com\\\/de\\\/?s={search_term_string}\"},\"query-input\":{\"@type\":\"PropertyValueSpecification\",\"valueRequired\":true,\"valueName\":\"search_term_string\"}}],\"inLanguage\":\"de\"}]}<\/script>\n<!-- \/ Yoast SEO plugin. -->","yoast_head_json":{"title":"[Webinar 6.2.] Emotionale Transformation durch Expansion - The Expansion Method","robots":{"index":"index","follow":"follow","max-snippet":"max-snippet:-1","max-image-preview":"max-image-preview:large","max-video-preview":"max-video-preview:-1"},"canonical":"https:\/\/expansion-method.com\/de\/webinar-schnellstrasse\/","og_locale":"de_DE","og_type":"article","og_title":"[Webinar 6.2.] Emotionale Transformation durch Expansion - The Expansion Method","og_description":"Live-Workshop Emotionale Probleme? 5 Irrwege im Umgang damit und was wirklich hilft\"Einf\u00fchrung in die Expansions-Methode.Am Dienstag, dem 19. Mai um 19:30 Uhr \"Als Teil der ersten Generation von Practitionern der Expansionsmethode und der Traumatechnik in Deutschland setze ich diese Techniken seit etwa sieben Jahren sowohl f\u00fcr meinen pers\u00f6nlichen Prozess als auch f\u00fcr die Arbeit mit [&hellip;]","og_url":"https:\/\/expansion-method.com\/de\/webinar-schnellstrasse\/","og_site_name":"The Expansion Method","article_modified_time":"2020-05-12T08:37:00+00:00","og_image":[{"width":1200,"height":630,"url":"https:\/\/expansion-method.com\/wp-content\/uploads\/2020\/02\/emo-webinar-thumb.jpg","type":"image\/jpeg"}],"twitter_card":"summary_large_image","twitter_misc":{"Gesch\u00e4tzte Lesezeit":"8\u00a0Minuten"},"schema":{"@context":"https:\/\/schema.org","@graph":[{"@type":"WebPage","@id":"https:\/\/expansion-method.com\/de\/webinar-schnellstrasse\/","url":"https:\/\/expansion-method.com\/de\/webinar-schnellstrasse\/","name":"[Webinar 6.2.] Emotionale Transformation durch Expansion - The Expansion Method","isPartOf":{"@id":"https:\/\/expansion-method.com\/de\/#website"},"primaryImageOfPage":{"@id":"https:\/\/expansion-method.com\/de\/webinar-schnellstrasse\/#primaryimage"},"image":{"@id":"https:\/\/expansion-method.com\/de\/webinar-schnellstrasse\/#primaryimage"},"thumbnailUrl":"https:\/\/expansion-method.com\/wp-content\/uploads\/2020\/02\/emo-webinar-thumb.jpg","datePublished":"2019-08-03T23:55:44+00:00","dateModified":"2020-05-12T08:37:00+00:00","breadcrumb":{"@id":"https:\/\/expansion-method.com\/de\/webinar-schnellstrasse\/#breadcrumb"},"inLanguage":"de","potentialAction":[{"@type":"ReadAction","target":["https:\/\/expansion-method.com\/de\/webinar-schnellstrasse\/"]}]},{"@type":"ImageObject","inLanguage":"de","@id":"https:\/\/expansion-method.com\/de\/webinar-schnellstrasse\/#primaryimage","url":"https:\/\/expansion-method.com\/wp-content\/uploads\/2020\/02\/emo-webinar-thumb.jpg","contentUrl":"https:\/\/expansion-method.com\/wp-content\/uploads\/2020\/02\/emo-webinar-thumb.jpg","width":1200,"height":630},{"@type":"BreadcrumbList","@id":"https:\/\/expansion-method.com\/de\/webinar-schnellstrasse\/#breadcrumb","itemListElement":[{"@type":"ListItem","position":1,"name":"Startseite","item":"https:\/\/expansion-method.com\/de\/"},{"@type":"ListItem","position":2,"name":"[Webinar 6.2.] Emotionale Transformation durch Expansion"}]},{"@type":"WebSite","@id":"https:\/\/expansion-method.com\/de\/#website","url":"https:\/\/expansion-method.com\/de\/","name":"The Expansion Method","description":"Become Bigger Than Your Problems","potentialAction":[{"@type":"SearchAction","target":{"@type":"EntryPoint","urlTemplate":"https:\/\/expansion-method.com\/de\/?s={search_term_string}"},"query-input":{"@type":"PropertyValueSpecification","valueRequired":true,"valueName":"search_term_string"}}],"inLanguage":"de"}]}},"_links":{"self":[{"href":"https:\/\/expansion-method.com\/de\/wp-json\/wp\/v2\/pages\/2680","targetHints":{"allow":["GET"]}}],"collection":[{"href":"https:\/\/expansion-method.com\/de\/wp-json\/wp\/v2\/pages"}],"about":[{"href":"https:\/\/expansion-method.com\/de\/wp-json\/wp\/v2\/types\/page"}],"author":[{"embeddable":true,"href":"https:\/\/expansion-method.com\/de\/wp-json\/wp\/v2\/users\/1"}],"replies":[{"embeddable":true,"href":"https:\/\/expansion-method.com\/de\/wp-json\/wp\/v2\/comments?post=2680"}],"version-history":[{"count":0,"href":"https:\/\/expansion-method.com\/de\/wp-json\/wp\/v2\/pages\/2680\/revisions"}],"wp:featuredmedia":[{"embeddable":true,"href":"https:\/\/expansion-method.com\/de\/wp-json\/wp\/v2\/media\/4245"}],"wp:attachment":[{"href":"https:\/\/expansion-method.com\/de\/wp-json\/wp\/v2\/media?parent=2680"}],"curies":[{"name":"wp","href":"https:\/\/api.w.org\/{rel}","templated":true}]}}