{"id":2758,"date":"2019-08-09T09:49:48","date_gmt":"2019-08-09T07:49:48","guid":{"rendered":"https:\/\/expansion-method.com\/?page_id=2758"},"modified":"2021-12-29T10:03:06","modified_gmt":"2021-12-29T09:03:06","slug":"dr-nir-brosh","status":"publish","type":"page","link":"https:\/\/expansion-method.com\/de\/dr-nir-brosh\/","title":{"rendered":"Dr. Nir Brosh"},"content":{"rendered":"<p>[et_pb_section fb_built=&#8220;1&#8243; _builder_version=&#8220;4.14.4&#8243; background_color=&#8220;#FEF7E6&#8243; custom_padding=&#8220;26px||18px|||&#8220; hover_enabled=&#8220;0&#8243; global_colors_info=&#8220;{}&#8220; sticky_enabled=&#8220;0&#8243;][et_pb_row column_structure=&#8220;2_3,1_3&#8243; _builder_version=&#8220;3.25.3&#8243; custom_padding=&#8220;10px||12px|||&#8220; global_colors_info=&#8220;{}&#8220;][et_pb_column type=&#8220;2_3&#8243; _builder_version=&#8220;3.25.3&#8243; global_colors_info=&#8220;{}&#8220;][et_pb_image src=&#8220;https:\/\/expansion-method.com\/wp-content\/uploads\/2019\/05\/The-Expansion-Method-Logo.png&#8220; align=&#8220;center&#8220; _builder_version=&#8220;3.25.3&#8243; width=&#8220;28%&#8220; global_colors_info=&#8220;{}&#8220;][\/et_pb_image][\/et_pb_column][et_pb_column type=&#8220;1_3&#8243; _builder_version=&#8220;3.25.3&#8243; global_colors_info=&#8220;{}&#8220;][et_pb_code _builder_version=&#8220;3.26&#8243; global_colors_info=&#8220;{}&#8220;]\n<div role=\"navigation\" aria-label=\"Sprachwechsler\" class=\"wpml-ls-statics-footer wpml-ls wpml-ls-legacy-list-horizontal\">\n\t<ul><li class=\"wpml-ls-slot-footer wpml-ls-item wpml-ls-item-en wpml-ls-first-item wpml-ls-last-item wpml-ls-item-legacy-list-horizontal\">\n\t\t\t\t<a href=\"https:\/\/expansion-method.com\/\" hreflang=\"en\" lang=\"en\" class=\"wpml-ls-link\" aria-label=\"Wechseln zu English\" title=\"Wechseln zu English\">\n\t\t\t\t\t                                    <img decoding=\"async\"\n            class=\"wpml-ls-flag\"\n            src=\"https:\/\/expansion-method.com\/wp-content\/plugins\/sitepress-multilingual-cms\/res\/flags\/en.png\"\n            alt=\"\"\n            loading=\"lazy\"\n            width=18\n            height=12\n    \/><span class=\"wpml-ls-native\">English<\/span><\/a>\n\t\t\t<\/li><\/ul>\n<\/div>\n[\/et_pb_code][\/et_pb_column][\/et_pb_row][\/et_pb_section][et_pb_section fb_built=&#8220;1&#8243; _builder_version=&#8220;3.25.3&#8243; global_colors_info=&#8220;{}&#8220;][et_pb_row _builder_version=&#8220;3.25.3&#8243; global_colors_info=&#8220;{}&#8220;][et_pb_column type=&#8220;4_4&#8243; _builder_version=&#8220;3.25.3&#8243; global_colors_info=&#8220;{}&#8220;][et_pb_text _builder_version=&#8220;3.27.4&#8243; header_font=&#8220;||||||||&#8220; header_font_size=&#8220;45px&#8220; header_2_font=&#8220;||||||||&#8220; header_2_font_size=&#8220;25px&#8220; header_3_font=&#8220;||||||||&#8220; header_3_font_size=&#8220;20px&#8220; inline_fonts=&#8220;Cinzel Decorative&#8220; global_colors_info=&#8220;{}&#8220;]<\/p>\n<h1 style=\"text-align: center;\">Dr. Nir Brosh \u00fcber seine Erfahrungen mit der Expansion Methode<\/h1>\n<p>[\/et_pb_text][\/et_pb_column][\/et_pb_row][et_pb_row column_structure=&#8220;1_5,3_5,1_5&#8243; _builder_version=&#8220;3.26.3&#8243; global_colors_info=&#8220;{}&#8220;][et_pb_column type=&#8220;1_5&#8243; _builder_version=&#8220;3.26.3&#8243; global_colors_info=&#8220;{}&#8220;][\/et_pb_column][et_pb_column type=&#8220;3_5&#8243; _builder_version=&#8220;3.26.3&#8243; global_colors_info=&#8220;{}&#8220;][et_pb_code _builder_version=&#8220;3.26.6&#8243; global_colors_info=&#8220;{}&#8220;]<iframe loading=\"lazy\" width=\"560\" height=\"315\" src=\"https:\/\/www.youtube-nocookie.com\/embed\/hoRG_eYQQc0?cc_load_policy=1\" frameborder=\"0\" allow=\"accelerometer; autoplay; encrypted-media; gyroscope; picture-in-picture\" allowfullscreen><\/iframe>[\/et_pb_code][\/et_pb_column][et_pb_column type=&#8220;1_5&#8243; _builder_version=&#8220;3.26.3&#8243; global_colors_info=&#8220;{}&#8220;][\/et_pb_column][\/et_pb_row][\/et_pb_section][et_pb_section fb_built=&#8220;1&#8243; _builder_version=&#8220;3.25.3&#8243; background_color=&#8220;#FEF7E6&#8243; global_colors_info=&#8220;{}&#8220;][et_pb_row column_structure=&#8220;1_5,3_5,1_5&#8243; _builder_version=&#8220;3.25.3&#8243; global_colors_info=&#8220;{}&#8220;][et_pb_column type=&#8220;1_5&#8243; _builder_version=&#8220;3.25.3&#8243; global_colors_info=&#8220;{}&#8220;][\/et_pb_column][et_pb_column type=&#8220;3_5&#8243; _builder_version=&#8220;3.25.3&#8243; global_colors_info=&#8220;{}&#8220;][et_pb_text _builder_version=&#8220;3.27.4&#8243; global_colors_info=&#8220;{}&#8220;]<\/p>\n<h3 style=\"text-align: center;\">Was andere \u00fcber Tamar und die Expansion Methode f\u00fcr das L\u00f6sen von Traumata sagen:<\/h3>\n<p>[\/et_pb_text][et_pb_testimonial author=&#8220;Regina Tokarczyk&#8220; quote_icon_color=&#8220;#A67240&#8243; _builder_version=&#8220;3.25.3&#8243; background_color=&#8220;#ffffff&#8220; global_colors_info=&#8220;{}&#8220;]<\/p>\n<p><em>Tamar ist mehr als eine herausragende Expertin f\u00fcr Traumaheilung und ihr tiefes Fachwissen, und ihr brillantes, scharfes Adlerauge, das in die verwundbarsten, zerbrechlichsten, unbewusstesten, verschlossensten Aspekte der Psyche des Patienten blickt, sind hier unglaublich wertvolle Edelsteine. Gleichzeitig wird ihr k\u00fchnes, ger\u00e4umiges L\u00f6wenherz zu jeder Zeit des Prozesses f\u00fcr Sicherheit und W\u00e4rme und Mitgef\u00fchl sorgen. Wenn Sie mit Tamar zusammenarbeiten, ist Ihre Transformation garantiert! Tun Sie es!<\/em><\/p>\n<p>[\/et_pb_testimonial][et_pb_testimonial author=&#8220;Michael M\u00fcller&#8220; quote_icon_color=&#8220;#A67240&#8243; _builder_version=&#8220;3.25.3&#8243; background_color=&#8220;#ffffff&#8220; global_colors_info=&#8220;{}&#8220;]<\/p>\n<p><em>Traumata k\u00f6nnen lebensver\u00e4ndernde Ereignisse sein, indem sie bestimmte Bereiche unseres Lebens einschr\u00e4nken. Unbehandelt k\u00f6nnen sie unser ganzes Leben bei uns bleiben. Oft sind wir uns ihrer nichtmal wirklich bewusst. Die spezifische Expansionstechnik f\u00fcr Traumata ist ein wunderbarer \u201eAll-in-One\u201c -Ansatz, um alle wichtigen Aspekte von Traumata anzugehen. Eine Sitzung ist ziemlich lang und intensiv, aber ebenso gr\u00fcndlich. Sie lernen den Inhalt Ihres Traumas kennen und werden durch wachsendes Bewusstsein durch eine transformative Wahrnehmungsverschiebung dessen gef\u00fchrt, was mit Ihnen passiert ist. Dies erm\u00f6glicht eine Art Wiederherstellung Ihres Seinszustands vor der Traumasituation. Somit ist es wieder ein ebenso lebensver\u00e4nderndes Ereignis \u2013 diesmal nur in eine positive Richtung. Ich habe Tamar als \u00fcberaus einf\u00fchlsame, vertrauensw\u00fcrdige und erfahrene Begleiterin in diesem Prozess erlebt. Sich solchen Traumata zu stellen, kann schwierig genug sein. Umso wichtiger wird es, wirklich gut hindurchgef\u00fchrt zu werden.<\/em><\/p>\n<p>[\/et_pb_testimonial][\/et_pb_column][et_pb_column type=&#8220;1_5&#8243; _builder_version=&#8220;3.25.3&#8243; global_colors_info=&#8220;{}&#8220;][\/et_pb_column][\/et_pb_row][\/et_pb_section][et_pb_section fb_built=&#8220;1&#8243; _builder_version=&#8220;3.26.3&#8243; custom_padding=&#8220;||123px|||&#8220; global_colors_info=&#8220;{}&#8220;][et_pb_row _builder_version=&#8220;3.26.3&#8243; global_colors_info=&#8220;{}&#8220;][et_pb_column type=&#8220;4_4&#8243; _builder_version=&#8220;3.26.3&#8243; global_colors_info=&#8220;{}&#8220;][et_pb_text _builder_version=&#8220;3.27.4&#8243; inline_fonts=&#8220;Quattrocento&#8220; global_colors_info=&#8220;{}&#8220;]<\/p>\n<div class=\"et_pb_module et_pb_text et_pb_text_2 et_pb_bg_layout_light  et_pb_text_align_left\">\n<div class=\"et_pb_text_inner\">\n<h4 style=\"text-align: center;\"><span style=\"font-size: 60px;\"><span style=\"font-family: Quattrocento; font-weight: normal; font-size: x-large;\">DAS NEUE TRAINING STARTET BALD<\/span><br \/><\/span><\/h4>\n<p><span style=\"font-size: 60px;\"><span style=\"font-family: Quattrocento; font-weight: normal; font-size: x-large;\"><\/span><\/span><\/p>\n<p><span style=\"font-size: 60px;\"><span style=\"font-family: Quattrocento; font-weight: normal; font-size: x-large;\"><\/span><\/span><\/p>\n<h1 style=\"text-align: center;\"><span style=\"font-size: 60px;\">Die Expansions-Methode<\/span><\/h1>\n<h2 style=\"text-align: center;\"><strong><\/strong><\/h2>\n<h2 style=\"text-align: center;\"><strong><\/strong><\/h2>\n<h2 style=\"text-align: center;\"><strong>\u2013 Trauma Release Certification Training<\/strong><\/h2>\n<\/div>\n<\/div>\n<p>[\/et_pb_text][\/et_pb_column][\/et_pb_row][et_pb_row column_structure=&#8220;1_5,3_5,1_5&#8243; _builder_version=&#8220;3.26.3&#8243; global_colors_info=&#8220;{}&#8220;][et_pb_column type=&#8220;1_5&#8243; _builder_version=&#8220;3.26.3&#8243; global_colors_info=&#8220;{}&#8220;][\/et_pb_column][et_pb_column type=&#8220;3_5&#8243; _builder_version=&#8220;3.26.3&#8243; global_colors_info=&#8220;{}&#8220;][et_pb_text _builder_version=&#8220;3.27.4&#8243; custom_margin=&#8220;||71px|||&#8220; global_colors_info=&#8220;{}&#8220;]<\/p>\n<h4 style=\"text-align: center;\">Entdecke und erlerne eine kraftvolle und effektive Methode um Traumata zu l\u00f6sen und zu transformieren<\/h4>\n<p>[\/et_pb_text][et_pb_button button_url=&#8220;https:\/\/expansion-method.com\/trauma-release-training\/&#8220; button_text=&#8220;Ich m\u00f6chte mehr erfahren &#8230;&#8220; button_alignment=&#8220;center&#8220; _builder_version=&#8220;4.13.0&#8243; button_text_size=&#8220;22px&#8220; button_bg_color=&#8220;#FFBF1E&#8220; button_font=&#8220;Cinzel|||on|||||&#8220; button_icon=&#8220;%%20%%&#8220; custom_margin=&#8220;32px|||||&#8220; box_shadow_style=&#8220;preset3&#8243; global_colors_info=&#8220;{}&#8220;][\/et_pb_button][\/et_pb_column][et_pb_column type=&#8220;1_5&#8243; _builder_version=&#8220;3.26.3&#8243; global_colors_info=&#8220;{}&#8220;][\/et_pb_column][\/et_pb_row][\/et_pb_section][et_pb_section fb_built=&#8220;1&#8243; _builder_version=&#8220;3.26.3&#8243; background_color=&#8220;#2A1B0F&#8220; global_colors_info=&#8220;{}&#8220;][et_pb_row _builder_version=&#8220;3.25.3&#8243; global_colors_info=&#8220;{}&#8220;][et_pb_column type=&#8220;4_4&#8243; _builder_version=&#8220;3.25.3&#8243; global_colors_info=&#8220;{}&#8220;][et_pb_text _builder_version=&#8220;3.27.4&#8243; global_colors_info=&#8220;{}&#8220;]<\/p>\n<p style=\"text-align: center;\"><a href=\"https:\/\/expansion-method.com\/impressum\/\">Impressum<\/a> | <a href=\"https:\/\/expansion-method.com\/privacy-policy\/\">Privacy Policy<\/a><\/p>\n<p>[\/et_pb_text][\/et_pb_column][\/et_pb_row][\/et_pb_section]<\/p>\n","protected":false},"excerpt":{"rendered":"<p>\n<div role=\"navigation\" aria-label=\"Sprachwechsler\" class=\"wpml-ls-statics-footer wpml-ls wpml-ls-legacy-list-horizontal\">\n\t<ul><li class=\"wpml-ls-slot-footer wpml-ls-item wpml-ls-item-en wpml-ls-first-item wpml-ls-last-item wpml-ls-item-legacy-list-horizontal\">\n\t\t\t\t<a href=\"https:\/\/expansion-method.com\/\" hreflang=\"en\" lang=\"en\" class=\"wpml-ls-link\" aria-label=\"Wechseln zu English\" title=\"Wechseln zu English\">\n\t\t\t\t\t                                    <img decoding=\"async\"\n            class=\"wpml-ls-flag\"\n            src=\"https:\/\/expansion-method.com\/wp-content\/plugins\/sitepress-multilingual-cms\/res\/flags\/en.png\"\n            alt=\"\"\n            loading=\"lazy\"\n            width=18\n            height=12\n    \/><span class=\"wpml-ls-native\">English<\/span><\/a>\n\t\t\t<\/li><\/ul>\n<\/div>\nDr. Nir Brosh \u00fcber seine Erfahrungen mit der Expansion MethodeWas andere \u00fcber Tamar und die Expansion Methode f\u00fcr das L\u00f6sen von Traumata sagen:Tamar ist mehr als eine herausragende Expertin f\u00fcr Traumaheilung und ihr tiefes Fachwissen, und ihr brillantes, scharfes Adlerauge, das in die verwundbarsten, zerbrechlichsten, unbewusstesten, verschlossensten Aspekte der Psyche des Patienten blickt, sind hier [&hellip;]<\/p>\n","protected":false},"author":1,"featured_media":0,"parent":0,"menu_order":0,"comment_status":"closed","ping_status":"closed","template":"page-template-blank.php","meta":{"_et_pb_use_builder":"on","_et_pb_old_content":"","_et_gb_content_width":"","footnotes":""},"class_list":["post-2758","page","type-page","status-publish","hentry"],"yoast_head":"<!-- This site is optimized with the Yoast SEO plugin v27.3 - https:\/\/yoast.com\/product\/yoast-seo-wordpress\/ -->\n<title>Dr. Nir Brosh - The Expansion Method<\/title>\n<meta name=\"robots\" content=\"index, follow, max-snippet:-1, max-image-preview:large, max-video-preview:-1\" \/>\n<link rel=\"canonical\" href=\"https:\/\/expansion-method.com\/de\/dr-nir-brosh\/\" \/>\n<meta property=\"og:locale\" content=\"de_DE\" \/>\n<meta property=\"og:type\" content=\"article\" \/>\n<meta property=\"og:title\" content=\"Dr. Nir Brosh - The Expansion Method\" \/>\n<meta property=\"og:description\" content=\"Dr. Nir Brosh \u00fcber seine Erfahrungen mit der Expansion MethodeWas andere \u00fcber Tamar und die Expansion Methode f\u00fcr das L\u00f6sen von Traumata sagen:Tamar ist mehr als eine herausragende Expertin f\u00fcr Traumaheilung und ihr tiefes Fachwissen, und ihr brillantes, scharfes Adlerauge, das in die verwundbarsten, zerbrechlichsten, unbewusstesten, verschlossensten Aspekte der Psyche des Patienten blickt, sind hier [&hellip;]\" \/>\n<meta property=\"og:url\" content=\"https:\/\/expansion-method.com\/de\/dr-nir-brosh\/\" \/>\n<meta property=\"og:site_name\" content=\"The Expansion Method\" \/>\n<meta property=\"article:modified_time\" content=\"2021-12-29T09:03:06+00:00\" \/>\n<meta name=\"twitter:card\" content=\"summary_large_image\" \/>\n<meta name=\"twitter:label1\" content=\"Gesch\u00e4tzte Lesezeit\" \/>\n\t<meta name=\"twitter:data1\" content=\"4\u00a0Minuten\" \/>\n<script type=\"application\/ld+json\" class=\"yoast-schema-graph\">{\"@context\":\"https:\\\/\\\/schema.org\",\"@graph\":[{\"@type\":\"WebPage\",\"@id\":\"https:\\\/\\\/expansion-method.com\\\/de\\\/dr-nir-brosh\\\/\",\"url\":\"https:\\\/\\\/expansion-method.com\\\/de\\\/dr-nir-brosh\\\/\",\"name\":\"Dr. Nir Brosh - The Expansion Method\",\"isPartOf\":{\"@id\":\"https:\\\/\\\/expansion-method.com\\\/de\\\/#website\"},\"datePublished\":\"2019-08-09T07:49:48+00:00\",\"dateModified\":\"2021-12-29T09:03:06+00:00\",\"breadcrumb\":{\"@id\":\"https:\\\/\\\/expansion-method.com\\\/de\\\/dr-nir-brosh\\\/#breadcrumb\"},\"inLanguage\":\"de\",\"potentialAction\":[{\"@type\":\"ReadAction\",\"target\":[\"https:\\\/\\\/expansion-method.com\\\/de\\\/dr-nir-brosh\\\/\"]}]},{\"@type\":\"BreadcrumbList\",\"@id\":\"https:\\\/\\\/expansion-method.com\\\/de\\\/dr-nir-brosh\\\/#breadcrumb\",\"itemListElement\":[{\"@type\":\"ListItem\",\"position\":1,\"name\":\"Startseite\",\"item\":\"https:\\\/\\\/expansion-method.com\\\/de\\\/\"},{\"@type\":\"ListItem\",\"position\":2,\"name\":\"Dr. Nir Brosh\"}]},{\"@type\":\"WebSite\",\"@id\":\"https:\\\/\\\/expansion-method.com\\\/de\\\/#website\",\"url\":\"https:\\\/\\\/expansion-method.com\\\/de\\\/\",\"name\":\"The Expansion Method\",\"description\":\"Become Bigger Than Your Problems\",\"potentialAction\":[{\"@type\":\"SearchAction\",\"target\":{\"@type\":\"EntryPoint\",\"urlTemplate\":\"https:\\\/\\\/expansion-method.com\\\/de\\\/?s={search_term_string}\"},\"query-input\":{\"@type\":\"PropertyValueSpecification\",\"valueRequired\":true,\"valueName\":\"search_term_string\"}}],\"inLanguage\":\"de\"}]}<\/script>\n<!-- \/ Yoast SEO plugin. -->","yoast_head_json":{"title":"Dr. Nir Brosh - The Expansion Method","robots":{"index":"index","follow":"follow","max-snippet":"max-snippet:-1","max-image-preview":"max-image-preview:large","max-video-preview":"max-video-preview:-1"},"canonical":"https:\/\/expansion-method.com\/de\/dr-nir-brosh\/","og_locale":"de_DE","og_type":"article","og_title":"Dr. Nir Brosh - The Expansion Method","og_description":"Dr. Nir Brosh \u00fcber seine Erfahrungen mit der Expansion MethodeWas andere \u00fcber Tamar und die Expansion Methode f\u00fcr das L\u00f6sen von Traumata sagen:Tamar ist mehr als eine herausragende Expertin f\u00fcr Traumaheilung und ihr tiefes Fachwissen, und ihr brillantes, scharfes Adlerauge, das in die verwundbarsten, zerbrechlichsten, unbewusstesten, verschlossensten Aspekte der Psyche des Patienten blickt, sind hier [&hellip;]","og_url":"https:\/\/expansion-method.com\/de\/dr-nir-brosh\/","og_site_name":"The Expansion Method","article_modified_time":"2021-12-29T09:03:06+00:00","twitter_card":"summary_large_image","twitter_misc":{"Gesch\u00e4tzte Lesezeit":"4\u00a0Minuten"},"schema":{"@context":"https:\/\/schema.org","@graph":[{"@type":"WebPage","@id":"https:\/\/expansion-method.com\/de\/dr-nir-brosh\/","url":"https:\/\/expansion-method.com\/de\/dr-nir-brosh\/","name":"Dr. Nir Brosh - The Expansion Method","isPartOf":{"@id":"https:\/\/expansion-method.com\/de\/#website"},"datePublished":"2019-08-09T07:49:48+00:00","dateModified":"2021-12-29T09:03:06+00:00","breadcrumb":{"@id":"https:\/\/expansion-method.com\/de\/dr-nir-brosh\/#breadcrumb"},"inLanguage":"de","potentialAction":[{"@type":"ReadAction","target":["https:\/\/expansion-method.com\/de\/dr-nir-brosh\/"]}]},{"@type":"BreadcrumbList","@id":"https:\/\/expansion-method.com\/de\/dr-nir-brosh\/#breadcrumb","itemListElement":[{"@type":"ListItem","position":1,"name":"Startseite","item":"https:\/\/expansion-method.com\/de\/"},{"@type":"ListItem","position":2,"name":"Dr. Nir Brosh"}]},{"@type":"WebSite","@id":"https:\/\/expansion-method.com\/de\/#website","url":"https:\/\/expansion-method.com\/de\/","name":"The Expansion Method","description":"Become Bigger Than Your Problems","potentialAction":[{"@type":"SearchAction","target":{"@type":"EntryPoint","urlTemplate":"https:\/\/expansion-method.com\/de\/?s={search_term_string}"},"query-input":{"@type":"PropertyValueSpecification","valueRequired":true,"valueName":"search_term_string"}}],"inLanguage":"de"}]}},"_links":{"self":[{"href":"https:\/\/expansion-method.com\/de\/wp-json\/wp\/v2\/pages\/2758","targetHints":{"allow":["GET"]}}],"collection":[{"href":"https:\/\/expansion-method.com\/de\/wp-json\/wp\/v2\/pages"}],"about":[{"href":"https:\/\/expansion-method.com\/de\/wp-json\/wp\/v2\/types\/page"}],"author":[{"embeddable":true,"href":"https:\/\/expansion-method.com\/de\/wp-json\/wp\/v2\/users\/1"}],"replies":[{"embeddable":true,"href":"https:\/\/expansion-method.com\/de\/wp-json\/wp\/v2\/comments?post=2758"}],"version-history":[{"count":0,"href":"https:\/\/expansion-method.com\/de\/wp-json\/wp\/v2\/pages\/2758\/revisions"}],"wp:attachment":[{"href":"https:\/\/expansion-method.com\/de\/wp-json\/wp\/v2\/media?parent=2758"}],"curies":[{"name":"wp","href":"https:\/\/api.w.org\/{rel}","templated":true}]}}