{"id":2868,"date":"2019-10-01T21:13:52","date_gmt":"2019-10-01T19:13:52","guid":{"rendered":"https:\/\/expansion-method.com\/?page_id=2868"},"modified":"2019-10-01T21:25:02","modified_gmt":"2019-10-01T19:25:02","slug":"module2-videos-de","status":"publish","type":"page","link":"https:\/\/expansion-method.com\/de\/emtrct2019\/module2-videos-de\/","title":{"rendered":"2. Wochenende 21.9.19 &#8211; deutsche Videos"},"content":{"rendered":"\n[et_pb_section fb_built=&#8220;1&#8243; _builder_version=&#8220;3.27.4&#8243; fb_built=&#8220;1&#8243; _i=&#8220;0&#8243; _address=&#8220;0&#8243;][et_pb_row _builder_version=&#8220;3.27.4&#8243; _i=&#8220;0&#8243; _address=&#8220;0.0&#8243;][et_pb_column type=&#8220;4_4&#8243; _builder_version=&#8220;3.27.4&#8243; _i=&#8220;0&#8243; _address=&#8220;0.0.0&#8243;][et_pb_text _builder_version=&#8220;3.27.4&#8243; hover_enabled=&#8220;0&#8243; _i=&#8220;0&#8243; _address=&#8220;0.0.0.0&#8243;]<h1 style=\"text-align: center;\">2. Wochenende &#8211; 21.-22.09.2019<\/h1>\n[\/et_pb_text][et_pb_text _builder_version=&#8220;3.27.4&#8243; _i=&#8220;0&#8243; _address=&#8220;0.0.0.0&#8243;]<h2 style=\"text-align: center;\">Samstag<\/h2>[\/et_pb_text][\/et_pb_column][\/et_pb_row][et_pb_row column_structure=&#8220;1_5,3_5,1_5&#8243; _builder_version=&#8220;3.27.4&#8243; _i=&#8220;1&#8243; _address=&#8220;0.1&#8243;][et_pb_column type=&#8220;1_5&#8243; _builder_version=&#8220;3.27.4&#8243; _i=&#8220;0&#8243; _address=&#8220;0.1.0&#8243;][\/et_pb_column][et_pb_column type=&#8220;3_5&#8243; _builder_version=&#8220;3.27.4&#8243; _i=&#8220;1&#8243; _address=&#8220;0.1.1&#8243;][et_pb_text _builder_version=&#8220;3.27.4&#8243; _i=&#8220;0&#8243; _address=&#8220;0.1.1.0&#8243;]<h3 style=\"text-align: center;\">Einf\u00fchrung in die Arbeit des Traumal\u00f6sens<\/h3>[\/et_pb_text][et_pb_video src=&#8220;https:\/\/youtu.be\/Pc7ZVMK67A4&#8243; thumbnail_overlay_color=&#8220;rgba(0,0,0,0.6)&#8220; _builder_version=&#8220;3.27.4&#8243; hover_enabled=&#8220;0&#8243; _i=&#8220;1&#8243; _address=&#8220;0.1.1.1&#8243;][\/et_pb_video][\/et_pb_column][et_pb_column type=&#8220;1_5&#8243; _builder_version=&#8220;3.27.4&#8243; _i=&#8220;2&#8243; _address=&#8220;0.1.2&#8243;][\/et_pb_column][\/et_pb_row][et_pb_row column_structure=&#8220;1_5,3_5,1_5&#8243; _builder_version=&#8220;3.27.4&#8243; _i=&#8220;2&#8243; _address=&#8220;0.2&#8243;][et_pb_column type=&#8220;1_5&#8243; _builder_version=&#8220;3.27.4&#8243; _i=&#8220;0&#8243; _address=&#8220;0.2.0&#8243;][\/et_pb_column][et_pb_column type=&#8220;3_5&#8243; _builder_version=&#8220;3.27.4&#8243; _i=&#8220;1&#8243; _address=&#8220;0.2.1&#8243;][et_pb_text _builder_version=&#8220;3.27.4&#8243; _i=&#8220;0&#8243; _address=&#8220;0.2.1.0&#8243;]<h3 style=\"text-align: center;\">Die sieben Arten von Traumata<\/h3>[\/et_pb_text][et_pb_video src=&#8220;https:\/\/youtu.be\/_JvaQXltS8Q&#8220; thumbnail_overlay_color=&#8220;rgba(0,0,0,0.6)&#8220; _builder_version=&#8220;3.27.4&#8243; hover_enabled=&#8220;0&#8243; _i=&#8220;1&#8243; _address=&#8220;0.2.1.1&#8243;][\/et_pb_video][\/et_pb_column][et_pb_column type=&#8220;1_5&#8243; _builder_version=&#8220;3.27.4&#8243; _i=&#8220;2&#8243; _address=&#8220;0.2.2&#8243;][\/et_pb_column][\/et_pb_row][et_pb_row column_structure=&#8220;1_5,3_5,1_5&#8243; _builder_version=&#8220;3.27.4&#8243; _i=&#8220;3&#8243; _address=&#8220;0.3&#8243;][et_pb_column type=&#8220;1_5&#8243; _builder_version=&#8220;3.27.4&#8243; _i=&#8220;0&#8243; _address=&#8220;0.3.0&#8243;][\/et_pb_column][et_pb_column type=&#8220;3_5&#8243; _builder_version=&#8220;3.27.4&#8243; _i=&#8220;1&#8243; _address=&#8220;0.3.1&#8243;][et_pb_text _builder_version=&#8220;3.27.4&#8243; _i=&#8220;0&#8243; _address=&#8220;0.3.1.0&#8243;]<h3 style=\"text-align: center;\">Die Expansion f\u00fcr negative Erinnerungen<\/h3>[\/et_pb_text][et_pb_video src=&#8220;https:\/\/youtu.be\/jXOIAPS1RfI&#8220; thumbnail_overlay_color=&#8220;rgba(0,0,0,0.6)&#8220; _builder_version=&#8220;3.27.4&#8243; hover_enabled=&#8220;0&#8243; _i=&#8220;1&#8243; _address=&#8220;0.3.1.1&#8243;][\/et_pb_video][\/et_pb_column][et_pb_column type=&#8220;1_5&#8243; _builder_version=&#8220;3.27.4&#8243; _i=&#8220;2&#8243; _address=&#8220;0.3.2&#8243;][\/et_pb_column][\/et_pb_row][et_pb_row column_structure=&#8220;1_5,3_5,1_5&#8243; _builder_version=&#8220;3.27.4&#8243; _i=&#8220;4&#8243; _address=&#8220;0.4&#8243;][et_pb_column type=&#8220;1_5&#8243; _builder_version=&#8220;3.27.4&#8243; _i=&#8220;0&#8243; _address=&#8220;0.4.0&#8243;][\/et_pb_column][et_pb_column type=&#8220;3_5&#8243; _builder_version=&#8220;3.27.4&#8243; _i=&#8220;1&#8243; _address=&#8220;0.4.1&#8243;][et_pb_text _builder_version=&#8220;3.27.4&#8243; _i=&#8220;0&#8243; _address=&#8220;0.4.1.0&#8243;]<h3 style=\"text-align: center;\">Zusammenfassung und Fragen<\/h3>[\/et_pb_text][et_pb_video src=&#8220;https:\/\/youtu.be\/uqSh9Rq6-VM&#8220; thumbnail_overlay_color=&#8220;rgba(0,0,0,0.6)&#8220; _builder_version=&#8220;3.27.4&#8243; hover_enabled=&#8220;0&#8243; _i=&#8220;1&#8243; _address=&#8220;0.4.1.1&#8243;][\/et_pb_video][et_pb_divider divider_weight=&#8220;8px&#8220; _builder_version=&#8220;3.27.4&#8243; _i=&#8220;2&#8243; _address=&#8220;0.4.1.2&#8243;][\/et_pb_divider][\/et_pb_column][et_pb_column type=&#8220;1_5&#8243; _builder_version=&#8220;3.27.4&#8243; _i=&#8220;2&#8243; _address=&#8220;0.4.2&#8243;][\/et_pb_column][\/et_pb_row][\/et_pb_section][et_pb_section fb_built=&#8220;1&#8243; _builder_version=&#8220;3.27.4&#8243; fb_built=&#8220;1&#8243; _i=&#8220;1&#8243; _address=&#8220;1&#8243;][et_pb_row _builder_version=&#8220;3.27.4&#8243; _i=&#8220;0&#8243; _address=&#8220;1.0&#8243;][et_pb_column type=&#8220;4_4&#8243; _builder_version=&#8220;3.27.4&#8243; _i=&#8220;0&#8243; _address=&#8220;1.0.0&#8243;][et_pb_text _builder_version=&#8220;3.27.4&#8243; _i=&#8220;0&#8243; _address=&#8220;1.0.0.0&#8243;]<h2 style=\"text-align: center;\">Sonntag<\/h2>[\/et_pb_text][\/et_pb_column][\/et_pb_row][et_pb_row column_structure=&#8220;1_5,3_5,1_5&#8243; _builder_version=&#8220;3.27.4&#8243; _i=&#8220;1&#8243; _address=&#8220;1.1&#8243;][et_pb_column type=&#8220;1_5&#8243; _builder_version=&#8220;3.27.4&#8243; _i=&#8220;0&#8243; _address=&#8220;1.1.0&#8243;][\/et_pb_column][et_pb_column type=&#8220;3_5&#8243; _builder_version=&#8220;3.27.4&#8243; _i=&#8220;1&#8243; _address=&#8220;1.1.1&#8243;][et_pb_text _builder_version=&#8220;3.27.4&#8243; _i=&#8220;0&#8243; _address=&#8220;1.1.1.0&#8243;]<h3 style=\"text-align: center;\">Die Technik des Traumal\u00f6sens<\/h3>[\/et_pb_text][et_pb_video src=&#8220;https:\/\/youtu.be\/I7Zobalr3sI&#8220; thumbnail_overlay_color=&#8220;rgba(0,0,0,0.6)&#8220; _builder_version=&#8220;3.27.4&#8243; hover_enabled=&#8220;0&#8243; _i=&#8220;1&#8243; _address=&#8220;1.1.1.1&#8243;][\/et_pb_video][\/et_pb_column][et_pb_column type=&#8220;1_5&#8243; _builder_version=&#8220;3.27.4&#8243; _i=&#8220;2&#8243; _address=&#8220;1.1.2&#8243;][\/et_pb_column][\/et_pb_row][et_pb_row column_structure=&#8220;1_5,3_5,1_5&#8243; _builder_version=&#8220;3.27.4&#8243; _i=&#8220;2&#8243; _address=&#8220;1.2&#8243;][et_pb_column type=&#8220;1_5&#8243; _builder_version=&#8220;3.27.4&#8243; _i=&#8220;0&#8243; _address=&#8220;1.2.0&#8243;][\/et_pb_column][et_pb_column type=&#8220;3_5&#8243; _builder_version=&#8220;3.27.4&#8243; _i=&#8220;1&#8243; _address=&#8220;1.2.1&#8243;][et_pb_text _builder_version=&#8220;3.27.4&#8243; _i=&#8220;0&#8243; _address=&#8220;1.2.1.0&#8243;]<h3 style=\"text-align: center;\">Vorf\u00fchrung: Ausdehnung eines Traumas<\/h3>[\/et_pb_text][et_pb_video src=&#8220;https:\/\/youtu.be\/QKelgBuvPXY&#8220; thumbnail_overlay_color=&#8220;rgba(0,0,0,0.6)&#8220; _builder_version=&#8220;3.27.4&#8243; hover_enabled=&#8220;0&#8243; _i=&#8220;1&#8243; _address=&#8220;1.2.1.1&#8243;][\/et_pb_video][\/et_pb_column][et_pb_column type=&#8220;1_5&#8243; _builder_version=&#8220;3.27.4&#8243; _i=&#8220;2&#8243; _address=&#8220;1.2.2&#8243;][\/et_pb_column][\/et_pb_row][et_pb_row column_structure=&#8220;1_5,3_5,1_5&#8243; _builder_version=&#8220;3.27.4&#8243; _i=&#8220;3&#8243; _address=&#8220;1.3&#8243;][et_pb_column type=&#8220;1_5&#8243; _builder_version=&#8220;3.27.4&#8243; _i=&#8220;0&#8243; _address=&#8220;1.3.0&#8243;][\/et_pb_column][et_pb_column type=&#8220;3_5&#8243; _builder_version=&#8220;3.27.4&#8243; _i=&#8220;1&#8243; _address=&#8220;1.3.1&#8243;][et_pb_text _builder_version=&#8220;3.27.4&#8243; _i=&#8220;0&#8243; _address=&#8220;1.3.1.0&#8243;]<h3 style=\"text-align: center;\">Q&amp;A + Power Psychology: Level 2<\/h3>[\/et_pb_text][et_pb_video src=&#8220;https:\/\/youtu.be\/yaNHOTWf7Vw&#8220; thumbnail_overlay_color=&#8220;rgba(0,0,0,0.6)&#8220; _builder_version=&#8220;3.27.4&#8243; hover_enabled=&#8220;0&#8243; _i=&#8220;1&#8243; _address=&#8220;1.3.1.1&#8243;][\/et_pb_video][\/et_pb_column][et_pb_column type=&#8220;1_5&#8243; _builder_version=&#8220;3.27.4&#8243; _i=&#8220;2&#8243; _address=&#8220;1.3.2&#8243;][\/et_pb_column][\/et_pb_row][et_pb_row column_structure=&#8220;1_5,3_5,1_5&#8243; _builder_version=&#8220;3.27.4&#8243; _i=&#8220;4&#8243; _address=&#8220;1.4&#8243;][et_pb_column type=&#8220;1_5&#8243; _builder_version=&#8220;3.27.4&#8243; _i=&#8220;0&#8243; _address=&#8220;1.4.0&#8243;][\/et_pb_column][et_pb_column type=&#8220;3_5&#8243; _builder_version=&#8220;3.27.4&#8243; _i=&#8220;1&#8243; _address=&#8220;1.4.1&#8243;][et_pb_text _builder_version=&#8220;3.27.4&#8243; _i=&#8220;0&#8243; _address=&#8220;1.4.1.0&#8243;]<h3 style=\"text-align: center;\">Fragen &amp; Abschluss<\/h3>[\/et_pb_text][et_pb_video src=&#8220;https:\/\/youtu.be\/MYb62nn6uu0&#8243; thumbnail_overlay_color=&#8220;rgba(0,0,0,0.6)&#8220; _builder_version=&#8220;3.27.4&#8243; hover_enabled=&#8220;0&#8243; _i=&#8220;1&#8243; _address=&#8220;1.4.1.1&#8243;][\/et_pb_video][\/et_pb_column][et_pb_column type=&#8220;1_5&#8243; _builder_version=&#8220;3.27.4&#8243; _i=&#8220;2&#8243; _address=&#8220;1.4.2&#8243;][\/et_pb_column][\/et_pb_row][\/et_pb_section]\n","protected":false},"excerpt":{"rendered":"<p>2. Wochenende &#8211; 21.-22.09.2019 SamstagEinf\u00fchrung in die Arbeit des Traumal\u00f6sensDie sieben Arten von TraumataDie Expansion f\u00fcr negative ErinnerungenZusammenfassung und FragenSonntagDie Technik des Traumal\u00f6sensVorf\u00fchrung: Ausdehnung eines TraumasQ&amp;A + Power Psychology: Level 2Fragen &amp; Abschluss<\/p>\n","protected":false},"author":1,"featured_media":0,"parent":2839,"menu_order":0,"comment_status":"closed","ping_status":"closed","template":"","meta":{"_et_pb_use_builder":"on","_et_pb_old_content":"","_et_gb_content_width":"","footnotes":""},"class_list":["post-2868","page","type-page","status-publish","hentry"],"yoast_head":"<!-- This site is optimized with the Yoast SEO plugin v27.1.1 - https:\/\/yoast.com\/product\/yoast-seo-wordpress\/ -->\n<title>2. Wochenende 21.9.19 - deutsche Videos - The Expansion Method<\/title>\n<meta name=\"robots\" content=\"index, follow, max-snippet:-1, max-image-preview:large, max-video-preview:-1\" \/>\n<link rel=\"canonical\" href=\"https:\/\/expansion-method.com\/de\/emtrct2019\/module2-videos-de\/\" \/>\n<meta property=\"og:locale\" content=\"de_DE\" \/>\n<meta property=\"og:type\" content=\"article\" \/>\n<meta property=\"og:title\" content=\"2. Wochenende 21.9.19 - deutsche Videos - The Expansion Method\" \/>\n<meta property=\"og:description\" content=\"2. Wochenende - 21.-22.09.2019 SamstagEinf\u00fchrung in die Arbeit des Traumal\u00f6sensDie sieben Arten von TraumataDie Expansion f\u00fcr negative ErinnerungenZusammenfassung und FragenSonntagDie Technik des Traumal\u00f6sensVorf\u00fchrung: Ausdehnung eines TraumasQ&amp;A + Power Psychology: Level 2Fragen &amp; Abschluss\" \/>\n<meta property=\"og:url\" content=\"https:\/\/expansion-method.com\/de\/emtrct2019\/module2-videos-de\/\" \/>\n<meta property=\"og:site_name\" content=\"The Expansion Method\" \/>\n<meta property=\"article:modified_time\" content=\"2019-10-01T19:25:02+00:00\" \/>\n<meta name=\"twitter:card\" content=\"summary_large_image\" \/>\n<meta name=\"twitter:label1\" content=\"Gesch\u00e4tzte Lesezeit\" \/>\n\t<meta name=\"twitter:data1\" content=\"4\u00a0Minuten\" \/>\n<script type=\"application\/ld+json\" class=\"yoast-schema-graph\">{\"@context\":\"https:\/\/schema.org\",\"@graph\":[{\"@type\":\"WebPage\",\"@id\":\"https:\/\/expansion-method.com\/de\/emtrct2019\/module2-videos-de\/\",\"url\":\"https:\/\/expansion-method.com\/de\/emtrct2019\/module2-videos-de\/\",\"name\":\"2. Wochenende 21.9.19 - deutsche Videos - The Expansion Method\",\"isPartOf\":{\"@id\":\"https:\/\/expansion-method.com\/de\/#website\"},\"datePublished\":\"2019-10-01T19:13:52+00:00\",\"dateModified\":\"2019-10-01T19:25:02+00:00\",\"breadcrumb\":{\"@id\":\"https:\/\/expansion-method.com\/de\/emtrct2019\/module2-videos-de\/#breadcrumb\"},\"inLanguage\":\"de\",\"potentialAction\":[{\"@type\":\"ReadAction\",\"target\":[\"https:\/\/expansion-method.com\/de\/emtrct2019\/module2-videos-de\/\"]}]},{\"@type\":\"BreadcrumbList\",\"@id\":\"https:\/\/expansion-method.com\/de\/emtrct2019\/module2-videos-de\/#breadcrumb\",\"itemListElement\":[{\"@type\":\"ListItem\",\"position\":1,\"name\":\"Startseite\",\"item\":\"https:\/\/expansion-method.com\/de\/\"},{\"@type\":\"ListItem\",\"position\":2,\"name\":\"EMTRCT2019\",\"item\":\"https:\/\/expansion-method.com\/de\/emtrct2019\/\"},{\"@type\":\"ListItem\",\"position\":3,\"name\":\"2. Wochenende 21.9.19 &#8211; deutsche Videos\"}]},{\"@type\":\"WebSite\",\"@id\":\"https:\/\/expansion-method.com\/de\/#website\",\"url\":\"https:\/\/expansion-method.com\/de\/\",\"name\":\"The Expansion Method\",\"description\":\"Become Bigger Than Your Problems\",\"potentialAction\":[{\"@type\":\"SearchAction\",\"target\":{\"@type\":\"EntryPoint\",\"urlTemplate\":\"https:\/\/expansion-method.com\/de\/?s={search_term_string}\"},\"query-input\":{\"@type\":\"PropertyValueSpecification\",\"valueRequired\":true,\"valueName\":\"search_term_string\"}}],\"inLanguage\":\"de\"}]}<\/script>\n<!-- \/ Yoast SEO plugin. -->","yoast_head_json":{"title":"2. Wochenende 21.9.19 - deutsche Videos - The Expansion Method","robots":{"index":"index","follow":"follow","max-snippet":"max-snippet:-1","max-image-preview":"max-image-preview:large","max-video-preview":"max-video-preview:-1"},"canonical":"https:\/\/expansion-method.com\/de\/emtrct2019\/module2-videos-de\/","og_locale":"de_DE","og_type":"article","og_title":"2. Wochenende 21.9.19 - deutsche Videos - The Expansion Method","og_description":"2. Wochenende - 21.-22.09.2019 SamstagEinf\u00fchrung in die Arbeit des Traumal\u00f6sensDie sieben Arten von TraumataDie Expansion f\u00fcr negative ErinnerungenZusammenfassung und FragenSonntagDie Technik des Traumal\u00f6sensVorf\u00fchrung: Ausdehnung eines TraumasQ&amp;A + Power Psychology: Level 2Fragen &amp; Abschluss","og_url":"https:\/\/expansion-method.com\/de\/emtrct2019\/module2-videos-de\/","og_site_name":"The Expansion Method","article_modified_time":"2019-10-01T19:25:02+00:00","twitter_card":"summary_large_image","twitter_misc":{"Gesch\u00e4tzte Lesezeit":"4\u00a0Minuten"},"schema":{"@context":"https:\/\/schema.org","@graph":[{"@type":"WebPage","@id":"https:\/\/expansion-method.com\/de\/emtrct2019\/module2-videos-de\/","url":"https:\/\/expansion-method.com\/de\/emtrct2019\/module2-videos-de\/","name":"2. Wochenende 21.9.19 - deutsche Videos - The Expansion Method","isPartOf":{"@id":"https:\/\/expansion-method.com\/de\/#website"},"datePublished":"2019-10-01T19:13:52+00:00","dateModified":"2019-10-01T19:25:02+00:00","breadcrumb":{"@id":"https:\/\/expansion-method.com\/de\/emtrct2019\/module2-videos-de\/#breadcrumb"},"inLanguage":"de","potentialAction":[{"@type":"ReadAction","target":["https:\/\/expansion-method.com\/de\/emtrct2019\/module2-videos-de\/"]}]},{"@type":"BreadcrumbList","@id":"https:\/\/expansion-method.com\/de\/emtrct2019\/module2-videos-de\/#breadcrumb","itemListElement":[{"@type":"ListItem","position":1,"name":"Startseite","item":"https:\/\/expansion-method.com\/de\/"},{"@type":"ListItem","position":2,"name":"EMTRCT2019","item":"https:\/\/expansion-method.com\/de\/emtrct2019\/"},{"@type":"ListItem","position":3,"name":"2. Wochenende 21.9.19 &#8211; deutsche Videos"}]},{"@type":"WebSite","@id":"https:\/\/expansion-method.com\/de\/#website","url":"https:\/\/expansion-method.com\/de\/","name":"The Expansion Method","description":"Become Bigger Than Your Problems","potentialAction":[{"@type":"SearchAction","target":{"@type":"EntryPoint","urlTemplate":"https:\/\/expansion-method.com\/de\/?s={search_term_string}"},"query-input":{"@type":"PropertyValueSpecification","valueRequired":true,"valueName":"search_term_string"}}],"inLanguage":"de"}]}},"_links":{"self":[{"href":"https:\/\/expansion-method.com\/de\/wp-json\/wp\/v2\/pages\/2868","targetHints":{"allow":["GET"]}}],"collection":[{"href":"https:\/\/expansion-method.com\/de\/wp-json\/wp\/v2\/pages"}],"about":[{"href":"https:\/\/expansion-method.com\/de\/wp-json\/wp\/v2\/types\/page"}],"author":[{"embeddable":true,"href":"https:\/\/expansion-method.com\/de\/wp-json\/wp\/v2\/users\/1"}],"replies":[{"embeddable":true,"href":"https:\/\/expansion-method.com\/de\/wp-json\/wp\/v2\/comments?post=2868"}],"version-history":[{"count":0,"href":"https:\/\/expansion-method.com\/de\/wp-json\/wp\/v2\/pages\/2868\/revisions"}],"up":[{"embeddable":true,"href":"https:\/\/expansion-method.com\/de\/wp-json\/wp\/v2\/pages\/2839"}],"wp:attachment":[{"href":"https:\/\/expansion-method.com\/de\/wp-json\/wp\/v2\/media?parent=2868"}],"curies":[{"name":"wp","href":"https:\/\/api.w.org\/{rel}","templated":true}]}}