{"id":2938,"date":"2019-10-22T12:00:51","date_gmt":"2019-10-22T10:00:51","guid":{"rendered":"https:\/\/expansion-method.com\/?page_id=2938"},"modified":"2019-10-22T17:04:20","modified_gmt":"2019-10-22T15:04:20","slug":"module3-videos-de","status":"publish","type":"page","link":"https:\/\/expansion-method.com\/de\/emtrct2019\/module3-videos-de\/","title":{"rendered":"3. Wochenende &#8211; 12.-13.10.2019 &#8211; deutsche Videos"},"content":{"rendered":"<p>[et_pb_section fb_built=&#8220;1&#8243; _builder_version=&#8220;3.27.4&#8243;][et_pb_row _builder_version=&#8220;3.27.4&#8243;][et_pb_column type=&#8220;4_4&#8243; _builder_version=&#8220;3.27.4&#8243;][et_pb_text _builder_version=&#8220;4.0.2&#8243; custom_padding=&#8220;14px||20px|||&#8220;]<\/p>\n<h1 style=\"text-align: center;\">3. Wochenende &#8211; 12.-13.10.2019<\/h1>\n<p>[\/et_pb_text][et_pb_text _builder_version=&#8220;3.27.4&#8243;]<\/p>\n<h2 style=\"text-align: center;\">Samstag<\/h2>\n<p>[\/et_pb_text][\/et_pb_column][\/et_pb_row][et_pb_row column_structure=&#8220;1_5,3_5,1_5&#8243; _builder_version=&#8220;3.27.4&#8243;][et_pb_column type=&#8220;1_5&#8243; _builder_version=&#8220;3.27.4&#8243;][\/et_pb_column][et_pb_column type=&#8220;3_5&#8243; _builder_version=&#8220;3.27.4&#8243;][et_pb_text _builder_version=&#8220;3.27.4&#8243;]<\/p>\n<h3 style=\"text-align: center;\">Der psycho-transformative Prozess<\/h3>\n<p>[\/et_pb_text][et_pb_video src=&#8220;https:\/\/youtu.be\/-Dz6ZL0Ca44&#8243; thumbnail_overlay_color=&#8220;rgba(0,0,0,0.6)&#8220; _builder_version=&#8220;4.0.2&#8243; hover_enabled=&#8220;0&#8243;][\/et_pb_video][\/et_pb_column][et_pb_column type=&#8220;1_5&#8243; _builder_version=&#8220;3.27.4&#8243;][\/et_pb_column][\/et_pb_row][et_pb_row column_structure=&#8220;1_5,3_5,1_5&#8243; _builder_version=&#8220;3.27.4&#8243;][et_pb_column type=&#8220;1_5&#8243; _builder_version=&#8220;3.27.4&#8243;][\/et_pb_column][et_pb_column type=&#8220;3_5&#8243; _builder_version=&#8220;3.27.4&#8243;][et_pb_text _builder_version=&#8220;4.0.2&#8243;]<\/p>\n<h3 style=\"text-align: center;\">Einf\u00fchrung in Erinnerungen der Aggression<\/h3>\n<p>[\/et_pb_text][et_pb_video src=&#8220;https:\/\/youtu.be\/R8u2kA6Azxo&#8220; thumbnail_overlay_color=&#8220;rgba(0,0,0,0.6)&#8220; _builder_version=&#8220;4.0.2&#8243;][\/et_pb_video][\/et_pb_column][et_pb_column type=&#8220;1_5&#8243; _builder_version=&#8220;3.27.4&#8243;][\/et_pb_column][\/et_pb_row][et_pb_row column_structure=&#8220;1_5,3_5,1_5&#8243; _builder_version=&#8220;3.27.4&#8243;][et_pb_column type=&#8220;1_5&#8243; _builder_version=&#8220;3.27.4&#8243;][\/et_pb_column][et_pb_column type=&#8220;3_5&#8243; _builder_version=&#8220;3.27.4&#8243;][et_pb_text _builder_version=&#8220;3.27.4&#8243;]<\/p>\n<h3 style=\"text-align: center;\">Einf\u00fchrung in Erinnerungen der Aggression &#8211; 2<\/h3>\n<p>[\/et_pb_text][et_pb_video src=&#8220;https:\/\/youtu.be\/-i3m8PTc7eA&#8220; thumbnail_overlay_color=&#8220;rgba(0,0,0,0.6)&#8220; _builder_version=&#8220;4.0.2&#8243;][\/et_pb_video][\/et_pb_column][et_pb_column type=&#8220;1_5&#8243; _builder_version=&#8220;3.27.4&#8243;][\/et_pb_column][\/et_pb_row][et_pb_row column_structure=&#8220;1_5,3_5,1_5&#8243; _builder_version=&#8220;3.27.4&#8243;][et_pb_column type=&#8220;1_5&#8243; _builder_version=&#8220;3.27.4&#8243;][\/et_pb_column][et_pb_column type=&#8220;3_5&#8243; _builder_version=&#8220;3.27.4&#8243;][et_pb_text _builder_version=&#8220;3.27.4&#8243;]<\/p>\n<h3 style=\"text-align: center;\">Zusammenfassung und Fragen<\/h3>\n<p>[\/et_pb_text][et_pb_video src=&#8220;https:\/\/youtu.be\/8Evh5YtAwMs&#8220; thumbnail_overlay_color=&#8220;rgba(0,0,0,0.6)&#8220; _builder_version=&#8220;4.0.2&#8243;][\/et_pb_video][et_pb_divider divider_weight=&#8220;8px&#8220; _builder_version=&#8220;3.27.4&#8243;][\/et_pb_divider][\/et_pb_column][et_pb_column type=&#8220;1_5&#8243; _builder_version=&#8220;3.27.4&#8243;][\/et_pb_column][\/et_pb_row][\/et_pb_section][et_pb_section fb_built=&#8220;1&#8243; _builder_version=&#8220;3.27.4&#8243;][et_pb_row _builder_version=&#8220;3.27.4&#8243;][et_pb_column type=&#8220;4_4&#8243; _builder_version=&#8220;3.27.4&#8243;][et_pb_text _builder_version=&#8220;3.27.4&#8243;]<\/p>\n<h2 style=\"text-align: center;\">Sonntag<\/h2>\n<p>[\/et_pb_text][\/et_pb_column][\/et_pb_row][et_pb_row column_structure=&#8220;1_5,3_5,1_5&#8243; _builder_version=&#8220;3.27.4&#8243;][et_pb_column type=&#8220;1_5&#8243; _builder_version=&#8220;3.27.4&#8243;][\/et_pb_column][et_pb_column type=&#8220;3_5&#8243; _builder_version=&#8220;3.27.4&#8243;][et_pb_text _builder_version=&#8220;4.0.2&#8243;]<\/p>\n<h3 style=\"text-align: center;\">Power Psychologie (Level 3)<\/h3>\n<p>[\/et_pb_text][et_pb_video src=&#8220;https:\/\/youtu.be\/ebGuupobEEA&#8220; thumbnail_overlay_color=&#8220;rgba(0,0,0,0.6)&#8220; _builder_version=&#8220;4.0.2&#8243;][\/et_pb_video][\/et_pb_column][et_pb_column type=&#8220;1_5&#8243; _builder_version=&#8220;3.27.4&#8243;][\/et_pb_column][\/et_pb_row][et_pb_row column_structure=&#8220;1_5,3_5,1_5&#8243; _builder_version=&#8220;3.27.4&#8243;][et_pb_column type=&#8220;1_5&#8243; _builder_version=&#8220;3.27.4&#8243;][\/et_pb_column][et_pb_column type=&#8220;3_5&#8243; _builder_version=&#8220;3.27.4&#8243;][et_pb_text _builder_version=&#8220;3.27.4&#8243;]<\/p>\n<h3 style=\"text-align: center;\">Vorf\u00fchrung: Ausdehnung einer Erinnerung der Aggression<\/h3>\n<p>[\/et_pb_text][et_pb_video src=&#8220;https:\/\/youtu.be\/GkO0bfHIg5I&#8220; thumbnail_overlay_color=&#8220;rgba(0,0,0,0.6)&#8220; _builder_version=&#8220;4.0.2&#8243;][\/et_pb_video][\/et_pb_column][et_pb_column type=&#8220;1_5&#8243; _builder_version=&#8220;3.27.4&#8243;][\/et_pb_column][\/et_pb_row][et_pb_row column_structure=&#8220;1_5,3_5,1_5&#8243; _builder_version=&#8220;3.27.4&#8243;][et_pb_column type=&#8220;1_5&#8243; _builder_version=&#8220;3.27.4&#8243;][\/et_pb_column][et_pb_column type=&#8220;3_5&#8243; _builder_version=&#8220;3.27.4&#8243;][et_pb_text _builder_version=&#8220;3.27.4&#8243;]<\/p>\n<h3 style=\"text-align: center;\">Fragen &amp; Antworten<\/h3>\n<p>[\/et_pb_text][et_pb_video src=&#8220;https:\/\/youtu.be\/5_IRxBXgGdE&#8220; thumbnail_overlay_color=&#8220;rgba(0,0,0,0.6)&#8220; _builder_version=&#8220;4.0.2&#8243;][\/et_pb_video][\/et_pb_column][et_pb_column type=&#8220;1_5&#8243; _builder_version=&#8220;3.27.4&#8243;][\/et_pb_column][\/et_pb_row][et_pb_row column_structure=&#8220;1_5,3_5,1_5&#8243; _builder_version=&#8220;3.27.4&#8243;][et_pb_column type=&#8220;1_5&#8243; _builder_version=&#8220;3.27.4&#8243;][\/et_pb_column][et_pb_column type=&#8220;3_5&#8243; _builder_version=&#8220;3.27.4&#8243;][et_pb_text _builder_version=&#8220;4.0.2&#8243;]<\/p>\n<h3 style=\"text-align: center;\">Abschluss<\/h3>\n<p>[\/et_pb_text][et_pb_video src=&#8220;https:\/\/youtu.be\/KSY_L9wXnSQ&#8220; thumbnail_overlay_color=&#8220;rgba(0,0,0,0.6)&#8220; _builder_version=&#8220;4.0.2&#8243;][\/et_pb_video][\/et_pb_column][et_pb_column type=&#8220;1_5&#8243; _builder_version=&#8220;3.27.4&#8243;][\/et_pb_column][\/et_pb_row][\/et_pb_section]<\/p>\n","protected":false},"excerpt":{"rendered":"<p>3. Wochenende &#8211; 12.-13.10.2019SamstagDer psycho-transformative ProzessEinf\u00fchrung in Erinnerungen der AggressionEinf\u00fchrung in Erinnerungen der Aggression &#8211; 2Zusammenfassung und FragenSonntagPower Psychologie (Level 3)Vorf\u00fchrung: Ausdehnung einer Erinnerung der AggressionFragen &amp; AntwortenAbschluss<\/p>\n","protected":false},"author":1,"featured_media":0,"parent":2839,"menu_order":0,"comment_status":"closed","ping_status":"closed","template":"","meta":{"_et_pb_use_builder":"on","_et_pb_old_content":"","_et_gb_content_width":"","footnotes":""},"class_list":["post-2938","page","type-page","status-publish","hentry"],"yoast_head":"<!-- This site is optimized with the Yoast SEO plugin v27.3 - https:\/\/yoast.com\/product\/yoast-seo-wordpress\/ -->\n<title>3. Wochenende - 12.-13.10.2019 - deutsche Videos - The Expansion Method<\/title>\n<meta name=\"robots\" content=\"index, follow, max-snippet:-1, max-image-preview:large, max-video-preview:-1\" \/>\n<link rel=\"canonical\" href=\"https:\/\/expansion-method.com\/de\/emtrct2019\/module3-videos-de\/\" \/>\n<meta property=\"og:locale\" content=\"de_DE\" \/>\n<meta property=\"og:type\" content=\"article\" \/>\n<meta property=\"og:title\" content=\"3. Wochenende - 12.-13.10.2019 - deutsche Videos - The Expansion Method\" \/>\n<meta property=\"og:description\" content=\"3. Wochenende - 12.-13.10.2019SamstagDer psycho-transformative ProzessEinf\u00fchrung in Erinnerungen der AggressionEinf\u00fchrung in Erinnerungen der Aggression - 2Zusammenfassung und FragenSonntagPower Psychologie (Level 3)Vorf\u00fchrung: Ausdehnung einer Erinnerung der AggressionFragen &amp; AntwortenAbschluss\" \/>\n<meta property=\"og:url\" content=\"https:\/\/expansion-method.com\/de\/emtrct2019\/module3-videos-de\/\" \/>\n<meta property=\"og:site_name\" content=\"The Expansion Method\" \/>\n<meta property=\"article:modified_time\" content=\"2019-10-22T15:04:20+00:00\" \/>\n<meta name=\"twitter:card\" content=\"summary_large_image\" \/>\n<meta name=\"twitter:label1\" content=\"Gesch\u00e4tzte Lesezeit\" \/>\n\t<meta name=\"twitter:data1\" content=\"3\u00a0Minuten\" \/>\n<script type=\"application\/ld+json\" class=\"yoast-schema-graph\">{\"@context\":\"https:\\\/\\\/schema.org\",\"@graph\":[{\"@type\":\"WebPage\",\"@id\":\"https:\\\/\\\/expansion-method.com\\\/de\\\/emtrct2019\\\/module3-videos-de\\\/\",\"url\":\"https:\\\/\\\/expansion-method.com\\\/de\\\/emtrct2019\\\/module3-videos-de\\\/\",\"name\":\"3. Wochenende - 12.-13.10.2019 - deutsche Videos - The Expansion Method\",\"isPartOf\":{\"@id\":\"https:\\\/\\\/expansion-method.com\\\/de\\\/#website\"},\"datePublished\":\"2019-10-22T10:00:51+00:00\",\"dateModified\":\"2019-10-22T15:04:20+00:00\",\"breadcrumb\":{\"@id\":\"https:\\\/\\\/expansion-method.com\\\/de\\\/emtrct2019\\\/module3-videos-de\\\/#breadcrumb\"},\"inLanguage\":\"de\",\"potentialAction\":[{\"@type\":\"ReadAction\",\"target\":[\"https:\\\/\\\/expansion-method.com\\\/de\\\/emtrct2019\\\/module3-videos-de\\\/\"]}]},{\"@type\":\"BreadcrumbList\",\"@id\":\"https:\\\/\\\/expansion-method.com\\\/de\\\/emtrct2019\\\/module3-videos-de\\\/#breadcrumb\",\"itemListElement\":[{\"@type\":\"ListItem\",\"position\":1,\"name\":\"Startseite\",\"item\":\"https:\\\/\\\/expansion-method.com\\\/de\\\/\"},{\"@type\":\"ListItem\",\"position\":2,\"name\":\"EMTRCT2019\",\"item\":\"https:\\\/\\\/expansion-method.com\\\/de\\\/emtrct2019\\\/\"},{\"@type\":\"ListItem\",\"position\":3,\"name\":\"3. Wochenende &#8211; 12.-13.10.2019 &#8211; deutsche Videos\"}]},{\"@type\":\"WebSite\",\"@id\":\"https:\\\/\\\/expansion-method.com\\\/de\\\/#website\",\"url\":\"https:\\\/\\\/expansion-method.com\\\/de\\\/\",\"name\":\"The Expansion Method\",\"description\":\"Become Bigger Than Your Problems\",\"potentialAction\":[{\"@type\":\"SearchAction\",\"target\":{\"@type\":\"EntryPoint\",\"urlTemplate\":\"https:\\\/\\\/expansion-method.com\\\/de\\\/?s={search_term_string}\"},\"query-input\":{\"@type\":\"PropertyValueSpecification\",\"valueRequired\":true,\"valueName\":\"search_term_string\"}}],\"inLanguage\":\"de\"}]}<\/script>\n<!-- \/ Yoast SEO plugin. -->","yoast_head_json":{"title":"3. Wochenende - 12.-13.10.2019 - deutsche Videos - The Expansion Method","robots":{"index":"index","follow":"follow","max-snippet":"max-snippet:-1","max-image-preview":"max-image-preview:large","max-video-preview":"max-video-preview:-1"},"canonical":"https:\/\/expansion-method.com\/de\/emtrct2019\/module3-videos-de\/","og_locale":"de_DE","og_type":"article","og_title":"3. Wochenende - 12.-13.10.2019 - deutsche Videos - The Expansion Method","og_description":"3. Wochenende - 12.-13.10.2019SamstagDer psycho-transformative ProzessEinf\u00fchrung in Erinnerungen der AggressionEinf\u00fchrung in Erinnerungen der Aggression - 2Zusammenfassung und FragenSonntagPower Psychologie (Level 3)Vorf\u00fchrung: Ausdehnung einer Erinnerung der AggressionFragen &amp; AntwortenAbschluss","og_url":"https:\/\/expansion-method.com\/de\/emtrct2019\/module3-videos-de\/","og_site_name":"The Expansion Method","article_modified_time":"2019-10-22T15:04:20+00:00","twitter_card":"summary_large_image","twitter_misc":{"Gesch\u00e4tzte Lesezeit":"3\u00a0Minuten"},"schema":{"@context":"https:\/\/schema.org","@graph":[{"@type":"WebPage","@id":"https:\/\/expansion-method.com\/de\/emtrct2019\/module3-videos-de\/","url":"https:\/\/expansion-method.com\/de\/emtrct2019\/module3-videos-de\/","name":"3. Wochenende - 12.-13.10.2019 - deutsche Videos - The Expansion Method","isPartOf":{"@id":"https:\/\/expansion-method.com\/de\/#website"},"datePublished":"2019-10-22T10:00:51+00:00","dateModified":"2019-10-22T15:04:20+00:00","breadcrumb":{"@id":"https:\/\/expansion-method.com\/de\/emtrct2019\/module3-videos-de\/#breadcrumb"},"inLanguage":"de","potentialAction":[{"@type":"ReadAction","target":["https:\/\/expansion-method.com\/de\/emtrct2019\/module3-videos-de\/"]}]},{"@type":"BreadcrumbList","@id":"https:\/\/expansion-method.com\/de\/emtrct2019\/module3-videos-de\/#breadcrumb","itemListElement":[{"@type":"ListItem","position":1,"name":"Startseite","item":"https:\/\/expansion-method.com\/de\/"},{"@type":"ListItem","position":2,"name":"EMTRCT2019","item":"https:\/\/expansion-method.com\/de\/emtrct2019\/"},{"@type":"ListItem","position":3,"name":"3. Wochenende &#8211; 12.-13.10.2019 &#8211; deutsche Videos"}]},{"@type":"WebSite","@id":"https:\/\/expansion-method.com\/de\/#website","url":"https:\/\/expansion-method.com\/de\/","name":"The Expansion Method","description":"Become Bigger Than Your Problems","potentialAction":[{"@type":"SearchAction","target":{"@type":"EntryPoint","urlTemplate":"https:\/\/expansion-method.com\/de\/?s={search_term_string}"},"query-input":{"@type":"PropertyValueSpecification","valueRequired":true,"valueName":"search_term_string"}}],"inLanguage":"de"}]}},"_links":{"self":[{"href":"https:\/\/expansion-method.com\/de\/wp-json\/wp\/v2\/pages\/2938","targetHints":{"allow":["GET"]}}],"collection":[{"href":"https:\/\/expansion-method.com\/de\/wp-json\/wp\/v2\/pages"}],"about":[{"href":"https:\/\/expansion-method.com\/de\/wp-json\/wp\/v2\/types\/page"}],"author":[{"embeddable":true,"href":"https:\/\/expansion-method.com\/de\/wp-json\/wp\/v2\/users\/1"}],"replies":[{"embeddable":true,"href":"https:\/\/expansion-method.com\/de\/wp-json\/wp\/v2\/comments?post=2938"}],"version-history":[{"count":0,"href":"https:\/\/expansion-method.com\/de\/wp-json\/wp\/v2\/pages\/2938\/revisions"}],"up":[{"embeddable":true,"href":"https:\/\/expansion-method.com\/de\/wp-json\/wp\/v2\/pages\/2839"}],"wp:attachment":[{"href":"https:\/\/expansion-method.com\/de\/wp-json\/wp\/v2\/media?parent=2938"}],"curies":[{"name":"wp","href":"https:\/\/api.w.org\/{rel}","templated":true}]}}