{"id":4105,"date":"2020-01-22T16:56:55","date_gmt":"2020-01-22T15:56:55","guid":{"rendered":"https:\/\/expansion-method.com\/emotionen-geheimnis-seminar\/pre2\/"},"modified":"2020-01-23T00:51:18","modified_gmt":"2020-01-22T23:51:18","slug":"pre2","status":"publish","type":"page","link":"https:\/\/expansion-method.com\/de\/emotionen-seminar-online\/pre2\/","title":{"rendered":"Warum ist essentiell ist an unserer Negativit\u00e4t zu arbeiten"},"content":{"rendered":"\n[et_pb_section fb_built=&#8220;1&#8243; _builder_version=&#8220;3.25.3&#8243; background_color=&#8220;#FEF7E6&#8243; custom_padding=&#8220;1px||1px|||&#8220;][et_pb_row column_structure=&#8220;1_3,1_3,1_3&#8243; _builder_version=&#8220;3.25.3&#8243; custom_margin=&#8220;|auto|-25px|auto||&#8220; custom_padding=&#8220;10px||12px|||&#8220;][et_pb_column type=&#8220;1_3&#8243; _builder_version=&#8220;3.25.3&#8243;][\/et_pb_column][et_pb_column type=&#8220;1_3&#8243; _builder_version=&#8220;3.25.3&#8243;][et_pb_code _builder_version=&#8220;3.26&#8243;]\n<div role=\"navigation\" aria-label=\"Sprachwechsler\" class=\"wpml-ls-statics-footer wpml-ls wpml-ls-legacy-list-horizontal\">\n\t<ul><li class=\"wpml-ls-slot-footer wpml-ls-item wpml-ls-item-en wpml-ls-first-item wpml-ls-last-item wpml-ls-item-legacy-list-horizontal\">\n\t\t\t\t<a href=\"https:\/\/expansion-method.com\/\" hreflang=\"en\" lang=\"en\" class=\"wpml-ls-link\" aria-label=\"Wechseln zu English\" title=\"Wechseln zu English\">\n\t\t\t\t\t                                    <img decoding=\"async\"\n            class=\"wpml-ls-flag\"\n            src=\"https:\/\/expansion-method.com\/wp-content\/plugins\/sitepress-multilingual-cms\/res\/flags\/en.png\"\n            alt=\"\"\n            loading=\"lazy\"\n            width=18\n            height=12\n    \/><span class=\"wpml-ls-native\">English<\/span><\/a>\n\t\t\t<\/li><\/ul>\n<\/div>\n[\/et_pb_code][\/et_pb_column][et_pb_column type=&#8220;1_3&#8243; _builder_version=&#8220;3.25.3&#8243;][\/et_pb_column][\/et_pb_row][\/et_pb_section][et_pb_section fb_built=&#8220;1&#8243; _builder_version=&#8220;4.2&#8243; background_image=&#8220;https:\/\/shaitubali.com\/wp-content\/uploads\/2018\/04\/emotions-background.jpg&#8220; min_height=&#8220;444px&#8220;][et_pb_row column_structure=&#8220;1_3,1_3,1_3&#8243; _builder_version=&#8220;4.2&#8243;][et_pb_column type=&#8220;1_3&#8243; _builder_version=&#8220;4.2&#8243;][et_pb_image src=&#8220;https:\/\/shaitubali.com\/wp-content\/uploads\/2018\/04\/emo-plc1-en.jpg&#8220; url=&#8220;https:\/\/expansion-method.com\/emotionen-geheimnis-seminar\/pre1\/&#8220; _builder_version=&#8220;4.2.2&#8243;][\/et_pb_image][\/et_pb_column][et_pb_column type=&#8220;1_3&#8243; _builder_version=&#8220;4.2&#8243;][et_pb_image src=&#8220;https:\/\/expansion-method.com\/wp-content\/uploads\/2020\/01\/why-it-is-important-negativity-en.jpg&#8220; _builder_version=&#8220;4.2.2&#8243;][\/et_pb_image][\/et_pb_column][et_pb_column type=&#8220;1_3&#8243; _builder_version=&#8220;4.2&#8243;][et_pb_image src=&#8220;https:\/\/shaitubali.com\/wp-content\/uploads\/2018\/04\/video3-soon.jpg&#8220; _builder_version=&#8220;4.2&#8243;][\/et_pb_image][\/et_pb_column][\/et_pb_row][et_pb_row _builder_version=&#8220;4.2&#8243;][et_pb_column type=&#8220;4_4&#8243; _builder_version=&#8220;4.2&#8243;][et_pb_text _builder_version=&#8220;4.2&#8243; header_font=&#8220;||||||||&#8220; header_text_align=&#8220;center&#8220; header_text_color=&#8220;#ffffff&#8220; header_font_size=&#8220;42px&#8220; header_2_font=&#8220;||||||||&#8220; header_2_font_size=&#8220;25px&#8220; header_3_font=&#8220;||||||||&#8220; header_3_font_size=&#8220;20px&#8220; inline_fonts=&#8220;Cinzel Decorative&#8220;]<h1 style=\"text-align: center\">Warum ist essentiell ist an unserer Negativit\u00e4t zu arbeiten<\/h1>[\/et_pb_text][\/et_pb_column][\/et_pb_row][\/et_pb_section][et_pb_section fb_built=&#8220;1&#8243; _builder_version=&#8220;3.25.3&#8243;][et_pb_row column_structure=&#8220;1_5,3_5,1_5&#8243; _builder_version=&#8220;3.25.3&#8243;][et_pb_column type=&#8220;1_5&#8243; _builder_version=&#8220;3.25.3&#8243;][\/et_pb_column][et_pb_column type=&#8220;3_5&#8243; _builder_version=&#8220;3.25.3&#8243;][et_pb_video src=&#8220;https:\/\/youtu.be\/sNO3nZntPcY&#8220; _builder_version=&#8220;4.2.2&#8243;][\/et_pb_video][et_pb_text _builder_version=&#8220;4.2&#8243; text_font_size=&#8220;18px&#8220; header_3_font=&#8220;|600|||||||&#8220; header_3_text_align=&#8220;center&#8220;]<h3>Welche Emotion w\u00fcrdest du gerne tiefgreifend verstehen, l\u00f6sen und transformieren k\u00f6nnen?<\/h3>\n<p><span>So wie Wut, ist auch<strong>jede andere Emotion ein Ruf nach Transformation.<\/strong> <\/span><\/p>\n<p><span>Jede Emotion ist <strong>Startpunkt f\u00fcr einen Prozess<\/strong>, der Dich entlang eines Fadens, dem Du folgen solltest, direkt zur <strong>Pforte Deiner wahren Natur f\u00fchrt.<\/strong> <\/span><\/p>\n<p><span>Am Ende dieser transformativen Reise wirst Du das magische Geheimnis wahrer Freiheit finden, den bewussten Zustand, der jenseits aller Emotionen liegt: <strong>Gl\u00fcckseligkeit.<\/strong><\/span><\/p>\n<p><span>Stell dir vor du k\u00f6nntest diesem Faden folgen\u2026<\/span><\/p>\n<p><span>Und anstatt Emotionen zu unterdr\u00fccken oder von ihnen \u00fcberw\u00e4ltigt zu werden, sie vollkommen erleben und nutzen, so wie sie gemeint sind: Als ein Tor zu Wachstum und St\u00e4rke.<\/span><\/p>\n<p><span>Du fragst dich vielleicht gerade ob das auch dir m\u00f6glich ist. Das ist es definitiv! Die n\u00e4chste Lektion k\u00f6nnte dein <strong>Favorit werden\u2026<\/strong><\/span><\/p>\n<p><span>Wir werden dir die exakten Schritte zeigen um jede Emotion transformieren zu k\u00f6nnen. Mit der <strong>Expansions-Methode.<\/strong><\/span><\/p>\n<p><span>Aber jetzt beantworte uns bitte die folgenden Fragen:<\/span><span><\/span><\/p>\n<p> Bei welcher Emotion w\u00e4rst du am liebsten in der Lage ihrem Ruf nach innerer Transformation zu folgen? Und wenn wir uns in drei Jahren wiedersehen w\u00fcrden\u2026 Wie h\u00e4tte sich dein Leben dadurch ver\u00e4ndert? \ud83d\ude42<\/p>[\/et_pb_text][\/et_pb_column][et_pb_column type=&#8220;1_5&#8243; _builder_version=&#8220;3.25.3&#8243;][\/et_pb_column][\/et_pb_row][\/et_pb_section][et_pb_section fb_built=&#8220;1&#8243; _builder_version=&#8220;4.2.2&#8243; background_color=&#8220;#F9F9F9&#8243;][et_pb_row column_structure=&#8220;1_5,3_5,1_5&#8243; _builder_version=&#8220;4.2.2&#8243;][et_pb_column type=&#8220;1_5&#8243; _builder_version=&#8220;4.2.2&#8243;][\/et_pb_column][et_pb_column type=&#8220;3_5&#8243; _builder_version=&#8220;4.2.2&#8243;][et_pb_comments _builder_version=&#8220;4.2&#8243;][\/et_pb_comments][\/et_pb_column][et_pb_column type=&#8220;1_5&#8243; _builder_version=&#8220;4.2.2&#8243;][\/et_pb_column][\/et_pb_row][\/et_pb_section][et_pb_section fb_built=&#8220;1&#8243; _builder_version=&#8220;4.2.2&#8243;][et_pb_row column_structure=&#8220;1_5,3_5,1_5&#8243; _builder_version=&#8220;4.2.2&#8243;][et_pb_column type=&#8220;1_5&#8243; _builder_version=&#8220;4.2.2&#8243;][\/et_pb_column][et_pb_column type=&#8220;3_5&#8243; _builder_version=&#8220;4.2.2&#8243;][et_pb_text _builder_version=&#8220;4.2.2&#8243;]<h2>Das Geheimnis in deinen Emotionen<\/h2>\n<p><span>In jeder einzelnen <strong>Emotion<\/strong>(positiv oder negativ) liegt <strong>eine Perle des Lichts, der Wahrheit<\/strong> und der <strong>Gl\u00fcckseligkeit<\/strong>.<\/span><\/p>\n<p><span>W\u00fcrdest du gerne erleben, wie <strong>jede Emotion ein Ruf zur Transformation ist<\/strong>, eine Einladung zu wachsen und zu bl\u00fchen?<\/span><\/p>\n<p><span>In K\u00fcrze veranstalten wir ein intensives, <strong>zweit\u00e4giges Seminar<\/strong>. Dies eine besondere M\u00f6glichkeit auf tiefste Weise zum Meister deiner Emotionen zu werden\u2026<\/span><\/p>[\/et_pb_text][et_pb_button button_url=&#8220;https:\/\/expansion-method.com\/emotionen-geheimnis-seminar\/&#8220; button_text=&#8220;Neugierig?&#8220; button_alignment=&#8220;center&#8220; _builder_version=&#8220;4.2.2&#8243; custom_button=&#8220;on&#8220; button_text_size=&#8220;22px&#8220; button_text_color=&#8220;#000000&#8243; button_bg_color=&#8220;#D17603&#8243; button_border_width=&#8220;0px&#8220; button_icon=&#8220;%%28%%&#8220; box_shadow_style=&#8220;preset3&#8243;][\/et_pb_button][\/et_pb_column][et_pb_column type=&#8220;1_5&#8243; _builder_version=&#8220;4.2.2&#8243;][\/et_pb_column][\/et_pb_row][\/et_pb_section][et_pb_section fb_built=&#8220;1&#8243; _builder_version=&#8220;4.2.2&#8243; background_color=&#8220;#262626&#8243;][et_pb_row _builder_version=&#8220;3.25.3&#8243;][et_pb_column type=&#8220;4_4&#8243; _builder_version=&#8220;3.25.3&#8243;][et_pb_text _builder_version=&#8220;3.27.4&#8243;]<p style=\"text-align: center\"><a href=\"https:\/\/expansion-method.com\/impressum\/\">Impressum<\/a> | <a href=\"https:\/\/expansion-method.com\/privacy-policy\/\">Datenschutz<\/a><\/p>[\/et_pb_text][\/et_pb_column][\/et_pb_row][\/et_pb_section]\n","protected":false},"excerpt":{"rendered":"<p>\n<div role=\"navigation\" aria-label=\"Sprachwechsler\" class=\"wpml-ls-statics-footer wpml-ls wpml-ls-legacy-list-horizontal\">\n\t<ul><li class=\"wpml-ls-slot-footer wpml-ls-item wpml-ls-item-en wpml-ls-first-item wpml-ls-last-item wpml-ls-item-legacy-list-horizontal\">\n\t\t\t\t<a href=\"https:\/\/expansion-method.com\/\" hreflang=\"en\" lang=\"en\" class=\"wpml-ls-link\" aria-label=\"Wechseln zu English\" title=\"Wechseln zu English\">\n\t\t\t\t\t                                    <img decoding=\"async\"\n            class=\"wpml-ls-flag\"\n            src=\"https:\/\/expansion-method.com\/wp-content\/plugins\/sitepress-multilingual-cms\/res\/flags\/en.png\"\n            alt=\"\"\n            loading=\"lazy\"\n            width=18\n            height=12\n    \/><span class=\"wpml-ls-native\">English<\/span><\/a>\n\t\t\t<\/li><\/ul>\n<\/div>\nWarum ist essentiell ist an unserer Negativit\u00e4t zu arbeitenWelche Emotion w\u00fcrdest du gerne tiefgreifend verstehen, l\u00f6sen und transformieren k\u00f6nnen? So wie Wut, ist auchjede andere Emotion ein Ruf nach Transformation. Jede Emotion ist Startpunkt f\u00fcr einen Prozess, der Dich entlang eines Fadens, dem Du folgen solltest, direkt zur Pforte Deiner wahren Natur f\u00fchrt. Am Ende [&hellip;]<\/p>\n","protected":false},"author":1,"featured_media":0,"parent":3165,"menu_order":0,"comment_status":"open","ping_status":"closed","template":"page-template-blank.php","meta":{"_et_pb_use_builder":"on","_et_pb_old_content":"","_et_gb_content_width":"","footnotes":""},"class_list":["post-4105","page","type-page","status-publish","hentry"],"yoast_head":"<!-- This site is optimized with the Yoast SEO plugin v27.3 - https:\/\/yoast.com\/product\/yoast-seo-wordpress\/ -->\n<title>Warum ist essentiell ist an unserer Negativit\u00e4t zu arbeiten - The Expansion Method<\/title>\n<meta name=\"robots\" content=\"index, follow, max-snippet:-1, max-image-preview:large, max-video-preview:-1\" \/>\n<link rel=\"canonical\" href=\"https:\/\/expansion-method.com\/de\/emotionen-seminar-online\/pre2\/\" \/>\n<meta property=\"og:locale\" content=\"de_DE\" \/>\n<meta property=\"og:type\" content=\"article\" \/>\n<meta property=\"og:title\" content=\"Warum ist essentiell ist an unserer Negativit\u00e4t zu arbeiten - The Expansion Method\" \/>\n<meta property=\"og:description\" content=\"Warum ist essentiell ist an unserer Negativit\u00e4t zu arbeitenWelche Emotion w\u00fcrdest du gerne tiefgreifend verstehen, l\u00f6sen und transformieren k\u00f6nnen? So wie Wut, ist auchjede andere Emotion ein Ruf nach Transformation. Jede Emotion ist Startpunkt f\u00fcr einen Prozess, der Dich entlang eines Fadens, dem Du folgen solltest, direkt zur Pforte Deiner wahren Natur f\u00fchrt. Am Ende [&hellip;]\" \/>\n<meta property=\"og:url\" content=\"https:\/\/expansion-method.com\/de\/emotionen-seminar-online\/pre2\/\" \/>\n<meta property=\"og:site_name\" content=\"The Expansion Method\" \/>\n<meta property=\"article:modified_time\" content=\"2020-01-22T23:51:18+00:00\" \/>\n<meta name=\"twitter:card\" content=\"summary_large_image\" \/>\n<meta name=\"twitter:label1\" content=\"Gesch\u00e4tzte Lesezeit\" \/>\n\t<meta name=\"twitter:data1\" content=\"4\u00a0Minuten\" \/>\n<script type=\"application\/ld+json\" class=\"yoast-schema-graph\">{\"@context\":\"https:\\\/\\\/schema.org\",\"@graph\":[{\"@type\":\"WebPage\",\"@id\":\"https:\\\/\\\/expansion-method.com\\\/de\\\/emotionen-seminar-online\\\/pre2\\\/\",\"url\":\"https:\\\/\\\/expansion-method.com\\\/de\\\/emotionen-seminar-online\\\/pre2\\\/\",\"name\":\"Warum ist essentiell ist an unserer Negativit\u00e4t zu arbeiten - The Expansion Method\",\"isPartOf\":{\"@id\":\"https:\\\/\\\/expansion-method.com\\\/de\\\/#website\"},\"datePublished\":\"2020-01-22T15:56:55+00:00\",\"dateModified\":\"2020-01-22T23:51:18+00:00\",\"breadcrumb\":{\"@id\":\"https:\\\/\\\/expansion-method.com\\\/de\\\/emotionen-seminar-online\\\/pre2\\\/#breadcrumb\"},\"inLanguage\":\"de\",\"potentialAction\":[{\"@type\":\"ReadAction\",\"target\":[\"https:\\\/\\\/expansion-method.com\\\/de\\\/emotionen-seminar-online\\\/pre2\\\/\"]}]},{\"@type\":\"BreadcrumbList\",\"@id\":\"https:\\\/\\\/expansion-method.com\\\/de\\\/emotionen-seminar-online\\\/pre2\\\/#breadcrumb\",\"itemListElement\":[{\"@type\":\"ListItem\",\"position\":1,\"name\":\"Startseite\",\"item\":\"https:\\\/\\\/expansion-method.com\\\/de\\\/\"},{\"@type\":\"ListItem\",\"position\":2,\"name\":\"Das Geheimnis in deinen Emotionen\",\"item\":\"https:\\\/\\\/expansion-method.com\\\/de\\\/emotionen-seminar-online\\\/\"},{\"@type\":\"ListItem\",\"position\":3,\"name\":\"Warum ist essentiell ist an unserer Negativit\u00e4t zu arbeiten\"}]},{\"@type\":\"WebSite\",\"@id\":\"https:\\\/\\\/expansion-method.com\\\/de\\\/#website\",\"url\":\"https:\\\/\\\/expansion-method.com\\\/de\\\/\",\"name\":\"The Expansion Method\",\"description\":\"Become Bigger Than Your Problems\",\"potentialAction\":[{\"@type\":\"SearchAction\",\"target\":{\"@type\":\"EntryPoint\",\"urlTemplate\":\"https:\\\/\\\/expansion-method.com\\\/de\\\/?s={search_term_string}\"},\"query-input\":{\"@type\":\"PropertyValueSpecification\",\"valueRequired\":true,\"valueName\":\"search_term_string\"}}],\"inLanguage\":\"de\"}]}<\/script>\n<!-- \/ Yoast SEO plugin. -->","yoast_head_json":{"title":"Warum ist essentiell ist an unserer Negativit\u00e4t zu arbeiten - The Expansion Method","robots":{"index":"index","follow":"follow","max-snippet":"max-snippet:-1","max-image-preview":"max-image-preview:large","max-video-preview":"max-video-preview:-1"},"canonical":"https:\/\/expansion-method.com\/de\/emotionen-seminar-online\/pre2\/","og_locale":"de_DE","og_type":"article","og_title":"Warum ist essentiell ist an unserer Negativit\u00e4t zu arbeiten - The Expansion Method","og_description":"Warum ist essentiell ist an unserer Negativit\u00e4t zu arbeitenWelche Emotion w\u00fcrdest du gerne tiefgreifend verstehen, l\u00f6sen und transformieren k\u00f6nnen? So wie Wut, ist auchjede andere Emotion ein Ruf nach Transformation. Jede Emotion ist Startpunkt f\u00fcr einen Prozess, der Dich entlang eines Fadens, dem Du folgen solltest, direkt zur Pforte Deiner wahren Natur f\u00fchrt. Am Ende [&hellip;]","og_url":"https:\/\/expansion-method.com\/de\/emotionen-seminar-online\/pre2\/","og_site_name":"The Expansion Method","article_modified_time":"2020-01-22T23:51:18+00:00","twitter_card":"summary_large_image","twitter_misc":{"Gesch\u00e4tzte Lesezeit":"4\u00a0Minuten"},"schema":{"@context":"https:\/\/schema.org","@graph":[{"@type":"WebPage","@id":"https:\/\/expansion-method.com\/de\/emotionen-seminar-online\/pre2\/","url":"https:\/\/expansion-method.com\/de\/emotionen-seminar-online\/pre2\/","name":"Warum ist essentiell ist an unserer Negativit\u00e4t zu arbeiten - The Expansion Method","isPartOf":{"@id":"https:\/\/expansion-method.com\/de\/#website"},"datePublished":"2020-01-22T15:56:55+00:00","dateModified":"2020-01-22T23:51:18+00:00","breadcrumb":{"@id":"https:\/\/expansion-method.com\/de\/emotionen-seminar-online\/pre2\/#breadcrumb"},"inLanguage":"de","potentialAction":[{"@type":"ReadAction","target":["https:\/\/expansion-method.com\/de\/emotionen-seminar-online\/pre2\/"]}]},{"@type":"BreadcrumbList","@id":"https:\/\/expansion-method.com\/de\/emotionen-seminar-online\/pre2\/#breadcrumb","itemListElement":[{"@type":"ListItem","position":1,"name":"Startseite","item":"https:\/\/expansion-method.com\/de\/"},{"@type":"ListItem","position":2,"name":"Das Geheimnis in deinen Emotionen","item":"https:\/\/expansion-method.com\/de\/emotionen-seminar-online\/"},{"@type":"ListItem","position":3,"name":"Warum ist essentiell ist an unserer Negativit\u00e4t zu arbeiten"}]},{"@type":"WebSite","@id":"https:\/\/expansion-method.com\/de\/#website","url":"https:\/\/expansion-method.com\/de\/","name":"The Expansion Method","description":"Become Bigger Than Your Problems","potentialAction":[{"@type":"SearchAction","target":{"@type":"EntryPoint","urlTemplate":"https:\/\/expansion-method.com\/de\/?s={search_term_string}"},"query-input":{"@type":"PropertyValueSpecification","valueRequired":true,"valueName":"search_term_string"}}],"inLanguage":"de"}]}},"_links":{"self":[{"href":"https:\/\/expansion-method.com\/de\/wp-json\/wp\/v2\/pages\/4105","targetHints":{"allow":["GET"]}}],"collection":[{"href":"https:\/\/expansion-method.com\/de\/wp-json\/wp\/v2\/pages"}],"about":[{"href":"https:\/\/expansion-method.com\/de\/wp-json\/wp\/v2\/types\/page"}],"author":[{"embeddable":true,"href":"https:\/\/expansion-method.com\/de\/wp-json\/wp\/v2\/users\/1"}],"replies":[{"embeddable":true,"href":"https:\/\/expansion-method.com\/de\/wp-json\/wp\/v2\/comments?post=4105"}],"version-history":[{"count":0,"href":"https:\/\/expansion-method.com\/de\/wp-json\/wp\/v2\/pages\/4105\/revisions"}],"up":[{"embeddable":true,"href":"https:\/\/expansion-method.com\/de\/wp-json\/wp\/v2\/pages\/3165"}],"wp:attachment":[{"href":"https:\/\/expansion-method.com\/de\/wp-json\/wp\/v2\/media?parent=4105"}],"curies":[{"name":"wp","href":"https:\/\/api.w.org\/{rel}","templated":true}]}}