{"id":4207,"date":"2020-02-03T15:21:52","date_gmt":"2020-02-03T14:21:52","guid":{"rendered":"https:\/\/expansion-method.com\/?page_id=4207"},"modified":"2020-02-03T15:24:53","modified_gmt":"2020-02-03T14:24:53","slug":"pre1","status":"publish","type":"page","link":"https:\/\/expansion-method.com\/de\/swiss\/pre1\/","title":{"rendered":"Pre1"},"content":{"rendered":"\n[et_pb_section fb_built=&#8220;1&#8243; _builder_version=&#8220;3.25.3&#8243; background_color=&#8220;#FEF7E6&#8243; custom_padding=&#8220;1px||1px|||&#8220;][et_pb_row column_structure=&#8220;1_3,1_3,1_3&#8243; _builder_version=&#8220;3.25.3&#8243; custom_margin=&#8220;|auto|-25px|auto||&#8220; custom_padding=&#8220;10px||12px|||&#8220;][et_pb_column type=&#8220;1_3&#8243; _builder_version=&#8220;3.25.3&#8243;][\/et_pb_column][et_pb_column type=&#8220;1_3&#8243; _builder_version=&#8220;3.25.3&#8243;][et_pb_code _builder_version=&#8220;3.26&#8243;]\n<div role=\"navigation\" aria-label=\"Sprachwechsler\" class=\"wpml-ls-statics-footer wpml-ls wpml-ls-legacy-list-horizontal\">\n\t<ul><li class=\"wpml-ls-slot-footer wpml-ls-item wpml-ls-item-en wpml-ls-first-item wpml-ls-last-item wpml-ls-item-legacy-list-horizontal\">\n\t\t\t\t<a href=\"https:\/\/expansion-method.com\/\" hreflang=\"en\" lang=\"en\" class=\"wpml-ls-link\" aria-label=\"Wechseln zu English\" title=\"Wechseln zu English\">\n\t\t\t\t\t                                    <img decoding=\"async\"\n            class=\"wpml-ls-flag\"\n            src=\"https:\/\/expansion-method.com\/wp-content\/plugins\/sitepress-multilingual-cms\/res\/flags\/en.png\"\n            alt=\"\"\n            loading=\"lazy\"\n            width=18\n            height=12\n    \/><span class=\"wpml-ls-native\">English<\/span><\/a>\n\t\t\t<\/li><\/ul>\n<\/div>\n[\/et_pb_code][\/et_pb_column][et_pb_column type=&#8220;1_3&#8243; _builder_version=&#8220;3.25.3&#8243;][\/et_pb_column][\/et_pb_row][\/et_pb_section][et_pb_section fb_built=&#8220;1&#8243; _builder_version=&#8220;4.2&#8243; background_image=&#8220;https:\/\/shaitubali.com\/wp-content\/uploads\/2018\/04\/emotions-background.jpg&#8220; min_height=&#8220;444px&#8220;][et_pb_row column_structure=&#8220;1_3,1_3,1_3&#8243; _builder_version=&#8220;4.2&#8243;][et_pb_column type=&#8220;1_3&#8243; _builder_version=&#8220;4.2&#8243;][et_pb_image src=&#8220;https:\/\/shaitubali.com\/wp-content\/uploads\/2018\/04\/video1-banner.jpg&#8220; _builder_version=&#8220;4.2.2&#8243; hover_enabled=&#8220;0&#8243;][\/et_pb_image][\/et_pb_column][et_pb_column type=&#8220;1_3&#8243; _builder_version=&#8220;4.2&#8243;][et_pb_image src=&#8220;https:\/\/shaitubali.com\/wp-content\/uploads\/2018\/04\/video2-soon.jpg&#8220; _builder_version=&#8220;4.2&#8243;][\/et_pb_image][\/et_pb_column][et_pb_column type=&#8220;1_3&#8243; _builder_version=&#8220;4.2&#8243;][et_pb_image src=&#8220;https:\/\/shaitubali.com\/wp-content\/uploads\/2018\/04\/video3-soon.jpg&#8220; _builder_version=&#8220;4.2&#8243;][\/et_pb_image][\/et_pb_column][\/et_pb_row][et_pb_row _builder_version=&#8220;4.2&#8243;][et_pb_column type=&#8220;4_4&#8243; _builder_version=&#8220;4.2&#8243;][et_pb_text _builder_version=&#8220;4.2&#8243; header_font=&#8220;||||||||&#8220; header_text_align=&#8220;center&#8220; header_text_color=&#8220;#ffffff&#8220; header_font_size=&#8220;42px&#8220; header_2_font=&#8220;||||||||&#8220; header_2_font_size=&#8220;25px&#8220; header_3_font=&#8220;||||||||&#8220; header_3_font_size=&#8220;20px&#8220; inline_fonts=&#8220;Cinzel Decorative&#8220;]<h1 style=\"text-align: center;\"><span style=\"font-family: Cinzel Decorative;\">Die 2 essentiellen Kr\u00e4fte hinter allen Emotionen<\/span><\/h1>[\/et_pb_text][\/et_pb_column][\/et_pb_row][\/et_pb_section][et_pb_section fb_built=&#8220;1&#8243; _builder_version=&#8220;3.25.3&#8243;][et_pb_row column_structure=&#8220;1_5,3_5,1_5&#8243; _builder_version=&#8220;3.25.3&#8243;][et_pb_column type=&#8220;1_5&#8243; _builder_version=&#8220;3.25.3&#8243;][\/et_pb_column][et_pb_column type=&#8220;3_5&#8243; _builder_version=&#8220;3.25.3&#8243;][et_pb_video src=&#8220;https:\/\/vimeo.com\/267277359&#8243; _builder_version=&#8220;4.2&#8243;][\/et_pb_video][et_pb_text _builder_version=&#8220;4.2&#8243; text_font_size=&#8220;18px&#8220; header_3_font=&#8220;|600|||||||&#8220; header_3_text_align=&#8220;center&#8220;]<h3>Was w\u00fcrde es f\u00fcr Sie \u00e4ndern Ihre Emotionen tief zu verstehen und transformieren zu k\u00f6nnen?<\/h3>\n<p>&nbsp;<\/p>\n<p>Durch Emotionen erleben wir den Raum zwischen uns und den \u201cAnderen\u201d, uns und der Welt. <strong><em>Die Art, wie wir mit unseren Emotionen umgehen,<\/em><\/strong><em> <strong>bestimmt entscheidend<\/strong> wie wir durch das Leben gehen und\u00a0<strong>wie\u00a0<u>frei wir sind.<\/u><\/strong><\/em><\/p>\n<p><em><br \/> Wenn wir ohne Angst negative Emotionen erleben und sie transformieren k\u00f6nnen, halten wir den Schl\u00fcssel zu wahrer Freiheit in der Hand.<br \/> <br \/> <\/em><\/p>\n<p><em>Doch warum ist es \u00fcberhaupt so wichtig unsere negativen Emotionen\u00a0zu transformieren? Und\u00a0welche Auswirkungen hat es, wenn wir negative Emotionen nicht verarbeiten k\u00f6nnen? Und wie k\u00f6nnen wir negative Emotionen effektiv und simpel transformieren?<\/em> <br \/> <br \/> <strong><em>Darum geht es im n\u00e4chsten Video.<br \/> <\/em><\/strong><em><br \/> <strong>Wenn Sie m\u00f6chten, teilen Sie uns Ihre Gedanken mit<\/strong>:<br \/> <strong><br \/> Waren Sie bisher in der Lage ihre negativen Emotionen zu transformieren?<\/strong><\/em> <br \/><strong><em>Welche Vorteile h\u00e4tte es in Ihrem Leben, wenn Sie es k\u00f6nnten? <\/em><\/strong><\/p>[\/et_pb_text][et_pb_comments _builder_version=&#8220;4.2&#8243;][\/et_pb_comments][\/et_pb_column][et_pb_column type=&#8220;1_5&#8243; _builder_version=&#8220;3.25.3&#8243;][\/et_pb_column][\/et_pb_row][\/et_pb_section][et_pb_section fb_built=&#8220;1&#8243; _builder_version=&#8220;3.25.3&#8243;][et_pb_row _builder_version=&#8220;3.25.3&#8243;][et_pb_column type=&#8220;4_4&#8243; _builder_version=&#8220;3.25.3&#8243;][et_pb_text _builder_version=&#8220;3.27.4&#8243;]<p style=\"text-align: center;\"><a href=\"https:\/\/expansion-method.com\/impressum\/\">Impressum<\/a> | <a href=\"https:\/\/expansion-method.com\/privacy-policy\/\">Privacy Policy<\/a><\/p>[\/et_pb_text][\/et_pb_column][\/et_pb_row][\/et_pb_section]\n","protected":false},"excerpt":{"rendered":"<p>\n<div role=\"navigation\" aria-label=\"Sprachwechsler\" class=\"wpml-ls-statics-footer wpml-ls wpml-ls-legacy-list-horizontal\">\n\t<ul><li class=\"wpml-ls-slot-footer wpml-ls-item wpml-ls-item-en wpml-ls-first-item wpml-ls-last-item wpml-ls-item-legacy-list-horizontal\">\n\t\t\t\t<a href=\"https:\/\/expansion-method.com\/\" hreflang=\"en\" lang=\"en\" class=\"wpml-ls-link\" aria-label=\"Wechseln zu English\" title=\"Wechseln zu English\">\n\t\t\t\t\t                                    <img decoding=\"async\"\n            class=\"wpml-ls-flag\"\n            src=\"https:\/\/expansion-method.com\/wp-content\/plugins\/sitepress-multilingual-cms\/res\/flags\/en.png\"\n            alt=\"\"\n            loading=\"lazy\"\n            width=18\n            height=12\n    \/><span class=\"wpml-ls-native\">English<\/span><\/a>\n\t\t\t<\/li><\/ul>\n<\/div>\nDie 2 essentiellen Kr\u00e4fte hinter allen EmotionenWas w\u00fcrde es f\u00fcr Sie \u00e4ndern Ihre Emotionen tief zu verstehen und transformieren zu k\u00f6nnen? &nbsp; Durch Emotionen erleben wir den Raum zwischen uns und den \u201cAnderen\u201d, uns und der Welt. Die Art, wie wir mit unseren Emotionen umgehen, bestimmt entscheidend wie wir durch das Leben gehen und\u00a0wie\u00a0frei wir [&hellip;]<\/p>\n","protected":false},"author":1,"featured_media":0,"parent":4203,"menu_order":0,"comment_status":"open","ping_status":"closed","template":"page-template-blank.php","meta":{"_et_pb_use_builder":"on","_et_pb_old_content":"","_et_gb_content_width":"","footnotes":""},"class_list":["post-4207","page","type-page","status-publish","hentry"],"yoast_head":"<!-- This site is optimized with the Yoast SEO plugin v27.3 - https:\/\/yoast.com\/product\/yoast-seo-wordpress\/ -->\n<title>Pre1 - The Expansion Method<\/title>\n<meta name=\"robots\" content=\"index, follow, max-snippet:-1, max-image-preview:large, max-video-preview:-1\" \/>\n<link rel=\"canonical\" href=\"https:\/\/expansion-method.com\/de\/swiss\/pre1\/\" \/>\n<meta property=\"og:locale\" content=\"de_DE\" \/>\n<meta property=\"og:type\" content=\"article\" \/>\n<meta property=\"og:title\" content=\"Pre1 - The Expansion Method\" \/>\n<meta property=\"og:description\" content=\"Die 2 essentiellen Kr\u00e4fte hinter allen EmotionenWas w\u00fcrde es f\u00fcr Sie \u00e4ndern Ihre Emotionen tief zu verstehen und transformieren zu k\u00f6nnen? &nbsp; Durch Emotionen erleben wir den Raum zwischen uns und den \u201cAnderen\u201d, uns und der Welt. Die Art, wie wir mit unseren Emotionen umgehen, bestimmt entscheidend wie wir durch das Leben gehen und\u00a0wie\u00a0frei wir [&hellip;]\" \/>\n<meta property=\"og:url\" content=\"https:\/\/expansion-method.com\/de\/swiss\/pre1\/\" \/>\n<meta property=\"og:site_name\" content=\"The Expansion Method\" \/>\n<meta property=\"article:modified_time\" content=\"2020-02-03T14:24:53+00:00\" \/>\n<meta name=\"twitter:card\" content=\"summary_large_image\" \/>\n<meta name=\"twitter:label1\" content=\"Gesch\u00e4tzte Lesezeit\" \/>\n\t<meta name=\"twitter:data1\" content=\"3\u00a0Minuten\" \/>\n<script type=\"application\/ld+json\" class=\"yoast-schema-graph\">{\"@context\":\"https:\\\/\\\/schema.org\",\"@graph\":[{\"@type\":\"WebPage\",\"@id\":\"https:\\\/\\\/expansion-method.com\\\/de\\\/swiss\\\/pre1\\\/\",\"url\":\"https:\\\/\\\/expansion-method.com\\\/de\\\/swiss\\\/pre1\\\/\",\"name\":\"Pre1 - The Expansion Method\",\"isPartOf\":{\"@id\":\"https:\\\/\\\/expansion-method.com\\\/de\\\/#website\"},\"datePublished\":\"2020-02-03T14:21:52+00:00\",\"dateModified\":\"2020-02-03T14:24:53+00:00\",\"breadcrumb\":{\"@id\":\"https:\\\/\\\/expansion-method.com\\\/de\\\/swiss\\\/pre1\\\/#breadcrumb\"},\"inLanguage\":\"de\",\"potentialAction\":[{\"@type\":\"ReadAction\",\"target\":[\"https:\\\/\\\/expansion-method.com\\\/de\\\/swiss\\\/pre1\\\/\"]}]},{\"@type\":\"BreadcrumbList\",\"@id\":\"https:\\\/\\\/expansion-method.com\\\/de\\\/swiss\\\/pre1\\\/#breadcrumb\",\"itemListElement\":[{\"@type\":\"ListItem\",\"position\":1,\"name\":\"Startseite\",\"item\":\"https:\\\/\\\/expansion-method.com\\\/de\\\/\"},{\"@type\":\"ListItem\",\"position\":2,\"name\":\"swiss\",\"item\":\"https:\\\/\\\/expansion-method.com\\\/de\\\/swiss\\\/\"},{\"@type\":\"ListItem\",\"position\":3,\"name\":\"Pre1\"}]},{\"@type\":\"WebSite\",\"@id\":\"https:\\\/\\\/expansion-method.com\\\/de\\\/#website\",\"url\":\"https:\\\/\\\/expansion-method.com\\\/de\\\/\",\"name\":\"The Expansion Method\",\"description\":\"Become Bigger Than Your Problems\",\"potentialAction\":[{\"@type\":\"SearchAction\",\"target\":{\"@type\":\"EntryPoint\",\"urlTemplate\":\"https:\\\/\\\/expansion-method.com\\\/de\\\/?s={search_term_string}\"},\"query-input\":{\"@type\":\"PropertyValueSpecification\",\"valueRequired\":true,\"valueName\":\"search_term_string\"}}],\"inLanguage\":\"de\"}]}<\/script>\n<!-- \/ Yoast SEO plugin. -->","yoast_head_json":{"title":"Pre1 - The Expansion Method","robots":{"index":"index","follow":"follow","max-snippet":"max-snippet:-1","max-image-preview":"max-image-preview:large","max-video-preview":"max-video-preview:-1"},"canonical":"https:\/\/expansion-method.com\/de\/swiss\/pre1\/","og_locale":"de_DE","og_type":"article","og_title":"Pre1 - The Expansion Method","og_description":"Die 2 essentiellen Kr\u00e4fte hinter allen EmotionenWas w\u00fcrde es f\u00fcr Sie \u00e4ndern Ihre Emotionen tief zu verstehen und transformieren zu k\u00f6nnen? &nbsp; Durch Emotionen erleben wir den Raum zwischen uns und den \u201cAnderen\u201d, uns und der Welt. Die Art, wie wir mit unseren Emotionen umgehen, bestimmt entscheidend wie wir durch das Leben gehen und\u00a0wie\u00a0frei wir [&hellip;]","og_url":"https:\/\/expansion-method.com\/de\/swiss\/pre1\/","og_site_name":"The Expansion Method","article_modified_time":"2020-02-03T14:24:53+00:00","twitter_card":"summary_large_image","twitter_misc":{"Gesch\u00e4tzte Lesezeit":"3\u00a0Minuten"},"schema":{"@context":"https:\/\/schema.org","@graph":[{"@type":"WebPage","@id":"https:\/\/expansion-method.com\/de\/swiss\/pre1\/","url":"https:\/\/expansion-method.com\/de\/swiss\/pre1\/","name":"Pre1 - The Expansion Method","isPartOf":{"@id":"https:\/\/expansion-method.com\/de\/#website"},"datePublished":"2020-02-03T14:21:52+00:00","dateModified":"2020-02-03T14:24:53+00:00","breadcrumb":{"@id":"https:\/\/expansion-method.com\/de\/swiss\/pre1\/#breadcrumb"},"inLanguage":"de","potentialAction":[{"@type":"ReadAction","target":["https:\/\/expansion-method.com\/de\/swiss\/pre1\/"]}]},{"@type":"BreadcrumbList","@id":"https:\/\/expansion-method.com\/de\/swiss\/pre1\/#breadcrumb","itemListElement":[{"@type":"ListItem","position":1,"name":"Startseite","item":"https:\/\/expansion-method.com\/de\/"},{"@type":"ListItem","position":2,"name":"swiss","item":"https:\/\/expansion-method.com\/de\/swiss\/"},{"@type":"ListItem","position":3,"name":"Pre1"}]},{"@type":"WebSite","@id":"https:\/\/expansion-method.com\/de\/#website","url":"https:\/\/expansion-method.com\/de\/","name":"The Expansion Method","description":"Become Bigger Than Your Problems","potentialAction":[{"@type":"SearchAction","target":{"@type":"EntryPoint","urlTemplate":"https:\/\/expansion-method.com\/de\/?s={search_term_string}"},"query-input":{"@type":"PropertyValueSpecification","valueRequired":true,"valueName":"search_term_string"}}],"inLanguage":"de"}]}},"_links":{"self":[{"href":"https:\/\/expansion-method.com\/de\/wp-json\/wp\/v2\/pages\/4207","targetHints":{"allow":["GET"]}}],"collection":[{"href":"https:\/\/expansion-method.com\/de\/wp-json\/wp\/v2\/pages"}],"about":[{"href":"https:\/\/expansion-method.com\/de\/wp-json\/wp\/v2\/types\/page"}],"author":[{"embeddable":true,"href":"https:\/\/expansion-method.com\/de\/wp-json\/wp\/v2\/users\/1"}],"replies":[{"embeddable":true,"href":"https:\/\/expansion-method.com\/de\/wp-json\/wp\/v2\/comments?post=4207"}],"version-history":[{"count":0,"href":"https:\/\/expansion-method.com\/de\/wp-json\/wp\/v2\/pages\/4207\/revisions"}],"up":[{"embeddable":true,"href":"https:\/\/expansion-method.com\/de\/wp-json\/wp\/v2\/pages\/4203"}],"wp:attachment":[{"href":"https:\/\/expansion-method.com\/de\/wp-json\/wp\/v2\/media?parent=4207"}],"curies":[{"name":"wp","href":"https:\/\/api.w.org\/{rel}","templated":true}]}}