{"id":4223,"date":"2020-02-03T15:36:45","date_gmt":"2020-02-03T14:36:45","guid":{"rendered":"https:\/\/expansion-method.com\/?page_id=4223"},"modified":"2020-02-05T18:06:48","modified_gmt":"2020-02-05T17:06:48","slug":"pre3","status":"publish","type":"page","link":"https:\/\/expansion-method.com\/de\/swiss\/pre3\/","title":{"rendered":"Pre3"},"content":{"rendered":"<p>[et_pb_section fb_built=&#8220;1&#8243; _builder_version=&#8220;3.25.3&#8243; background_color=&#8220;#FEF7E6&#8243; custom_padding=&#8220;1px||1px|||&#8220;][et_pb_row column_structure=&#8220;1_3,1_3,1_3&#8243; _builder_version=&#8220;3.25.3&#8243; custom_margin=&#8220;|auto|-25px|auto||&#8220; custom_padding=&#8220;10px||12px|||&#8220;][et_pb_column type=&#8220;1_3&#8243; _builder_version=&#8220;3.25.3&#8243;][\/et_pb_column][et_pb_column type=&#8220;1_3&#8243; _builder_version=&#8220;3.25.3&#8243;][et_pb_code _builder_version=&#8220;3.26&#8243;]\n<div role=\"navigation\" aria-label=\"Sprachwechsler\" class=\"wpml-ls-statics-footer wpml-ls wpml-ls-legacy-list-horizontal\">\n\t<ul><li class=\"wpml-ls-slot-footer wpml-ls-item wpml-ls-item-en wpml-ls-first-item wpml-ls-last-item wpml-ls-item-legacy-list-horizontal\">\n\t\t\t\t<a href=\"https:\/\/expansion-method.com\/\" hreflang=\"en\" lang=\"en\" class=\"wpml-ls-link\" aria-label=\"Wechseln zu English\" title=\"Wechseln zu English\">\n\t\t\t\t\t                                    <img decoding=\"async\"\n            class=\"wpml-ls-flag\"\n            src=\"https:\/\/expansion-method.com\/wp-content\/plugins\/sitepress-multilingual-cms\/res\/flags\/en.png\"\n            alt=\"\"\n            loading=\"lazy\"\n            width=18\n            height=12\n    \/><span class=\"wpml-ls-native\">English<\/span><\/a>\n\t\t\t<\/li><\/ul>\n<\/div>\n[\/et_pb_code][\/et_pb_column][et_pb_column type=&#8220;1_3&#8243; _builder_version=&#8220;3.25.3&#8243;][\/et_pb_column][\/et_pb_row][\/et_pb_section][et_pb_section fb_built=&#8220;1&#8243; _builder_version=&#8220;4.2&#8243; background_image=&#8220;https:\/\/shaitubali.com\/wp-content\/uploads\/2018\/04\/emotions-background.jpg&#8220; min_height=&#8220;444px&#8220;][et_pb_row column_structure=&#8220;1_3,1_3,1_3&#8243; _builder_version=&#8220;4.2&#8243;][et_pb_column type=&#8220;1_3&#8243; _builder_version=&#8220;4.2&#8243;][et_pb_image src=&#8220;https:\/\/shaitubali.com\/wp-content\/uploads\/2018\/04\/emo-plc1-en.jpg&#8220; url=&#8220;https:\/\/expansion-method.com\/swiss\/pre1\/&#8220; _builder_version=&#8220;4.2.2&#8243; hover_enabled=&#8220;0&#8243;][\/et_pb_image][\/et_pb_column][et_pb_column type=&#8220;1_3&#8243; _builder_version=&#8220;4.2&#8243;][et_pb_image src=&#8220;https:\/\/expansion-method.com\/wp-content\/uploads\/2020\/01\/why-it-is-important-negativity.jpg&#8220; url=&#8220;https:\/\/expansion-method.com\/swiss\/pre2\/&#8220; _builder_version=&#8220;4.2.2&#8243; hover_enabled=&#8220;0&#8243;][\/et_pb_image][\/et_pb_column][et_pb_column type=&#8220;1_3&#8243; _builder_version=&#8220;4.2&#8243;][et_pb_image src=&#8220;https:\/\/expansion-method.com\/wp-content\/uploads\/2020\/01\/expanding-positive.jpg&#8220; _builder_version=&#8220;4.2.2&#8243;][\/et_pb_image][\/et_pb_column][\/et_pb_row][et_pb_row _builder_version=&#8220;4.2&#8243;][et_pb_column type=&#8220;4_4&#8243; _builder_version=&#8220;4.2&#8243;][et_pb_text _builder_version=&#8220;4.2&#8243; header_font=&#8220;||||||||&#8220; header_text_align=&#8220;center&#8220; header_text_color=&#8220;#ffffff&#8220; header_font_size=&#8220;42px&#8220; header_2_font=&#8220;||||||||&#8220; header_2_font_size=&#8220;25px&#8220; header_3_font=&#8220;||||||||&#8220; header_3_font_size=&#8220;20px&#8220; inline_fonts=&#8220;Cinzel Decorative&#8220;]<\/p>\n<h1 style=\"text-align: center;\">Ausdehnung einer positiven Emotion<\/h1>\n<p>[\/et_pb_text][\/et_pb_column][\/et_pb_row][\/et_pb_section][et_pb_section fb_built=&#8220;1&#8243; _builder_version=&#8220;3.25.3&#8243;][et_pb_row _builder_version=&#8220;4.2.2&#8243;][et_pb_column type=&#8220;4_4&#8243; _builder_version=&#8220;4.2.2&#8243;][et_pb_audio audio=&#8220;https:\/\/expansion-method.com\/wp-content\/uploads\/2020\/01\/ExpansionPositiveEmotions-EN.mp3&#8243; title=&#8220;Expansion of a positive Emotion (english)&#8220; artist_name=&#8220;Tamar Brosh&#8220; image_url=&#8220;https:\/\/expansion-method.com\/wp-content\/uploads\/2020\/01\/basic-heart-activation-header.jpg&#8220; _builder_version=&#8220;4.2.2&#8243; background_color=&#8220;#d0e2e6&#8243; background_layout=&#8220;light&#8220;][\/et_pb_audio][et_pb_audio audio=&#8220;https:\/\/expansion-method.com\/wp-content\/uploads\/2020\/01\/ExpansionPositiveEmotions-DE.mp3&#8243; title=&#8220;Ausdehnung einer positiven Emotion (deutsch)&#8220; artist_name=&#8220;Tamar Brosh&#8220; image_url=&#8220;https:\/\/expansion-method.com\/wp-content\/uploads\/2020\/01\/basic-heart-activation-header.jpg&#8220; _builder_version=&#8220;4.2.2&#8243; background_color=&#8220;#d0e2e6&#8243; background_layout=&#8220;light&#8220;][\/et_pb_audio][\/et_pb_column][\/et_pb_row][et_pb_row column_structure=&#8220;1_5,3_5,1_5&#8243; _builder_version=&#8220;3.25.3&#8243;][et_pb_column type=&#8220;1_5&#8243; _builder_version=&#8220;3.25.3&#8243;][\/et_pb_column][et_pb_column type=&#8220;3_5&#8243; _builder_version=&#8220;3.25.3&#8243;][et_pb_text _builder_version=&#8220;4.2&#8243; text_font_size=&#8220;18px&#8220; header_3_font=&#8220;|600|||||||&#8220; header_3_text_align=&#8220;center&#8220;]<\/p>\n<h3>Wie war diese kleine gef\u00fchrte Meditation f\u00fcr Sie? Und wie sieht allgemein Ihre Reise in Ihr Inneres bisher aus?<\/h3>\n<p>&nbsp;<\/p>\n<p>Mit der Expansionsmethode haben Tausende von Menschen in den letzten Jahren ihre Emotionen und inneren Blockaden transformiert.<\/p>\n<p>Und vielleicht fragen Sie sich das, was sich vor Ihnen viele andere gefragt haben, n\u00e4mlich, ob Sie das auch k\u00f6nnen. Die Antwort ist definitiv Ja. Sie m\u00fcssen nur dort starten wo Sie gerade sind, von dort aus wachsen und kleine Schritte in die richtige Richtung nehmen. So findet Ver\u00e4nderung statt.<\/p>\n<p>Und die Expansionsmethode ist erstens einfach und schnell zu erlernen und zweitens ist sie ein Prozess bei dem wir gef\u00fchrt werden. Denn Bewusstsein will sich ausdehnen und sobald wir den Impuls in uns zur Ausdehnung setzen, dreht sich alles in die gew\u00fcnschte Richtung. Somit werden Sie mit der Expansionsmethode grosse Erfolge bei sich uns Anderen erzielen, wenn Sie sie beherrschen.\u00a0 <br \/> <strong><br \/> Stellen Sie sich vor was sich \u00e4ndern w\u00fcrde wenn Sie\u2026 <\/strong><\/p>\n<p><em>\u2026 frei von Negativit\u00e4t, auf jede Art von Herausforderung mit Klarheit und innerem Frieden reagieren k\u00f6nnten?<br \/> <\/em><br \/> <em>\u2026 Emotionen weder unterdr\u00fccken m\u00fcssten noch sich \u00fcberfordern liessen und daher Ihre ganze Lebenskraft frei flie\u00dfen k\u00f6nnte?<br \/> <\/em><br \/> <em>\u2026 frei von inneren Blockaden das Wohlbefinden und die gesamte \u201eK\u00f6rper-Geist\u201c-Gesundheit auf ein neues Level bringen k\u00f6nnten?<\/em><br \/> <em><br \/> \u2026 aufgrund Ihrer Ausgewogenheit in Ihren Beziehungen sehr viel mehr Akzeptanz, Intimit\u00e4t und Tiefe erleben w\u00fcrden.<\/em><\/p>\n<p><em> \u2026 aufgrund der Meisterschaft Ihrer Emotionen, wahre innere St\u00e4rke f\u00fchlen w\u00fcrden. <br \/> <\/em><br \/> Zu lernen ist gro\u00dfartig.<\/p>\n<p>Doch um dieses grosse Transformationspotential zu verwirklichen, empfehlen wir Ihnen: Werden Sie aktiv. Lernen Sie Ihre Emotionen zu meistern. Besuchen Sie unsere intensive Fortbildung in der Expansionsmethode. Der erste Teil: \u201c<strong>Expansion von Emotionen<\/strong>\u201d findet <strong>in der Schweiz (in Winterthur) <\/strong>vom 13. \u2013 14. M\u00e4rz 2020 statt.<\/p>\n<p>Unsere n\u00e4chste E-Mail beinhaltet weitere Schritte f\u00fcr Ihre innere Transformation sowie spannende Details rund um das kommende Seminar\u2026 also\u00a0<strong>behalten Sie bitte Ihr Postfach im Auge<\/strong>.<\/p>\n<p>Und in der Zwischenzeit freuen wir uns, wenn Sie uns etwas von sich mitteilen m\u00f6chten. \u00a0<br \/> <strong>Haben Sie bereits Erfahrungen mit Meditation? <br \/> Kennen Sie vielleicht schon die Expansions-Methode sogar schon Wir freuen uns von Ihnen zu lesen.\u00a0<\/strong><\/p>\n<p>[\/et_pb_text][\/et_pb_column][et_pb_column type=&#8220;1_5&#8243; _builder_version=&#8220;3.25.3&#8243;][\/et_pb_column][\/et_pb_row][\/et_pb_section][et_pb_section fb_built=&#8220;1&#8243; _builder_version=&#8220;4.2.2&#8243; background_color=&#8220;#F9F9F9&#8243;][et_pb_row column_structure=&#8220;1_5,3_5,1_5&#8243; _builder_version=&#8220;4.2.2&#8243;][et_pb_column type=&#8220;1_5&#8243; _builder_version=&#8220;4.2.2&#8243;][\/et_pb_column][et_pb_column type=&#8220;3_5&#8243; _builder_version=&#8220;4.2.2&#8243;][et_pb_comments _builder_version=&#8220;4.2&#8243;][\/et_pb_comments][\/et_pb_column][et_pb_column type=&#8220;1_5&#8243; _builder_version=&#8220;4.2.2&#8243;][\/et_pb_column][\/et_pb_row][\/et_pb_section][et_pb_section fb_built=&#8220;1&#8243; _builder_version=&#8220;4.2.2&#8243;][et_pb_row column_structure=&#8220;1_5,3_5,1_5&#8243; _builder_version=&#8220;4.2.2&#8243;][et_pb_column type=&#8220;1_5&#8243; _builder_version=&#8220;4.2.2&#8243;][\/et_pb_column][et_pb_column type=&#8220;3_5&#8243; _builder_version=&#8220;4.2.2&#8243;][et_pb_text _builder_version=&#8220;4.2.2&#8243;]<\/p>\n<h2>Das Geheimnis in den Emotionen<\/h2>\n<p><span>In jeder einzelnen <strong>Emotion<\/strong>(positiv oder negativ) liegt <strong>eine Perle des Lichts, der Wahrheit<\/strong> und der <strong>Gl\u00fcckseligkeit<\/strong>.<\/span><\/p>\n<p><span>W\u00fcrden Sie gerne erleben, wie <strong>jede Emotion ein Ruf zur Transformation ist<\/strong>, eine Einladung zu wachsen und zu bl\u00fchen?<\/span><\/p>\n<p><span>In K\u00fcrze veranstalten wir ein intensives <strong>Seminar<\/strong>. Dies eine besondere M\u00f6glichkeit zu lernen mit der Expansion Methode Emotionen auf achtsame und zuverl\u00e4ssige Weise zu l\u00f6sen und zu transformieren\u2026<\/span><span><\/span><\/p>\n<p>[\/et_pb_text][et_pb_button button_url=&#8220;https:\/\/engagiert-sein.ch\/die-expansionsmethode\/&#8220; button_text=&#8220;Neugierig?&#8220; button_alignment=&#8220;center&#8220; _builder_version=&#8220;4.2.2&#8243; custom_button=&#8220;on&#8220; button_text_size=&#8220;22px&#8220; button_text_color=&#8220;#000000&#8243; button_bg_color=&#8220;#D17603&#8243; button_border_width=&#8220;0px&#8220; button_icon=&#8220;%%28%%&#8220; hover_enabled=&#8220;0&#8243; box_shadow_style=&#8220;preset3&#8243;][\/et_pb_button][\/et_pb_column][et_pb_column type=&#8220;1_5&#8243; _builder_version=&#8220;4.2.2&#8243;][\/et_pb_column][\/et_pb_row][\/et_pb_section][et_pb_section fb_built=&#8220;1&#8243; _builder_version=&#8220;4.2.2&#8243; background_color=&#8220;#262626&#8243;][et_pb_row _builder_version=&#8220;3.25.3&#8243;][et_pb_column type=&#8220;4_4&#8243; _builder_version=&#8220;3.25.3&#8243;][et_pb_text _builder_version=&#8220;3.27.4&#8243;]<\/p>\n<p style=\"text-align: center\"><a href=\"https:\/\/expansion-method.com\/impressum\/\">Impressum<\/a> | <a href=\"https:\/\/expansion-method.com\/privacy-policy\/\">Datenschutz<\/a><\/p>\n<p>[\/et_pb_text][\/et_pb_column][\/et_pb_row][\/et_pb_section]<\/p>\n","protected":false},"excerpt":{"rendered":"<p>\n<div role=\"navigation\" aria-label=\"Sprachwechsler\" class=\"wpml-ls-statics-footer wpml-ls wpml-ls-legacy-list-horizontal\">\n\t<ul><li class=\"wpml-ls-slot-footer wpml-ls-item wpml-ls-item-en wpml-ls-first-item wpml-ls-last-item wpml-ls-item-legacy-list-horizontal\">\n\t\t\t\t<a href=\"https:\/\/expansion-method.com\/\" hreflang=\"en\" lang=\"en\" class=\"wpml-ls-link\" aria-label=\"Wechseln zu English\" title=\"Wechseln zu English\">\n\t\t\t\t\t                                    <img decoding=\"async\"\n            class=\"wpml-ls-flag\"\n            src=\"https:\/\/expansion-method.com\/wp-content\/plugins\/sitepress-multilingual-cms\/res\/flags\/en.png\"\n            alt=\"\"\n            loading=\"lazy\"\n            width=18\n            height=12\n    \/><span class=\"wpml-ls-native\">English<\/span><\/a>\n\t\t\t<\/li><\/ul>\n<\/div>\nAusdehnung einer positiven EmotionWie war diese kleine gef\u00fchrte Meditation f\u00fcr Sie? Und wie sieht allgemein Ihre Reise in Ihr Inneres bisher aus? &nbsp; Mit der Expansionsmethode haben Tausende von Menschen in den letzten Jahren ihre Emotionen und inneren Blockaden transformiert. Und vielleicht fragen Sie sich das, was sich vor Ihnen viele andere gefragt haben, n\u00e4mlich, [&hellip;]<\/p>\n","protected":false},"author":1,"featured_media":0,"parent":4203,"menu_order":0,"comment_status":"open","ping_status":"closed","template":"page-template-blank.php","meta":{"_et_pb_use_builder":"on","_et_pb_old_content":"","_et_gb_content_width":"","footnotes":""},"class_list":["post-4223","page","type-page","status-publish","hentry"],"yoast_head":"<!-- This site is optimized with the Yoast SEO plugin v27.3 - https:\/\/yoast.com\/product\/yoast-seo-wordpress\/ -->\n<title>Pre3 - The Expansion Method<\/title>\n<meta name=\"robots\" content=\"index, follow, max-snippet:-1, max-image-preview:large, max-video-preview:-1\" \/>\n<link rel=\"canonical\" href=\"https:\/\/expansion-method.com\/de\/swiss\/pre3\/\" \/>\n<meta property=\"og:locale\" content=\"de_DE\" \/>\n<meta property=\"og:type\" content=\"article\" \/>\n<meta property=\"og:title\" content=\"Pre3 - The Expansion Method\" \/>\n<meta property=\"og:description\" content=\"Ausdehnung einer positiven EmotionWie war diese kleine gef\u00fchrte Meditation f\u00fcr Sie? Und wie sieht allgemein Ihre Reise in Ihr Inneres bisher aus? &nbsp; Mit der Expansionsmethode haben Tausende von Menschen in den letzten Jahren ihre Emotionen und inneren Blockaden transformiert. Und vielleicht fragen Sie sich das, was sich vor Ihnen viele andere gefragt haben, n\u00e4mlich, [&hellip;]\" \/>\n<meta property=\"og:url\" content=\"https:\/\/expansion-method.com\/de\/swiss\/pre3\/\" \/>\n<meta property=\"og:site_name\" content=\"The Expansion Method\" \/>\n<meta property=\"article:modified_time\" content=\"2020-02-05T17:06:48+00:00\" \/>\n<meta name=\"twitter:card\" content=\"summary_large_image\" \/>\n<meta name=\"twitter:label1\" content=\"Gesch\u00e4tzte Lesezeit\" \/>\n\t<meta name=\"twitter:data1\" content=\"5\u00a0Minuten\" \/>\n<script type=\"application\/ld+json\" class=\"yoast-schema-graph\">{\"@context\":\"https:\\\/\\\/schema.org\",\"@graph\":[{\"@type\":\"WebPage\",\"@id\":\"https:\\\/\\\/expansion-method.com\\\/de\\\/swiss\\\/pre3\\\/\",\"url\":\"https:\\\/\\\/expansion-method.com\\\/de\\\/swiss\\\/pre3\\\/\",\"name\":\"Pre3 - The Expansion Method\",\"isPartOf\":{\"@id\":\"https:\\\/\\\/expansion-method.com\\\/de\\\/#website\"},\"datePublished\":\"2020-02-03T14:36:45+00:00\",\"dateModified\":\"2020-02-05T17:06:48+00:00\",\"breadcrumb\":{\"@id\":\"https:\\\/\\\/expansion-method.com\\\/de\\\/swiss\\\/pre3\\\/#breadcrumb\"},\"inLanguage\":\"de\",\"potentialAction\":[{\"@type\":\"ReadAction\",\"target\":[\"https:\\\/\\\/expansion-method.com\\\/de\\\/swiss\\\/pre3\\\/\"]}]},{\"@type\":\"BreadcrumbList\",\"@id\":\"https:\\\/\\\/expansion-method.com\\\/de\\\/swiss\\\/pre3\\\/#breadcrumb\",\"itemListElement\":[{\"@type\":\"ListItem\",\"position\":1,\"name\":\"Startseite\",\"item\":\"https:\\\/\\\/expansion-method.com\\\/de\\\/\"},{\"@type\":\"ListItem\",\"position\":2,\"name\":\"swiss\",\"item\":\"https:\\\/\\\/expansion-method.com\\\/de\\\/swiss\\\/\"},{\"@type\":\"ListItem\",\"position\":3,\"name\":\"Pre3\"}]},{\"@type\":\"WebSite\",\"@id\":\"https:\\\/\\\/expansion-method.com\\\/de\\\/#website\",\"url\":\"https:\\\/\\\/expansion-method.com\\\/de\\\/\",\"name\":\"The Expansion Method\",\"description\":\"Become Bigger Than Your Problems\",\"potentialAction\":[{\"@type\":\"SearchAction\",\"target\":{\"@type\":\"EntryPoint\",\"urlTemplate\":\"https:\\\/\\\/expansion-method.com\\\/de\\\/?s={search_term_string}\"},\"query-input\":{\"@type\":\"PropertyValueSpecification\",\"valueRequired\":true,\"valueName\":\"search_term_string\"}}],\"inLanguage\":\"de\"}]}<\/script>\n<!-- \/ Yoast SEO plugin. -->","yoast_head_json":{"title":"Pre3 - The Expansion Method","robots":{"index":"index","follow":"follow","max-snippet":"max-snippet:-1","max-image-preview":"max-image-preview:large","max-video-preview":"max-video-preview:-1"},"canonical":"https:\/\/expansion-method.com\/de\/swiss\/pre3\/","og_locale":"de_DE","og_type":"article","og_title":"Pre3 - The Expansion Method","og_description":"Ausdehnung einer positiven EmotionWie war diese kleine gef\u00fchrte Meditation f\u00fcr Sie? Und wie sieht allgemein Ihre Reise in Ihr Inneres bisher aus? &nbsp; Mit der Expansionsmethode haben Tausende von Menschen in den letzten Jahren ihre Emotionen und inneren Blockaden transformiert. Und vielleicht fragen Sie sich das, was sich vor Ihnen viele andere gefragt haben, n\u00e4mlich, [&hellip;]","og_url":"https:\/\/expansion-method.com\/de\/swiss\/pre3\/","og_site_name":"The Expansion Method","article_modified_time":"2020-02-05T17:06:48+00:00","twitter_card":"summary_large_image","twitter_misc":{"Gesch\u00e4tzte Lesezeit":"5\u00a0Minuten"},"schema":{"@context":"https:\/\/schema.org","@graph":[{"@type":"WebPage","@id":"https:\/\/expansion-method.com\/de\/swiss\/pre3\/","url":"https:\/\/expansion-method.com\/de\/swiss\/pre3\/","name":"Pre3 - The Expansion Method","isPartOf":{"@id":"https:\/\/expansion-method.com\/de\/#website"},"datePublished":"2020-02-03T14:36:45+00:00","dateModified":"2020-02-05T17:06:48+00:00","breadcrumb":{"@id":"https:\/\/expansion-method.com\/de\/swiss\/pre3\/#breadcrumb"},"inLanguage":"de","potentialAction":[{"@type":"ReadAction","target":["https:\/\/expansion-method.com\/de\/swiss\/pre3\/"]}]},{"@type":"BreadcrumbList","@id":"https:\/\/expansion-method.com\/de\/swiss\/pre3\/#breadcrumb","itemListElement":[{"@type":"ListItem","position":1,"name":"Startseite","item":"https:\/\/expansion-method.com\/de\/"},{"@type":"ListItem","position":2,"name":"swiss","item":"https:\/\/expansion-method.com\/de\/swiss\/"},{"@type":"ListItem","position":3,"name":"Pre3"}]},{"@type":"WebSite","@id":"https:\/\/expansion-method.com\/de\/#website","url":"https:\/\/expansion-method.com\/de\/","name":"The Expansion Method","description":"Become Bigger Than Your Problems","potentialAction":[{"@type":"SearchAction","target":{"@type":"EntryPoint","urlTemplate":"https:\/\/expansion-method.com\/de\/?s={search_term_string}"},"query-input":{"@type":"PropertyValueSpecification","valueRequired":true,"valueName":"search_term_string"}}],"inLanguage":"de"}]}},"_links":{"self":[{"href":"https:\/\/expansion-method.com\/de\/wp-json\/wp\/v2\/pages\/4223","targetHints":{"allow":["GET"]}}],"collection":[{"href":"https:\/\/expansion-method.com\/de\/wp-json\/wp\/v2\/pages"}],"about":[{"href":"https:\/\/expansion-method.com\/de\/wp-json\/wp\/v2\/types\/page"}],"author":[{"embeddable":true,"href":"https:\/\/expansion-method.com\/de\/wp-json\/wp\/v2\/users\/1"}],"replies":[{"embeddable":true,"href":"https:\/\/expansion-method.com\/de\/wp-json\/wp\/v2\/comments?post=4223"}],"version-history":[{"count":0,"href":"https:\/\/expansion-method.com\/de\/wp-json\/wp\/v2\/pages\/4223\/revisions"}],"up":[{"embeddable":true,"href":"https:\/\/expansion-method.com\/de\/wp-json\/wp\/v2\/pages\/4203"}],"wp:attachment":[{"href":"https:\/\/expansion-method.com\/de\/wp-json\/wp\/v2\/media?parent=4223"}],"curies":[{"name":"wp","href":"https:\/\/api.w.org\/{rel}","templated":true}]}}