{"id":4333,"date":"2020-03-01T16:53:58","date_gmt":"2020-03-01T15:53:58","guid":{"rendered":"https:\/\/expansion-method.com\/?page_id=4333"},"modified":"2020-03-01T22:53:45","modified_gmt":"2020-03-01T21:53:45","slug":"hmbuchen","status":"publish","type":"page","link":"https:\/\/expansion-method.com\/de\/hidden-memory-training\/hmbuchen\/","title":{"rendered":"Hidden Memory &#8211; Anmeldung"},"content":{"rendered":"<p>[et_pb_section fb_built=&#8220;1&#8243; _builder_version=&#8220;3.22.7&#8243; background_image=&#8220;https:\/\/expansion-method.com\/wp-content\/uploads\/2019\/05\/trauma-healing-expansion-method1.jpg&#8220;][et_pb_row column_structure=&#8220;1_4,3_4&#8243; _builder_version=&#8220;3.25&#8243;][et_pb_column type=&#8220;1_4&#8243; _builder_version=&#8220;3.25&#8243; custom_padding=&#8220;|||&#8220; custom_padding__hover=&#8220;|||&#8220;][\/et_pb_column][et_pb_column type=&#8220;3_4&#8243; _builder_version=&#8220;3.25&#8243; custom_padding=&#8220;|||&#8220; custom_padding__hover=&#8220;|||&#8220;][et_pb_text _builder_version=&#8220;4.3.4&#8243; hover_enabled=&#8220;0&#8243;]<\/p>\n<h2 style=\"text-align: center;\"><span style=\"font-size: 40px; color: #ffffff;\">Die Expansion-Methode <\/span><\/h2>\n<h2 style=\"text-align: center;\"><span style=\"font-size: 40px; color: #ffffff;\">Training Level 2: Hidden Memory<\/span><\/h2>\n<p><span style=\"font-size: 40px; color: #ffffff;\"><\/span><\/p>\n<p><span style=\"font-size: 40px; color: #ffffff;\"><\/span><\/p>\n<p><span style=\"font-size: 40px; color: #ffffff;\"><\/span><\/p>\n<h3 style=\"text-align: center;\"><span style=\"color: #ffffff;\">Arbeite mit dem Unterbewusstsein \u2013 Trauma-L\u00f6sen und das erwecken von F\u00e4higkeiten und Fertigkeiten<\/span><\/h3>\n<p>[\/et_pb_text][\/et_pb_column][\/et_pb_row][\/et_pb_section][et_pb_section fb_built=&#8220;1&#8243; _builder_version=&#8220;3.22.3&#8243;][et_pb_row column_structure=&#8220;1_2,1_2&#8243; _builder_version=&#8220;3.25&#8243; max_width=&#8220;80%&#8220; custom_margin=&#8220;|||&#8220; custom_padding=&#8220;42px|8px|86px|37px|false|false&#8220; hover_enabled=&#8220;0&#8243; border_color_all=&#8220;rgba(51,51,51,0.55)&#8220; box_shadow_style=&#8220;preset1&#8243; use_custom_width=&#8220;on&#8220; width_unit=&#8220;off&#8220;][et_pb_column type=&#8220;1_2&#8243; _builder_version=&#8220;3.25&#8243; custom_padding=&#8220;|10px||&#8220; custom_padding__hover=&#8220;|||&#8220;][et_pb_divider show_divider=&#8220;off&#8220; _builder_version=&#8220;3.5.1&#8243;][\/et_pb_divider][et_pb_text _builder_version=&#8220;3.27.4&#8243;]<\/p>\n<h3>Termine:<\/h3>\n<p>15.-17. Mai 2020<\/p>\n<p>&nbsp;<\/p>\n<p>[\/et_pb_text][et_pb_divider _builder_version=&#8220;3.5.1&#8243;][\/et_pb_divider][et_pb_contact_form captcha=&#8220;off&#8220; email=&#8220;support@expansion-method.com&#8220; use_redirect=&#8220;on&#8220; redirect_url=&#8220;https:\/\/expansion-method.com\/trauma-release-training\/buchen\/ty\/&#8220; submit_button_text=&#8220;Das Training jetzt buchen&#8220; module_id=&#8220;et_pb_contact_form_0&#8243; _builder_version=&#8220;4.3.4&#8243; title_font=&#8220;||||||||&#8220; form_field_font=&#8220;||||||||&#8220; hover_enabled=&#8220;0&#8243;][et_pb_contact_field field_id=&#8220;Name&#8220; field_title=&#8220;Vor- und Nachname&#8220; _builder_version=&#8220;3.19.17&#8243; button_text_size__hover_enabled=&#8220;off&#8220; button_one_text_size__hover_enabled=&#8220;off&#8220; button_two_text_size__hover_enabled=&#8220;off&#8220; button_text_color__hover_enabled=&#8220;off&#8220; button_one_text_color__hover_enabled=&#8220;off&#8220; button_two_text_color__hover_enabled=&#8220;off&#8220; button_border_width__hover_enabled=&#8220;off&#8220; button_one_border_width__hover_enabled=&#8220;off&#8220; button_two_border_width__hover_enabled=&#8220;off&#8220; button_border_color__hover_enabled=&#8220;off&#8220; button_one_border_color__hover_enabled=&#8220;off&#8220; button_two_border_color__hover_enabled=&#8220;off&#8220; button_border_radius__hover_enabled=&#8220;off&#8220; button_one_border_radius__hover_enabled=&#8220;off&#8220; button_two_border_radius__hover_enabled=&#8220;off&#8220; button_letter_spacing__hover_enabled=&#8220;off&#8220; button_one_letter_spacing__hover_enabled=&#8220;off&#8220; button_two_letter_spacing__hover_enabled=&#8220;off&#8220; button_bg_color__hover_enabled=&#8220;off&#8220; button_one_bg_color__hover_enabled=&#8220;off&#8220; button_two_bg_color__hover_enabled=&#8220;off&#8220;][\/et_pb_contact_field][et_pb_contact_field field_id=&#8220;Email&#8220; field_title=&#8220;Email-Adresse&#8220; field_type=&#8220;email&#8220; _builder_version=&#8220;3.19.17&#8243; button_text_size__hover_enabled=&#8220;off&#8220; button_one_text_size__hover_enabled=&#8220;off&#8220; button_two_text_size__hover_enabled=&#8220;off&#8220; button_text_color__hover_enabled=&#8220;off&#8220; button_one_text_color__hover_enabled=&#8220;off&#8220; button_two_text_color__hover_enabled=&#8220;off&#8220; button_border_width__hover_enabled=&#8220;off&#8220; button_one_border_width__hover_enabled=&#8220;off&#8220; button_two_border_width__hover_enabled=&#8220;off&#8220; button_border_color__hover_enabled=&#8220;off&#8220; button_one_border_color__hover_enabled=&#8220;off&#8220; button_two_border_color__hover_enabled=&#8220;off&#8220; button_border_radius__hover_enabled=&#8220;off&#8220; button_one_border_radius__hover_enabled=&#8220;off&#8220; button_two_border_radius__hover_enabled=&#8220;off&#8220; button_letter_spacing__hover_enabled=&#8220;off&#8220; button_one_letter_spacing__hover_enabled=&#8220;off&#8220; button_two_letter_spacing__hover_enabled=&#8220;off&#8220; button_bg_color__hover_enabled=&#8220;off&#8220; button_one_bg_color__hover_enabled=&#8220;off&#8220; button_two_bg_color__hover_enabled=&#8220;off&#8220;][\/et_pb_contact_field][et_pb_contact_field field_id=&#8220;Message&#8220; field_title=&#8220;*Ihre Anschrift (Land, Stra\u00dfe, PLZ, Stadt)&#8220; field_type=&#8220;text&#8220; fullwidth_field=&#8220;on&#8220; _builder_version=&#8220;4.3.4&#8243; hover_enabled=&#8220;0&#8243; button_text_size__hover_enabled=&#8220;off&#8220; button_one_text_size__hover_enabled=&#8220;off&#8220; button_two_text_size__hover_enabled=&#8220;off&#8220; button_text_color__hover_enabled=&#8220;off&#8220; button_one_text_color__hover_enabled=&#8220;off&#8220; button_two_text_color__hover_enabled=&#8220;off&#8220; button_border_width__hover_enabled=&#8220;off&#8220; button_one_border_width__hover_enabled=&#8220;off&#8220; button_two_border_width__hover_enabled=&#8220;off&#8220; button_border_color__hover_enabled=&#8220;off&#8220; button_one_border_color__hover_enabled=&#8220;off&#8220; button_two_border_color__hover_enabled=&#8220;off&#8220; button_border_radius__hover_enabled=&#8220;off&#8220; button_one_border_radius__hover_enabled=&#8220;off&#8220; button_two_border_radius__hover_enabled=&#8220;off&#8220; button_letter_spacing__hover_enabled=&#8220;off&#8220; button_one_letter_spacing__hover_enabled=&#8220;off&#8220; button_two_letter_spacing__hover_enabled=&#8220;off&#8220; button_bg_color__hover_enabled=&#8220;off&#8220; button_one_bg_color__hover_enabled=&#8220;off&#8220; button_two_bg_color__hover_enabled=&#8220;off&#8220;][\/et_pb_contact_field][et_pb_contact_field field_id=&#8220;bookingoption&#8220; field_title=&#8220;*Buchungsoption&#8220; field_type=&#8220;select&#8220; select_options=&#8220;%91{%22value%22:%22Hidden Memory Training (Einmalzahlung) = 476 \u20ac (inkl. MwSt.)%22,%22checked%22:0,%22dragID%22:2},{%22value%22:%22Hidden Memory Training (In 2 Raten) je 238 \u20ac (inkl. MwSt.) %22,%22checked%22:0,%22dragID%22:3},{%22value%22:%22Hidden Memory Training (In 3 Raten) je 159 \u20ac (inkl. MwSt.) %22,%22checked%22:0,%22dragID%22:4}%93&#8243; fullwidth_field=&#8220;on&#8220; _builder_version=&#8220;4.3.4&#8243; hover_enabled=&#8220;0&#8243; button_text_size__hover_enabled=&#8220;off&#8220; button_one_text_size__hover_enabled=&#8220;off&#8220; button_two_text_size__hover_enabled=&#8220;off&#8220; button_text_color__hover_enabled=&#8220;off&#8220; button_one_text_color__hover_enabled=&#8220;off&#8220; button_two_text_color__hover_enabled=&#8220;off&#8220; button_border_width__hover_enabled=&#8220;off&#8220; button_one_border_width__hover_enabled=&#8220;off&#8220; button_two_border_width__hover_enabled=&#8220;off&#8220; button_border_color__hover_enabled=&#8220;off&#8220; button_one_border_color__hover_enabled=&#8220;off&#8220; button_two_border_color__hover_enabled=&#8220;off&#8220; button_border_radius__hover_enabled=&#8220;off&#8220; button_one_border_radius__hover_enabled=&#8220;off&#8220; button_two_border_radius__hover_enabled=&#8220;off&#8220; button_letter_spacing__hover_enabled=&#8220;off&#8220; button_one_letter_spacing__hover_enabled=&#8220;off&#8220; button_two_letter_spacing__hover_enabled=&#8220;off&#8220; button_bg_color__hover_enabled=&#8220;off&#8220; button_one_bg_color__hover_enabled=&#8220;off&#8220; button_two_bg_color__hover_enabled=&#8220;off&#8220;][\/et_pb_contact_field][et_pb_contact_field field_id=&#8220;zertifizierung&#8220; field_title=&#8220;Zertifizierung (optional)&#8220; field_type=&#8220;radio&#8220; radio_options=&#8220;%91{%22value%22:%22Zertifizierung (100 \u20ac zzgl. USt)%22,%22checked%22:0,%22dragID%22:-1}%93&#8243; required_mark=&#8220;off&#8220; fullwidth_field=&#8220;on&#8220; _builder_version=&#8220;4.3.4&#8243; hover_enabled=&#8220;0&#8243;][\/et_pb_contact_field][\/et_pb_contact_form][et_pb_text _builder_version=&#8220;3.27.4&#8243;]<\/p>\n<div class=\"vc_col-sm-8 wpb_column column_container vc_column_container col boxed no-extra-padding instance-2\" data-border-radius=\"none\" data-shadow=\"none\" data-border-animation=\"\" data-border-animation-delay=\"\" data-border-width=\"none\" data-border-style=\"\" data-border-color=\"\" data-bg-cover=\"\" data-padding-pos=\"all\" data-has-bg-color=\"false\" data-bg-color=\"\" data-bg-opacity=\"1\" data-hover-bg=\"\" data-hover-bg-opacity=\"1\" data-animation=\"\" data-delay=\"0\">\n<div class=\"vc_column-inner\">\n<div class=\"wpb_wrapper\">\n<div id=\"wpcf7-f2188-p2180-o1\" class=\"wpcf7\" dir=\"ltr\" role=\"form\" xml:lang=\"en-US\" lang=\"en-US\">\n<form class=\"wpcf7-form mailchimp-ext-0.4.50\" action=\"https:\/\/shaitubali.com\/de\/anmeldeformular-soh\/#wpcf7-f2188-p2180-o1\" method=\"post\" novalidate=\"novalidate\">\n<p><em>(Zur Zeit ist die Bezahlung per \u00dcberweisung oder paypal m\u00f6glich. Nach einsenden Ihrer Buchungsanfrage erhalten Sie eine Best\u00e4tigung per Mail mit den Zahlungsdetails von uns.)<\/em><\/p>\n<\/form>\n<\/div>\n<\/div>\n<\/div>\n<\/div>\n<div class=\"vc_col-sm-4 wpb_column column_container vc_column_container col boxed no-extra-padding instance-3\" data-border-radius=\"none\" data-shadow=\"none\" data-border-animation=\"\" data-border-animation-delay=\"\" data-border-width=\"none\" data-border-style=\"\" data-border-color=\"\" data-bg-cover=\"\" data-padding-pos=\"all\" data-has-bg-color=\"false\" data-bg-color=\"\" data-bg-opacity=\"1\" data-hover-bg=\"\" data-hover-bg-opacity=\"1\" data-animation=\"\" data-delay=\"0\">\n<div class=\"vc_column-inner\">\n<div class=\"wpb_wrapper\">\n<div class=\"col span_12 section-title text-align-center extra-padding\"><\/div>\n<\/div>\n<\/div>\n<\/div>\n<p>[\/et_pb_text][et_pb_divider _builder_version=&#8220;3.5.1&#8243;][\/et_pb_divider][et_pb_text _builder_version=&#8220;4.3.4&#8243; hover_enabled=&#8220;0&#8243;]<\/p>\n<p>Sollten Sie Fragen haben, freuen wir uns jederzeit von Ihnen zu h\u00f6ren.<\/p>\n<p>Telefonisch oder per E-Mail<\/p>\n<p><em>Carlos Stickel<\/em><em><\/em><\/p>\n<p><strong>+49 178 51 75 114 |<a href=\"mailto:carlos@expansion-method.com\"> carlos@expansion-method.com<\/a><\/strong><\/p>\n<p>[\/et_pb_text][\/et_pb_column][et_pb_column type=&#8220;1_2&#8243; _builder_version=&#8220;3.25&#8243; custom_padding=&#8220;|10px||&#8220; custom_padding__hover=&#8220;|||&#8220;][et_pb_divider show_divider=&#8220;off&#8220; _builder_version=&#8220;3.5.1&#8243;][\/et_pb_divider][et_pb_text _builder_version=&#8220;3.27.4&#8243;]<\/p>\n<h3>Das Training beinhaltet:<\/h3>\n<p>[\/et_pb_text][et_pb_text _builder_version=&#8220;3.27.4&#8243;]<\/p>\n<p><strong><em>Im Training wirst du lernen:<\/em><\/strong><\/p>\n<p><span><strong>\ud83d\uddf8<\/strong> Die <strong><em>drei<\/em> <em>Techniken f\u00fcr verborgene Erinnerungen<\/em><\/strong> \u2013 Trauma \/ Aggressor \/ F\u00e4higkeiten und Fertigkeiten<\/span><\/p>\n<p><span><strong><em>\ud83d\uddf8 Power Psychology<\/em><\/strong> \u2013 die urspr\u00fcngliche Erz\u00e4hlung <\/span><\/p>\n<p><span>Alle die <strong><em> zertifizierte Begleiter*innen <\/em><\/strong>in diesen Techniken werden wollen, m\u00fcssen zus\u00e4tzlich zum Seminarbesuch <em>6 Hidden Memory Sitzungen geben<\/em> (zus\u00e4tzlich zu den Sitzungen am Seminarwochenende), und <em>mindestens 4 Hidden Memory Sitzungen erhalten<\/em> und <em>Berichte entsprechend den Zertifikatsrichtlinien zu den Sitzungen anfertigen<\/em>. <\/span><\/p>\n<p><strong>\u00a0<\/strong><\/p>\n<p>[\/et_pb_text][et_pb_divider _builder_version=&#8220;3.5.1&#8243;][\/et_pb_divider][et_pb_text _builder_version=&#8220;3.27.4&#8243;]<\/p>\n<h3>Mehr Informationen<\/h3>\n<p>[\/et_pb_text][et_pb_text _builder_version=&#8220;3.27.4&#8243;]<\/p>\n<p>&nbsp;<\/p>\n<p><strong>Adresse: <\/strong>Human Greatness Center &#8211; Altensteinstr. 48A, 14195 Berlin<\/p>\n<p><strong>Online:<\/strong> Sie k\u00f6nnen an der Ausbildung auch online teilnehmen. In dem Fall wird Ihnen ein Partner f\u00fcr die \u00dcbungen zugeordnet, so dass Sie die \u00dcbungen \u00fcber Skype oder Zoom praktizieren k\u00f6nnen.<\/p>\n<p>[\/et_pb_text][\/et_pb_column][\/et_pb_row][\/et_pb_section][et_pb_section fb_built=&#8220;1&#8243; _builder_version=&#8220;3.22.3&#8243;][et_pb_row _builder_version=&#8220;3.25&#8243;][et_pb_column type=&#8220;4_4&#8243; _builder_version=&#8220;3.25&#8243; custom_padding=&#8220;|||&#8220; custom_padding__hover=&#8220;|||&#8220;][et_pb_text _builder_version=&#8220;3.27.4&#8243;]<\/p>\n<p style=\"text-align: center;\"><a href=\"https:\/\/expansion-method.com\/en\/impressum\/\">Impressum<\/a> | <a href=\"https:\/\/expansion-method.com\/en\/privacy-policy\/\">Datenschutz<\/a><\/p>\n<p>[\/et_pb_text][\/et_pb_column][\/et_pb_row][\/et_pb_section]<\/p>\n","protected":false},"excerpt":{"rendered":"<p>Die Expansion-Methode Training Level 2: Hidden Memory Arbeite mit dem Unterbewusstsein \u2013 Trauma-L\u00f6sen und das erwecken von F\u00e4higkeiten und FertigkeitenTermine: 15.-17. Mai 2020 &nbsp; (Zur Zeit ist die Bezahlung per \u00dcberweisung oder paypal m\u00f6glich. Nach einsenden Ihrer Buchungsanfrage erhalten Sie eine Best\u00e4tigung per Mail mit den Zahlungsdetails von uns.) Sollten Sie Fragen haben, freuen wir [&hellip;]<\/p>\n","protected":false},"author":1,"featured_media":0,"parent":3059,"menu_order":0,"comment_status":"closed","ping_status":"closed","template":"page-template-blank.php","meta":{"_et_pb_use_builder":"on","_et_pb_old_content":"","_et_gb_content_width":"","footnotes":""},"class_list":["post-4333","page","type-page","status-publish","hentry"],"yoast_head":"<!-- This site is optimized with the Yoast SEO plugin v27.3 - https:\/\/yoast.com\/product\/yoast-seo-wordpress\/ -->\n<title>Hidden Memory - Anmeldung - The Expansion Method<\/title>\n<meta name=\"robots\" content=\"index, follow, max-snippet:-1, max-image-preview:large, max-video-preview:-1\" \/>\n<link rel=\"canonical\" href=\"https:\/\/expansion-method.com\/de\/hidden-memory-training\/hmbuchen\/\" \/>\n<meta property=\"og:locale\" content=\"de_DE\" \/>\n<meta property=\"og:type\" content=\"article\" \/>\n<meta property=\"og:title\" content=\"Hidden Memory - Anmeldung - The Expansion Method\" \/>\n<meta property=\"og:description\" content=\"Die Expansion-Methode Training Level 2: Hidden Memory Arbeite mit dem Unterbewusstsein \u2013 Trauma-L\u00f6sen und das erwecken von F\u00e4higkeiten und FertigkeitenTermine: 15.-17. Mai 2020 &nbsp; (Zur Zeit ist die Bezahlung per \u00dcberweisung oder paypal m\u00f6glich. Nach einsenden Ihrer Buchungsanfrage erhalten Sie eine Best\u00e4tigung per Mail mit den Zahlungsdetails von uns.) Sollten Sie Fragen haben, freuen wir [&hellip;]\" \/>\n<meta property=\"og:url\" content=\"https:\/\/expansion-method.com\/de\/hidden-memory-training\/hmbuchen\/\" \/>\n<meta property=\"og:site_name\" content=\"The Expansion Method\" \/>\n<meta property=\"article:modified_time\" content=\"2020-03-01T21:53:45+00:00\" \/>\n<meta name=\"twitter:card\" content=\"summary_large_image\" \/>\n<meta name=\"twitter:label1\" content=\"Gesch\u00e4tzte Lesezeit\" \/>\n\t<meta name=\"twitter:data1\" content=\"6\u00a0Minuten\" \/>\n<script type=\"application\/ld+json\" class=\"yoast-schema-graph\">{\"@context\":\"https:\\\/\\\/schema.org\",\"@graph\":[{\"@type\":\"WebPage\",\"@id\":\"https:\\\/\\\/expansion-method.com\\\/de\\\/hidden-memory-training\\\/hmbuchen\\\/\",\"url\":\"https:\\\/\\\/expansion-method.com\\\/de\\\/hidden-memory-training\\\/hmbuchen\\\/\",\"name\":\"Hidden Memory - Anmeldung - The Expansion Method\",\"isPartOf\":{\"@id\":\"https:\\\/\\\/expansion-method.com\\\/de\\\/#website\"},\"datePublished\":\"2020-03-01T15:53:58+00:00\",\"dateModified\":\"2020-03-01T21:53:45+00:00\",\"breadcrumb\":{\"@id\":\"https:\\\/\\\/expansion-method.com\\\/de\\\/hidden-memory-training\\\/hmbuchen\\\/#breadcrumb\"},\"inLanguage\":\"de\",\"potentialAction\":[{\"@type\":\"ReadAction\",\"target\":[\"https:\\\/\\\/expansion-method.com\\\/de\\\/hidden-memory-training\\\/hmbuchen\\\/\"]}]},{\"@type\":\"BreadcrumbList\",\"@id\":\"https:\\\/\\\/expansion-method.com\\\/de\\\/hidden-memory-training\\\/hmbuchen\\\/#breadcrumb\",\"itemListElement\":[{\"@type\":\"ListItem\",\"position\":1,\"name\":\"Startseite\",\"item\":\"https:\\\/\\\/expansion-method.com\\\/de\\\/\"},{\"@type\":\"ListItem\",\"position\":2,\"name\":\"Die Expansion-Methode &#8211; Training Level 2\",\"item\":\"https:\\\/\\\/expansion-method.com\\\/de\\\/?page_id=3033\"},{\"@type\":\"ListItem\",\"position\":3,\"name\":\"Hidden Memory &#8211; Anmeldung\"}]},{\"@type\":\"WebSite\",\"@id\":\"https:\\\/\\\/expansion-method.com\\\/de\\\/#website\",\"url\":\"https:\\\/\\\/expansion-method.com\\\/de\\\/\",\"name\":\"The Expansion Method\",\"description\":\"Become Bigger Than Your Problems\",\"potentialAction\":[{\"@type\":\"SearchAction\",\"target\":{\"@type\":\"EntryPoint\",\"urlTemplate\":\"https:\\\/\\\/expansion-method.com\\\/de\\\/?s={search_term_string}\"},\"query-input\":{\"@type\":\"PropertyValueSpecification\",\"valueRequired\":true,\"valueName\":\"search_term_string\"}}],\"inLanguage\":\"de\"}]}<\/script>\n<!-- \/ Yoast SEO plugin. -->","yoast_head_json":{"title":"Hidden Memory - Anmeldung - The Expansion Method","robots":{"index":"index","follow":"follow","max-snippet":"max-snippet:-1","max-image-preview":"max-image-preview:large","max-video-preview":"max-video-preview:-1"},"canonical":"https:\/\/expansion-method.com\/de\/hidden-memory-training\/hmbuchen\/","og_locale":"de_DE","og_type":"article","og_title":"Hidden Memory - Anmeldung - The Expansion Method","og_description":"Die Expansion-Methode Training Level 2: Hidden Memory Arbeite mit dem Unterbewusstsein \u2013 Trauma-L\u00f6sen und das erwecken von F\u00e4higkeiten und FertigkeitenTermine: 15.-17. Mai 2020 &nbsp; (Zur Zeit ist die Bezahlung per \u00dcberweisung oder paypal m\u00f6glich. Nach einsenden Ihrer Buchungsanfrage erhalten Sie eine Best\u00e4tigung per Mail mit den Zahlungsdetails von uns.) Sollten Sie Fragen haben, freuen wir [&hellip;]","og_url":"https:\/\/expansion-method.com\/de\/hidden-memory-training\/hmbuchen\/","og_site_name":"The Expansion Method","article_modified_time":"2020-03-01T21:53:45+00:00","twitter_card":"summary_large_image","twitter_misc":{"Gesch\u00e4tzte Lesezeit":"6\u00a0Minuten"},"schema":{"@context":"https:\/\/schema.org","@graph":[{"@type":"WebPage","@id":"https:\/\/expansion-method.com\/de\/hidden-memory-training\/hmbuchen\/","url":"https:\/\/expansion-method.com\/de\/hidden-memory-training\/hmbuchen\/","name":"Hidden Memory - Anmeldung - The Expansion Method","isPartOf":{"@id":"https:\/\/expansion-method.com\/de\/#website"},"datePublished":"2020-03-01T15:53:58+00:00","dateModified":"2020-03-01T21:53:45+00:00","breadcrumb":{"@id":"https:\/\/expansion-method.com\/de\/hidden-memory-training\/hmbuchen\/#breadcrumb"},"inLanguage":"de","potentialAction":[{"@type":"ReadAction","target":["https:\/\/expansion-method.com\/de\/hidden-memory-training\/hmbuchen\/"]}]},{"@type":"BreadcrumbList","@id":"https:\/\/expansion-method.com\/de\/hidden-memory-training\/hmbuchen\/#breadcrumb","itemListElement":[{"@type":"ListItem","position":1,"name":"Startseite","item":"https:\/\/expansion-method.com\/de\/"},{"@type":"ListItem","position":2,"name":"Die Expansion-Methode &#8211; Training Level 2","item":"https:\/\/expansion-method.com\/de\/?page_id=3033"},{"@type":"ListItem","position":3,"name":"Hidden Memory &#8211; Anmeldung"}]},{"@type":"WebSite","@id":"https:\/\/expansion-method.com\/de\/#website","url":"https:\/\/expansion-method.com\/de\/","name":"The Expansion Method","description":"Become Bigger Than Your Problems","potentialAction":[{"@type":"SearchAction","target":{"@type":"EntryPoint","urlTemplate":"https:\/\/expansion-method.com\/de\/?s={search_term_string}"},"query-input":{"@type":"PropertyValueSpecification","valueRequired":true,"valueName":"search_term_string"}}],"inLanguage":"de"}]}},"_links":{"self":[{"href":"https:\/\/expansion-method.com\/de\/wp-json\/wp\/v2\/pages\/4333","targetHints":{"allow":["GET"]}}],"collection":[{"href":"https:\/\/expansion-method.com\/de\/wp-json\/wp\/v2\/pages"}],"about":[{"href":"https:\/\/expansion-method.com\/de\/wp-json\/wp\/v2\/types\/page"}],"author":[{"embeddable":true,"href":"https:\/\/expansion-method.com\/de\/wp-json\/wp\/v2\/users\/1"}],"replies":[{"embeddable":true,"href":"https:\/\/expansion-method.com\/de\/wp-json\/wp\/v2\/comments?post=4333"}],"version-history":[{"count":0,"href":"https:\/\/expansion-method.com\/de\/wp-json\/wp\/v2\/pages\/4333\/revisions"}],"up":[{"embeddable":true,"href":"https:\/\/expansion-method.com\/de\/wp-json\/wp\/v2\/pages\/3059"}],"wp:attachment":[{"href":"https:\/\/expansion-method.com\/de\/wp-json\/wp\/v2\/media?parent=4333"}],"curies":[{"name":"wp","href":"https:\/\/api.w.org\/{rel}","templated":true}]}}