{"id":4397,"date":"2020-04-20T20:43:06","date_gmt":"2020-04-20T18:43:06","guid":{"rendered":"https:\/\/expansion-method.com\/?page_id=4397"},"modified":"2022-05-15T12:57:07","modified_gmt":"2022-05-15T10:57:07","slug":"fragen","status":"publish","type":"page","link":"https:\/\/expansion-method.com\/de\/emtrct2020\/fragen\/","title":{"rendered":"Feedback Level 1 &#8211; 2020"},"content":{"rendered":"<p>[et_pb_section fb_built=&#8220;1&#8243; _builder_version=&#8220;4.16&#8243; background_image=&#8220;https:\/\/expansion-method.com\/wp-content\/uploads\/2019\/07\/Expansion-Method-HomePage-header.jpg&#8220; background_position=&#8220;bottom_center&#8220; custom_padding=&#8220;22px|0px|22px|0px|true|false&#8220; global_colors_info=&#8220;{}&#8220;][et_pb_row column_structure=&#8220;2_5,3_5&#8243; _builder_version=&#8220;4.16&#8243; custom_padding=&#8220;68px||40px|||&#8220; global_colors_info=&#8220;{}&#8220;][et_pb_column type=&#8220;2_5&#8243; _builder_version=&#8220;4.16&#8243; custom_padding=&#8220;|||&#8220; global_colors_info=&#8220;{}&#8220; custom_padding__hover=&#8220;|||&#8220;][et_pb_divider show_divider=&#8220;off&#8220; _builder_version=&#8220;4.16&#8243; max_width=&#8220;36%&#8220; module_alignment=&#8220;center&#8220; height=&#8220;26px&#8220; saved_tabs=&#8220;all&#8220; global_colors_info=&#8220;{}&#8220;][\/et_pb_divider][\/et_pb_column][et_pb_column type=&#8220;3_5&#8243; _builder_version=&#8220;4.16&#8243; custom_padding=&#8220;|||&#8220; global_colors_info=&#8220;{}&#8220; custom_padding__hover=&#8220;|||&#8220;][et_pb_text _builder_version=&#8220;4.16&#8243; text_font=&#8220;||||||||&#8220; text_text_color=&#8220;#000000&#8243; text_font_size=&#8220;22px&#8220; global_colors_info=&#8220;{}&#8220;]<\/p>\n<p style=\"text-align: center;\"><em>&#8211; Level 1 &#8211;<\/em><\/p>\n<p>[\/et_pb_text][et_pb_text _builder_version=&#8220;4.16&#8243; header_font=&#8220;||||||||&#8220; header_2_font=&#8220;||||||||&#8220; header_2_font_size=&#8220;22px&#8220; header_2_letter_spacing=&#8220;5px&#8220; header_2_line_height=&#8220;1.8em&#8220; custom_margin=&#8220;||18px|||&#8220; inline_fonts=&#8220;Cinzel Decorative&#8220; global_colors_info=&#8220;{}&#8220;]<\/p>\n<h2 style=\"text-align: center;\"><span style=\"font-size: 38px; color: #000000;\"><span style=\"font-family: Cinzel Decorative;\">Expansions- Methode Trauma Release Training2022<\/span><br \/><\/span><\/h2>\n<p><span style=\"font-size: 44px; color: #fbdb95;\"><\/span><\/p>\n<p>[\/et_pb_text][et_pb_divider color=&#8220;#ffffff&#8220; _builder_version=&#8220;4.16&#8243; max_width=&#8220;56%&#8220; module_alignment=&#8220;center&#8220; height=&#8220;30px&#8220; global_colors_info=&#8220;{}&#8220;][\/et_pb_divider][et_pb_text _builder_version=&#8220;4.16&#8243; header_font=&#8220;||||||||&#8220; header_3_font=&#8220;||||||||&#8220; header_3_text_align=&#8220;center&#8220; header_3_text_color=&#8220;#000000&#8243; header_3_font_size=&#8220;33px&#8220; global_colors_info=&#8220;{}&#8220;]<\/p>\n<h3><strong><span style=\"text-decoration: underline;\">FEEDBACK<\/span><\/strong><\/h3>\n<p>[\/et_pb_text][\/et_pb_column][\/et_pb_row][\/et_pb_section][et_pb_section fb_built=&#8220;1&#8243; _builder_version=&#8220;4.16&#8243; custom_padding=&#8220;48px|0px|12px|0px|false|false&#8220; global_colors_info=&#8220;{}&#8220;][et_pb_row column_structure=&#8220;1_5,3_5,1_5&#8243; use_custom_gutter=&#8220;on&#8220; gutter_width=&#8220;1&#8243; _builder_version=&#8220;4.16&#8243; custom_padding=&#8220;24px|0px|44px|0px|false|false&#8220; global_colors_info=&#8220;{}&#8220;][et_pb_column type=&#8220;1_5&#8243; _builder_version=&#8220;4.16&#8243; custom_padding=&#8220;|||&#8220; global_colors_info=&#8220;{}&#8220; custom_padding__hover=&#8220;|||&#8220;][\/et_pb_column][et_pb_column type=&#8220;3_5&#8243; _builder_version=&#8220;4.16&#8243; custom_padding=&#8220;|||&#8220; global_colors_info=&#8220;{}&#8220; custom_padding__hover=&#8220;|||&#8220;][et_pb_text _builder_version=&#8220;4.16&#8243; custom_padding=&#8220;||6px|||&#8220; global_colors_info=&#8220;{}&#8220;]<\/p>\n<p style=\"text-align: center;\"><a href=\"https:\/\/expansion-method.com\/en\/emtrct2020\/fragen\/\"><span style=\"text-decoration: underline;\"><em><strong>Click Here for the english questionnaire<\/strong><\/em><\/span><\/a><\/p>\n<div class=\"thrv_wrapper thrv-page-section\" data-css=\"tve-u-1648388a887\" id=\"below\">\n<div class=\"tve-page-section-out\"><\/div>\n<div class=\"tve-page-section-in tve_empty_dropzone\" data-css=\"tve-u-16483877874\">\n<div class=\"thrv_wrapper thrv_text_element\">\n<p>&nbsp;<\/p>\n<p>Sch\u00f6n, dass du hier bist!<\/p>\n<p>Wir w\u00fcrden gerne wissen wie das <em>Trauma Release Training <\/em>mit der<em> Expansions-Methode<\/em> f\u00fcr dich war. Das hilft uns unsere Arbeit in Zukunft weiter zu verbessern. Dein Feedback w\u00e4re uns eine gro\u00dfe Hilfe!<\/p>\n<p>Du kannst auch entscheiden uns das Feedback anonym zu geben, in dem du die letzten beiden Felder (Name &amp; Email) ein leer l\u00e4sst.<\/p>\n<p>Und wenn du uns eine Empfehlung\/ein Testimonial am Ende der Feedbackbogens ausstellen k\u00f6nntest, w\u00fcrde das unsere Arbeit sehr unterst\u00fctzen!<\/p>\n<p>Herzlichst,<\/p>\n<p>Tamar<\/p>\n<\/div>\n<\/div>\n<\/div>\n<p>[\/et_pb_text][\/et_pb_column][et_pb_column type=&#8220;1_5&#8243; _builder_version=&#8220;4.16&#8243; custom_padding=&#8220;|||&#8220; global_colors_info=&#8220;{}&#8220; custom_padding__hover=&#8220;|||&#8220;][\/et_pb_column][\/et_pb_row][et_pb_row column_structure=&#8220;1_5,3_5,1_5&#8243; use_custom_gutter=&#8220;on&#8220; gutter_width=&#8220;1&#8243; _builder_version=&#8220;4.16&#8243; background_color=&#8220;#FFF9E9&#8243; custom_padding=&#8220;24px|0px|44px|0px|false|false&#8220; global_colors_info=&#8220;{}&#8220;][et_pb_column type=&#8220;1_5&#8243; _builder_version=&#8220;4.16&#8243; custom_padding=&#8220;|||&#8220; global_colors_info=&#8220;{}&#8220; custom_padding__hover=&#8220;|||&#8220;][\/et_pb_column][et_pb_column type=&#8220;3_5&#8243; _builder_version=&#8220;4.16&#8243; custom_padding=&#8220;|||&#8220; global_colors_info=&#8220;{}&#8220; custom_padding__hover=&#8220;|||&#8220;][et_pb_contact_form email=&#8220;tamar@expansion-method.com&#8220; submit_button_text=&#8220;Send with Love&#8220; _builder_version=&#8220;4.17.3&#8243; _unique_id=&#8220;3dfb002c-2fc4-4cc4-b4d7-9b2ca8dcc555&#8243; form_field_background_color=&#8220;#ffffff&#8220; hover_enabled=&#8220;0&#8243; global_colors_info=&#8220;{}&#8220; sticky_enabled=&#8220;0&#8243;][et_pb_contact_field field_id=&#8220;3things-improve&#8220; field_title=&#8220;Wenn du jetzt entscheiden m\u00fcsstest, was w\u00e4ren 3 Dinge, die du verbessern w\u00fcrdest?&#8220; field_type=&#8220;text&#8220; fullwidth_field=&#8220;on&#8220; _builder_version=&#8220;4.16&#8243; global_colors_info=&#8220;{}&#8220; button_text_size__hover_enabled=&#8220;off&#8220; button_one_text_size__hover_enabled=&#8220;off&#8220; button_two_text_size__hover_enabled=&#8220;off&#8220; button_text_color__hover_enabled=&#8220;off&#8220; button_one_text_color__hover_enabled=&#8220;off&#8220; button_two_text_color__hover_enabled=&#8220;off&#8220; button_border_width__hover_enabled=&#8220;off&#8220; button_one_border_width__hover_enabled=&#8220;off&#8220; button_two_border_width__hover_enabled=&#8220;off&#8220; button_border_color__hover_enabled=&#8220;off&#8220; button_one_border_color__hover_enabled=&#8220;off&#8220; button_two_border_color__hover_enabled=&#8220;off&#8220; button_border_radius__hover_enabled=&#8220;off&#8220; button_one_border_radius__hover_enabled=&#8220;off&#8220; button_two_border_radius__hover_enabled=&#8220;off&#8220; button_letter_spacing__hover_enabled=&#8220;off&#8220; button_one_letter_spacing__hover_enabled=&#8220;off&#8220; button_two_letter_spacing__hover_enabled=&#8220;off&#8220; button_bg_color__hover_enabled=&#8220;off&#8220; button_one_bg_color__hover_enabled=&#8220;off&#8220; button_two_bg_color__hover_enabled=&#8220;off&#8220;][\/et_pb_contact_field][et_pb_contact_field field_id=&#8220;Rate_teaching_quality&#8220; field_title=&#8220;Wie beurteilst du die Qualit\u00e4t der Lehre insgesamt? (1 = schlecht, 6 = \u00fcberragend gut)&#8220; field_type=&#8220;radio&#8220; radio_options=&#8220;%91{%22value%22:%221%22,%22checked%22:0,%22dragID%22:-1},{%22value%22:%222%22,%22checked%22:0,%22dragID%22:0},{%22value%22:%223%22,%22checked%22:0,%22dragID%22:1},{%22value%22:%224%22,%22checked%22:0,%22dragID%22:2},{%22value%22:%225%22,%22checked%22:0,%22dragID%22:3},{%22value%22:%226%22,%22checked%22:0,%22dragID%22:4}%93&#8243; fullwidth_field=&#8220;on&#8220; _builder_version=&#8220;4.16&#8243; global_colors_info=&#8220;{}&#8220;][\/et_pb_contact_field][et_pb_contact_field field_id=&#8220;Rate_translation_quality&#8220; field_title=&#8220;Wie beurteilst du die Qualit\u00e4t der \u00dcbersetzung insgesamt? (1 = schlecht, 6 = \u00fcberragend gut)&#8220; field_type=&#8220;radio&#8220; radio_options=&#8220;%91{%22value%22:%221%22,%22checked%22:0,%22dragID%22:-1},{%22value%22:%222%22,%22checked%22:0,%22dragID%22:0},{%22value%22:%223%22,%22checked%22:0,%22dragID%22:1},{%22value%22:%224%22,%22checked%22:0,%22dragID%22:2},{%22value%22:%225%22,%22checked%22:0,%22dragID%22:3},{%22value%22:%226%22,%22checked%22:0,%22dragID%22:4}%93&#8243; fullwidth_field=&#8220;on&#8220; _builder_version=&#8220;4.16&#8243; global_colors_info=&#8220;{}&#8220;][\/et_pb_contact_field][et_pb_contact_field field_id=&#8220;Rate_customer_service_quality&#8220; field_title=&#8220;Wie beurteilst du die Qualit\u00e4t der Betreuung insgesamt? (1 = schlecht, 6 = \u00fcberragend gut)&#8220; field_type=&#8220;radio&#8220; radio_options=&#8220;%91{%22value%22:%221%22,%22checked%22:0,%22dragID%22:-1},{%22value%22:%222%22,%22checked%22:0,%22dragID%22:0},{%22value%22:%223%22,%22checked%22:0,%22dragID%22:1},{%22value%22:%224%22,%22checked%22:0,%22dragID%22:2},{%22value%22:%225%22,%22checked%22:0,%22dragID%22:3},{%22value%22:%226%22,%22checked%22:0,%22dragID%22:4}%93&#8243; fullwidth_field=&#8220;on&#8220; _builder_version=&#8220;4.16&#8243; global_colors_info=&#8220;{}&#8220;][\/et_pb_contact_field][et_pb_contact_field field_id=&#8220;Rate_organization_quality&#8220; field_title=&#8220;Wie beurteilst du die Organisation? (1 = schlecht, 6= \u00fcberragend gut)&#8220; field_type=&#8220;radio&#8220; radio_options=&#8220;%91{%22value%22:%221%22,%22checked%22:0,%22dragID%22:-1},{%22value%22:%222%22,%22checked%22:0,%22dragID%22:0},{%22value%22:%223%22,%22checked%22:0,%22dragID%22:1},{%22value%22:%224%22,%22checked%22:0,%22dragID%22:2},{%22value%22:%225%22,%22checked%22:0,%22dragID%22:3},{%22value%22:%226%22,%22checked%22:0,%22dragID%22:4}%93&#8243; fullwidth_field=&#8220;on&#8220; _builder_version=&#8220;4.16&#8243; global_colors_info=&#8220;{}&#8220;][\/et_pb_contact_field][et_pb_contact_field field_id=&#8220;groesste_transformation&#8220; field_title=&#8220;Was sind die wichtigsten Transformationen \/ Einsichten \/ Inspirationen, die du im Training hattest?&#8220; field_type=&#8220;text&#8220; fullwidth_field=&#8220;on&#8220; _builder_version=&#8220;4.16&#8243; global_colors_info=&#8220;{}&#8220;][\/et_pb_contact_field][et_pb_contact_field field_id=&#8220;optional&#8220; field_title=&#8220;M\u00f6chtest du noch etwas mit uns teilen? \ud83d\ude42 (Optional)&#8220; required_mark=&#8220;off&#8220; fullwidth_field=&#8220;on&#8220; _builder_version=&#8220;4.16&#8243; global_colors_info=&#8220;{}&#8220;][\/et_pb_contact_field][et_pb_contact_field field_id=&#8220;testimonial&#8220; field_title=&#8220; Die n\u00e4chste Frage, ist optional. M\u00f6chtest du uns mit einem Testimonial\/Review aushelfen und mit uns teilen, was dich am meisten inspiriert hat? Es sollten nicht mehr als 4-5 S\u00e4tze sein. Wenn du das tust k\u00f6nnte es sein, dass wir das Testimonial mit deinem Namen auf unserer Webseite verwenden.&#8220; field_type=&#8220;text&#8220; required_mark=&#8220;off&#8220; fullwidth_field=&#8220;on&#8220; _builder_version=&#8220;4.16&#8243; global_colors_info=&#8220;{}&#8220;][\/et_pb_contact_field][et_pb_contact_field field_id=&#8220;Name&#8220; field_title=&#8220;Name (optional)&#8220; required_mark=&#8220;off&#8220; _builder_version=&#8220;4.16&#8243; global_colors_info=&#8220;{}&#8220; button_text_size__hover_enabled=&#8220;off&#8220; button_one_text_size__hover_enabled=&#8220;off&#8220; button_two_text_size__hover_enabled=&#8220;off&#8220; button_text_color__hover_enabled=&#8220;off&#8220; button_one_text_color__hover_enabled=&#8220;off&#8220; button_two_text_color__hover_enabled=&#8220;off&#8220; button_border_width__hover_enabled=&#8220;off&#8220; button_one_border_width__hover_enabled=&#8220;off&#8220; button_two_border_width__hover_enabled=&#8220;off&#8220; button_border_color__hover_enabled=&#8220;off&#8220; button_one_border_color__hover_enabled=&#8220;off&#8220; button_two_border_color__hover_enabled=&#8220;off&#8220; button_border_radius__hover_enabled=&#8220;off&#8220; button_one_border_radius__hover_enabled=&#8220;off&#8220; button_two_border_radius__hover_enabled=&#8220;off&#8220; button_letter_spacing__hover_enabled=&#8220;off&#8220; button_one_letter_spacing__hover_enabled=&#8220;off&#8220; button_two_letter_spacing__hover_enabled=&#8220;off&#8220; button_bg_color__hover_enabled=&#8220;off&#8220; button_one_bg_color__hover_enabled=&#8220;off&#8220; button_two_bg_color__hover_enabled=&#8220;off&#8220;][\/et_pb_contact_field][et_pb_contact_field field_id=&#8220;Email&#8220; field_title=&#8220;Email-Adresse (optional)&#8220; field_type=&#8220;email&#8220; required_mark=&#8220;off&#8220; _builder_version=&#8220;4.16&#8243; global_colors_info=&#8220;{}&#8220; button_text_size__hover_enabled=&#8220;off&#8220; button_one_text_size__hover_enabled=&#8220;off&#8220; button_two_text_size__hover_enabled=&#8220;off&#8220; button_text_color__hover_enabled=&#8220;off&#8220; button_one_text_color__hover_enabled=&#8220;off&#8220; button_two_text_color__hover_enabled=&#8220;off&#8220; button_border_width__hover_enabled=&#8220;off&#8220; button_one_border_width__hover_enabled=&#8220;off&#8220; button_two_border_width__hover_enabled=&#8220;off&#8220; button_border_color__hover_enabled=&#8220;off&#8220; button_one_border_color__hover_enabled=&#8220;off&#8220; button_two_border_color__hover_enabled=&#8220;off&#8220; button_border_radius__hover_enabled=&#8220;off&#8220; button_one_border_radius__hover_enabled=&#8220;off&#8220; button_two_border_radius__hover_enabled=&#8220;off&#8220; button_letter_spacing__hover_enabled=&#8220;off&#8220; button_one_letter_spacing__hover_enabled=&#8220;off&#8220; button_two_letter_spacing__hover_enabled=&#8220;off&#8220; button_bg_color__hover_enabled=&#8220;off&#8220; button_one_bg_color__hover_enabled=&#8220;off&#8220; button_two_bg_color__hover_enabled=&#8220;off&#8220;][\/et_pb_contact_field][\/et_pb_contact_form][\/et_pb_column][et_pb_column type=&#8220;1_5&#8243; _builder_version=&#8220;4.16&#8243; custom_padding=&#8220;|||&#8220; global_colors_info=&#8220;{}&#8220; custom_padding__hover=&#8220;|||&#8220;][\/et_pb_column][\/et_pb_row][\/et_pb_section][et_pb_section fb_built=&#8220;1&#8243; _builder_version=&#8220;4.16&#8243; background_color=&#8220;#2F2F2F&#8220; custom_padding=&#8220;||72px|||&#8220; global_colors_info=&#8220;{}&#8220;][et_pb_row _builder_version=&#8220;4.16&#8243; global_colors_info=&#8220;{}&#8220;][et_pb_column type=&#8220;4_4&#8243; _builder_version=&#8220;4.16&#8243; custom_padding=&#8220;|||&#8220; global_colors_info=&#8220;{}&#8220; custom_padding__hover=&#8220;|||&#8220;][et_pb_text _builder_version=&#8220;4.16&#8243; global_colors_info=&#8220;{}&#8220;]<\/p>\n<div class=\"tve-page-section-in tve_empty_dropzone\" data-css=\"tve-u-1646723a6b9\">\n<div class=\"thrv_wrapper thrv-columns\">\n<div class=\"tcb-flex-row tcb--cols--1\">\n<div class=\"tcb-flex-col\">\n<div class=\"tcb-col\">\n<div class=\"thrv_wrapper thrv_text_element\">\n<p style=\"text-align: center;\"><a href=\"https:\/\/expansion-method.com\/impressum\/\" target=\"_blank\" rel=\"noopener noreferrer\">Impressum<\/a>| <a href=\"https:\/\/expansion-method.com\/datenschutz\" target=\"_blank\" rel=\"noopener noreferrer\">Privacy Policy<\/a><\/p>\n<\/div>\n<\/div>\n<\/div>\n<\/div>\n<\/div>\n<\/div>\n<p>[\/et_pb_text][\/et_pb_column][\/et_pb_row][\/et_pb_section]<\/p>\n","protected":false},"excerpt":{"rendered":"<p>&#8211; Level 1 -Expansions- Methode Trauma Release Training2022 FEEDBACKClick Here for the english questionnaire &nbsp; Sch\u00f6n, dass du hier bist! Wir w\u00fcrden gerne wissen wie das Trauma Release Training mit der Expansions-Methode f\u00fcr dich war. Das hilft uns unsere Arbeit in Zukunft weiter zu verbessern. Dein Feedback w\u00e4re uns eine gro\u00dfe Hilfe! Du kannst auch [&hellip;]<\/p>\n","protected":false},"author":1,"featured_media":0,"parent":4314,"menu_order":0,"comment_status":"closed","ping_status":"closed","template":"page-template-blank.php","meta":{"_et_pb_use_builder":"on","_et_pb_old_content":"","_et_gb_content_width":"","footnotes":""},"class_list":["post-4397","page","type-page","status-publish","hentry"],"yoast_head":"<!-- This site is optimized with the Yoast SEO plugin v27.3 - https:\/\/yoast.com\/product\/yoast-seo-wordpress\/ -->\n<title>Feedback Level 1 - 2020 - The Expansion Method<\/title>\n<meta name=\"robots\" content=\"index, follow, max-snippet:-1, max-image-preview:large, max-video-preview:-1\" \/>\n<link rel=\"canonical\" href=\"https:\/\/expansion-method.com\/de\/emtrct2020\/fragen\/\" \/>\n<meta property=\"og:locale\" content=\"de_DE\" \/>\n<meta property=\"og:type\" content=\"article\" \/>\n<meta property=\"og:title\" content=\"Feedback Level 1 - 2020 - The Expansion Method\" \/>\n<meta property=\"og:description\" content=\"- Level 1 -Expansions- Methode Trauma Release Training2022 FEEDBACKClick Here for the english questionnaire &nbsp; Sch\u00f6n, dass du hier bist! Wir w\u00fcrden gerne wissen wie das Trauma Release Training mit der Expansions-Methode f\u00fcr dich war. Das hilft uns unsere Arbeit in Zukunft weiter zu verbessern. Dein Feedback w\u00e4re uns eine gro\u00dfe Hilfe! Du kannst auch [&hellip;]\" \/>\n<meta property=\"og:url\" content=\"https:\/\/expansion-method.com\/de\/emtrct2020\/fragen\/\" \/>\n<meta property=\"og:site_name\" content=\"The Expansion Method\" \/>\n<meta property=\"article:modified_time\" content=\"2022-05-15T10:57:07+00:00\" \/>\n<meta name=\"twitter:card\" content=\"summary_large_image\" \/>\n<meta name=\"twitter:label1\" content=\"Gesch\u00e4tzte Lesezeit\" \/>\n\t<meta name=\"twitter:data1\" content=\"8\u00a0Minuten\" \/>\n<script type=\"application\/ld+json\" class=\"yoast-schema-graph\">{\"@context\":\"https:\\\/\\\/schema.org\",\"@graph\":[{\"@type\":\"WebPage\",\"@id\":\"https:\\\/\\\/expansion-method.com\\\/de\\\/emtrct2020\\\/fragen\\\/\",\"url\":\"https:\\\/\\\/expansion-method.com\\\/de\\\/emtrct2020\\\/fragen\\\/\",\"name\":\"Feedback Level 1 - 2020 - The Expansion Method\",\"isPartOf\":{\"@id\":\"https:\\\/\\\/expansion-method.com\\\/de\\\/#website\"},\"datePublished\":\"2020-04-20T18:43:06+00:00\",\"dateModified\":\"2022-05-15T10:57:07+00:00\",\"breadcrumb\":{\"@id\":\"https:\\\/\\\/expansion-method.com\\\/de\\\/emtrct2020\\\/fragen\\\/#breadcrumb\"},\"inLanguage\":\"de\",\"potentialAction\":[{\"@type\":\"ReadAction\",\"target\":[\"https:\\\/\\\/expansion-method.com\\\/de\\\/emtrct2020\\\/fragen\\\/\"]}]},{\"@type\":\"BreadcrumbList\",\"@id\":\"https:\\\/\\\/expansion-method.com\\\/de\\\/emtrct2020\\\/fragen\\\/#breadcrumb\",\"itemListElement\":[{\"@type\":\"ListItem\",\"position\":1,\"name\":\"Startseite\",\"item\":\"https:\\\/\\\/expansion-method.com\\\/de\\\/\"},{\"@type\":\"ListItem\",\"position\":2,\"name\":\"Emtrct2020\",\"item\":\"https:\\\/\\\/expansion-method.com\\\/de\\\/emtrct2020\\\/\"},{\"@type\":\"ListItem\",\"position\":3,\"name\":\"Feedback Level 1 &#8211; 2020\"}]},{\"@type\":\"WebSite\",\"@id\":\"https:\\\/\\\/expansion-method.com\\\/de\\\/#website\",\"url\":\"https:\\\/\\\/expansion-method.com\\\/de\\\/\",\"name\":\"The Expansion Method\",\"description\":\"Become Bigger Than Your Problems\",\"potentialAction\":[{\"@type\":\"SearchAction\",\"target\":{\"@type\":\"EntryPoint\",\"urlTemplate\":\"https:\\\/\\\/expansion-method.com\\\/de\\\/?s={search_term_string}\"},\"query-input\":{\"@type\":\"PropertyValueSpecification\",\"valueRequired\":true,\"valueName\":\"search_term_string\"}}],\"inLanguage\":\"de\"}]}<\/script>\n<!-- \/ Yoast SEO plugin. -->","yoast_head_json":{"title":"Feedback Level 1 - 2020 - The Expansion Method","robots":{"index":"index","follow":"follow","max-snippet":"max-snippet:-1","max-image-preview":"max-image-preview:large","max-video-preview":"max-video-preview:-1"},"canonical":"https:\/\/expansion-method.com\/de\/emtrct2020\/fragen\/","og_locale":"de_DE","og_type":"article","og_title":"Feedback Level 1 - 2020 - The Expansion Method","og_description":"- Level 1 -Expansions- Methode Trauma Release Training2022 FEEDBACKClick Here for the english questionnaire &nbsp; Sch\u00f6n, dass du hier bist! Wir w\u00fcrden gerne wissen wie das Trauma Release Training mit der Expansions-Methode f\u00fcr dich war. Das hilft uns unsere Arbeit in Zukunft weiter zu verbessern. Dein Feedback w\u00e4re uns eine gro\u00dfe Hilfe! Du kannst auch [&hellip;]","og_url":"https:\/\/expansion-method.com\/de\/emtrct2020\/fragen\/","og_site_name":"The Expansion Method","article_modified_time":"2022-05-15T10:57:07+00:00","twitter_card":"summary_large_image","twitter_misc":{"Gesch\u00e4tzte Lesezeit":"8\u00a0Minuten"},"schema":{"@context":"https:\/\/schema.org","@graph":[{"@type":"WebPage","@id":"https:\/\/expansion-method.com\/de\/emtrct2020\/fragen\/","url":"https:\/\/expansion-method.com\/de\/emtrct2020\/fragen\/","name":"Feedback Level 1 - 2020 - The Expansion Method","isPartOf":{"@id":"https:\/\/expansion-method.com\/de\/#website"},"datePublished":"2020-04-20T18:43:06+00:00","dateModified":"2022-05-15T10:57:07+00:00","breadcrumb":{"@id":"https:\/\/expansion-method.com\/de\/emtrct2020\/fragen\/#breadcrumb"},"inLanguage":"de","potentialAction":[{"@type":"ReadAction","target":["https:\/\/expansion-method.com\/de\/emtrct2020\/fragen\/"]}]},{"@type":"BreadcrumbList","@id":"https:\/\/expansion-method.com\/de\/emtrct2020\/fragen\/#breadcrumb","itemListElement":[{"@type":"ListItem","position":1,"name":"Startseite","item":"https:\/\/expansion-method.com\/de\/"},{"@type":"ListItem","position":2,"name":"Emtrct2020","item":"https:\/\/expansion-method.com\/de\/emtrct2020\/"},{"@type":"ListItem","position":3,"name":"Feedback Level 1 &#8211; 2020"}]},{"@type":"WebSite","@id":"https:\/\/expansion-method.com\/de\/#website","url":"https:\/\/expansion-method.com\/de\/","name":"The Expansion Method","description":"Become Bigger Than Your Problems","potentialAction":[{"@type":"SearchAction","target":{"@type":"EntryPoint","urlTemplate":"https:\/\/expansion-method.com\/de\/?s={search_term_string}"},"query-input":{"@type":"PropertyValueSpecification","valueRequired":true,"valueName":"search_term_string"}}],"inLanguage":"de"}]}},"_links":{"self":[{"href":"https:\/\/expansion-method.com\/de\/wp-json\/wp\/v2\/pages\/4397","targetHints":{"allow":["GET"]}}],"collection":[{"href":"https:\/\/expansion-method.com\/de\/wp-json\/wp\/v2\/pages"}],"about":[{"href":"https:\/\/expansion-method.com\/de\/wp-json\/wp\/v2\/types\/page"}],"author":[{"embeddable":true,"href":"https:\/\/expansion-method.com\/de\/wp-json\/wp\/v2\/users\/1"}],"replies":[{"embeddable":true,"href":"https:\/\/expansion-method.com\/de\/wp-json\/wp\/v2\/comments?post=4397"}],"version-history":[{"count":0,"href":"https:\/\/expansion-method.com\/de\/wp-json\/wp\/v2\/pages\/4397\/revisions"}],"up":[{"embeddable":true,"href":"https:\/\/expansion-method.com\/de\/wp-json\/wp\/v2\/pages\/4314"}],"wp:attachment":[{"href":"https:\/\/expansion-method.com\/de\/wp-json\/wp\/v2\/media?parent=4397"}],"curies":[{"name":"wp","href":"https:\/\/api.w.org\/{rel}","templated":true}]}}