{"id":4507,"date":"2020-06-02T11:24:09","date_gmt":"2020-06-02T09:24:09","guid":{"rendered":"https:\/\/expansion-method.com\/?page_id=4507"},"modified":"2020-06-02T18:52:51","modified_gmt":"2020-06-02T16:52:51","slug":"hm-recordings","status":"publish","type":"page","link":"https:\/\/expansion-method.com\/de\/emtrct2020\/hm-recordings\/","title":{"rendered":"Hidden Memory 2020 &#8211; Recordings"},"content":{"rendered":"<p>[et_pb_section fb_built=&#8220;1&#8243; _builder_version=&#8220;4.4.7&#8243;][et_pb_row column_structure=&#8220;1_5,3_5,1_5&#8243; _builder_version=&#8220;4.4.7&#8243;][et_pb_column type=&#8220;1_5&#8243; _builder_version=&#8220;4.4.7&#8243;][\/et_pb_column][et_pb_column type=&#8220;3_5&#8243; _builder_version=&#8220;4.4.7&#8243;][et_pb_text _builder_version=&#8220;4.4.7&#8243;]<\/p>\n<h1>Friday &#8211; Freitag<\/h1>\n<h3>What is hidden memory &#8211; Was sind verborgene Erinnerungen?<\/h3>\n<p>[\/et_pb_text][et_pb_video src=&#8220;https:\/\/youtu.be\/5ryfa8zGPBU&#8220; _builder_version=&#8220;4.4.7&#8243;][\/et_pb_video][et_pb_text _builder_version=&#8220;4.4.7&#8243;]<\/p>\n<h3>Studying the hidden memory technique for trauma\/aggressor<\/h3>\n<h3>Lernen der Technik der verborgenen Erinnerung f\u00fcr Trauma\/Aggressor<\/h3>\n<p>[\/et_pb_text][et_pb_video src=&#8220;https:\/\/youtu.be\/3iPbgSgr4TQ&#8220; _builder_version=&#8220;4.4.7&#8243;][\/et_pb_video][et_pb_text _builder_version=&#8220;4.4.7&#8243;]<\/p>\n<h3>Demonstration: hidden memory for trauma<\/h3>\n<h3>Vorf\u00fchrung: Hidden Memory f\u00fcr Trauma<\/h3>\n<p>[\/et_pb_text][et_pb_video src=&#8220;https:\/\/youtu.be\/5rx2nSt0TwI&#8220; _builder_version=&#8220;4.4.7&#8243;][\/et_pb_video][et_pb_text _builder_version=&#8220;4.4.7&#8243;]<\/p>\n<h3>Questions and sharing<\/h3>\n<h3>Fragen und Teilen<\/h3>\n<p>[\/et_pb_text][et_pb_video src=&#8220;https:\/\/youtu.be\/FMVaWQV6jzo&#8220; _builder_version=&#8220;4.4.7&#8243;][\/et_pb_video][\/et_pb_column][et_pb_column type=&#8220;1_5&#8243; _builder_version=&#8220;4.4.7&#8243;][\/et_pb_column][\/et_pb_row][\/et_pb_section][et_pb_section fb_built=&#8220;1&#8243; _builder_version=&#8220;4.4.7&#8243; background_color=&#8220;#f9f9f9&#8243;][et_pb_row column_structure=&#8220;1_5,3_5,1_5&#8243; _builder_version=&#8220;4.4.7&#8243;][et_pb_column type=&#8220;1_5&#8243; _builder_version=&#8220;4.4.7&#8243;][\/et_pb_column][et_pb_column type=&#8220;3_5&#8243; _builder_version=&#8220;4.4.7&#8243;][et_pb_text _builder_version=&#8220;4.4.7&#8243;]<\/p>\n<h1>Saturday &#8211; Samstag<\/h1>\n<h3>Power psychology: the primal narrative\u00a0&#8211; Die Ur-Erz\u00e4hlung<\/h3>\n<p>[\/et_pb_text][et_pb_video src=&#8220;https:\/\/youtu.be\/4qcnRR_ogkQ&#8220; _builder_version=&#8220;4.4.7&#8243;][\/et_pb_video][et_pb_text _builder_version=&#8220;4.4.7&#8243;]<\/p>\n<h3>Memory connections<\/h3>\n<h3>Erinnerungsverbindungen<\/h3>\n<p>[\/et_pb_text][et_pb_video src=&#8220;https:\/\/youtu.be\/pckfx0GVnFg&#8220; _builder_version=&#8220;4.4.7&#8243;][\/et_pb_video][et_pb_text _builder_version=&#8220;4.4.7&#8243;]<\/p>\n<h3>Practice: Memory Connections<\/h3>\n<h3>Vorf\u00fchrung: Hidden Memory f\u00fcr Trauma<\/h3>\n<p>[\/et_pb_text][et_pb_video src=&#8220;https:\/\/youtu.be\/igw_UTb6rAY&#8220; _builder_version=&#8220;4.4.7&#8243;][\/et_pb_video][et_pb_text _builder_version=&#8220;4.4.7&#8243;]<\/p>\n<h3>Questions and sharing<\/h3>\n<h3>Fragen und Teilen<\/h3>\n<p>[\/et_pb_text][et_pb_video src=&#8220;https:\/\/youtu.be\/Y3ZoKTSSvPI&#8220; _builder_version=&#8220;4.4.7&#8243;][\/et_pb_video][\/et_pb_column][et_pb_column type=&#8220;1_5&#8243; _builder_version=&#8220;4.4.7&#8243;][\/et_pb_column][\/et_pb_row][\/et_pb_section][et_pb_section fb_built=&#8220;1&#8243; _builder_version=&#8220;4.4.7&#8243;][et_pb_row column_structure=&#8220;1_5,3_5,1_5&#8243; _builder_version=&#8220;4.4.7&#8243;][et_pb_column type=&#8220;1_5&#8243; _builder_version=&#8220;4.4.7&#8243;][\/et_pb_column][et_pb_column type=&#8220;3_5&#8243; _builder_version=&#8220;4.4.7&#8243;][et_pb_text _builder_version=&#8220;4.4.7&#8243;]<\/p>\n<h1>Sunday &#8211; Sonntag<\/h1>\n<h3>Studying the hidden memory technique for skills and abilities &#8211; Die Hidden Memory Technik f\u00fcr Talente und f\u00e4higkeiten lernen?<\/h3>\n<p>[\/et_pb_text][et_pb_video src=&#8220;https:\/\/youtu.be\/V3WxE_Q9NwM&#8220; _builder_version=&#8220;4.4.7&#8243; hover_enabled=&#8220;0&#8243;][\/et_pb_video][et_pb_text _builder_version=&#8220;4.4.7&#8243;]<\/p>\n<h3>Demonstration: hidden memory for Skill and Abilities<\/h3>\n<h3>Vorf\u00fchrung: Hidden Memory f\u00fcr Talente und F\u00e4higkeiten<\/h3>\n<p>[\/et_pb_text][et_pb_video src=&#8220;https:\/\/youtu.be\/xOdqkwkpCps&#8220; _builder_version=&#8220;4.4.7&#8243; hover_enabled=&#8220;0&#8243;][\/et_pb_video][et_pb_text _builder_version=&#8220;4.4.7&#8243;]<\/p>\n<h3>Questions and Sharings<\/h3>\n<h3>Fragen und Teilen<\/h3>\n<p>[\/et_pb_text][et_pb_video src=&#8220;https:\/\/youtu.be\/dRXFxNafOxA&#8220; _builder_version=&#8220;4.4.7&#8243; hover_enabled=&#8220;0&#8243;][\/et_pb_video][et_pb_text _builder_version=&#8220;4.4.7&#8243;]<\/p>\n<h3>Closure<\/h3>\n<h3>Abschluss<\/h3>\n<p>[\/et_pb_text][et_pb_video src=&#8220;https:\/\/youtu.be\/76f6UI6JAcY&#8220; _builder_version=&#8220;4.4.7&#8243; hover_enabled=&#8220;0&#8243;][\/et_pb_video][\/et_pb_column][et_pb_column type=&#8220;1_5&#8243; _builder_version=&#8220;4.4.7&#8243;][\/et_pb_column][\/et_pb_row][\/et_pb_section]<\/p>\n","protected":false},"excerpt":{"rendered":"<p>Friday &#8211; Freitag What is hidden memory &#8211; Was sind verborgene Erinnerungen?Studying the hidden memory technique for trauma\/aggressor Lernen der Technik der verborgenen Erinnerung f\u00fcr Trauma\/AggressorDemonstration: hidden memory for trauma Vorf\u00fchrung: Hidden Memory f\u00fcr TraumaQuestions and sharing Fragen und TeilenSaturday &#8211; Samstag Power psychology: the primal narrative\u00a0&#8211; Die Ur-Erz\u00e4hlungMemory connections ErinnerungsverbindungenPractice: Memory Connections Vorf\u00fchrung: Hidden [&hellip;]<\/p>\n","protected":false},"author":1,"featured_media":0,"parent":4314,"menu_order":0,"comment_status":"closed","ping_status":"closed","template":"","meta":{"_et_pb_use_builder":"on","_et_pb_old_content":"","_et_gb_content_width":"","footnotes":""},"class_list":["post-4507","page","type-page","status-publish","hentry"],"yoast_head":"<!-- This site is optimized with the Yoast SEO plugin v27.3 - https:\/\/yoast.com\/product\/yoast-seo-wordpress\/ -->\n<title>Hidden Memory 2020 - Recordings - The Expansion Method<\/title>\n<meta name=\"robots\" content=\"index, follow, max-snippet:-1, max-image-preview:large, max-video-preview:-1\" \/>\n<link rel=\"canonical\" href=\"https:\/\/expansion-method.com\/de\/emtrct2020\/hm-recordings\/\" \/>\n<meta property=\"og:locale\" content=\"de_DE\" \/>\n<meta property=\"og:type\" content=\"article\" \/>\n<meta property=\"og:title\" content=\"Hidden Memory 2020 - Recordings - The Expansion Method\" \/>\n<meta property=\"og:description\" content=\"Friday - Freitag What is hidden memory - Was sind verborgene Erinnerungen?Studying the hidden memory technique for trauma\/aggressor Lernen der Technik der verborgenen Erinnerung f\u00fcr Trauma\/AggressorDemonstration: hidden memory for trauma Vorf\u00fchrung: Hidden Memory f\u00fcr TraumaQuestions and sharing Fragen und TeilenSaturday - Samstag Power psychology: the primal narrative\u00a0- Die Ur-Erz\u00e4hlungMemory connections ErinnerungsverbindungenPractice: Memory Connections Vorf\u00fchrung: Hidden [&hellip;]\" \/>\n<meta property=\"og:url\" content=\"https:\/\/expansion-method.com\/de\/emtrct2020\/hm-recordings\/\" \/>\n<meta property=\"og:site_name\" content=\"The Expansion Method\" \/>\n<meta property=\"article:modified_time\" content=\"2020-06-02T16:52:51+00:00\" \/>\n<meta name=\"twitter:card\" content=\"summary_large_image\" \/>\n<meta name=\"twitter:label1\" content=\"Gesch\u00e4tzte Lesezeit\" \/>\n\t<meta name=\"twitter:data1\" content=\"3\u00a0Minuten\" \/>\n<script type=\"application\/ld+json\" class=\"yoast-schema-graph\">{\"@context\":\"https:\\\/\\\/schema.org\",\"@graph\":[{\"@type\":\"WebPage\",\"@id\":\"https:\\\/\\\/expansion-method.com\\\/de\\\/emtrct2020\\\/hm-recordings\\\/\",\"url\":\"https:\\\/\\\/expansion-method.com\\\/de\\\/emtrct2020\\\/hm-recordings\\\/\",\"name\":\"Hidden Memory 2020 - Recordings - The Expansion Method\",\"isPartOf\":{\"@id\":\"https:\\\/\\\/expansion-method.com\\\/de\\\/#website\"},\"datePublished\":\"2020-06-02T09:24:09+00:00\",\"dateModified\":\"2020-06-02T16:52:51+00:00\",\"breadcrumb\":{\"@id\":\"https:\\\/\\\/expansion-method.com\\\/de\\\/emtrct2020\\\/hm-recordings\\\/#breadcrumb\"},\"inLanguage\":\"de\",\"potentialAction\":[{\"@type\":\"ReadAction\",\"target\":[\"https:\\\/\\\/expansion-method.com\\\/de\\\/emtrct2020\\\/hm-recordings\\\/\"]}]},{\"@type\":\"BreadcrumbList\",\"@id\":\"https:\\\/\\\/expansion-method.com\\\/de\\\/emtrct2020\\\/hm-recordings\\\/#breadcrumb\",\"itemListElement\":[{\"@type\":\"ListItem\",\"position\":1,\"name\":\"Startseite\",\"item\":\"https:\\\/\\\/expansion-method.com\\\/de\\\/\"},{\"@type\":\"ListItem\",\"position\":2,\"name\":\"Emtrct2020\",\"item\":\"https:\\\/\\\/expansion-method.com\\\/de\\\/emtrct2020\\\/\"},{\"@type\":\"ListItem\",\"position\":3,\"name\":\"Hidden Memory 2020 &#8211; Recordings\"}]},{\"@type\":\"WebSite\",\"@id\":\"https:\\\/\\\/expansion-method.com\\\/de\\\/#website\",\"url\":\"https:\\\/\\\/expansion-method.com\\\/de\\\/\",\"name\":\"The Expansion Method\",\"description\":\"Become Bigger Than Your Problems\",\"potentialAction\":[{\"@type\":\"SearchAction\",\"target\":{\"@type\":\"EntryPoint\",\"urlTemplate\":\"https:\\\/\\\/expansion-method.com\\\/de\\\/?s={search_term_string}\"},\"query-input\":{\"@type\":\"PropertyValueSpecification\",\"valueRequired\":true,\"valueName\":\"search_term_string\"}}],\"inLanguage\":\"de\"}]}<\/script>\n<!-- \/ Yoast SEO plugin. -->","yoast_head_json":{"title":"Hidden Memory 2020 - Recordings - The Expansion Method","robots":{"index":"index","follow":"follow","max-snippet":"max-snippet:-1","max-image-preview":"max-image-preview:large","max-video-preview":"max-video-preview:-1"},"canonical":"https:\/\/expansion-method.com\/de\/emtrct2020\/hm-recordings\/","og_locale":"de_DE","og_type":"article","og_title":"Hidden Memory 2020 - Recordings - The Expansion Method","og_description":"Friday - Freitag What is hidden memory - Was sind verborgene Erinnerungen?Studying the hidden memory technique for trauma\/aggressor Lernen der Technik der verborgenen Erinnerung f\u00fcr Trauma\/AggressorDemonstration: hidden memory for trauma Vorf\u00fchrung: Hidden Memory f\u00fcr TraumaQuestions and sharing Fragen und TeilenSaturday - Samstag Power psychology: the primal narrative\u00a0- Die Ur-Erz\u00e4hlungMemory connections ErinnerungsverbindungenPractice: Memory Connections Vorf\u00fchrung: Hidden [&hellip;]","og_url":"https:\/\/expansion-method.com\/de\/emtrct2020\/hm-recordings\/","og_site_name":"The Expansion Method","article_modified_time":"2020-06-02T16:52:51+00:00","twitter_card":"summary_large_image","twitter_misc":{"Gesch\u00e4tzte Lesezeit":"3\u00a0Minuten"},"schema":{"@context":"https:\/\/schema.org","@graph":[{"@type":"WebPage","@id":"https:\/\/expansion-method.com\/de\/emtrct2020\/hm-recordings\/","url":"https:\/\/expansion-method.com\/de\/emtrct2020\/hm-recordings\/","name":"Hidden Memory 2020 - Recordings - The Expansion Method","isPartOf":{"@id":"https:\/\/expansion-method.com\/de\/#website"},"datePublished":"2020-06-02T09:24:09+00:00","dateModified":"2020-06-02T16:52:51+00:00","breadcrumb":{"@id":"https:\/\/expansion-method.com\/de\/emtrct2020\/hm-recordings\/#breadcrumb"},"inLanguage":"de","potentialAction":[{"@type":"ReadAction","target":["https:\/\/expansion-method.com\/de\/emtrct2020\/hm-recordings\/"]}]},{"@type":"BreadcrumbList","@id":"https:\/\/expansion-method.com\/de\/emtrct2020\/hm-recordings\/#breadcrumb","itemListElement":[{"@type":"ListItem","position":1,"name":"Startseite","item":"https:\/\/expansion-method.com\/de\/"},{"@type":"ListItem","position":2,"name":"Emtrct2020","item":"https:\/\/expansion-method.com\/de\/emtrct2020\/"},{"@type":"ListItem","position":3,"name":"Hidden Memory 2020 &#8211; Recordings"}]},{"@type":"WebSite","@id":"https:\/\/expansion-method.com\/de\/#website","url":"https:\/\/expansion-method.com\/de\/","name":"The Expansion Method","description":"Become Bigger Than Your Problems","potentialAction":[{"@type":"SearchAction","target":{"@type":"EntryPoint","urlTemplate":"https:\/\/expansion-method.com\/de\/?s={search_term_string}"},"query-input":{"@type":"PropertyValueSpecification","valueRequired":true,"valueName":"search_term_string"}}],"inLanguage":"de"}]}},"_links":{"self":[{"href":"https:\/\/expansion-method.com\/de\/wp-json\/wp\/v2\/pages\/4507","targetHints":{"allow":["GET"]}}],"collection":[{"href":"https:\/\/expansion-method.com\/de\/wp-json\/wp\/v2\/pages"}],"about":[{"href":"https:\/\/expansion-method.com\/de\/wp-json\/wp\/v2\/types\/page"}],"author":[{"embeddable":true,"href":"https:\/\/expansion-method.com\/de\/wp-json\/wp\/v2\/users\/1"}],"replies":[{"embeddable":true,"href":"https:\/\/expansion-method.com\/de\/wp-json\/wp\/v2\/comments?post=4507"}],"version-history":[{"count":0,"href":"https:\/\/expansion-method.com\/de\/wp-json\/wp\/v2\/pages\/4507\/revisions"}],"up":[{"embeddable":true,"href":"https:\/\/expansion-method.com\/de\/wp-json\/wp\/v2\/pages\/4314"}],"wp:attachment":[{"href":"https:\/\/expansion-method.com\/de\/wp-json\/wp\/v2\/media?parent=4507"}],"curies":[{"name":"wp","href":"https:\/\/api.w.org\/{rel}","templated":true}]}}