{"id":4583,"date":"2021-01-28T12:34:57","date_gmt":"2021-01-28T11:34:57","guid":{"rendered":"https:\/\/expansion-method.com\/?page_id=4583"},"modified":"2021-05-20T18:15:44","modified_gmt":"2021-05-20T16:15:44","slug":"willkommen-challenge","status":"publish","type":"page","link":"https:\/\/expansion-method.com\/de\/willkommen-challenge\/","title":{"rendered":"Willkommen zur Challenge"},"content":{"rendered":"<p>[et_pb_section fb_built=&#8220;1&#8243; _builder_version=&#8220;4.8.1&#8243; _module_preset=&#8220;default&#8220; background_color=&#8220;#fefaee&#8220; custom_padding=&#8220;27px||14px|||&#8220;][et_pb_row column_structure=&#8220;1_2,1_2&#8243; _builder_version=&#8220;4.8.1&#8243; _module_preset=&#8220;default&#8220;][et_pb_column type=&#8220;1_2&#8243; _builder_version=&#8220;4.8.1&#8243; _module_preset=&#8220;default&#8220;][et_pb_image src=&#8220;https:\/\/expansion-method.com\/wp-content\/uploads\/2019\/05\/The-Expansion-Method-Logo.png&#8220; title_text=&#8220;The Expansion Method Logo&#8220; _builder_version=&#8220;4.8.1&#8243; _module_preset=&#8220;default&#8220; width=&#8220;46%&#8220; module_alignment=&#8220;center&#8220;][\/et_pb_image][\/et_pb_column][et_pb_column type=&#8220;1_2&#8243; _builder_version=&#8220;4.8.1&#8243; _module_preset=&#8220;default&#8220;][et_pb_button button_url=&#8220;https:\/\/we.activespirits.net\/login&#8220; url_new_window=&#8220;on&#8220; button_text=&#8220;LOGIN&#8220; button_alignment=&#8220;center&#8220; _builder_version=&#8220;4.8.1&#8243; _module_preset=&#8220;default&#8220; button_text_color=&#8220;#FFFFFF&#8220; button_bg_color=&#8220;#ca6b29&#8243; button_icon=&#8220;%%28%%&#8220; box_shadow_style=&#8220;preset1&#8243;][\/et_pb_button][\/et_pb_column][\/et_pb_row][\/et_pb_section][et_pb_section fb_built=&#8220;1&#8243; _builder_version=&#8220;4.8.1&#8243; _module_preset=&#8220;default&#8220;][et_pb_row column_structure=&#8220;1_5,3_5,1_5&#8243; _builder_version=&#8220;4.8.1&#8243; _module_preset=&#8220;default&#8220;][et_pb_column type=&#8220;1_5&#8243; _builder_version=&#8220;4.8.1&#8243; _module_preset=&#8220;default&#8220;][\/et_pb_column][et_pb_column type=&#8220;3_5&#8243; _builder_version=&#8220;4.8.1&#8243; _module_preset=&#8220;default&#8220;][et_pb_text _builder_version=&#8220;4.8.1&#8243; _module_preset=&#8220;default&#8220;]<\/p>\n<h1 style=\"text-align: center;\">Willkommen zu dieser spannenden Reise nach innen<\/h1>\n<p>[\/et_pb_text][\/et_pb_column][et_pb_column type=&#8220;1_5&#8243; _builder_version=&#8220;4.8.1&#8243; _module_preset=&#8220;default&#8220;][\/et_pb_column][\/et_pb_row][\/et_pb_section][et_pb_section fb_built=&#8220;1&#8243; _builder_version=&#8220;4.8.1&#8243; _module_preset=&#8220;default&#8220; background_color=&#8220;#eefefe&#8220;][et_pb_row column_structure=&#8220;1_5,3_5,1_5&#8243; _builder_version=&#8220;4.8.1&#8243; _module_preset=&#8220;default&#8220;][et_pb_column type=&#8220;1_5&#8243; _builder_version=&#8220;4.8.1&#8243; _module_preset=&#8220;default&#8220;][\/et_pb_column][et_pb_column type=&#8220;3_5&#8243; _builder_version=&#8220;4.8.1&#8243; _module_preset=&#8220;default&#8220;][et_pb_text _builder_version=&#8220;4.8.1&#8243; _module_preset=&#8220;default&#8220;]<\/p>\n<p>Wir freuen uns sehr dich dabei zu haben!<\/p>\n<p>M\u00f6gen wir eine wundervolle, tiefe und transformative Reise teilen!<\/p>\n<p>In den n\u00e4chsten Minuten erh\u00e4ltst du eine <strong><em>E-Mail<\/em><\/strong> von uns. Darin findest du alle Informationen zu deiner Bestellung.<\/p>\n<p>Unser <em>Online-Campus<\/em>, auf dem die Challenge stattfindet hei\u00dft <strong><em>ActiveSpirits.<\/em><\/strong><\/p>\n<p>Die Mail mit den Zugangsdaten wird dich also \u00fcber ActiveSpirits erreichen.<\/p>\n<p>Falls du diese E-Mails nicht direkt findest, schau auch kurz in deinem Spam-Ordner nach.<br \/>Hier ist dein Link in den gesch\u00fctzten Mitgliederbereich:<br \/><a href=\"https:\/\/we.activespirits.net\/\" target=\"_blank\" rel=\"noopener\">\u200bwe.activespirits.net<\/a><\/p>\n<p>Wir w\u00fcnschen dir viel Freude auf der gemeinsamen Reise.<\/p>\n<p>P.S.<br \/>Falls du Hilfe brauchst, schreib uns gerne jederzeit an<span>\u00a0<\/span><em>carlos@activespirits.net<\/em>.<\/p>\n<p>Die Abrechnung erfolgt \u00fcber unseren Zahlungsanbieter Digistore24.<\/p>\n<p>[\/et_pb_text][\/et_pb_column][et_pb_column type=&#8220;1_5&#8243; _builder_version=&#8220;4.8.1&#8243; _module_preset=&#8220;default&#8220;][\/et_pb_column][\/et_pb_row][\/et_pb_section][et_pb_section fb_built=&#8220;1&#8243; _builder_version=&#8220;4.8.1&#8243; _module_preset=&#8220;default&#8220;][et_pb_row column_structure=&#8220;1_3,1_3,1_3&#8243; _builder_version=&#8220;4.8.1&#8243; _module_preset=&#8220;default&#8220;][et_pb_column type=&#8220;1_3&#8243; _builder_version=&#8220;4.8.1&#8243; _module_preset=&#8220;default&#8220;][\/et_pb_column][et_pb_column type=&#8220;1_3&#8243; _builder_version=&#8220;4.8.1&#8243; _module_preset=&#8220;default&#8220;][et_pb_text _builder_version=&#8220;4.8.1&#8243; _module_preset=&#8220;default&#8220;]<\/p>\n<p style=\"text-align: center;\"><a href=\"https:\/\/expansion-method.com\/impressum\/\"><strong>Impressum<\/strong><\/a><strong> | <a href=\"https:\/\/expansion-method.com\/privacy-policy\/\">Datenschutz<\/a><\/strong><\/p>\n<p>[\/et_pb_text][\/et_pb_column][et_pb_column type=&#8220;1_3&#8243; _builder_version=&#8220;4.8.1&#8243; _module_preset=&#8220;default&#8220;][\/et_pb_column][\/et_pb_row][\/et_pb_section]<\/p>\n","protected":false},"excerpt":{"rendered":"<p>Willkommen zu dieser spannenden Reise nach innenWir freuen uns sehr dich dabei zu haben! M\u00f6gen wir eine wundervolle, tiefe und transformative Reise teilen! In den n\u00e4chsten Minuten erh\u00e4ltst du eine E-Mail von uns. Darin findest du alle Informationen zu deiner Bestellung. Unser Online-Campus, auf dem die Challenge stattfindet hei\u00dft ActiveSpirits. Die Mail mit den Zugangsdaten [&hellip;]<\/p>\n","protected":false},"author":1,"featured_media":0,"parent":0,"menu_order":0,"comment_status":"closed","ping_status":"closed","template":"page-template-blank.php","meta":{"_et_pb_use_builder":"on","_et_pb_old_content":"","_et_gb_content_width":"","footnotes":""},"class_list":["post-4583","page","type-page","status-publish","hentry"],"yoast_head":"<!-- This site is optimized with the Yoast SEO plugin v27.1.1 - https:\/\/yoast.com\/product\/yoast-seo-wordpress\/ -->\n<title>Willkommen zur Challenge - The Expansion Method<\/title>\n<meta name=\"robots\" content=\"index, follow, max-snippet:-1, max-image-preview:large, max-video-preview:-1\" \/>\n<link rel=\"canonical\" href=\"https:\/\/expansion-method.com\/de\/willkommen-challenge\/\" \/>\n<meta property=\"og:locale\" content=\"de_DE\" \/>\n<meta property=\"og:type\" content=\"article\" \/>\n<meta property=\"og:title\" content=\"Willkommen zur Challenge - The Expansion Method\" \/>\n<meta property=\"og:description\" content=\"Willkommen zu dieser spannenden Reise nach innenWir freuen uns sehr dich dabei zu haben! M\u00f6gen wir eine wundervolle, tiefe und transformative Reise teilen! In den n\u00e4chsten Minuten erh\u00e4ltst du eine E-Mail von uns. Darin findest du alle Informationen zu deiner Bestellung. Unser Online-Campus, auf dem die Challenge stattfindet hei\u00dft ActiveSpirits. Die Mail mit den Zugangsdaten [&hellip;]\" \/>\n<meta property=\"og:url\" content=\"https:\/\/expansion-method.com\/de\/willkommen-challenge\/\" \/>\n<meta property=\"og:site_name\" content=\"The Expansion Method\" \/>\n<meta property=\"article:modified_time\" content=\"2021-05-20T16:15:44+00:00\" \/>\n<meta name=\"twitter:card\" content=\"summary_large_image\" \/>\n<meta name=\"twitter:label1\" content=\"Gesch\u00e4tzte Lesezeit\" \/>\n\t<meta name=\"twitter:data1\" content=\"2\u00a0Minuten\" \/>\n<script type=\"application\/ld+json\" class=\"yoast-schema-graph\">{\"@context\":\"https:\/\/schema.org\",\"@graph\":[{\"@type\":\"WebPage\",\"@id\":\"https:\/\/expansion-method.com\/de\/willkommen-challenge\/\",\"url\":\"https:\/\/expansion-method.com\/de\/willkommen-challenge\/\",\"name\":\"Willkommen zur Challenge - The Expansion Method\",\"isPartOf\":{\"@id\":\"https:\/\/expansion-method.com\/de\/#website\"},\"datePublished\":\"2021-01-28T11:34:57+00:00\",\"dateModified\":\"2021-05-20T16:15:44+00:00\",\"breadcrumb\":{\"@id\":\"https:\/\/expansion-method.com\/de\/willkommen-challenge\/#breadcrumb\"},\"inLanguage\":\"de\",\"potentialAction\":[{\"@type\":\"ReadAction\",\"target\":[\"https:\/\/expansion-method.com\/de\/willkommen-challenge\/\"]}]},{\"@type\":\"BreadcrumbList\",\"@id\":\"https:\/\/expansion-method.com\/de\/willkommen-challenge\/#breadcrumb\",\"itemListElement\":[{\"@type\":\"ListItem\",\"position\":1,\"name\":\"Startseite\",\"item\":\"https:\/\/expansion-method.com\/de\/\"},{\"@type\":\"ListItem\",\"position\":2,\"name\":\"Willkommen zur Challenge\"}]},{\"@type\":\"WebSite\",\"@id\":\"https:\/\/expansion-method.com\/de\/#website\",\"url\":\"https:\/\/expansion-method.com\/de\/\",\"name\":\"The Expansion Method\",\"description\":\"Become Bigger Than Your Problems\",\"potentialAction\":[{\"@type\":\"SearchAction\",\"target\":{\"@type\":\"EntryPoint\",\"urlTemplate\":\"https:\/\/expansion-method.com\/de\/?s={search_term_string}\"},\"query-input\":{\"@type\":\"PropertyValueSpecification\",\"valueRequired\":true,\"valueName\":\"search_term_string\"}}],\"inLanguage\":\"de\"}]}<\/script>\n<!-- \/ Yoast SEO plugin. -->","yoast_head_json":{"title":"Willkommen zur Challenge - The Expansion Method","robots":{"index":"index","follow":"follow","max-snippet":"max-snippet:-1","max-image-preview":"max-image-preview:large","max-video-preview":"max-video-preview:-1"},"canonical":"https:\/\/expansion-method.com\/de\/willkommen-challenge\/","og_locale":"de_DE","og_type":"article","og_title":"Willkommen zur Challenge - The Expansion Method","og_description":"Willkommen zu dieser spannenden Reise nach innenWir freuen uns sehr dich dabei zu haben! M\u00f6gen wir eine wundervolle, tiefe und transformative Reise teilen! In den n\u00e4chsten Minuten erh\u00e4ltst du eine E-Mail von uns. Darin findest du alle Informationen zu deiner Bestellung. Unser Online-Campus, auf dem die Challenge stattfindet hei\u00dft ActiveSpirits. Die Mail mit den Zugangsdaten [&hellip;]","og_url":"https:\/\/expansion-method.com\/de\/willkommen-challenge\/","og_site_name":"The Expansion Method","article_modified_time":"2021-05-20T16:15:44+00:00","twitter_card":"summary_large_image","twitter_misc":{"Gesch\u00e4tzte Lesezeit":"2\u00a0Minuten"},"schema":{"@context":"https:\/\/schema.org","@graph":[{"@type":"WebPage","@id":"https:\/\/expansion-method.com\/de\/willkommen-challenge\/","url":"https:\/\/expansion-method.com\/de\/willkommen-challenge\/","name":"Willkommen zur Challenge - The Expansion Method","isPartOf":{"@id":"https:\/\/expansion-method.com\/de\/#website"},"datePublished":"2021-01-28T11:34:57+00:00","dateModified":"2021-05-20T16:15:44+00:00","breadcrumb":{"@id":"https:\/\/expansion-method.com\/de\/willkommen-challenge\/#breadcrumb"},"inLanguage":"de","potentialAction":[{"@type":"ReadAction","target":["https:\/\/expansion-method.com\/de\/willkommen-challenge\/"]}]},{"@type":"BreadcrumbList","@id":"https:\/\/expansion-method.com\/de\/willkommen-challenge\/#breadcrumb","itemListElement":[{"@type":"ListItem","position":1,"name":"Startseite","item":"https:\/\/expansion-method.com\/de\/"},{"@type":"ListItem","position":2,"name":"Willkommen zur Challenge"}]},{"@type":"WebSite","@id":"https:\/\/expansion-method.com\/de\/#website","url":"https:\/\/expansion-method.com\/de\/","name":"The Expansion Method","description":"Become Bigger Than Your Problems","potentialAction":[{"@type":"SearchAction","target":{"@type":"EntryPoint","urlTemplate":"https:\/\/expansion-method.com\/de\/?s={search_term_string}"},"query-input":{"@type":"PropertyValueSpecification","valueRequired":true,"valueName":"search_term_string"}}],"inLanguage":"de"}]}},"_links":{"self":[{"href":"https:\/\/expansion-method.com\/de\/wp-json\/wp\/v2\/pages\/4583","targetHints":{"allow":["GET"]}}],"collection":[{"href":"https:\/\/expansion-method.com\/de\/wp-json\/wp\/v2\/pages"}],"about":[{"href":"https:\/\/expansion-method.com\/de\/wp-json\/wp\/v2\/types\/page"}],"author":[{"embeddable":true,"href":"https:\/\/expansion-method.com\/de\/wp-json\/wp\/v2\/users\/1"}],"replies":[{"embeddable":true,"href":"https:\/\/expansion-method.com\/de\/wp-json\/wp\/v2\/comments?post=4583"}],"version-history":[{"count":0,"href":"https:\/\/expansion-method.com\/de\/wp-json\/wp\/v2\/pages\/4583\/revisions"}],"wp:attachment":[{"href":"https:\/\/expansion-method.com\/de\/wp-json\/wp\/v2\/media?parent=4583"}],"curies":[{"name":"wp","href":"https:\/\/api.w.org\/{rel}","templated":true}]}}