{"id":4702,"date":"2021-02-01T12:04:34","date_gmt":"2021-02-01T11:04:34","guid":{"rendered":"https:\/\/expansion-method.com\/theory-of-subtle-fields\/"},"modified":"2021-07-22T11:40:52","modified_gmt":"2021-07-22T09:40:52","slug":"theorie-feinstofflicher-felder","status":"publish","type":"page","link":"https:\/\/expansion-method.com\/de\/theorie-feinstofflicher-felder\/","title":{"rendered":"Die Theorie der feinstofflichen Felder"},"content":{"rendered":"<p>[et_pb_section fb_built=&#8220;1&#8243; admin_label=&#8220;Hero Section&#8220; _builder_version=&#8220;4.8.1&#8243; use_background_color_gradient=&#8220;on&#8220; background_color_gradient_start=&#8220;rgba(0,0,0,0.5)&#8220; background_color_gradient_end=&#8220;rgba(0,0,0,0)&#8220; background_color_gradient_overlays_image=&#8220;on&#8220; background_image=&#8220;https:\/\/expansion-method.com\/wp-content\/uploads\/2021\/02\/subtle-fields-consciousness-header.jpg&#8220; parallax=&#8220;on&#8220; custom_margin=&#8220;|||&#8220; custom_padding=&#8220;11.7%||12.4%|||&#8220;][et_pb_row _builder_version=&#8220;3.25&#8243; background_size=&#8220;initial&#8220; background_position=&#8220;top_left&#8220; background_repeat=&#8220;repeat&#8220;][et_pb_column type=&#8220;4_4&#8243; _builder_version=&#8220;3.25&#8243; custom_padding=&#8220;|||&#8220; custom_padding__hover=&#8220;|||&#8220;][et_pb_text admin_label=&#8220;Title&#8220; _builder_version=&#8220;4.8.1&#8243; text_font=&#8220;Quattrocento||||||||&#8220; text_font_size=&#8220;22px&#8220; text_line_height=&#8220;1.4em&#8220; header_font=&#8220;|||on|||||&#8220; header_text_align=&#8220;center&#8220; header_font_size=&#8220;70px&#8220; header_letter_spacing=&#8220;6px&#8220; header_line_height=&#8220;1.2em&#8220; text_orientation=&#8220;center&#8220; background_layout=&#8220;dark&#8220; max_width=&#8220;800px&#8220; module_alignment=&#8220;center&#8220; animation_style=&#8220;slide&#8220; animation_direction=&#8220;top&#8220; animation_intensity_slide=&#8220;3%&#8220; animation_starting_opacity=&#8220;100%&#8220; header_font_size_tablet=&#8220;40px&#8220; header_font_size_phone=&#8220;&#8220; header_font_size_last_edited=&#8220;on|tablet&#8220;]<\/p>\n<p>Die Theorie der<\/p>\n<p>&nbsp;<\/p>\n<h1>Feinstofflichen Felder<\/h1>\n<p>[\/et_pb_text][\/et_pb_column][\/et_pb_row][\/et_pb_section][et_pb_section fb_built=&#8220;1&#8243; admin_label=&#8220;Feature Section&#8220; _builder_version=&#8220;4.8.1&#8243; background_image=&#8220;https:\/\/expansion-method.com\/wp-content\/uploads\/2021\/02\/background-free.jpg&#8220; background_position=&#8220;center_right&#8220; max_width=&#8220;88%&#8220; custom_margin=&#8220;-6%|||&#8220; custom_padding=&#8220;82px||17px|||&#8220; animation_style=&#8220;slide&#8220; animation_direction=&#8220;left&#8220; animation_intensity_slide=&#8220;2%&#8220; animation_starting_opacity=&#8220;100%&#8220; box_shadow_style=&#8220;preset3&#8243; box_shadow_vertical=&#8220;80px&#8220; box_shadow_blur=&#8220;120px&#8220; box_shadow_spread=&#8220;-60px&#8220; box_shadow_color=&#8220;rgba(63,63,31,0.3)&#8220;][et_pb_row column_structure=&#8220;1_2,1_2&#8243; _builder_version=&#8220;3.25&#8243; width=&#8220;90%&#8220; max_width=&#8220;90%&#8220; use_custom_width=&#8220;on&#8220; width_unit=&#8220;off&#8220; custom_width_percent=&#8220;90%&#8220;][et_pb_column type=&#8220;1_2&#8243; _builder_version=&#8220;3.25&#8243; custom_padding=&#8220;|||&#8220; custom_padding__hover=&#8220;|||&#8220;][et_pb_image src=&#8220;https:\/\/expansion-method.com\/wp-content\/uploads\/2021\/02\/feinstoffliche-felder-Shai-Tubali.jpg&#8220; title_text=&#8220;feinstoffliche-felder-Shai-Tubali&#8220; _builder_version=&#8220;4.8.1&#8243; _module_preset=&#8220;default&#8220; width=&#8220;75%&#8220; module_alignment=&#8220;center&#8220;][\/et_pb_image][\/et_pb_column][et_pb_column type=&#8220;1_2&#8243; _builder_version=&#8220;3.25&#8243; custom_padding=&#8220;|||&#8220; custom_padding__hover=&#8220;|||&#8220;][et_pb_text admin_label=&#8220;Title&#8220; _builder_version=&#8220;3.27.4&#8243; text_font=&#8220;||||||||&#8220; header_font=&#8220;||||||||&#8220; header_2_font=&#8220;Quattrocento||||||||&#8220; header_2_font_size=&#8220;60px&#8220; header_2_line_height=&#8220;1.3em&#8220; animation_style=&#8220;slide&#8220; animation_direction=&#8220;left&#8220; animation_duration=&#8220;1400ms&#8220; animation_intensity_slide=&#8220;6%&#8220; header_2_font_size_tablet=&#8220;40px&#8220; header_2_font_size_phone=&#8220;&#8220; header_2_font_size_last_edited=&#8220;on|tablet&#8220;][\/et_pb_text][et_pb_text _builder_version=&#8220;3.27.4&#8243; text_font=&#8220;Quattrocento||||||||&#8220; text_font_size=&#8220;18px&#8220; text_line_height=&#8220;2.2em&#8220; header_font=&#8220;||||||||&#8220; header_2_font=&#8220;||||||||&#8220; animation_style=&#8220;slide&#8220; animation_direction=&#8220;left&#8220; animation_duration=&#8220;1400ms&#8220; animation_delay=&#8220;100ms&#8220; animation_intensity_slide=&#8220;6%&#8220;]<\/p>\n<p>Gem\u00e4\u00df der von Shai Tubali entwickelten Theorie der feinstofflichen Felder ist unser physischer K\u00f6rper von f\u00fcnf unsichtbaren energetischen K\u00f6rpern umgeben. Die Definition des Menschen wird damit erweitert, der physische K\u00f6rper macht nur einen Teil davon aus. Die neue Betrachtung bezieht subtilere Elemente, wie das geistige, das energetisch-spirituelle, das Seelen- und das Achtsamkeitselement mit ein.<\/p>\n<p>Diese Theorie hat ihre Urspr\u00fcnge in verschiedenen Traditionen, wie der yogischen Tradition, der Theosophie, der Anthroposophie sowie bei Osho und Ananda Murti. Es handelt sich um eine Theorie, welche die feinstofflichen Schichten unseres Bewusstseins entschl\u00fcsselt. Die unterschiedlichen Schichten des Bewusstseins bef\u00e4higen uns mit unseren unsichtbaren Schichten und dar\u00fcber hinaus mit dem Universum als Ganzem in Kontakt zu treten.<\/p>\n<p>[\/et_pb_text][\/et_pb_column][\/et_pb_row][\/et_pb_section][et_pb_section fb_built=&#8220;1&#8243; admin_label=&#8220;Featured Collections Section&#8220; _builder_version=&#8220;3.22&#8243; custom_padding=&#8220;120px||42px|||&#8220;][et_pb_row _builder_version=&#8220;3.25&#8243;][et_pb_column type=&#8220;4_4&#8243; _builder_version=&#8220;3.25&#8243; custom_padding=&#8220;|||&#8220; custom_padding__hover=&#8220;|||&#8220;][et_pb_text admin_label=&#8220;Title&#8220; _builder_version=&#8220;4.8.1&#8243; text_font=&#8220;||||||||&#8220; header_font=&#8220;||||||||&#8220; header_2_font=&#8220;||||||||&#8220; header_2_font_size=&#8220;60px&#8220; header_2_line_height=&#8220;1.3em&#8220; text_orientation=&#8220;center&#8220; custom_margin=&#8220;||10px|&#8220; animation_style=&#8220;fade&#8220; animation_direction=&#8220;left&#8220; animation_starting_opacity=&#8220;100%&#8220; header_2_font_size_tablet=&#8220;40px&#8220; header_2_font_size_phone=&#8220;&#8220; header_2_font_size_last_edited=&#8220;on|tablet&#8220;]<\/p>\n<h2>Die 5 Subtilen Felder<\/h2>\n<p>[\/et_pb_text][\/et_pb_column][\/et_pb_row][\/et_pb_section][et_pb_section fb_built=&#8220;1&#8243; custom_padding_last_edited=&#8220;off|desktop&#8220; admin_label=&#8220;Feature Section&#8220; _builder_version=&#8220;4.8.1&#8243; background_color=&#8220;#f7f7f7&#8243; background_image=&#8220;https:\/\/expansion-method.com\/wp-content\/uploads\/2019\/05\/tea_shop_42.jpg&#8220; module_alignment=&#8220;center&#8220; custom_padding=&#8220;7%||7%|&#8220; custom_padding_tablet=&#8220;0px||0px|&#8220;][et_pb_row column_structure=&#8220;1_2,1_2&#8243; _builder_version=&#8220;4.8.1&#8243; width=&#8220;88%&#8220; max_width=&#8220;88%&#8220; module_alignment=&#8220;center&#8220; custom_padding=&#8220;|||&#8220; use_custom_width=&#8220;on&#8220; width_unit=&#8220;off&#8220; custom_width_percent=&#8220;88%&#8220; locked=&#8220;off&#8220;][et_pb_column type=&#8220;1_2&#8243; _builder_version=&#8220;3.25&#8243; custom_padding=&#8220;|40px||40px&#8220; custom_padding__hover=&#8220;|||&#8220;][et_pb_text _builder_version=&#8220;3.27.4&#8243; text_font=&#8220;Quattrocento||||||||&#8220; text_font_size=&#8220;18px&#8220; text_line_height=&#8220;2.2em&#8220; header_font=&#8220;||||||||&#8220; header_2_font=&#8220;||||||||&#8220; custom_margin=&#8220;|||&#8220; animation_style=&#8220;fade&#8220; animation_direction=&#8220;left&#8220;]<\/p>\n<h3><strong>1. Das elektromagnetische Feld<\/strong><\/h3>\n<p>Dies ist unsere energetische Schicht oder die Schicht der Prana-Existenz,\u00a0 in der wir in in erster Linie von Prana (Lebenskraft) und nicht von Sauerstoff ern\u00e4hrt werden.\u00a0 In diesem Feld \u00a0befinden sich sieben Chakras und 72.000 Nadis, die kosmische Energie absorbieren und in geistige, emotionale und spirituelle Aktivit\u00e4ten \u00fcbersetzen. Das ist das Feld unserer \u201cfeinstofflichen Anatomie\u201c.<\/p>\n<p>[\/et_pb_text][\/et_pb_column][et_pb_column type=&#8220;1_2&#8243; _builder_version=&#8220;4.8.1&#8243; custom_padding=&#8220;|||&#8220; custom_padding__hover=&#8220;|||&#8220;][et_pb_text _builder_version=&#8220;3.27.4&#8243; text_font=&#8220;Quattrocento||||||||&#8220; text_font_size=&#8220;18px&#8220; text_line_height=&#8220;2.2em&#8220; header_font=&#8220;||||||||&#8220; header_2_font=&#8220;||||||||&#8220; custom_margin=&#8220;|||&#8220; animation_style=&#8220;fade&#8220; animation_direction=&#8220;left&#8220;]<\/p>\n<p><strong style=\"color: #333333; font-family: Cinzel, Georgia, 'Times New Roman', serif; font-size: 29px;\">2. Das mental-emotionale Feld<\/strong><\/p>\n<p>In diesem Feld sind unsere tiefsten Eindr\u00fccke, die wir durch Erfahrungen und Erinnerungen gesammelt haben, eingeschrieben. Es ist der Speicher unseres Unterbewusstseins. Dieses Feld ist die Ursache unserer oberfl\u00e4chlichen geistigen und emotionalen Aktivit\u00e4ten, Reaktionen und Interpretationen der Realit\u00e4t. Aus diesem Grund zielt der gr\u00f6\u00dfte Teil der therapeutischen Arbeit im White Light darauf ab, die Muster, Pr\u00e4gungen und Konditionierungen in diesem Feld zu entwurzeln \u2013 um Geist und K\u00f6rper von diesen Einschr\u00e4nkungen\u00a0 zu befreien.<\/p>\n<p>[\/et_pb_text][\/et_pb_column][\/et_pb_row][et_pb_row column_structure=&#8220;1_2,1_2&#8243; _builder_version=&#8220;4.8.1&#8243; width=&#8220;88%&#8220; max_width=&#8220;88%&#8220; module_alignment=&#8220;center&#8220; custom_padding=&#8220;|||&#8220; use_custom_width=&#8220;on&#8220; width_unit=&#8220;off&#8220; custom_width_percent=&#8220;88%&#8220; locked=&#8220;off&#8220;][et_pb_column type=&#8220;1_2&#8243; _builder_version=&#8220;3.25&#8243; custom_padding=&#8220;|40px||40px&#8220; custom_padding__hover=&#8220;|||&#8220;][et_pb_text _builder_version=&#8220;3.27.4&#8243; text_font=&#8220;Quattrocento||||||||&#8220; text_font_size=&#8220;18px&#8220; text_line_height=&#8220;2.2em&#8220; header_font=&#8220;||||||||&#8220; header_2_font=&#8220;||||||||&#8220; custom_margin=&#8220;|||&#8220; animation_style=&#8220;fade&#8220; animation_direction=&#8220;left&#8220;]<\/p>\n<h3><strong style=\"font-size: 29px;\">3. Das mental-spirituelle Feld<\/strong><\/h3>\n<p>Dieses Feld steht f\u00fcr den Beginn einer Freiheit von Zeit und Raum.\u00a0 Es h\u00e4lt ein tiefes Ma\u00df an Frieden, Gelassenheit, Ruhe und nicht-kausalen Emotionen, wie Freude und Liebe bereit. Es ist das Feld der Intuition, der Visionen, der spirituellen Wesen und Entit\u00e4ten. Es ist ebenfalls der Ursprung f\u00fcr eine \u201eerleuchtete Psychologie\u201c \u2013 Wir k\u00f6nnen die psychologischen Pr\u00e4gungen des emotional-mentalen Feld nur dann entkr\u00e4ften (entwurzeln), wenn wir dar\u00fcber hinauswachsen und damit einen Zustand erreichen,\u00a0 der frei von jeder Form von\u00a0 Trauma oder Konflikt ist. Das mental-spirituelle Feld beg\u00fcnstigt wissenschaftliche und k\u00fcnstlerische Entdeckungen und f\u00fchrt uns zu geistiger Klarheit bei Entscheidungsfindungen. F\u00fcr spirituell Praktizierende ist dies das Feld des ersten spirituellen Erwachens.<\/p>\n<p>[\/et_pb_text][\/et_pb_column][et_pb_column type=&#8220;1_2&#8243; _builder_version=&#8220;4.8.1&#8243; custom_padding=&#8220;|||&#8220; custom_padding__hover=&#8220;|||&#8220;][et_pb_text _builder_version=&#8220;3.27.4&#8243; text_font=&#8220;Quattrocento||||||||&#8220; text_font_size=&#8220;18px&#8220; text_line_height=&#8220;2.2em&#8220; header_font=&#8220;||||||||&#8220; header_2_font=&#8220;||||||||&#8220; custom_margin=&#8220;|||&#8220; animation_style=&#8220;fade&#8220; animation_direction=&#8220;left&#8220;]<\/p>\n<p><strong style=\"color: #333333; font-family: Cinzel, Georgia, 'Times New Roman', serif; font-size: 29px;\">4. Das kosmisch-Seelische Feld<\/strong><\/p>\n<p>Dieses Feld ist das \u201eGehirn Gottes\u201c. Hier k\u00f6nnen wir unsere Seele als Funken der kreativen g\u00f6ttlichen Intelligenz und ihres Gewahrseins erfahren. Wir kommen zudem mit dem universalen Wissen in Kontakt, den Gesetzm\u00e4\u00dfigkeiten also, die dem Universum zugrunde liegen. Im kosmisch-seelischen Feld erkennen wir die Antwort auf so gro\u00dfe Fragen wie: Warum sind wir hier? Was ist der Zweck dieser Reise? Was ist Gottes Wille?<\/p>\n<p>Die gro\u00dfen yogischen und kabbalistischen Seher brachten die g\u00f6ttliche Formgebung zum Ausdruck und zeichneten detaillierte Beschreibungen dar\u00fcber\u00a0 auf, wie Gott wirkt und wie\u00a0 der Mensch zu einem Mit-Erschaffer dieser h\u00f6heren Realit\u00e4ten werden kann. In dem kosmisch-seelischen Feld erfahren wir die Einheit mit dem gesamten Universum und der Kraft der Evolution.<\/p>\n<h3><strong>5. Das Feld reinen Gewahrseins<\/strong><\/h3>\n<p>In diesem Feld beginnen wir das G\u00f6ttliche in der eigenen Identit\u00e4t zu erfassen. Wir gehen \u00fcber den Sch\u00f6pfungsakt, \u00fcber die Wahrnehmung und Dualit\u00e4t hinaus. Dies ist das Stadium, welches der Yogi \u201eIch bin das\u201c oder \u201cIch bin das eine\u201d nennt \u2013 es gibt keinen Unterschied mehr zwischen dem gro\u00dfen Selbst und dem pers\u00f6nlichen Selbst.<\/p>\n<p>.<\/p>\n<p>[\/et_pb_text][\/et_pb_column][\/et_pb_row][\/et_pb_section][et_pb_section fb_built=&#8220;1&#8243; admin_label=&#8220;New Arrivals Section&#8220; _builder_version=&#8220;3.22&#8243; custom_padding=&#8220;120px|0px|120px|0px&#8220; locked=&#8220;off&#8220;][et_pb_row _builder_version=&#8220;3.25&#8243;][et_pb_column type=&#8220;4_4&#8243; _builder_version=&#8220;3.25&#8243; custom_padding=&#8220;|||&#8220; custom_padding__hover=&#8220;|||&#8220;][et_pb_text admin_label=&#8220;Title&#8220; _builder_version=&#8220;4.8.1&#8243; text_font=&#8220;||||||||&#8220; header_font=&#8220;||||||||&#8220; header_line_height=&#8220;1.2em&#8220; header_2_font=&#8220;||||||||&#8220; header_2_font_size=&#8220;60px&#8220; header_2_line_height=&#8220;1.3em&#8220; text_orientation=&#8220;center&#8220; custom_margin=&#8220;||10px|&#8220; animation_style=&#8220;fade&#8220; animation_direction=&#8220;left&#8220; animation_starting_opacity=&#8220;100%&#8220; header_2_font_size_tablet=&#8220;40px&#8220; header_2_font_size_phone=&#8220;&#8220; header_2_font_size_last_edited=&#8220;on|tablet&#8220;]<\/p>\n<h2>Die Expansions-Methode und die Theorie der Subtilen Felder<\/h2>\n<p>[\/et_pb_text][et_pb_text admin_label=&#8220;Subtitle&#8220; _builder_version=&#8220;3.27.4&#8243; text_font=&#8220;Quattrocento||||||||&#8220; text_font_size=&#8220;18px&#8220; text_line_height=&#8220;2.2em&#8220; header_font=&#8220;||||||||&#8220; header_2_font=&#8220;||||||||&#8220; text_orientation=&#8220;center&#8220; max_width=&#8220;700px&#8220; module_alignment=&#8220;center&#8220; animation_style=&#8220;fade&#8220; animation_direction=&#8220;left&#8220; animation_starting_opacity=&#8220;100%&#8220;]<\/p>\n<p style=\"text-align: justify;\">Durch den \u00e4u\u00dferst einfachen Prozess der Ausdehnung, erhalten wir ein hilfreiches Werkzeug, mit dem wir durch diese Felder steuern k\u00f6nnen. Je weiter wir unser Bewusstsein ausdehnen, desto tiefer tauchen wir in die feinstofflichen Felder ein. Alles scheint leicht l\u00f6sbar und alles erscheint m\u00f6glich. Wir begreifen uns vollst\u00e4ndig als intelligent und intuitiv. Wir k\u00f6nnen Eigen-Autorit\u00e4t und dadurch Eigen-Verantwortung \u00fcbernehmen. Erhabene spirituelle Zust\u00e4nde sind nun zum ersten Mal f\u00fcr jedermann zug\u00e4nglich. Nun verstehen wir das bekannte Klischee, dass alles in uns liegt, dass die Schl\u00fcssel zum vollst\u00e4ndig erwachten Zustand in uns sind.<\/p>\n<p>.<\/p>\n<p>[\/et_pb_text][\/et_pb_column][\/et_pb_row][\/et_pb_section]<\/p>\n","protected":false},"excerpt":{"rendered":"<p>Die Theorie der &nbsp; Feinstofflichen FelderGem\u00e4\u00df der von Shai Tubali entwickelten Theorie der feinstofflichen Felder ist unser physischer K\u00f6rper von f\u00fcnf unsichtbaren energetischen K\u00f6rpern umgeben. Die Definition des Menschen wird damit erweitert, der physische K\u00f6rper macht nur einen Teil davon aus. Die neue Betrachtung bezieht subtilere Elemente, wie das geistige, das energetisch-spirituelle, das Seelen- und [&hellip;]<\/p>\n","protected":false},"author":1,"featured_media":0,"parent":0,"menu_order":0,"comment_status":"closed","ping_status":"closed","template":"","meta":{"_et_pb_use_builder":"on","_et_pb_old_content":"","_et_gb_content_width":"","footnotes":""},"class_list":["post-4702","page","type-page","status-publish","hentry"],"yoast_head":"<!-- This site is optimized with the Yoast SEO plugin v27.3 - https:\/\/yoast.com\/product\/yoast-seo-wordpress\/ -->\n<title>Die Theorie der feinstofflichen Felder - The Expansion Method<\/title>\n<meta name=\"robots\" content=\"index, follow, max-snippet:-1, max-image-preview:large, max-video-preview:-1\" \/>\n<link rel=\"canonical\" href=\"https:\/\/expansion-method.com\/de\/theorie-feinstofflicher-felder\/\" \/>\n<meta property=\"og:locale\" content=\"de_DE\" \/>\n<meta property=\"og:type\" content=\"article\" \/>\n<meta property=\"og:title\" content=\"Die Theorie der feinstofflichen Felder - The Expansion Method\" \/>\n<meta property=\"og:description\" content=\"Die Theorie der &nbsp; Feinstofflichen FelderGem\u00e4\u00df der von Shai Tubali entwickelten Theorie der feinstofflichen Felder ist unser physischer K\u00f6rper von f\u00fcnf unsichtbaren energetischen K\u00f6rpern umgeben. Die Definition des Menschen wird damit erweitert, der physische K\u00f6rper macht nur einen Teil davon aus. Die neue Betrachtung bezieht subtilere Elemente, wie das geistige, das energetisch-spirituelle, das Seelen- und [&hellip;]\" \/>\n<meta property=\"og:url\" content=\"https:\/\/expansion-method.com\/de\/theorie-feinstofflicher-felder\/\" \/>\n<meta property=\"og:site_name\" content=\"The Expansion Method\" \/>\n<meta property=\"article:modified_time\" content=\"2021-07-22T09:40:52+00:00\" \/>\n<meta name=\"twitter:card\" content=\"summary_large_image\" \/>\n<meta name=\"twitter:label1\" content=\"Gesch\u00e4tzte Lesezeit\" \/>\n\t<meta name=\"twitter:data1\" content=\"5\u00a0Minuten\" \/>\n<script type=\"application\/ld+json\" class=\"yoast-schema-graph\">{\"@context\":\"https:\\\/\\\/schema.org\",\"@graph\":[{\"@type\":\"WebPage\",\"@id\":\"https:\\\/\\\/expansion-method.com\\\/de\\\/theorie-feinstofflicher-felder\\\/\",\"url\":\"https:\\\/\\\/expansion-method.com\\\/de\\\/theorie-feinstofflicher-felder\\\/\",\"name\":\"Die Theorie der feinstofflichen Felder - The Expansion Method\",\"isPartOf\":{\"@id\":\"https:\\\/\\\/expansion-method.com\\\/de\\\/#website\"},\"datePublished\":\"2021-02-01T11:04:34+00:00\",\"dateModified\":\"2021-07-22T09:40:52+00:00\",\"breadcrumb\":{\"@id\":\"https:\\\/\\\/expansion-method.com\\\/de\\\/theorie-feinstofflicher-felder\\\/#breadcrumb\"},\"inLanguage\":\"de\",\"potentialAction\":[{\"@type\":\"ReadAction\",\"target\":[\"https:\\\/\\\/expansion-method.com\\\/de\\\/theorie-feinstofflicher-felder\\\/\"]}]},{\"@type\":\"BreadcrumbList\",\"@id\":\"https:\\\/\\\/expansion-method.com\\\/de\\\/theorie-feinstofflicher-felder\\\/#breadcrumb\",\"itemListElement\":[{\"@type\":\"ListItem\",\"position\":1,\"name\":\"Startseite\",\"item\":\"https:\\\/\\\/expansion-method.com\\\/de\\\/\"},{\"@type\":\"ListItem\",\"position\":2,\"name\":\"Die Theorie der feinstofflichen Felder\"}]},{\"@type\":\"WebSite\",\"@id\":\"https:\\\/\\\/expansion-method.com\\\/de\\\/#website\",\"url\":\"https:\\\/\\\/expansion-method.com\\\/de\\\/\",\"name\":\"The Expansion Method\",\"description\":\"Become Bigger Than Your Problems\",\"potentialAction\":[{\"@type\":\"SearchAction\",\"target\":{\"@type\":\"EntryPoint\",\"urlTemplate\":\"https:\\\/\\\/expansion-method.com\\\/de\\\/?s={search_term_string}\"},\"query-input\":{\"@type\":\"PropertyValueSpecification\",\"valueRequired\":true,\"valueName\":\"search_term_string\"}}],\"inLanguage\":\"de\"}]}<\/script>\n<!-- \/ Yoast SEO plugin. -->","yoast_head_json":{"title":"Die Theorie der feinstofflichen Felder - The Expansion Method","robots":{"index":"index","follow":"follow","max-snippet":"max-snippet:-1","max-image-preview":"max-image-preview:large","max-video-preview":"max-video-preview:-1"},"canonical":"https:\/\/expansion-method.com\/de\/theorie-feinstofflicher-felder\/","og_locale":"de_DE","og_type":"article","og_title":"Die Theorie der feinstofflichen Felder - The Expansion Method","og_description":"Die Theorie der &nbsp; Feinstofflichen FelderGem\u00e4\u00df der von Shai Tubali entwickelten Theorie der feinstofflichen Felder ist unser physischer K\u00f6rper von f\u00fcnf unsichtbaren energetischen K\u00f6rpern umgeben. Die Definition des Menschen wird damit erweitert, der physische K\u00f6rper macht nur einen Teil davon aus. Die neue Betrachtung bezieht subtilere Elemente, wie das geistige, das energetisch-spirituelle, das Seelen- und [&hellip;]","og_url":"https:\/\/expansion-method.com\/de\/theorie-feinstofflicher-felder\/","og_site_name":"The Expansion Method","article_modified_time":"2021-07-22T09:40:52+00:00","twitter_card":"summary_large_image","twitter_misc":{"Gesch\u00e4tzte Lesezeit":"5\u00a0Minuten"},"schema":{"@context":"https:\/\/schema.org","@graph":[{"@type":"WebPage","@id":"https:\/\/expansion-method.com\/de\/theorie-feinstofflicher-felder\/","url":"https:\/\/expansion-method.com\/de\/theorie-feinstofflicher-felder\/","name":"Die Theorie der feinstofflichen Felder - The Expansion Method","isPartOf":{"@id":"https:\/\/expansion-method.com\/de\/#website"},"datePublished":"2021-02-01T11:04:34+00:00","dateModified":"2021-07-22T09:40:52+00:00","breadcrumb":{"@id":"https:\/\/expansion-method.com\/de\/theorie-feinstofflicher-felder\/#breadcrumb"},"inLanguage":"de","potentialAction":[{"@type":"ReadAction","target":["https:\/\/expansion-method.com\/de\/theorie-feinstofflicher-felder\/"]}]},{"@type":"BreadcrumbList","@id":"https:\/\/expansion-method.com\/de\/theorie-feinstofflicher-felder\/#breadcrumb","itemListElement":[{"@type":"ListItem","position":1,"name":"Startseite","item":"https:\/\/expansion-method.com\/de\/"},{"@type":"ListItem","position":2,"name":"Die Theorie der feinstofflichen Felder"}]},{"@type":"WebSite","@id":"https:\/\/expansion-method.com\/de\/#website","url":"https:\/\/expansion-method.com\/de\/","name":"The Expansion Method","description":"Become Bigger Than Your Problems","potentialAction":[{"@type":"SearchAction","target":{"@type":"EntryPoint","urlTemplate":"https:\/\/expansion-method.com\/de\/?s={search_term_string}"},"query-input":{"@type":"PropertyValueSpecification","valueRequired":true,"valueName":"search_term_string"}}],"inLanguage":"de"}]}},"_links":{"self":[{"href":"https:\/\/expansion-method.com\/de\/wp-json\/wp\/v2\/pages\/4702","targetHints":{"allow":["GET"]}}],"collection":[{"href":"https:\/\/expansion-method.com\/de\/wp-json\/wp\/v2\/pages"}],"about":[{"href":"https:\/\/expansion-method.com\/de\/wp-json\/wp\/v2\/types\/page"}],"author":[{"embeddable":true,"href":"https:\/\/expansion-method.com\/de\/wp-json\/wp\/v2\/users\/1"}],"replies":[{"embeddable":true,"href":"https:\/\/expansion-method.com\/de\/wp-json\/wp\/v2\/comments?post=4702"}],"version-history":[{"count":0,"href":"https:\/\/expansion-method.com\/de\/wp-json\/wp\/v2\/pages\/4702\/revisions"}],"wp:attachment":[{"href":"https:\/\/expansion-method.com\/de\/wp-json\/wp\/v2\/media?parent=4702"}],"curies":[{"name":"wp","href":"https:\/\/api.w.org\/{rel}","templated":true}]}}