{"id":4708,"date":"2021-02-01T16:48:57","date_gmt":"2021-02-01T15:48:57","guid":{"rendered":"https:\/\/expansion-method.com\/what-is-expansion-method\/"},"modified":"2021-02-01T22:39:13","modified_gmt":"2021-02-01T21:39:13","slug":"die-expansions-methode","status":"publish","type":"page","link":"https:\/\/expansion-method.com\/de\/die-expansions-methode\/","title":{"rendered":"Was ist die Expansions-Methode?"},"content":{"rendered":"<p>[et_pb_section fb_built=&#8220;1&#8243; admin_label=&#8220;Hero Section&#8220; _builder_version=&#8220;4.8.1&#8243; use_background_color_gradient=&#8220;on&#8220; background_color_gradient_start=&#8220;rgba(0,0,0,0.5)&#8220; background_color_gradient_end=&#8220;rgba(0,0,0,0)&#8220; background_color_gradient_overlays_image=&#8220;on&#8220; background_image=&#8220;https:\/\/expansion-method.com\/wp-content\/uploads\/2021\/02\/subtle-fields-consciousness-header.jpg&#8220; parallax=&#8220;on&#8220; custom_margin=&#8220;|||&#8220; custom_padding=&#8220;11.7%||12.4%|||&#8220;][et_pb_row _builder_version=&#8220;4.8.1&#8243; background_size=&#8220;initial&#8220; background_position=&#8220;top_left&#8220; background_repeat=&#8220;repeat&#8220; hover_enabled=&#8220;0&#8243; width=&#8220;90%&#8220; sticky_enabled=&#8220;0&#8243;][et_pb_column type=&#8220;4_4&#8243; _builder_version=&#8220;3.25&#8243; custom_padding=&#8220;|||&#8220; custom_padding__hover=&#8220;|||&#8220;][et_pb_text admin_label=&#8220;Title&#8220; _builder_version=&#8220;4.8.1&#8243; text_font=&#8220;Quattrocento||||||||&#8220; text_font_size=&#8220;22px&#8220; text_line_height=&#8220;1.4em&#8220; header_font=&#8220;||||||||&#8220; header_text_align=&#8220;center&#8220; header_font_size=&#8220;70px&#8220; header_letter_spacing=&#8220;6px&#8220; header_line_height=&#8220;1.2em&#8220; text_orientation=&#8220;center&#8220; background_layout=&#8220;dark&#8220; max_width=&#8220;850px&#8220; module_alignment=&#8220;center&#8220; animation_style=&#8220;slide&#8220; animation_direction=&#8220;top&#8220; animation_intensity_slide=&#8220;3%&#8220; animation_starting_opacity=&#8220;100%&#8220; hover_enabled=&#8220;0&#8243; header_font_size_tablet=&#8220;40px&#8220; header_font_size_phone=&#8220;&#8220; header_font_size_last_edited=&#8220;on|tablet&#8220; sticky_enabled=&#8220;0&#8243;]<\/p>\n<p>Was ist die<\/p>\n<p>&nbsp;<\/p>\n<h1>Expansions- Methode?<\/h1>\n<p>[\/et_pb_text][\/et_pb_column][\/et_pb_row][\/et_pb_section][et_pb_section fb_built=&#8220;1&#8243; admin_label=&#8220;Feature Section&#8220; _builder_version=&#8220;4.8.1&#8243; background_image=&#8220;https:\/\/expansion-method.com\/wp-content\/uploads\/2021\/02\/background-free.jpg&#8220; background_position=&#8220;center_right&#8220; max_width=&#8220;88%&#8220; module_alignment=&#8220;center&#8220; custom_margin=&#8220;-6%|||&#8220; custom_padding=&#8220;82px||17px|||&#8220; animation_style=&#8220;slide&#8220; animation_direction=&#8220;left&#8220; animation_intensity_slide=&#8220;2%&#8220; animation_starting_opacity=&#8220;100%&#8220; box_shadow_style=&#8220;preset3&#8243; box_shadow_vertical=&#8220;80px&#8220; box_shadow_blur=&#8220;120px&#8220; box_shadow_spread=&#8220;-60px&#8220; box_shadow_color=&#8220;rgba(63,63,31,0.3)&#8220;][et_pb_row column_structure=&#8220;1_5,3_5,1_5&#8243; _builder_version=&#8220;3.25&#8243; width=&#8220;90%&#8220; max_width=&#8220;90%&#8220; use_custom_width=&#8220;on&#8220; width_unit=&#8220;off&#8220; custom_width_percent=&#8220;90%&#8220;][et_pb_column type=&#8220;1_5&#8243; _builder_version=&#8220;3.25&#8243; custom_padding=&#8220;|||&#8220; custom_padding__hover=&#8220;|||&#8220;][et_pb_text admin_label=&#8220;Title&#8220; _builder_version=&#8220;3.27.4&#8243; text_font=&#8220;||||||||&#8220; header_font=&#8220;||||||||&#8220; header_2_font=&#8220;Quattrocento||||||||&#8220; header_2_font_size=&#8220;60px&#8220; header_2_line_height=&#8220;1.3em&#8220; animation_style=&#8220;slide&#8220; animation_direction=&#8220;left&#8220; animation_duration=&#8220;1400ms&#8220; animation_intensity_slide=&#8220;6%&#8220; header_2_font_size_tablet=&#8220;40px&#8220; header_2_font_size_phone=&#8220;&#8220; header_2_font_size_last_edited=&#8220;on|tablet&#8220;][\/et_pb_text][\/et_pb_column][et_pb_column type=&#8220;3_5&#8243; _builder_version=&#8220;3.25&#8243; custom_padding=&#8220;|||&#8220; custom_padding__hover=&#8220;|||&#8220;][et_pb_text _builder_version=&#8220;4.8.1&#8243; text_font=&#8220;Quattrocento||||||||&#8220; text_font_size=&#8220;18px&#8220; text_line_height=&#8220;2.2em&#8220; header_font=&#8220;||||||||&#8220; header_2_font=&#8220;||||||||&#8220; animation_style=&#8220;slide&#8220; animation_direction=&#8220;left&#8220; animation_duration=&#8220;1400ms&#8220; animation_delay=&#8220;100ms&#8220; animation_intensity_slide=&#8220;6%&#8220; hover_enabled=&#8220;0&#8243; text_orientation=&#8220;justified&#8220; sticky_enabled=&#8220;0&#8243;]<\/p>\n<p>Die Expansion ist eine Methode der Bewusstseinserweiterung, die jeder Person die F\u00e4higkeit bietet, das eigene Bewusstsein f\u00fcr die eigene, geistige Heilung, Selbsterm\u00e4chtigung und Transformation auszudehnen. Die Expansions-Methode kann sowohl die Heilung von\u00a0 Traumata als auch die Reise zur Erleuchtung unterst\u00fctzen und als praktische L\u00f6sung f\u00fcr die eigenen Probleme dienen. Diese Methode hat tausenden Menschen durch lebensver\u00e4ndernde Prozesse geholfen und sie auf ihrer Reise zu h\u00f6chster Gl\u00fcckseligkeit, alles umfassender Weisheit und wahrer Befreiung begleitet.<\/p>\n<p>[\/et_pb_text][\/et_pb_column][et_pb_column type=&#8220;1_5&#8243; _builder_version=&#8220;3.25&#8243; custom_padding=&#8220;|||&#8220; custom_padding__hover=&#8220;|||&#8220;][\/et_pb_column][\/et_pb_row][\/et_pb_section][et_pb_section fb_built=&#8220;1&#8243; admin_label=&#8220;Featured Collections Section&#8220; _builder_version=&#8220;3.22&#8243; custom_padding=&#8220;120px||42px|||&#8220;][et_pb_row _builder_version=&#8220;3.25&#8243;][et_pb_column type=&#8220;4_4&#8243; _builder_version=&#8220;3.25&#8243; custom_padding=&#8220;|||&#8220; custom_padding__hover=&#8220;|||&#8220;][et_pb_text admin_label=&#8220;Title&#8220; _builder_version=&#8220;4.8.1&#8243; text_font=&#8220;||||||||&#8220; text_text_color=&#8220;#854f15&#8243; text_font_size=&#8220;33px&#8220; text_line_height=&#8220;1.75em&#8220; header_font=&#8220;||||||||&#8220; header_2_font=&#8220;||||||||&#8220; header_2_font_size=&#8220;60px&#8220; header_2_line_height=&#8220;1.3em&#8220; text_orientation=&#8220;center&#8220; custom_margin=&#8220;||10px|&#8220; animation_style=&#8220;fade&#8220; animation_direction=&#8220;left&#8220; animation_starting_opacity=&#8220;100%&#8220; hover_enabled=&#8220;0&#8243; header_2_font_size_tablet=&#8220;40px&#8220; header_2_font_size_phone=&#8220;&#8220; header_2_font_size_last_edited=&#8220;on|tablet&#8220; sticky_enabled=&#8220;0&#8243;]<\/p>\n<blockquote>\n<p><em>Nun ist es m\u00f6glich das Bewusstsein zu erweitern, zu h\u00f6chsten spirituellen H\u00f6hen durchzubrechen und sich am Licht zu erfreuen, welches unser ganzes Wesen erf\u00fcllt.<\/em><\/p>\n<\/blockquote>\n<p>[\/et_pb_text][\/et_pb_column][\/et_pb_row][\/et_pb_section][et_pb_section fb_built=&#8220;1&#8243; custom_padding_last_edited=&#8220;off|desktop&#8220; admin_label=&#8220;Feature Section&#8220; _builder_version=&#8220;4.8.1&#8243; background_color=&#8220;#f7f7f7&#8243; background_image=&#8220;https:\/\/expansion-method.com\/wp-content\/uploads\/2019\/05\/tea_shop_42.jpg&#8220; module_alignment=&#8220;center&#8220; custom_padding=&#8220;7%||7%|&#8220; custom_padding_tablet=&#8220;0px||0px|&#8220;][et_pb_row column_structure=&#8220;1_5,3_5,1_5&#8243; _builder_version=&#8220;4.8.1&#8243; width=&#8220;88%&#8220; max_width=&#8220;88%&#8220; module_alignment=&#8220;center&#8220; custom_padding=&#8220;|||&#8220; use_custom_width=&#8220;on&#8220; width_unit=&#8220;off&#8220; custom_width_percent=&#8220;88%&#8220; locked=&#8220;off&#8220;][et_pb_column type=&#8220;1_5&#8243; _builder_version=&#8220;3.25&#8243; custom_padding=&#8220;|40px||40px&#8220; custom_padding__hover=&#8220;|||&#8220;][\/et_pb_column][et_pb_column type=&#8220;3_5&#8243; _builder_version=&#8220;4.8.1&#8243; custom_padding=&#8220;|||&#8220; custom_padding__hover=&#8220;|||&#8220;][et_pb_text _builder_version=&#8220;4.8.1&#8243; text_font=&#8220;Quattrocento||||||||&#8220; text_font_size=&#8220;18px&#8220; text_line_height=&#8220;2.2em&#8220; header_font=&#8220;||||||||&#8220; header_2_font=&#8220;||||||||&#8220; custom_margin=&#8220;|||&#8220; animation_style=&#8220;fade&#8220; animation_direction=&#8220;left&#8220; hover_enabled=&#8220;0&#8243; text_orientation=&#8220;justified&#8220; sticky_enabled=&#8220;0&#8243;]<\/p>\n<p>Das Grundprinzip der Expansions-Methode lautet: All unsere Probleme entstehen in einem Zustand begrenzten Bewusstseins \u2013 und all unsere Probleme k\u00f6nnen in einem Zustand erweiterten Bewusstseins gel\u00f6st werden. Mithilfe eines unglaublich einfachen Werkzeuges, dem \u201cAusdehnungsprozess\u201d, erm\u00f6glicht die Methode die Erweckung der feinstofflichen Schichten (\u201cfeinstofflichen Felder\u201d) unseres Bewusstseins. In ihnen liegt der kraftvolle Schl\u00fcssel zur emotionalen, geistigen und psychosomatischen Heilung sowie f\u00fcr Bewusstseinsspr\u00fcnge w\u00e4hrend der spirituellen Reise. Mit der Entdeckung dieser Schichten erh\u00e4lt der Aus\u00fcbende eine neue Eigen-Autorit\u00e4t \u2013 die Kraft sich selbst und sein Leben mit den eigenen H\u00e4nden zu \u00e4ndern, unabh\u00e4ngig von \u00e4u\u00dferen Faktoren.<\/p>\n<p>\u00a0<span style=\"font-size: 18px;\">F\u00fcr Menschen, die Meditation oder andere spirituelle Praktiken aus\u00fcben, ist die Expansions-Methode ein wertvolles Geschenk, da Ekstase, universelle Liebe und absolute Freiheit alles Nebenprodukte eines erweiterten Bewusstseins sind. Anstatt auf einige Tropfen der \u201cGnade\u201d zu hoffen, die gelegentlich Lohn langfristiger Bem\u00fchungen sind, ist es nun m\u00f6glich das Bewusstsein systematisch zu erweitern \u2013 und in k\u00fcrzester Zeit in die h\u00f6chsten spirituellen H\u00f6hen durchzubrechen und sich am Licht zu erfreuen, welches unser ganzes Wesen erf\u00fcllt.\u00a0<\/span><\/p>\n<p>Mit der Expansions-Methode ist es m\u00f6glich langfristige Traumata aufzul\u00f6sen; ohne Vorwissen h\u00f6chste Bewusstseinszust\u00e4nde zu erfahren; das Unterbewusstsein mit v\u00f6lliger Klarheit zu sehen, es zu entschl\u00fcsseln und aufzul\u00f6sen; zu wissen, was man in Zeiten nicht enden wollenden Zweifelns tun kann und vieles mehr.<\/p>\n<p><span style=\"font-size: 18px;\">Die Expansions-Methode beinhaltet kraftvolle Techniken, die neue Bewusstseins- und Intelligenzzust\u00e4nde in einer strukturierten und schnellen Weise mit sich bringen k\u00f6nnen \u2013 und dazu auch noch einfach anzuwenden sind. Es wird empfohlen, die Techniken in einer Reihe von Sitzungen mit einem zertifizierten Behandler zu erfahren, welcher einen sorgf\u00e4ltig durch den tiefen Prozess f\u00fchrt. Dar\u00fcber hinaus k\u00f6nnen diese Techniken in den von Tamar Brosh geleiteten Expansions-Workshops und professionellen Schulungen erlebt und erlernt werden. Die Expansions-Methode kann auch durch Shai Tubalis Buch <em>&#8222;White Light: Reise zur Gl\u00fcckseligkeit&#8220;<\/em> selbst erlernt werden.<\/span><\/p>\n<p>[\/et_pb_text][\/et_pb_column][et_pb_column type=&#8220;1_5&#8243; _builder_version=&#8220;4.8.1&#8243; custom_padding=&#8220;|||&#8220; custom_padding__hover=&#8220;|||&#8220;][\/et_pb_column][\/et_pb_row][\/et_pb_section][et_pb_section fb_built=&#8220;1&#8243; admin_label=&#8220;New Arrivals Section&#8220; _builder_version=&#8220;3.22&#8243; custom_padding=&#8220;120px|0px|120px|0px&#8220; locked=&#8220;off&#8220;][et_pb_row _builder_version=&#8220;3.25&#8243;][et_pb_column type=&#8220;4_4&#8243; _builder_version=&#8220;3.25&#8243; custom_padding=&#8220;|||&#8220; custom_padding__hover=&#8220;|||&#8220;][et_pb_text admin_label=&#8220;Title&#8220; _builder_version=&#8220;4.8.1&#8243; text_font=&#8220;||||||||&#8220; header_font=&#8220;||||||||&#8220; header_line_height=&#8220;1.2em&#8220; header_2_font=&#8220;||||||||&#8220; header_2_font_size=&#8220;60px&#8220; header_2_line_height=&#8220;1.3em&#8220; text_orientation=&#8220;center&#8220; custom_margin=&#8220;||10px|&#8220; animation_style=&#8220;fade&#8220; animation_direction=&#8220;left&#8220; animation_starting_opacity=&#8220;100%&#8220; header_2_font_size_tablet=&#8220;40px&#8220; header_2_font_size_phone=&#8220;&#8220; header_2_font_size_last_edited=&#8220;on|tablet&#8220;]<\/p>\n<h2>Entdecke mehr \u00fcber die Expansions-Methode<\/h2>\n<p>[\/et_pb_text][et_pb_text admin_label=&#8220;Subtitle&#8220; _builder_version=&#8220;4.8.1&#8243; text_font=&#8220;Quattrocento||||||||&#8220; text_font_size=&#8220;18px&#8220; text_line_height=&#8220;2.2em&#8220; header_font=&#8220;||||||||&#8220; header_2_font=&#8220;||||||||&#8220; text_orientation=&#8220;center&#8220; max_width=&#8220;700px&#8220; module_alignment=&#8220;center&#8220; animation_style=&#8220;fade&#8220; animation_direction=&#8220;left&#8220; animation_starting_opacity=&#8220;100%&#8220;]<strong>Application areas?<\/strong><\/p>\n<ol>\n<li>Expansion for Meditation<\/li>\n<li>Expansion for Trauma<\/li>\n<\/ol>\n<p><strong>Theory &amp; Principles:<\/strong><\/p>\n<ul>\n<li>&#8211; The 5 Principles of Expansion<\/li>\n<li>&#8211; Expansion of Consciousness<\/li>\n<li>&#8211; The Theory of the Subtle fields<\/li>\n<\/ul>\n<p>&nbsp;[\/et_pb_text][\/et_pb_column][\/et_pb_row][\/et_pb_section]<\/p>\n","protected":false},"excerpt":{"rendered":"<p>Was ist die &nbsp; Expansions- Methode?Die Expansion ist eine Methode der Bewusstseinserweiterung, die jeder Person die F\u00e4higkeit bietet, das eigene Bewusstsein f\u00fcr die eigene, geistige Heilung, Selbsterm\u00e4chtigung und Transformation auszudehnen. Die Expansions-Methode kann sowohl die Heilung von\u00a0 Traumata als auch die Reise zur Erleuchtung unterst\u00fctzen und als praktische L\u00f6sung f\u00fcr die eigenen Probleme dienen. Diese [&hellip;]<\/p>\n","protected":false},"author":1,"featured_media":0,"parent":0,"menu_order":0,"comment_status":"closed","ping_status":"closed","template":"","meta":{"_et_pb_use_builder":"on","_et_pb_old_content":"","_et_gb_content_width":"","footnotes":""},"class_list":["post-4708","page","type-page","status-publish","hentry"],"yoast_head":"<!-- This site is optimized with the Yoast SEO plugin v27.3 - https:\/\/yoast.com\/product\/yoast-seo-wordpress\/ -->\n<title>Was ist die Expansions-Methode? - The Expansion Method<\/title>\n<meta name=\"robots\" content=\"index, follow, max-snippet:-1, max-image-preview:large, max-video-preview:-1\" \/>\n<link rel=\"canonical\" href=\"https:\/\/expansion-method.com\/de\/die-expansions-methode\/\" \/>\n<meta property=\"og:locale\" content=\"de_DE\" \/>\n<meta property=\"og:type\" content=\"article\" \/>\n<meta property=\"og:title\" content=\"Was ist die Expansions-Methode? - The Expansion Method\" \/>\n<meta property=\"og:description\" content=\"Was ist die &nbsp; Expansions- Methode?Die Expansion ist eine Methode der Bewusstseinserweiterung, die jeder Person die F\u00e4higkeit bietet, das eigene Bewusstsein f\u00fcr die eigene, geistige Heilung, Selbsterm\u00e4chtigung und Transformation auszudehnen. Die Expansions-Methode kann sowohl die Heilung von\u00a0 Traumata als auch die Reise zur Erleuchtung unterst\u00fctzen und als praktische L\u00f6sung f\u00fcr die eigenen Probleme dienen. Diese [&hellip;]\" \/>\n<meta property=\"og:url\" content=\"https:\/\/expansion-method.com\/de\/die-expansions-methode\/\" \/>\n<meta property=\"og:site_name\" content=\"The Expansion Method\" \/>\n<meta property=\"article:modified_time\" content=\"2021-02-01T21:39:13+00:00\" \/>\n<meta name=\"twitter:card\" content=\"summary_large_image\" \/>\n<meta name=\"twitter:label1\" content=\"Gesch\u00e4tzte Lesezeit\" \/>\n\t<meta name=\"twitter:data1\" content=\"3\u00a0Minuten\" \/>\n<script type=\"application\/ld+json\" class=\"yoast-schema-graph\">{\"@context\":\"https:\\\/\\\/schema.org\",\"@graph\":[{\"@type\":\"WebPage\",\"@id\":\"https:\\\/\\\/expansion-method.com\\\/de\\\/die-expansions-methode\\\/\",\"url\":\"https:\\\/\\\/expansion-method.com\\\/de\\\/die-expansions-methode\\\/\",\"name\":\"Was ist die Expansions-Methode? - The Expansion Method\",\"isPartOf\":{\"@id\":\"https:\\\/\\\/expansion-method.com\\\/de\\\/#website\"},\"datePublished\":\"2021-02-01T15:48:57+00:00\",\"dateModified\":\"2021-02-01T21:39:13+00:00\",\"breadcrumb\":{\"@id\":\"https:\\\/\\\/expansion-method.com\\\/de\\\/die-expansions-methode\\\/#breadcrumb\"},\"inLanguage\":\"de\",\"potentialAction\":[{\"@type\":\"ReadAction\",\"target\":[\"https:\\\/\\\/expansion-method.com\\\/de\\\/die-expansions-methode\\\/\"]}]},{\"@type\":\"BreadcrumbList\",\"@id\":\"https:\\\/\\\/expansion-method.com\\\/de\\\/die-expansions-methode\\\/#breadcrumb\",\"itemListElement\":[{\"@type\":\"ListItem\",\"position\":1,\"name\":\"Startseite\",\"item\":\"https:\\\/\\\/expansion-method.com\\\/de\\\/\"},{\"@type\":\"ListItem\",\"position\":2,\"name\":\"Was ist die Expansions-Methode?\"}]},{\"@type\":\"WebSite\",\"@id\":\"https:\\\/\\\/expansion-method.com\\\/de\\\/#website\",\"url\":\"https:\\\/\\\/expansion-method.com\\\/de\\\/\",\"name\":\"The Expansion Method\",\"description\":\"Become Bigger Than Your Problems\",\"potentialAction\":[{\"@type\":\"SearchAction\",\"target\":{\"@type\":\"EntryPoint\",\"urlTemplate\":\"https:\\\/\\\/expansion-method.com\\\/de\\\/?s={search_term_string}\"},\"query-input\":{\"@type\":\"PropertyValueSpecification\",\"valueRequired\":true,\"valueName\":\"search_term_string\"}}],\"inLanguage\":\"de\"}]}<\/script>\n<!-- \/ Yoast SEO plugin. -->","yoast_head_json":{"title":"Was ist die Expansions-Methode? - The Expansion Method","robots":{"index":"index","follow":"follow","max-snippet":"max-snippet:-1","max-image-preview":"max-image-preview:large","max-video-preview":"max-video-preview:-1"},"canonical":"https:\/\/expansion-method.com\/de\/die-expansions-methode\/","og_locale":"de_DE","og_type":"article","og_title":"Was ist die Expansions-Methode? - The Expansion Method","og_description":"Was ist die &nbsp; Expansions- Methode?Die Expansion ist eine Methode der Bewusstseinserweiterung, die jeder Person die F\u00e4higkeit bietet, das eigene Bewusstsein f\u00fcr die eigene, geistige Heilung, Selbsterm\u00e4chtigung und Transformation auszudehnen. Die Expansions-Methode kann sowohl die Heilung von\u00a0 Traumata als auch die Reise zur Erleuchtung unterst\u00fctzen und als praktische L\u00f6sung f\u00fcr die eigenen Probleme dienen. Diese [&hellip;]","og_url":"https:\/\/expansion-method.com\/de\/die-expansions-methode\/","og_site_name":"The Expansion Method","article_modified_time":"2021-02-01T21:39:13+00:00","twitter_card":"summary_large_image","twitter_misc":{"Gesch\u00e4tzte Lesezeit":"3\u00a0Minuten"},"schema":{"@context":"https:\/\/schema.org","@graph":[{"@type":"WebPage","@id":"https:\/\/expansion-method.com\/de\/die-expansions-methode\/","url":"https:\/\/expansion-method.com\/de\/die-expansions-methode\/","name":"Was ist die Expansions-Methode? - The Expansion Method","isPartOf":{"@id":"https:\/\/expansion-method.com\/de\/#website"},"datePublished":"2021-02-01T15:48:57+00:00","dateModified":"2021-02-01T21:39:13+00:00","breadcrumb":{"@id":"https:\/\/expansion-method.com\/de\/die-expansions-methode\/#breadcrumb"},"inLanguage":"de","potentialAction":[{"@type":"ReadAction","target":["https:\/\/expansion-method.com\/de\/die-expansions-methode\/"]}]},{"@type":"BreadcrumbList","@id":"https:\/\/expansion-method.com\/de\/die-expansions-methode\/#breadcrumb","itemListElement":[{"@type":"ListItem","position":1,"name":"Startseite","item":"https:\/\/expansion-method.com\/de\/"},{"@type":"ListItem","position":2,"name":"Was ist die Expansions-Methode?"}]},{"@type":"WebSite","@id":"https:\/\/expansion-method.com\/de\/#website","url":"https:\/\/expansion-method.com\/de\/","name":"The Expansion Method","description":"Become Bigger Than Your Problems","potentialAction":[{"@type":"SearchAction","target":{"@type":"EntryPoint","urlTemplate":"https:\/\/expansion-method.com\/de\/?s={search_term_string}"},"query-input":{"@type":"PropertyValueSpecification","valueRequired":true,"valueName":"search_term_string"}}],"inLanguage":"de"}]}},"_links":{"self":[{"href":"https:\/\/expansion-method.com\/de\/wp-json\/wp\/v2\/pages\/4708","targetHints":{"allow":["GET"]}}],"collection":[{"href":"https:\/\/expansion-method.com\/de\/wp-json\/wp\/v2\/pages"}],"about":[{"href":"https:\/\/expansion-method.com\/de\/wp-json\/wp\/v2\/types\/page"}],"author":[{"embeddable":true,"href":"https:\/\/expansion-method.com\/de\/wp-json\/wp\/v2\/users\/1"}],"replies":[{"embeddable":true,"href":"https:\/\/expansion-method.com\/de\/wp-json\/wp\/v2\/comments?post=4708"}],"version-history":[{"count":0,"href":"https:\/\/expansion-method.com\/de\/wp-json\/wp\/v2\/pages\/4708\/revisions"}],"wp:attachment":[{"href":"https:\/\/expansion-method.com\/de\/wp-json\/wp\/v2\/media?parent=4708"}],"curies":[{"name":"wp","href":"https:\/\/api.w.org\/{rel}","templated":true}]}}