{"id":4714,"date":"2021-02-01T17:24:58","date_gmt":"2021-02-01T16:24:58","guid":{"rendered":"https:\/\/expansion-method.com\/the-expansion-of-consciousness\/"},"modified":"2021-02-01T22:48:11","modified_gmt":"2021-02-01T21:48:11","slug":"ausdehnung-des-bewusstseins","status":"publish","type":"page","link":"https:\/\/expansion-method.com\/de\/ausdehnung-des-bewusstseins\/","title":{"rendered":"Die Ausdehnung des Bewusstseins"},"content":{"rendered":"<p>[et_pb_section fb_built=&#8220;1&#8243; admin_label=&#8220;Hero Section&#8220; _builder_version=&#8220;4.8.1&#8243; use_background_color_gradient=&#8220;on&#8220; background_color_gradient_start=&#8220;rgba(0,0,0,0.5)&#8220; background_color_gradient_end=&#8220;rgba(0,0,0,0)&#8220; background_color_gradient_overlays_image=&#8220;on&#8220; background_image=&#8220;https:\/\/expansion-method.com\/wp-content\/uploads\/2021\/02\/expansion-of-consciousness.jpg&#8220; parallax=&#8220;on&#8220; custom_margin=&#8220;|||&#8220; custom_padding=&#8220;11.7%||12.4%|||&#8220;][et_pb_row _builder_version=&#8220;3.25&#8243; background_size=&#8220;initial&#8220; background_position=&#8220;top_left&#8220; background_repeat=&#8220;repeat&#8220;][et_pb_column type=&#8220;4_4&#8243; _builder_version=&#8220;3.25&#8243; custom_padding=&#8220;|||&#8220; custom_padding__hover=&#8220;|||&#8220;][et_pb_text admin_label=&#8220;Title&#8220; _builder_version=&#8220;4.8.1&#8243; text_font=&#8220;Quattrocento||||||||&#8220; text_font_size=&#8220;22px&#8220; text_line_height=&#8220;1.4em&#8220; header_font=&#8220;||||||||&#8220; header_text_align=&#8220;center&#8220; header_font_size=&#8220;70px&#8220; header_letter_spacing=&#8220;6px&#8220; header_line_height=&#8220;1.4em&#8220; text_orientation=&#8220;center&#8220; background_layout=&#8220;dark&#8220; max_width=&#8220;800px&#8220; module_alignment=&#8220;center&#8220; animation_style=&#8220;slide&#8220; animation_direction=&#8220;top&#8220; animation_intensity_slide=&#8220;3%&#8220; animation_starting_opacity=&#8220;100%&#8220; header_font_size_tablet=&#8220;40px&#8220; header_font_size_phone=&#8220;&#8220; header_font_size_last_edited=&#8220;on|tablet&#8220;]<\/p>\n<p>Die Ausdehnung des<\/p>\n<p>&nbsp;<\/p>\n<h1>Bewusstseins<\/h1>\n<p>[\/et_pb_text][\/et_pb_column][\/et_pb_row][\/et_pb_section][et_pb_section fb_built=&#8220;1&#8243; admin_label=&#8220;Feature Section&#8220; _builder_version=&#8220;4.8.1&#8243; background_image=&#8220;https:\/\/expansion-method.com\/wp-content\/uploads\/2021\/02\/background-free.jpg&#8220; background_position=&#8220;center_right&#8220; max_width=&#8220;88%&#8220; module_alignment=&#8220;center&#8220; custom_margin=&#8220;-6%|||&#8220; custom_padding=&#8220;82px||17px|||&#8220; animation_style=&#8220;slide&#8220; animation_direction=&#8220;left&#8220; animation_intensity_slide=&#8220;2%&#8220; animation_starting_opacity=&#8220;100%&#8220; box_shadow_style=&#8220;preset3&#8243; box_shadow_vertical=&#8220;80px&#8220; box_shadow_blur=&#8220;120px&#8220; box_shadow_spread=&#8220;-60px&#8220; box_shadow_color=&#8220;rgba(63,63,31,0.3)&#8220;][et_pb_row column_structure=&#8220;1_5,3_5,1_5&#8243; _builder_version=&#8220;3.25&#8243; width=&#8220;90%&#8220; max_width=&#8220;90%&#8220; use_custom_width=&#8220;on&#8220; width_unit=&#8220;off&#8220; custom_width_percent=&#8220;90%&#8220;][et_pb_column type=&#8220;1_5&#8243; _builder_version=&#8220;3.25&#8243; custom_padding=&#8220;|||&#8220; custom_padding__hover=&#8220;|||&#8220;][et_pb_text admin_label=&#8220;Title&#8220; _builder_version=&#8220;3.27.4&#8243; text_font=&#8220;||||||||&#8220; header_font=&#8220;||||||||&#8220; header_2_font=&#8220;Quattrocento||||||||&#8220; header_2_font_size=&#8220;60px&#8220; header_2_line_height=&#8220;1.3em&#8220; animation_style=&#8220;slide&#8220; animation_direction=&#8220;left&#8220; animation_duration=&#8220;1400ms&#8220; animation_intensity_slide=&#8220;6%&#8220; header_2_font_size_tablet=&#8220;40px&#8220; header_2_font_size_phone=&#8220;&#8220; header_2_font_size_last_edited=&#8220;on|tablet&#8220;][\/et_pb_text][\/et_pb_column][et_pb_column type=&#8220;3_5&#8243; _builder_version=&#8220;3.25&#8243; custom_padding=&#8220;|||&#8220; custom_padding__hover=&#8220;|||&#8220;][et_pb_text _builder_version=&#8220;4.8.1&#8243; text_font=&#8220;Quattrocento||||||||&#8220; text_font_size=&#8220;18px&#8220; text_line_height=&#8220;2.2em&#8220; header_font=&#8220;||||||||&#8220; header_2_font=&#8220;||||||||&#8220; animation_style=&#8220;slide&#8220; animation_direction=&#8220;left&#8220; animation_duration=&#8220;1400ms&#8220; animation_delay=&#8220;100ms&#8220; animation_intensity_slide=&#8220;6%&#8220;]<\/p>\n<p><em>Das Bewusstein ist eine Struktur der Wahrnehmung, die uns erm\u00f6glicht, bewusst zu reflektieren und verschiedene Stufen unseres Wesens und des Universums wahrzunehmen.<\/em><\/p>\n<p>[\/et_pb_text][et_pb_text admin_label=&#8220;Title&#8220; _builder_version=&#8220;4.8.1&#8243; text_font=&#8220;|300|||||||&#8220; text_text_color=&#8220;#854f15&#8243; text_font_size=&#8220;31px&#8220; text_line_height=&#8220;1.2em&#8220; header_font=&#8220;||||||||&#8220; header_2_font=&#8220;||||||||&#8220; header_2_font_size=&#8220;60px&#8220; header_2_line_height=&#8220;1.3em&#8220; text_orientation=&#8220;center&#8220; module_alignment=&#8220;center&#8220; custom_margin=&#8220;6px||10px|||&#8220; animation_style=&#8220;fade&#8220; animation_direction=&#8220;left&#8220; animation_starting_opacity=&#8220;100%&#8220; header_2_font_size_tablet=&#8220;40px&#8220; header_2_font_size_phone=&#8220;&#8220; header_2_font_size_last_edited=&#8220;on|tablet&#8220;]<\/p>\n<blockquote>\n<p><em>Kontraktion ist die tiefste unbewusste Form des Leidens f\u00fcr Menschen.<\/em><\/p>\n<\/blockquote>\n<p>[\/et_pb_text][\/et_pb_column][et_pb_column type=&#8220;1_5&#8243; _builder_version=&#8220;3.25&#8243; custom_padding=&#8220;|||&#8220; custom_padding__hover=&#8220;|||&#8220;][\/et_pb_column][\/et_pb_row][\/et_pb_section][et_pb_section fb_built=&#8220;1&#8243; _builder_version=&#8220;4.8.1&#8243; _module_preset=&#8220;default&#8220; custom_padding=&#8220;42px||0px|||&#8220;][et_pb_row column_structure=&#8220;2_5,3_5&#8243; _builder_version=&#8220;4.8.1&#8243; custom_margin=&#8220;||0px||false|false&#8220; custom_padding=&#8220;||1px|||&#8220;][et_pb_column type=&#8220;2_5&#8243; _builder_version=&#8220;3.25&#8243; custom_padding=&#8220;|||&#8220; custom_padding__hover=&#8220;|||&#8220;][et_pb_image src=&#8220;https:\/\/expansion-method.com\/wp-content\/uploads\/2021\/02\/expanded-consicousness.jpg&#8220; title_text=&#8220;expanded-consicousness&#8220; _builder_version=&#8220;4.8.1&#8243; _module_preset=&#8220;default&#8220; custom_margin=&#8220;||-100px||false|false&#8220; custom_padding=&#8220;||0px||false|false&#8220;][\/et_pb_image][\/et_pb_column][et_pb_column type=&#8220;3_5&#8243; _builder_version=&#8220;3.25&#8243; custom_padding=&#8220;|||&#8220; custom_padding__hover=&#8220;|||&#8220;][et_pb_text _builder_version=&#8220;4.8.1&#8243; text_font=&#8220;Quattrocento||||||||&#8220; text_font_size=&#8220;18px&#8220; text_line_height=&#8220;2.2em&#8220; header_font=&#8220;||||||||&#8220; header_2_font=&#8220;||||||||&#8220; animation_style=&#8220;slide&#8220; animation_direction=&#8220;left&#8220; animation_duration=&#8220;1400ms&#8220; animation_delay=&#8220;100ms&#8220; animation_intensity_slide=&#8220;6%&#8220;]<\/p>\n<p>Ein genauer Blick zeigt uns,\u00a0 dass alle psychologischen und k\u00f6rperlichen Beschwerden und Blockaden zun\u00e4chst einmal ein Gef\u00fchl der Verengung gemeinsam haben. Leiden bedeutet innerhalb der Begrenzungen des K\u00f6rper-Geist-Komplexes gefangen zu sein. Je mehr wir das Gef\u00fchl haben, das\u00a0 uns das Denken, F\u00fchlen und\u00a0 die Umst\u00e4nde des Lebens einengen, desto st\u00e4rker leiden wir. Leid wird durch die Empfindung der Verengung erzeugt.<\/p>\n<p>[\/et_pb_text][et_pb_text admin_label=&#8220;Title&#8220; _builder_version=&#8220;4.8.1&#8243; text_font=&#8220;|300|||||||&#8220; text_text_color=&#8220;#854f15&#8243; text_font_size=&#8220;31px&#8220; text_line_height=&#8220;1.2em&#8220; header_font=&#8220;||||||||&#8220; header_2_font=&#8220;||||||||&#8220; header_2_font_size=&#8220;60px&#8220; header_2_line_height=&#8220;1.3em&#8220; text_orientation=&#8220;center&#8220; module_alignment=&#8220;center&#8220; custom_margin=&#8220;6px||10px|||&#8220; animation_style=&#8220;fade&#8220; animation_direction=&#8220;left&#8220; animation_starting_opacity=&#8220;100%&#8220; header_2_font_size_tablet=&#8220;40px&#8220; header_2_font_size_phone=&#8220;&#8220; header_2_font_size_last_edited=&#8220;on|tablet&#8220;]<\/p>\n<blockquote>\n<p><em>Der Prozess der Ausdehnung kann die tiefste Form des Leidens aufl\u00f6sen.<\/em><\/p>\n<\/blockquote>\n<p>[\/et_pb_text][et_pb_divider show_divider=&#8220;off&#8220; _builder_version=&#8220;4.8.1&#8243; _module_preset=&#8220;default&#8220; custom_margin=&#8220;30px||20px||false|false&#8220;][\/et_pb_divider][\/et_pb_column][\/et_pb_row][\/et_pb_section][et_pb_section fb_built=&#8220;1&#8243; custom_padding_last_edited=&#8220;off|desktop&#8220; admin_label=&#8220;Feature Section&#8220; _builder_version=&#8220;4.8.1&#8243; background_color=&#8220;#f7f7f7&#8243; background_image=&#8220;https:\/\/expansion-method.com\/wp-content\/uploads\/2019\/05\/tea_shop_42.jpg&#8220; module_alignment=&#8220;center&#8220; custom_margin=&#8220;0px||||false|false&#8220; custom_padding=&#8220;0px||7%||false|false&#8220; custom_padding_tablet=&#8220;0px||0px|&#8220;][et_pb_row column_structure=&#8220;2_5,3_5&#8243; _builder_version=&#8220;4.8.1&#8243; width=&#8220;88%&#8220; max_width=&#8220;88%&#8220; module_alignment=&#8220;center&#8220; custom_margin=&#8220;-2px|auto||auto||&#8220; custom_padding=&#8220;|||&#8220; use_custom_width=&#8220;on&#8220; width_unit=&#8220;off&#8220; custom_width_percent=&#8220;88%&#8220; locked=&#8220;off&#8220;][et_pb_column type=&#8220;2_5&#8243; _builder_version=&#8220;3.25&#8243; custom_padding=&#8220;|40px||40px&#8220; custom_padding__hover=&#8220;|||&#8220;][\/et_pb_column][et_pb_column type=&#8220;3_5&#8243; _builder_version=&#8220;4.8.1&#8243; custom_padding=&#8220;|||&#8220; custom_padding__hover=&#8220;|||&#8220;][et_pb_text _builder_version=&#8220;4.8.1&#8243; text_font=&#8220;Quattrocento||||||||&#8220; text_font_size=&#8220;18px&#8220; text_line_height=&#8220;2.2em&#8220; header_font=&#8220;||||||||&#8220; header_2_font=&#8220;||||||||&#8220; custom_margin=&#8220;|||&#8220; animation_style=&#8220;fade&#8220; animation_direction=&#8220;left&#8220;]<\/p>\n<p>Das Gegenteil dazu ist die Ausdehnung.\u00a0 Ein gemeinsames Merkmal all unserer Empfindungen von Gesundheit und Befreiung ist das Gef\u00fchl der Ausdehnung und\u00a0 ein Durchbrechen von Grenzen, ein Gef\u00fchl der Offenheit und des Flie\u00dfens<\/p>\n<p>Der gr\u00f6\u00dfte Teil unseres Leidens entsteht nicht aus dem Leben an sich, sondern\u00a0 aus unseren Gedanken, \u00dcberzeugungen, Gef\u00fchlen und Ideen. Mit anderen Worten: Aus dem Zustand eines verengten Bewusstseins heraus.<\/p>\n<p>Die Ausdehnung unseres Bewusstseins ist ein Weg, unser Leben auf verschiedenen Ebenen zu \u00e4ndern: Wir werden intelligenter und haben mehr Einsichten,\u00a0 die Intuition wird st\u00e4rker, es findet eine spirituelle Entwicklung und Heilung unserer geistigen, emotionalen und psychosomatischen Blockaden statt. Unser Bewusstsein darf sich ausdehnen, so dass das Leid f\u00fcr immer verschwindet.\u00a0<\/p>\n<p>[\/et_pb_text][\/et_pb_column][\/et_pb_row][\/et_pb_section][et_pb_section fb_built=&#8220;1&#8243; admin_label=&#8220;New Arrivals Section&#8220; _builder_version=&#8220;3.22&#8243; custom_padding=&#8220;120px|0px|55px|0px||&#8220; locked=&#8220;off&#8220;][et_pb_row _builder_version=&#8220;3.25&#8243;][et_pb_column type=&#8220;4_4&#8243; _builder_version=&#8220;3.25&#8243; custom_padding=&#8220;|||&#8220; custom_padding__hover=&#8220;|||&#8220;][et_pb_text admin_label=&#8220;Title&#8220; _builder_version=&#8220;4.8.1&#8243; text_font=&#8220;|300|||||||&#8220; text_text_color=&#8220;#854f15&#8243; text_font_size=&#8220;31px&#8220; text_line_height=&#8220;1.2em&#8220; header_font=&#8220;||||||||&#8220; header_2_font=&#8220;||||||||&#8220; header_2_font_size=&#8220;60px&#8220; header_2_line_height=&#8220;1.3em&#8220; text_orientation=&#8220;center&#8220; module_alignment=&#8220;center&#8220; custom_margin=&#8220;6px||10px|||&#8220; animation_style=&#8220;fade&#8220; animation_direction=&#8220;left&#8220; animation_starting_opacity=&#8220;100%&#8220; header_2_font_size_tablet=&#8220;40px&#8220; header_2_font_size_phone=&#8220;&#8220; header_2_font_size_last_edited=&#8220;on|tablet&#8220;]<\/p>\n<blockquote>\n<p><em>Die Expansion ist ein Prozess, durch den wir die Einschr\u00e4nkungen unseres gegenw\u00e4rtigen Zustands erkennen \u2013 um sie dann zu durchbrechen.<\/em><\/p>\n<\/blockquote>\n<p>[\/et_pb_text][et_pb_text admin_label=&#8220;Subtitle&#8220; _builder_version=&#8220;4.8.1&#8243; text_font=&#8220;Quattrocento||||||||&#8220; text_font_size=&#8220;18px&#8220; text_line_height=&#8220;2.2em&#8220; header_font=&#8220;||||||||&#8220; header_2_font=&#8220;||||||||&#8220; text_orientation=&#8220;justified&#8220; max_width=&#8220;700px&#8220; module_alignment=&#8220;center&#8220; animation_style=&#8220;fade&#8220; animation_direction=&#8220;left&#8220; animation_starting_opacity=&#8220;100%&#8220; hover_enabled=&#8220;0&#8243; sticky_enabled=&#8220;0&#8243;]<\/p>\n<p>Jede feste Struktur stellt eine Form des Leidens dar, da Strukturen an sich begrenzte Muster darstellen. Das Muster zu verlassen bedeutet immer eine Erhebung des Geistes, ein Mehr an Gl\u00fcck und Freude,Kreativit\u00e4t, Lebenskraft und Intelligenz.<\/p>\n<p>Alles in diesem Universum hat ein Muster und birgt Einschr\u00e4nkungen. Auch unsere Pers\u00f6nlichkeit ist eine Struktur mit bestimmten Eigenschaften, auch abstrakte Dinge wie Liebe sind eine Art Struktur, das Universum an sich und sogar unser Bewusstsein ist eine Struktur. In dem Moment, in dem wir f\u00e4hig sind die Struktur zu erkennen und demnach auch seine Grenzen erfahren (was wir dank unserer feinstofflichen Sinne k\u00f6nnen), sind wir in der Lage, diese Einschr\u00e4nkungen zu \u00fcberwinden und dar\u00fcber hinaus zu wachsen. Wir k\u00f6nnen alles in diesem Kosmos ausdehnen \u2013 schlechte Gef\u00fchle und Gedanken, Traumata, Erinnerungen und sogar Gl\u00fcck, Kraft und erleuchtete Zust\u00e4nde.<span style=\"font-size: 18px; text-align: center;\">\u00a0<\/span><\/p>\n<p>[\/et_pb_text][\/et_pb_column][\/et_pb_row][\/et_pb_section][et_pb_section fb_built=&#8220;1&#8243; _builder_version=&#8220;4.8.1&#8243; _module_preset=&#8220;default&#8220; use_background_color_gradient=&#8220;on&#8220; background_color_gradient_start=&#8220;#ffffff&#8220; background_color_gradient_end=&#8220;#e6e3e0&#8243;][et_pb_row column_structure=&#8220;2_5,3_5&#8243; _builder_version=&#8220;4.8.1&#8243; _module_preset=&#8220;default&#8220;][et_pb_column type=&#8220;2_5&#8243; _builder_version=&#8220;4.8.1&#8243; _module_preset=&#8220;default&#8220;][et_pb_image src=&#8220;https:\/\/expansion-method.com\/wp-content\/uploads\/2021\/02\/Expansion-Russian-Doll-Babushka.png&#8220; title_text=&#8220;Expansion-Russian-Doll-Babushka&#8220; _builder_version=&#8220;4.8.1&#8243; _module_preset=&#8220;default&#8220;][\/et_pb_image][\/et_pb_column][et_pb_column type=&#8220;3_5&#8243; _builder_version=&#8220;4.8.1&#8243; _module_preset=&#8220;default&#8220;][et_pb_text admin_label=&#8220;Subtitle&#8220; _builder_version=&#8220;4.8.1&#8243; text_font=&#8220;Quattrocento||||||||&#8220; text_font_size=&#8220;18px&#8220; text_line_height=&#8220;2.2em&#8220; header_font=&#8220;||||||||&#8220; header_2_font=&#8220;||||||||&#8220; text_orientation=&#8220;justified&#8220; max_width=&#8220;700px&#8220; module_alignment=&#8220;center&#8220; animation_style=&#8220;fade&#8220; animation_direction=&#8220;left&#8220; animation_starting_opacity=&#8220;100%&#8220; hover_enabled=&#8220;0&#8243; sticky_enabled=&#8220;0&#8243;]<\/p>\n<p>Im Ausdehnungsprozess ist es wahrhaftig m\u00f6glich, \u00fcber den Verstand hinaus zu gehen. Wir k\u00f6nnen diesen Prozess mit der russischen Babushka-Puppe vergleichen: Die erste Puppe ist klein und gedrungen, die nachfolgenden werden zunehmend hohler, luftiger und geben mehr Raum frei. Das gleiche gilt f\u00fcr unser Bewusstsein \u2013 alles beginnt in einem winzigen Samenkorn, das in sich das gesamte Universum vereinigt.<\/p>\n<p>Der Ausdehnungsprozess kann auch als alchemistischer Prozess gesehen werden: Er wandelt jedes minderwertige Metall (wie negative Gef\u00fchle, Gedanken, Konflikte und andere) in Gold um \u2013 und dann selbst das Gold in einen noch ausgedehnteren Zustand.<\/p>\n<p>Nehmen wir ein Beispiel: Um Wut auszudehnen, m\u00fcssen wir uns die Strukturen des Gef\u00fchls mithilfe unserer feinstofflichen Wahrnehmung bewusst machen (dazu geh\u00f6ren der Ort im K\u00f6rper, die Form, Farbe, Empfindung und der Geruch). Dann dehnen wir die Struktur aus, bis keine negativen Empfindungen in Bezug auf das Gef\u00fchl der Wut vorhanden sind. Jedoch reicht dieser neutrale Zustand noch nicht aus, wir dehnen das Gef\u00fchl weiter aus, bis es sich in einen rein positiven Zustand\u00a0 umgewandelt hat. Dies ist kein allt\u00e4glicher positiver Zustand.\u00a0 Es ist eine Positivit\u00e4t, die keinen Gegensatz hat. Eine Positivit\u00e4t, die nie mehr ins Leiden zur\u00fcckfallen wird.<\/p>\n<p style=\"text-align: justify;\">.<\/p>\n<p>[\/et_pb_text][\/et_pb_column][\/et_pb_row][\/et_pb_section]<\/p>\n","protected":false},"excerpt":{"rendered":"<p>Die Ausdehnung des &nbsp; BewusstseinsDas Bewusstein ist eine Struktur der Wahrnehmung, die uns erm\u00f6glicht, bewusst zu reflektieren und verschiedene Stufen unseres Wesens und des Universums wahrzunehmen. Kontraktion ist die tiefste unbewusste Form des Leidens f\u00fcr Menschen. Ein genauer Blick zeigt uns,\u00a0 dass alle psychologischen und k\u00f6rperlichen Beschwerden und Blockaden zun\u00e4chst einmal ein Gef\u00fchl der Verengung [&hellip;]<\/p>\n","protected":false},"author":1,"featured_media":0,"parent":0,"menu_order":0,"comment_status":"closed","ping_status":"closed","template":"","meta":{"_et_pb_use_builder":"on","_et_pb_old_content":"","_et_gb_content_width":"","footnotes":""},"class_list":["post-4714","page","type-page","status-publish","hentry"],"yoast_head":"<!-- This site is optimized with the Yoast SEO plugin v27.3 - https:\/\/yoast.com\/product\/yoast-seo-wordpress\/ -->\n<title>Die Ausdehnung des Bewusstseins - The Expansion Method<\/title>\n<meta name=\"robots\" content=\"index, follow, max-snippet:-1, max-image-preview:large, max-video-preview:-1\" \/>\n<link rel=\"canonical\" href=\"https:\/\/expansion-method.com\/de\/ausdehnung-des-bewusstseins\/\" \/>\n<meta property=\"og:locale\" content=\"de_DE\" \/>\n<meta property=\"og:type\" content=\"article\" \/>\n<meta property=\"og:title\" content=\"Die Ausdehnung des Bewusstseins - The Expansion Method\" \/>\n<meta property=\"og:description\" content=\"Die Ausdehnung des &nbsp; BewusstseinsDas Bewusstein ist eine Struktur der Wahrnehmung, die uns erm\u00f6glicht, bewusst zu reflektieren und verschiedene Stufen unseres Wesens und des Universums wahrzunehmen. Kontraktion ist die tiefste unbewusste Form des Leidens f\u00fcr Menschen. Ein genauer Blick zeigt uns,\u00a0 dass alle psychologischen und k\u00f6rperlichen Beschwerden und Blockaden zun\u00e4chst einmal ein Gef\u00fchl der Verengung [&hellip;]\" \/>\n<meta property=\"og:url\" content=\"https:\/\/expansion-method.com\/de\/ausdehnung-des-bewusstseins\/\" \/>\n<meta property=\"og:site_name\" content=\"The Expansion Method\" \/>\n<meta property=\"article:modified_time\" content=\"2021-02-01T21:48:11+00:00\" \/>\n<meta name=\"twitter:card\" content=\"summary_large_image\" \/>\n<meta name=\"twitter:label1\" content=\"Gesch\u00e4tzte Lesezeit\" \/>\n\t<meta name=\"twitter:data1\" content=\"4\u00a0Minuten\" \/>\n<script type=\"application\/ld+json\" class=\"yoast-schema-graph\">{\"@context\":\"https:\\\/\\\/schema.org\",\"@graph\":[{\"@type\":\"WebPage\",\"@id\":\"https:\\\/\\\/expansion-method.com\\\/de\\\/ausdehnung-des-bewusstseins\\\/\",\"url\":\"https:\\\/\\\/expansion-method.com\\\/de\\\/ausdehnung-des-bewusstseins\\\/\",\"name\":\"Die Ausdehnung des Bewusstseins - The Expansion Method\",\"isPartOf\":{\"@id\":\"https:\\\/\\\/expansion-method.com\\\/de\\\/#website\"},\"datePublished\":\"2021-02-01T16:24:58+00:00\",\"dateModified\":\"2021-02-01T21:48:11+00:00\",\"breadcrumb\":{\"@id\":\"https:\\\/\\\/expansion-method.com\\\/de\\\/ausdehnung-des-bewusstseins\\\/#breadcrumb\"},\"inLanguage\":\"de\",\"potentialAction\":[{\"@type\":\"ReadAction\",\"target\":[\"https:\\\/\\\/expansion-method.com\\\/de\\\/ausdehnung-des-bewusstseins\\\/\"]}]},{\"@type\":\"BreadcrumbList\",\"@id\":\"https:\\\/\\\/expansion-method.com\\\/de\\\/ausdehnung-des-bewusstseins\\\/#breadcrumb\",\"itemListElement\":[{\"@type\":\"ListItem\",\"position\":1,\"name\":\"Startseite\",\"item\":\"https:\\\/\\\/expansion-method.com\\\/de\\\/\"},{\"@type\":\"ListItem\",\"position\":2,\"name\":\"Die Ausdehnung des Bewusstseins\"}]},{\"@type\":\"WebSite\",\"@id\":\"https:\\\/\\\/expansion-method.com\\\/de\\\/#website\",\"url\":\"https:\\\/\\\/expansion-method.com\\\/de\\\/\",\"name\":\"The Expansion Method\",\"description\":\"Become Bigger Than Your Problems\",\"potentialAction\":[{\"@type\":\"SearchAction\",\"target\":{\"@type\":\"EntryPoint\",\"urlTemplate\":\"https:\\\/\\\/expansion-method.com\\\/de\\\/?s={search_term_string}\"},\"query-input\":{\"@type\":\"PropertyValueSpecification\",\"valueRequired\":true,\"valueName\":\"search_term_string\"}}],\"inLanguage\":\"de\"}]}<\/script>\n<!-- \/ Yoast SEO plugin. -->","yoast_head_json":{"title":"Die Ausdehnung des Bewusstseins - The Expansion Method","robots":{"index":"index","follow":"follow","max-snippet":"max-snippet:-1","max-image-preview":"max-image-preview:large","max-video-preview":"max-video-preview:-1"},"canonical":"https:\/\/expansion-method.com\/de\/ausdehnung-des-bewusstseins\/","og_locale":"de_DE","og_type":"article","og_title":"Die Ausdehnung des Bewusstseins - The Expansion Method","og_description":"Die Ausdehnung des &nbsp; BewusstseinsDas Bewusstein ist eine Struktur der Wahrnehmung, die uns erm\u00f6glicht, bewusst zu reflektieren und verschiedene Stufen unseres Wesens und des Universums wahrzunehmen. Kontraktion ist die tiefste unbewusste Form des Leidens f\u00fcr Menschen. Ein genauer Blick zeigt uns,\u00a0 dass alle psychologischen und k\u00f6rperlichen Beschwerden und Blockaden zun\u00e4chst einmal ein Gef\u00fchl der Verengung [&hellip;]","og_url":"https:\/\/expansion-method.com\/de\/ausdehnung-des-bewusstseins\/","og_site_name":"The Expansion Method","article_modified_time":"2021-02-01T21:48:11+00:00","twitter_card":"summary_large_image","twitter_misc":{"Gesch\u00e4tzte Lesezeit":"4\u00a0Minuten"},"schema":{"@context":"https:\/\/schema.org","@graph":[{"@type":"WebPage","@id":"https:\/\/expansion-method.com\/de\/ausdehnung-des-bewusstseins\/","url":"https:\/\/expansion-method.com\/de\/ausdehnung-des-bewusstseins\/","name":"Die Ausdehnung des Bewusstseins - The Expansion Method","isPartOf":{"@id":"https:\/\/expansion-method.com\/de\/#website"},"datePublished":"2021-02-01T16:24:58+00:00","dateModified":"2021-02-01T21:48:11+00:00","breadcrumb":{"@id":"https:\/\/expansion-method.com\/de\/ausdehnung-des-bewusstseins\/#breadcrumb"},"inLanguage":"de","potentialAction":[{"@type":"ReadAction","target":["https:\/\/expansion-method.com\/de\/ausdehnung-des-bewusstseins\/"]}]},{"@type":"BreadcrumbList","@id":"https:\/\/expansion-method.com\/de\/ausdehnung-des-bewusstseins\/#breadcrumb","itemListElement":[{"@type":"ListItem","position":1,"name":"Startseite","item":"https:\/\/expansion-method.com\/de\/"},{"@type":"ListItem","position":2,"name":"Die Ausdehnung des Bewusstseins"}]},{"@type":"WebSite","@id":"https:\/\/expansion-method.com\/de\/#website","url":"https:\/\/expansion-method.com\/de\/","name":"The Expansion Method","description":"Become Bigger Than Your Problems","potentialAction":[{"@type":"SearchAction","target":{"@type":"EntryPoint","urlTemplate":"https:\/\/expansion-method.com\/de\/?s={search_term_string}"},"query-input":{"@type":"PropertyValueSpecification","valueRequired":true,"valueName":"search_term_string"}}],"inLanguage":"de"}]}},"_links":{"self":[{"href":"https:\/\/expansion-method.com\/de\/wp-json\/wp\/v2\/pages\/4714","targetHints":{"allow":["GET"]}}],"collection":[{"href":"https:\/\/expansion-method.com\/de\/wp-json\/wp\/v2\/pages"}],"about":[{"href":"https:\/\/expansion-method.com\/de\/wp-json\/wp\/v2\/types\/page"}],"author":[{"embeddable":true,"href":"https:\/\/expansion-method.com\/de\/wp-json\/wp\/v2\/users\/1"}],"replies":[{"embeddable":true,"href":"https:\/\/expansion-method.com\/de\/wp-json\/wp\/v2\/comments?post=4714"}],"version-history":[{"count":0,"href":"https:\/\/expansion-method.com\/de\/wp-json\/wp\/v2\/pages\/4714\/revisions"}],"wp:attachment":[{"href":"https:\/\/expansion-method.com\/de\/wp-json\/wp\/v2\/media?parent=4714"}],"curies":[{"name":"wp","href":"https:\/\/api.w.org\/{rel}","templated":true}]}}