{"id":4722,"date":"2021-02-01T18:16:20","date_gmt":"2021-02-01T17:16:20","guid":{"rendered":"https:\/\/expansion-method.com\/expansion-for-therapy\/"},"modified":"2021-02-02T09:44:47","modified_gmt":"2021-02-02T08:44:47","slug":"expansion-fuer-therapie","status":"publish","type":"page","link":"https:\/\/expansion-method.com\/de\/expansion-fuer-therapie\/","title":{"rendered":"Die Expansion in der Therapie"},"content":{"rendered":"<p>[et_pb_section fb_built=&#8220;1&#8243; admin_label=&#8220;Hero Section&#8220; _builder_version=&#8220;4.8.1&#8243; use_background_color_gradient=&#8220;on&#8220; background_color_gradient_start=&#8220;rgba(0,0,0,0.5)&#8220; background_color_gradient_end=&#8220;rgba(0,0,0,0)&#8220; background_color_gradient_overlays_image=&#8220;on&#8220; background_image=&#8220;https:\/\/expansion-method.com\/wp-content\/uploads\/2021\/02\/expansion-therapy.jpg&#8220; parallax=&#8220;on&#8220; custom_margin=&#8220;|||&#8220; custom_padding=&#8220;11.7%||12.4%|||&#8220;][et_pb_row _builder_version=&#8220;3.25&#8243; background_size=&#8220;initial&#8220; background_position=&#8220;top_left&#8220; background_repeat=&#8220;repeat&#8220;][et_pb_column type=&#8220;4_4&#8243; _builder_version=&#8220;3.25&#8243; custom_padding=&#8220;|||&#8220; custom_padding__hover=&#8220;|||&#8220;][et_pb_text admin_label=&#8220;Title&#8220; _builder_version=&#8220;4.8.1&#8243; text_font=&#8220;Quattrocento||||||||&#8220; text_text_color=&#8220;#000000&#8243; text_font_size=&#8220;22px&#8220; text_line_height=&#8220;1.4em&#8220; header_font=&#8220;||||||||&#8220; header_text_align=&#8220;center&#8220; header_text_color=&#8220;#000000&#8243; header_font_size=&#8220;70px&#8220; header_letter_spacing=&#8220;6px&#8220; header_line_height=&#8220;1.4em&#8220; text_orientation=&#8220;center&#8220; background_layout=&#8220;dark&#8220; max_width=&#8220;800px&#8220; module_alignment=&#8220;center&#8220; animation_style=&#8220;slide&#8220; animation_direction=&#8220;top&#8220; animation_intensity_slide=&#8220;3%&#8220; animation_starting_opacity=&#8220;100%&#8220; header_font_size_tablet=&#8220;40px&#8220; header_font_size_phone=&#8220;&#8220; header_font_size_last_edited=&#8220;on|tablet&#8220;]<\/p>\n<p>Die Expansion f\u00fcr<\/p>\n<p>&nbsp;<\/p>\n<h1>Therapie<\/h1>\n<p>[\/et_pb_text][\/et_pb_column][\/et_pb_row][\/et_pb_section][et_pb_section fb_built=&#8220;1&#8243; admin_label=&#8220;Feature Section&#8220; _builder_version=&#8220;4.8.1&#8243; background_image=&#8220;https:\/\/expansion-method.com\/wp-content\/uploads\/2021\/02\/background-free.jpg&#8220; background_position=&#8220;center_right&#8220; max_width=&#8220;88%&#8220; module_alignment=&#8220;center&#8220; custom_margin=&#8220;-6%|||&#8220; custom_padding=&#8220;82px||17px|||&#8220; animation_style=&#8220;slide&#8220; animation_direction=&#8220;left&#8220; animation_intensity_slide=&#8220;2%&#8220; animation_starting_opacity=&#8220;100%&#8220; box_shadow_style=&#8220;preset3&#8243; box_shadow_vertical=&#8220;80px&#8220; box_shadow_blur=&#8220;120px&#8220; box_shadow_spread=&#8220;-60px&#8220; box_shadow_color=&#8220;rgba(63,63,31,0.3)&#8220;][et_pb_row column_structure=&#8220;1_5,3_5,1_5&#8243; _builder_version=&#8220;3.25&#8243; width=&#8220;90%&#8220; max_width=&#8220;90%&#8220; use_custom_width=&#8220;on&#8220; width_unit=&#8220;off&#8220; custom_width_percent=&#8220;90%&#8220;][et_pb_column type=&#8220;1_5&#8243; _builder_version=&#8220;3.25&#8243; custom_padding=&#8220;|||&#8220; custom_padding__hover=&#8220;|||&#8220;][et_pb_text admin_label=&#8220;Title&#8220; _builder_version=&#8220;3.27.4&#8243; text_font=&#8220;||||||||&#8220; header_font=&#8220;||||||||&#8220; header_2_font=&#8220;Quattrocento||||||||&#8220; header_2_font_size=&#8220;60px&#8220; header_2_line_height=&#8220;1.3em&#8220; animation_style=&#8220;slide&#8220; animation_direction=&#8220;left&#8220; animation_duration=&#8220;1400ms&#8220; animation_intensity_slide=&#8220;6%&#8220; header_2_font_size_tablet=&#8220;40px&#8220; header_2_font_size_phone=&#8220;&#8220; header_2_font_size_last_edited=&#8220;on|tablet&#8220;][\/et_pb_text][\/et_pb_column][et_pb_column type=&#8220;3_5&#8243; _builder_version=&#8220;3.25&#8243; custom_padding=&#8220;|||&#8220; custom_padding__hover=&#8220;|||&#8220;][et_pb_text admin_label=&#8220;Title&#8220; _builder_version=&#8220;4.8.1&#8243; text_font=&#8220;|300|||||||&#8220; text_text_color=&#8220;#854f15&#8243; text_font_size=&#8220;31px&#8220; text_line_height=&#8220;1.2em&#8220; header_font=&#8220;||||||||&#8220; header_2_font=&#8220;||||||||&#8220; header_2_font_size=&#8220;60px&#8220; header_2_line_height=&#8220;1.3em&#8220; text_orientation=&#8220;center&#8220; module_alignment=&#8220;center&#8220; custom_margin=&#8220;6px||10px|||&#8220; animation_style=&#8220;fade&#8220; animation_direction=&#8220;left&#8220; animation_starting_opacity=&#8220;100%&#8220; header_2_font_size_tablet=&#8220;40px&#8220; header_2_font_size_phone=&#8220;&#8220; header_2_font_size_last_edited=&#8220;on|tablet&#8220;]<\/p>\n<blockquote>\n<p><em>Befrei dich von der Vergangenheit und der Last von Mustern und Traumata mit der bemerkenswerten Hilfe von erinnerungstranszendierenden Bewusstseinszust\u00e4nden<\/em><\/p>\n<\/blockquote>\n<p>[\/et_pb_text][et_pb_text _builder_version=&#8220;4.8.1&#8243; text_font=&#8220;Quattrocento||||||||&#8220; text_font_size=&#8220;18px&#8220; text_line_height=&#8220;2.2em&#8220; header_font=&#8220;||||||||&#8220; header_2_font=&#8220;||||||||&#8220; animation_style=&#8220;slide&#8220; animation_direction=&#8220;left&#8220; animation_duration=&#8220;1400ms&#8220; animation_delay=&#8220;100ms&#8220; animation_intensity_slide=&#8220;6%&#8220;]<\/p>\n<p><em>Tr\u00e4gst du ein bestimmtes psychologisches Muster oder eine Blockade in dir, die sich seit Jahren nicht ver\u00e4ndert hat? Hast du verschiedene Therapien ausprobiert, aber nur geringe Ver\u00e4nderungen, wenn \u00fcberhaupt, gesehen?<\/em><\/p>\n<p>Das erste, was dir vielleicht auff\u00e4llt, wenn du mit dem Expansions-Prozess in Ber\u00fchrung kommst, ist, dass es ein gl\u00fcckseliger und unglaublich positiver Prozess ist. Selbst wenn du dich in die schmerzhaften Erfahrungen deiner Vergangenheit vertiefst oder dich mit deinen schlimmsten \u00c4ngsten auseinandersetzt, ist der gesamte Prozess von einem Hauch von innewohnender Freiheit, Furchtlosigkeit und Grenzenlosigkeit umh\u00fcllt.<\/p>\n<p>[\/et_pb_text][\/et_pb_column][et_pb_column type=&#8220;1_5&#8243; _builder_version=&#8220;3.25&#8243; custom_padding=&#8220;|||&#8220; custom_padding__hover=&#8220;|||&#8220;][\/et_pb_column][\/et_pb_row][\/et_pb_section][et_pb_section fb_built=&#8220;1&#8243; _builder_version=&#8220;4.8.1&#8243; _module_preset=&#8220;default&#8220; custom_padding=&#8220;42px||44px|||&#8220;][et_pb_row column_structure=&#8220;2_5,3_5&#8243; _builder_version=&#8220;4.8.1&#8243; custom_margin=&#8220;||0px||false|false&#8220; custom_padding=&#8220;||1px|||&#8220;][et_pb_column type=&#8220;2_5&#8243; _builder_version=&#8220;3.25&#8243; custom_padding=&#8220;|||&#8220; custom_padding__hover=&#8220;|||&#8220;][et_pb_image src=&#8220;https:\/\/expansion-method.com\/wp-content\/uploads\/2021\/02\/open-sky-mind.jpg&#8220; title_text=&#8220;open-sky-mind&#8220; _builder_version=&#8220;4.8.1&#8243; _module_preset=&#8220;default&#8220; custom_margin=&#8220;||0px||false|false&#8220; custom_padding=&#8220;||0px||false|false&#8220;][\/et_pb_image][\/et_pb_column][et_pb_column type=&#8220;3_5&#8243; _builder_version=&#8220;3.25&#8243; custom_padding=&#8220;|||&#8220; custom_padding__hover=&#8220;|||&#8220;][et_pb_divider show_divider=&#8220;off&#8220; _builder_version=&#8220;4.8.1&#8243; _module_preset=&#8220;default&#8220; custom_margin=&#8220;30px||20px||false|false&#8220;][\/et_pb_divider][et_pb_text admin_label=&#8220;Title&#8220; _builder_version=&#8220;4.8.1&#8243; text_font=&#8220;|300|||||||&#8220; text_text_color=&#8220;#854f15&#8243; text_font_size=&#8220;31px&#8220; text_line_height=&#8220;1.2em&#8220; header_font=&#8220;||||||||&#8220; header_2_font=&#8220;||||||||&#8220; header_2_font_size=&#8220;60px&#8220; header_2_line_height=&#8220;1.3em&#8220; text_orientation=&#8220;center&#8220; module_alignment=&#8220;center&#8220; custom_margin=&#8220;6px||10px|||&#8220; animation_style=&#8220;fade&#8220; animation_direction=&#8220;left&#8220; animation_starting_opacity=&#8220;100%&#8220; header_2_font_size_tablet=&#8220;40px&#8220; header_2_font_size_phone=&#8220;&#8220; header_2_font_size_last_edited=&#8220;on|tablet&#8220;]<\/p>\n<blockquote>\n<p><em>Das ist ein Teil der Magie: Das Gef\u00fchl, ein &#8222;Problem&#8220; zu haben, wird durch den erweiterten Zustand deines Geistes aufgel\u00f6st.<\/em><\/p>\n<\/blockquote>\n<p>[\/et_pb_text][\/et_pb_column][\/et_pb_row][\/et_pb_section][et_pb_section fb_built=&#8220;1&#8243; custom_padding_last_edited=&#8220;off|desktop&#8220; admin_label=&#8220;Feature Section&#8220; _builder_version=&#8220;4.8.1&#8243; background_color=&#8220;#f7f7f7&#8243; background_image=&#8220;https:\/\/expansion-method.com\/wp-content\/uploads\/2019\/05\/tea_shop_42.jpg&#8220; module_alignment=&#8220;center&#8220; custom_margin=&#8220;0px||||false|false&#8220; custom_padding=&#8220;0px||3.8%||false|false&#8220; custom_padding_tablet=&#8220;0px||0px|&#8220;][et_pb_row column_structure=&#8220;1_5,3_5,1_5&#8243; _builder_version=&#8220;4.8.1&#8243; width=&#8220;88%&#8220; max_width=&#8220;88%&#8220; module_alignment=&#8220;center&#8220; custom_margin=&#8220;-2px|auto||auto||&#8220; custom_padding=&#8220;|||&#8220; use_custom_width=&#8220;on&#8220; width_unit=&#8220;off&#8220; custom_width_percent=&#8220;88%&#8220; locked=&#8220;off&#8220;][et_pb_column type=&#8220;1_5&#8243; _builder_version=&#8220;3.25&#8243; custom_padding=&#8220;|40px||40px&#8220; custom_padding__hover=&#8220;|||&#8220;][\/et_pb_column][et_pb_column type=&#8220;3_5&#8243; _builder_version=&#8220;4.8.1&#8243; custom_padding=&#8220;|||&#8220; custom_padding__hover=&#8220;|||&#8220;][et_pb_text _builder_version=&#8220;4.8.1&#8243; text_font=&#8220;Quattrocento||||||||&#8220; text_font_size=&#8220;18px&#8220; text_line_height=&#8220;2.2em&#8220; header_font=&#8220;||||||||&#8220; header_2_font=&#8220;||||||||&#8220; custom_margin=&#8220;|||&#8220; custom_padding=&#8220;||0px|||&#8220; animation_style=&#8220;fade&#8220; animation_direction=&#8220;left&#8220;]<\/p>\n<p><span style=\"font-size: 18px;\">Wenn du ein traumatisches Ereignis tief in dir tr\u00e4gst, das immer dann ausgel\u00f6st wird oder wieder auftaucht, wenn du einer \u00e4hnlichen Situation begegnest, kannst du dich ihm nun frontal, aber mit einem vollkommen anderen Geist stellen.<\/span><\/p>\n<p>[\/et_pb_text][et_pb_text admin_label=&#8220;Title&#8220; _builder_version=&#8220;4.8.1&#8243; text_font=&#8220;|300|||||||&#8220; text_text_color=&#8220;#854f15&#8243; text_font_size=&#8220;31px&#8220; text_line_height=&#8220;1.2em&#8220; header_font=&#8220;||||||||&#8220; header_2_font=&#8220;||||||||&#8220; header_2_font_size=&#8220;60px&#8220; header_2_line_height=&#8220;1.3em&#8220; text_orientation=&#8220;center&#8220; module_alignment=&#8220;center&#8220; custom_margin=&#8220;6px||10px|||&#8220; animation_style=&#8220;fade&#8220; animation_direction=&#8220;left&#8220; animation_starting_opacity=&#8220;100%&#8220; header_2_font_size_tablet=&#8220;40px&#8220; header_2_font_size_phone=&#8220;&#8220; header_2_font_size_last_edited=&#8220;on|tablet&#8220;]<\/p>\n<blockquote>\n<p><em>Obwohl du deine Vergangenheit nicht \u00e4ndern kannst, kannst du die Art und Weise, wie du sie wahrnimmst und interpretierst, dramatisch ver\u00e4ndern.<\/em><\/p>\n<\/blockquote>\n<p>[\/et_pb_text][\/et_pb_column][et_pb_column type=&#8220;1_5&#8243; _builder_version=&#8220;4.8.1&#8243; custom_padding=&#8220;|||&#8220; custom_padding__hover=&#8220;|||&#8220;][\/et_pb_column][\/et_pb_row][\/et_pb_section][et_pb_section fb_built=&#8220;1&#8243; admin_label=&#8220;New Arrivals Section&#8220; _builder_version=&#8220;3.22&#8243; custom_padding=&#8220;63px|0px|55px|0px||&#8220; locked=&#8220;off&#8220;][et_pb_row _builder_version=&#8220;3.25&#8243;][et_pb_column type=&#8220;4_4&#8243; _builder_version=&#8220;3.25&#8243; custom_padding=&#8220;|||&#8220; custom_padding__hover=&#8220;|||&#8220;][et_pb_text admin_label=&#8220;Subtitle&#8220; _builder_version=&#8220;4.8.1&#8243; text_font=&#8220;Quattrocento||||||||&#8220; text_font_size=&#8220;18px&#8220; text_line_height=&#8220;2.2em&#8220; header_font=&#8220;||||||||&#8220; header_2_font=&#8220;||||||||&#8220; text_orientation=&#8220;justified&#8220; max_width=&#8220;700px&#8220; module_alignment=&#8220;center&#8220; animation_style=&#8220;fade&#8220; animation_direction=&#8220;left&#8220; animation_starting_opacity=&#8220;100%&#8220; hover_enabled=&#8220;0&#8243; sticky_enabled=&#8220;0&#8243;]<\/p>\n<p>Indem du deine bereits befreiten Bewusstseinszust\u00e4nde nutzt, wirst du die Kraft erlangen, die du brauchst, um die psychologischen Inhalte deiner Erinnerungen zu heilen. Indem du deiner traumatischsten Erinnerung Bewusstsein und Pr\u00e4senz verleihst, wirst du in der Lage sein zu sehen, dass &#8211; egal wie unangenehm das Ereignis war &#8211; du nicht deswegen leiden musst.<\/p>\n<p>Dies ist nicht nur ein intellektuelles Spiel; du wirst es direkt erfahren, durch dein ganzes Wesen.<\/p>\n<p>Es geht auch um viel mehr. Einige deiner tiefsten Erinnerungen, die in der Tiefe deines Unterbewusstseins verborgen lagen, werden nun f\u00fcr dich erreichbar werden. Mit einem umfangreichen Wissen \u00fcber die Landkarte deines Unterbewusstseins, sowie \u00fcber die verschiedenen Schichten deiner Psyche, wirst du in der Lage sein, furchtlos in dein Unterbewusstsein zu gehen und es zu entwirren (unter der Anleitung eines zertifizierten Begleiters). Sobald dies geschieht, wirst du nicht mehr von verborgenen Kr\u00e4ften kontrolliert, die deine freie Wahl und Entwicklung hemmen.<\/p>\n<p>Zwei der effektivsten Techniken im Prozess der &#8218;Expansionsmethode&#8216; arbeiten direkt mit Erinnerungen. Die Technik &#8218;Expansion bei Trauma&#8216; zum Beispiel verwandelt traumatische Ereignisse in positive Wendepunkte f\u00fcr Wachstum und gesteigertes Bewusstsein. Sobald sich ein Mensch, der von seiner Vergangenheit gequ\u00e4lt wird, in erweiterte Bewusstseinszust\u00e4nde begibt, werden die h\u00e4rtesten Momente seines Lebens bearbeitbar und teilweise sogar lachbar; ein Zustand der totalen Verzweiflung wird in Selbsterm\u00e4chtigung umgewandelt. Er wird nicht durch irgendeine m\u00e4chtige Manipulation gezwungen &#8211; vielmehr durch sein neues Bewusstsein, das ihn seine Vergangenheit mit frischen Augen der Erleuchtung und Einsicht betrachten l\u00e4sst. Jetzt kann er sogar einem ansonsten ungl\u00fccklichen Ereignis einen neuen Sinn und Zweck verleihen.<\/p>\n<p>Traumatische Ereignisse erzeugen irrationale Pr\u00e4gungen in unserem Gehirn. Dies sind die verborgenen Kr\u00e4fte, die schlie\u00dflich schwierige Muster in unserer Pers\u00f6nlichkeit bilden. Die &#8222;Ausdehnung der verborgenen Erinnerungen&#8220; l\u00f6st diese Pr\u00e4gungen auf und befreit damit unsere Gegenwart und Zukunft von den Einfl\u00fcssen der Vergangenheit. Damit das geschehen kann, m\u00fcssen wir lernen, wie wir uns genau mit dieser Freiheit verbinden und aus ihr heraus an uns arbeiten k\u00f6nnen.<\/p>\n<p style=\"text-align: justify;\"><span style=\"font-size: 18px;\">.<\/span><\/p>\n<p style=\"text-align: justify;\">\n<p>[\/et_pb_text][\/et_pb_column][\/et_pb_row][\/et_pb_section][et_pb_section fb_built=&#8220;1&#8243; _builder_version=&#8220;4.8.1&#8243; _module_preset=&#8220;default&#8220; use_background_color_gradient=&#8220;on&#8220; background_color_gradient_start=&#8220;#ffffff&#8220; background_color_gradient_end=&#8220;#e6e3e0&#8243;][et_pb_row _builder_version=&#8220;4.8.1&#8243; _module_preset=&#8220;default&#8220;][et_pb_column type=&#8220;4_4&#8243; _builder_version=&#8220;4.8.1&#8243; _module_preset=&#8220;default&#8220;][et_pb_text admin_label=&#8220;Subtitle&#8220; _builder_version=&#8220;4.8.1&#8243; text_font=&#8220;Quattrocento||||||||&#8220; text_font_size=&#8220;18px&#8220; text_line_height=&#8220;2.2em&#8220; header_font=&#8220;||||||||&#8220; header_2_font=&#8220;||||||||&#8220; text_orientation=&#8220;justified&#8220; max_width=&#8220;700px&#8220; module_alignment=&#8220;center&#8220; animation_style=&#8220;fade&#8220; animation_direction=&#8220;left&#8220; animation_starting_opacity=&#8220;100%&#8220;]<\/p>\n<h2>Die therapeutische Expansion kannst du verwenden f\u00fcr:<\/h2>\n<p>S\u00fcchte, emotionale Ungleichgewichte, das Aufdecken und L\u00f6sen von tiefen Kr\u00e4ften des Unterbewusstseins, Traumdeutungen, geringes Selbstwertgef\u00fchl, \u00c4ngste und Sorgen, Beziehungsschwierigkeiten, qu\u00e4lende Zweifel und Entscheidungen.<\/p>\n<p>Es ist die einzigartige Kombination von spiritueller Freiheit und tiefgreifender psychologischer Arbeit, die eine Steigerung von wahrer innerer Kraft und die M\u00f6glichkeit eines Neuanfangs bewirkt. St\u00e4rker und gr\u00f6\u00dfer zu sein als deine Probleme, ein Zustand, der durch Expansion erreicht wird, erm\u00f6glicht es dir, sie wirklich zu ver\u00e4ndern.<\/p>\n<p><span style=\"font-size: 18px;\">.<\/span><\/p>\n<p style=\"text-align: justify;\">\n<p>[\/et_pb_text][\/et_pb_column][\/et_pb_row][\/et_pb_section]<\/p>\n","protected":false},"excerpt":{"rendered":"<p>Die Expansion f\u00fcr &nbsp; Therapie Befrei dich von der Vergangenheit und der Last von Mustern und Traumata mit der bemerkenswerten Hilfe von erinnerungstranszendierenden Bewusstseinszust\u00e4nden Tr\u00e4gst du ein bestimmtes psychologisches Muster oder eine Blockade in dir, die sich seit Jahren nicht ver\u00e4ndert hat? Hast du verschiedene Therapien ausprobiert, aber nur geringe Ver\u00e4nderungen, wenn \u00fcberhaupt, gesehen? Das [&hellip;]<\/p>\n","protected":false},"author":1,"featured_media":0,"parent":0,"menu_order":0,"comment_status":"closed","ping_status":"closed","template":"","meta":{"_et_pb_use_builder":"on","_et_pb_old_content":"","_et_gb_content_width":"","footnotes":""},"class_list":["post-4722","page","type-page","status-publish","hentry"],"yoast_head":"<!-- This site is optimized with the Yoast SEO plugin v27.3 - https:\/\/yoast.com\/product\/yoast-seo-wordpress\/ -->\n<title>Die Expansion in der Therapie - The Expansion Method<\/title>\n<meta name=\"robots\" content=\"index, follow, max-snippet:-1, max-image-preview:large, max-video-preview:-1\" \/>\n<link rel=\"canonical\" href=\"https:\/\/expansion-method.com\/de\/expansion-fuer-therapie\/\" \/>\n<meta property=\"og:locale\" content=\"de_DE\" \/>\n<meta property=\"og:type\" content=\"article\" \/>\n<meta property=\"og:title\" content=\"Die Expansion in der Therapie - The Expansion Method\" \/>\n<meta property=\"og:description\" content=\"Die Expansion f\u00fcr &nbsp; Therapie Befrei dich von der Vergangenheit und der Last von Mustern und Traumata mit der bemerkenswerten Hilfe von erinnerungstranszendierenden Bewusstseinszust\u00e4nden Tr\u00e4gst du ein bestimmtes psychologisches Muster oder eine Blockade in dir, die sich seit Jahren nicht ver\u00e4ndert hat? Hast du verschiedene Therapien ausprobiert, aber nur geringe Ver\u00e4nderungen, wenn \u00fcberhaupt, gesehen? Das [&hellip;]\" \/>\n<meta property=\"og:url\" content=\"https:\/\/expansion-method.com\/de\/expansion-fuer-therapie\/\" \/>\n<meta property=\"og:site_name\" content=\"The Expansion Method\" \/>\n<meta property=\"article:modified_time\" content=\"2021-02-02T08:44:47+00:00\" \/>\n<meta name=\"twitter:card\" content=\"summary_large_image\" \/>\n<meta name=\"twitter:label1\" content=\"Gesch\u00e4tzte Lesezeit\" \/>\n\t<meta name=\"twitter:data1\" content=\"4\u00a0Minuten\" \/>\n<script type=\"application\/ld+json\" class=\"yoast-schema-graph\">{\"@context\":\"https:\\\/\\\/schema.org\",\"@graph\":[{\"@type\":\"WebPage\",\"@id\":\"https:\\\/\\\/expansion-method.com\\\/de\\\/expansion-fuer-therapie\\\/\",\"url\":\"https:\\\/\\\/expansion-method.com\\\/de\\\/expansion-fuer-therapie\\\/\",\"name\":\"Die Expansion in der Therapie - The Expansion Method\",\"isPartOf\":{\"@id\":\"https:\\\/\\\/expansion-method.com\\\/de\\\/#website\"},\"datePublished\":\"2021-02-01T17:16:20+00:00\",\"dateModified\":\"2021-02-02T08:44:47+00:00\",\"breadcrumb\":{\"@id\":\"https:\\\/\\\/expansion-method.com\\\/de\\\/expansion-fuer-therapie\\\/#breadcrumb\"},\"inLanguage\":\"de\",\"potentialAction\":[{\"@type\":\"ReadAction\",\"target\":[\"https:\\\/\\\/expansion-method.com\\\/de\\\/expansion-fuer-therapie\\\/\"]}]},{\"@type\":\"BreadcrumbList\",\"@id\":\"https:\\\/\\\/expansion-method.com\\\/de\\\/expansion-fuer-therapie\\\/#breadcrumb\",\"itemListElement\":[{\"@type\":\"ListItem\",\"position\":1,\"name\":\"Startseite\",\"item\":\"https:\\\/\\\/expansion-method.com\\\/de\\\/\"},{\"@type\":\"ListItem\",\"position\":2,\"name\":\"Die Expansion in der Therapie\"}]},{\"@type\":\"WebSite\",\"@id\":\"https:\\\/\\\/expansion-method.com\\\/de\\\/#website\",\"url\":\"https:\\\/\\\/expansion-method.com\\\/de\\\/\",\"name\":\"The Expansion Method\",\"description\":\"Become Bigger Than Your Problems\",\"potentialAction\":[{\"@type\":\"SearchAction\",\"target\":{\"@type\":\"EntryPoint\",\"urlTemplate\":\"https:\\\/\\\/expansion-method.com\\\/de\\\/?s={search_term_string}\"},\"query-input\":{\"@type\":\"PropertyValueSpecification\",\"valueRequired\":true,\"valueName\":\"search_term_string\"}}],\"inLanguage\":\"de\"}]}<\/script>\n<!-- \/ Yoast SEO plugin. -->","yoast_head_json":{"title":"Die Expansion in der Therapie - The Expansion Method","robots":{"index":"index","follow":"follow","max-snippet":"max-snippet:-1","max-image-preview":"max-image-preview:large","max-video-preview":"max-video-preview:-1"},"canonical":"https:\/\/expansion-method.com\/de\/expansion-fuer-therapie\/","og_locale":"de_DE","og_type":"article","og_title":"Die Expansion in der Therapie - The Expansion Method","og_description":"Die Expansion f\u00fcr &nbsp; Therapie Befrei dich von der Vergangenheit und der Last von Mustern und Traumata mit der bemerkenswerten Hilfe von erinnerungstranszendierenden Bewusstseinszust\u00e4nden Tr\u00e4gst du ein bestimmtes psychologisches Muster oder eine Blockade in dir, die sich seit Jahren nicht ver\u00e4ndert hat? Hast du verschiedene Therapien ausprobiert, aber nur geringe Ver\u00e4nderungen, wenn \u00fcberhaupt, gesehen? Das [&hellip;]","og_url":"https:\/\/expansion-method.com\/de\/expansion-fuer-therapie\/","og_site_name":"The Expansion Method","article_modified_time":"2021-02-02T08:44:47+00:00","twitter_card":"summary_large_image","twitter_misc":{"Gesch\u00e4tzte Lesezeit":"4\u00a0Minuten"},"schema":{"@context":"https:\/\/schema.org","@graph":[{"@type":"WebPage","@id":"https:\/\/expansion-method.com\/de\/expansion-fuer-therapie\/","url":"https:\/\/expansion-method.com\/de\/expansion-fuer-therapie\/","name":"Die Expansion in der Therapie - The Expansion Method","isPartOf":{"@id":"https:\/\/expansion-method.com\/de\/#website"},"datePublished":"2021-02-01T17:16:20+00:00","dateModified":"2021-02-02T08:44:47+00:00","breadcrumb":{"@id":"https:\/\/expansion-method.com\/de\/expansion-fuer-therapie\/#breadcrumb"},"inLanguage":"de","potentialAction":[{"@type":"ReadAction","target":["https:\/\/expansion-method.com\/de\/expansion-fuer-therapie\/"]}]},{"@type":"BreadcrumbList","@id":"https:\/\/expansion-method.com\/de\/expansion-fuer-therapie\/#breadcrumb","itemListElement":[{"@type":"ListItem","position":1,"name":"Startseite","item":"https:\/\/expansion-method.com\/de\/"},{"@type":"ListItem","position":2,"name":"Die Expansion in der Therapie"}]},{"@type":"WebSite","@id":"https:\/\/expansion-method.com\/de\/#website","url":"https:\/\/expansion-method.com\/de\/","name":"The Expansion Method","description":"Become Bigger Than Your Problems","potentialAction":[{"@type":"SearchAction","target":{"@type":"EntryPoint","urlTemplate":"https:\/\/expansion-method.com\/de\/?s={search_term_string}"},"query-input":{"@type":"PropertyValueSpecification","valueRequired":true,"valueName":"search_term_string"}}],"inLanguage":"de"}]}},"_links":{"self":[{"href":"https:\/\/expansion-method.com\/de\/wp-json\/wp\/v2\/pages\/4722","targetHints":{"allow":["GET"]}}],"collection":[{"href":"https:\/\/expansion-method.com\/de\/wp-json\/wp\/v2\/pages"}],"about":[{"href":"https:\/\/expansion-method.com\/de\/wp-json\/wp\/v2\/types\/page"}],"author":[{"embeddable":true,"href":"https:\/\/expansion-method.com\/de\/wp-json\/wp\/v2\/users\/1"}],"replies":[{"embeddable":true,"href":"https:\/\/expansion-method.com\/de\/wp-json\/wp\/v2\/comments?post=4722"}],"version-history":[{"count":0,"href":"https:\/\/expansion-method.com\/de\/wp-json\/wp\/v2\/pages\/4722\/revisions"}],"wp:attachment":[{"href":"https:\/\/expansion-method.com\/de\/wp-json\/wp\/v2\/media?parent=4722"}],"curies":[{"name":"wp","href":"https:\/\/api.w.org\/{rel}","templated":true}]}}