{"id":4727,"date":"2021-02-01T09:58:47","date_gmt":"2021-02-01T08:58:47","guid":{"rendered":"https:\/\/expansion-method.com\/faq\/"},"modified":"2021-02-02T09:25:32","modified_gmt":"2021-02-02T08:25:32","slug":"faq","status":"publish","type":"page","link":"https:\/\/expansion-method.com\/de\/faq\/","title":{"rendered":"FAQs"},"content":{"rendered":"<p>[et_pb_section fb_built=&#8220;1&#8243; admin_label=&#8220;Hero Section&#8220; _builder_version=&#8220;4.8.1&#8243; use_background_color_gradient=&#8220;on&#8220; background_color_gradient_start=&#8220;rgba(0,0,0,0.5)&#8220; background_color_gradient_end=&#8220;rgba(0,0,0,0)&#8220; background_color_gradient_overlays_image=&#8220;on&#8220; background_image=&#8220;https:\/\/expansion-method.com\/wp-content\/uploads\/2021\/02\/expansion-header-basic.jpg&#8220; parallax=&#8220;on&#8220; custom_margin=&#8220;|||&#8220; custom_padding=&#8220;6.4%||8.2%||false|false&#8220;][et_pb_row _builder_version=&#8220;3.25&#8243; background_size=&#8220;initial&#8220; background_position=&#8220;top_left&#8220; background_repeat=&#8220;repeat&#8220;][et_pb_column type=&#8220;4_4&#8243; _builder_version=&#8220;3.25&#8243; custom_padding__hover=&#8220;|||&#8220;][et_pb_text _builder_version=&#8220;4.2&#8243; header_text_color=&#8220;#ffffff&#8220; header_font_size=&#8220;55px&#8220;]<\/p>\n<h1 style=\"text-align: center;\">FAQ<\/h1>\n<p>[\/et_pb_text][\/et_pb_column][\/et_pb_row][\/et_pb_section][et_pb_section fb_built=&#8220;1&#8243; admin_label=&#8220;Featured Collections Section&#8220; _builder_version=&#8220;3.22.3&#8243; background_image=&#8220;https:\/\/expansion-method.com\/wp-content\/uploads\/2019\/05\/retreat-background-contact.jpg&#8220; background_position=&#8220;center_right&#8220; max_width=&#8220;80%&#8220; module_alignment=&#8220;center&#8220; custom_margin=&#8220;-6%|||&#8220; custom_padding=&#8220;24px||65px||false|false&#8220; animation_direction=&#8220;left&#8220; box_shadow_style=&#8220;preset3&#8243; box_shadow_vertical=&#8220;80px&#8220; box_shadow_blur=&#8220;80px&#8220; box_shadow_spread=&#8220;-60px&#8220; box_shadow_color=&#8220;rgba(63,63,31,0.3)&#8220; locked=&#8220;off&#8220;][et_pb_row _builder_version=&#8220;3.25&#8243; custom_padding=&#8220;24px|0px|24px|0px|false|false&#8220;][et_pb_column type=&#8220;4_4&#8243; _builder_version=&#8220;3.25&#8243; custom_padding__hover=&#8220;|||&#8220;][et_pb_text _builder_version=&#8220;4.8.1&#8243; text_font_size=&#8220;18px&#8220; hover_enabled=&#8220;0&#8243; sticky_enabled=&#8220;0&#8243;]<\/p>\n<h3><span style=\"font-size: 29px;\">Hier haben wir versucht, die am h\u00e4ufigsten gestellten Fragen zu beantworten.<\/span><\/h3>\n<p><span style=\"font-size: 29px;\"><\/span><\/p>\n<p>Wenn du eine andere Frage haben solltest, die wir \u00fcbersehen haben, kannst du uns herzlich <a href=\"\/kontakt\">gerne kontaktieren<\/a>.<\/p>\n<p>[\/et_pb_text][\/et_pb_column][\/et_pb_row][et_pb_row _builder_version=&#8220;4.0.11&#8243;][et_pb_column type=&#8220;4_4&#8243; _builder_version=&#8220;4.0.11&#8243;][et_pb_accordion open_toggle_text_color=&#8220;#000000&#8243; open_toggle_background_color=&#8220;#FFFFFF&#8220; closed_toggle_background_color=&#8220;#b5c1e2&#8243; _builder_version=&#8220;4.8.1&#8243; toggle_text_color=&#8220;#000000&#8243; hover_enabled=&#8220;0&#8243; sticky_enabled=&#8220;0&#8243;][et_pb_accordion_item title=&#8220; 1. Wie unterscheidet sich der Expansionsprozess von allen anderen Methoden, die es gibt?&#8220; open=&#8220;on&#8220; _builder_version=&#8220;4.8.1&#8243; hover_enabled=&#8220;0&#8243; sticky_enabled=&#8220;0&#8243;]<\/p>\n<p><span><strong>a.\u00a0<\/strong><\/span>Das Prinzip der Expansion wird von soliden Grundlagen theoretischen und philosophischen Wissens abgeleitet. Es erweitert eine umfassende Sichtweise des menschlichen Geistes und Bewusstseins, die von yogischen Traditionen und westlicher Philosophie und Psychologie inspiriert ist. Die Lehren der Psychologie der Chakren, der Power-Psychologie und der feinstofflichen Anatomie dienen als Quelle gro\u00dfer Einsicht sowohl f\u00fcr pers\u00f6nliche Begleiter*innen als auch f\u00fcr Gruppenleiter.<\/p>\n<p><span><strong>b.<\/strong>\u00a0 Sie basiert nicht auf einer einzigen Technik, sondern auf einer Vielzahl von Techniken, die jeweils einem anderen Bed\u00fcrfnis deiner Psyche entsprechen.<\/span><\/p>\n<p><span><strong>c.<\/strong> Eines ihrer Kernprinzipien ist die Erschaffung echter Selbstautorit\u00e4t. Die Wahrheit wird durch deinen eigenen erweiterten Zustand offenbart, und so kannst du dir selbst die Antworten auf jedes deiner Anliegen geben. Unsere Rolle besteht nur darin, dir die ideale Plattform zur Selbstbefreiung zu bieten.<\/span><\/p>\n<p><span><strong>\u200bd.<\/strong> Der Expansionsprozess beinhaltet die Integration erhabener Einsichten in dein t\u00e4gliches Leben, und das ist der Grund, warum unsere Klienten von Moment zu Moment substantielle und tats\u00e4chliche Ver\u00e4nderungen in ihrem Leben sehen<\/span><span>.<\/span><\/p>\n<p><span><strong>\u200be.\u00a0<\/strong><\/span>Die Methode kann auf deine spezifischen Interessen eingehen: von Therapie \u00fcber spirituelle Entwicklung, Selbsterm\u00e4chtigung, Kreativit\u00e4t und Entscheidungsfindung.<\/p>\n<p><strong>f.<\/strong>\u00a0Die Methode scheint Qualit\u00e4ten wie Meditationsf\u00e4higkeit, Klarheit und Kreativit\u00e4t zu steigern.<\/p>\n<p>[\/et_pb_accordion_item][et_pb_accordion_item title=&#8220;2. K\u00f6nntest du den Prozess in einer Trauma-Release-Sitzung beschreiben?&#8220; _builder_version=&#8220;4.8.1&#8243; hover_enabled=&#8220;0&#8243; open=&#8220;off&#8220; sticky_enabled=&#8220;0&#8243;]<\/p>\n<p>Die Sitzung dauert etwa zwei Stunden. Sie beginnt mit einem Gespr\u00e4ch, das in der Regel eine halbe Stunde dauert. Nach diesem Gespr\u00e4ch beginnt der gef\u00fchrte Prozess. Du wirst gebeten, deine Augen zu schlie\u00dfen, w\u00e4hrend du sitzt, und dann wirst du in den Prozess gef\u00fchrt (der keine Ber\u00fchrung oder &#8222;Heilung&#8220; beinhaltet). Die Expansion vermag dich auf strukturierte und zuverl\u00e4ssige Weise in ein Erleben von Ganzheit, Weite und Verbundenheit zu f\u00fchren. Und aus diesem Erleben heraus, kann der traumatische Moment schlie\u00dflich behutsam integriert und gel\u00f6st werden.<\/p>\n<p>Nach der Sitzung erh\u00e4ltst du eine Transkription von allem, was du gesagt hast, zusammen mit einigen empfohlenen Praktiken, die du bis zu deiner n\u00e4chsten Sitzung machen solltest. Meistens werden die Sitzungen alle zwei Wochen abgehalten, obwohl es bei klarem Bedarf auch m\u00f6glich ist, eine w\u00f6chentliche Sitzung abzuhalten. Der therapeutische Prozess dauert etwa drei Monate &#8211; die meisten Klienten verl\u00e4ngern ihn jedoch gerade wegen seiner Wirksamkeit \u00fcber den dringenden therapeutischen Bedarf hinaus. Dieses Verfahren ist auch online \u00fcber Skype oder Zoom m\u00f6glich und hat sich als genauso erfolgreich erwiesen.<\/p>\n<p>[\/et_pb_accordion_item][et_pb_accordion_item title=&#8220;3. Ich bin sehr erfahren in der Meditation. Eignet sich deine Methode nur f\u00fcr Anf\u00e4nger oder kann sie auch den Erfahrenen dienen?&#8220; _builder_version=&#8220;4.8.1&#8243; hover_enabled=&#8220;0&#8243; open=&#8220;off&#8220; sticky_enabled=&#8220;0&#8243;]<\/p>\n<p>Erfahrene Meditierende sind, wenn sie den Expansionsprozess einmal ausprobiert haben, h\u00e4ufig \u00fcberrascht, dass sie in der Lage waren, neue, weitreichende meditative Zust\u00e4nde zu erschlie\u00dfen. Aus diesem Grund kann jeder Workshop sowohl erfahrene als auch unerfahrene Menschen bef\u00e4higen. Auch viele Menschen, die bisher nichts mit therapeutischen oder spirituellen Feldern zu tun hatten, k\u00f6nnen ihn nutzen, da die Methode so konzipiert ist, dass sie sich an die aktuellen Bed\u00fcrfnisse eines jeden Praktizierenden anpasst. Wir haben ein breites Spektrum an Zielgruppen, Neigungen und sogar Altersgruppen (von kleinen Kindern bis zu sehr alten Menschen!).<\/p>\n<p>[\/et_pb_accordion_item][et_pb_accordion_item title=&#8220;4. Auf welche Quellen st\u00fctzt sich diese Methode?&#8220; _builder_version=&#8220;4.8.1&#8243; hover_enabled=&#8220;0&#8243; open=&#8220;off&#8220; sticky_enabled=&#8220;0&#8243;]<\/p>\n<p>Shai Tubali, der Entwickler dieser Methode, ist ein akademischer Forscher mit einer angesammelten einundzwanzigj\u00e4hrigen Erfahrung. Er hat viele B\u00fccher in hebr\u00e4ischer, englischer und deutscher Sprache ver\u00f6ffentlicht &#8211; alle besch\u00e4ftigen sich mit psycho-spiritueller Transformation. Er wurde von der yogischen &#8218;Nityananda&#8216;-Tradition f\u00fcr seinen &#8218;befreiten Zustand&#8216; anerkannt. Als Teil seiner unaufh\u00f6rlichen Forschung strebte er danach, eine Methode zu schaffen, die spirituelle Weisheit und Erfahrung auf psychologische Befreiung anwendet, und er strebte auch danach, jedem die M\u00f6glichkeit zu geben, erhabene erleuchtete Zust\u00e4nde zu erfahren. Er hat sich ein umfangreiches Wissen \u00fcber die Chakren und die Kundalini-Energie angeeignet.<\/p>\n<p>[\/et_pb_accordion_item][et_pb_accordion_item title=&#8220;5. Wie lange dauert es, bis man Ergebnisse aus dem Expansionsprozess sieht?&#8220; _builder_version=&#8220;4.8.1&#8243; hover_enabled=&#8220;0&#8243; open=&#8220;off&#8220; sticky_enabled=&#8220;0&#8243;]<\/p>\n<p>Diese Methode ist f\u00fcr beschleunigte therapeutische Prozesse ausgelegt, da sie von einem h\u00f6heren Bewusstseinszustand aus arbeitet. Wir glauben jedoch nicht an magische Therapien, die alle unsere Probleme auf einmal aufl\u00f6sen. Der Mensch ist ein komplexes Ph\u00e4nomen. Daher zeichnen wir uns durch Methoden der Transformation aus, nicht durch ein Versprechen auf eine sofortige L\u00f6sung. Wir empfehlen typischerweise zehn bis zw\u00f6lf Sitzungen, um eine tiefgreifende Einsicht und Ver\u00e4nderung zu erreichen, aber manchmal kann es auch mehr brauchen. Obwohl wir gro\u00dfe Erfolge in der Hilfe bei mentalen, emotionalen und psychosomatischen Problemen haben, geben wir nicht vor, irgendwelche gesundheitlichen Probleme zu heilen oder \u00e4rztliche Behandlung zu ersetzen<\/p>\n<p>[\/et_pb_accordion_item][et_pb_accordion_item title=&#8220;6. I&#8217;ve learned so many methods but haven&#8217;t practiced them because I don&#8217;t have self-discipline. How long does it take to practice the expansion process in order to feel something?&#8220; _builder_version=&#8220;4.8.1&#8243; open=&#8220;off&#8220;]<\/p>\n<p>As with any practice, the more persistently you follow it, the deeper the change is. However, just to feel something you&#8217;ll need much less. People who come to a one-time workshop or to one session every two weeks have reported significant changes in their emotional and functional levels as well as in their general relationships. Oftentimes a one-time session has a deeper influence that goes beyond its two-hour duration since it penetrates the person&#8217;s subtle being and keeps on working from there. Having problems with self-discipline can be turned into a therapeutic subject within the expansion process. People have seen results in this area.<\/p>\n<p>[\/et_pb_accordion_item][et_pb_accordion_item title=&#8220;7. K\u00f6nnte ich einen Vorgeschmack auf die Expansion bekommen, damit ich wei\u00df, ob sie mir liegt oder nicht?&#8220; _builder_version=&#8220;4.8.1&#8243; hover_enabled=&#8220;0&#8243; open=&#8220;off&#8220; sticky_enabled=&#8220;0&#8243;]<\/p>\n<p>Du kannst einen Hauch davon durch die Videos auf der Website bekommen, die einige zugeschnittene Demonstrationen zeigen. Du kannst dir auch das Buch besorgen und die Techniken zu Hause ausprobieren, ob allein oder mit einem Partner. Wenn du dich f\u00fcr unseren Newsletter anmeldest, erh\u00e4ltst du au\u00dferdem eine Video-Demonstration und das grundlegende Arbeitsblatt zur Expansion. Davon abgesehen ist unsere Empfehlung, es direkt durch eine private Sitzung, einen Einf\u00fchrungstag oder einen Wochenend-Workshop zu erleben. Wenn du verantwortungsvoll in den Prozess gef\u00fchrt wirst, hast du eine viel bessere Chance, das gro\u00dfe Potenzial der Methode zu erleben. Wenn du davon gekostet hast, wirst du mit Sicherheit wissen, ob dieser Prozess das ist, wonach du dich gesehnt hast.<\/p>\n<p>[\/et_pb_accordion_item][\/et_pb_accordion][\/et_pb_column][\/et_pb_row][\/et_pb_section][et_pb_section fb_built=&#8220;1&#8243; _builder_version=&#8220;3.22.3&#8243;][et_pb_row _builder_version=&#8220;3.25&#8243;][et_pb_column type=&#8220;4_4&#8243; _builder_version=&#8220;3.25&#8243; custom_padding__hover=&#8220;|||&#8220;][\/et_pb_column][\/et_pb_row][\/et_pb_section]<\/p>\n","protected":false},"excerpt":{"rendered":"<p>FAQHier haben wir versucht, die am h\u00e4ufigsten gestellten Fragen zu beantworten. Wenn du eine andere Frage haben solltest, die wir \u00fcbersehen haben, kannst du uns herzlich gerne kontaktieren. a.\u00a0Das Prinzip der Expansion wird von soliden Grundlagen theoretischen und philosophischen Wissens abgeleitet. Es erweitert eine umfassende Sichtweise des menschlichen Geistes und Bewusstseins, die von yogischen Traditionen [&hellip;]<\/p>\n","protected":false},"author":1,"featured_media":0,"parent":0,"menu_order":0,"comment_status":"closed","ping_status":"closed","template":"","meta":{"_et_pb_use_builder":"on","_et_pb_old_content":"","_et_gb_content_width":"","footnotes":""},"class_list":["post-4727","page","type-page","status-publish","hentry"],"yoast_head":"<!-- This site is optimized with the Yoast SEO plugin v27.3 - https:\/\/yoast.com\/product\/yoast-seo-wordpress\/ -->\n<title>FAQs - The Expansion Method<\/title>\n<meta name=\"robots\" content=\"index, follow, max-snippet:-1, max-image-preview:large, max-video-preview:-1\" \/>\n<link rel=\"canonical\" href=\"https:\/\/expansion-method.com\/de\/faq\/\" \/>\n<meta property=\"og:locale\" content=\"de_DE\" \/>\n<meta property=\"og:type\" content=\"article\" \/>\n<meta property=\"og:title\" content=\"FAQs - The Expansion Method\" \/>\n<meta property=\"og:description\" content=\"FAQHier haben wir versucht, die am h\u00e4ufigsten gestellten Fragen zu beantworten. Wenn du eine andere Frage haben solltest, die wir \u00fcbersehen haben, kannst du uns herzlich gerne kontaktieren. a.\u00a0Das Prinzip der Expansion wird von soliden Grundlagen theoretischen und philosophischen Wissens abgeleitet. Es erweitert eine umfassende Sichtweise des menschlichen Geistes und Bewusstseins, die von yogischen Traditionen [&hellip;]\" \/>\n<meta property=\"og:url\" content=\"https:\/\/expansion-method.com\/de\/faq\/\" \/>\n<meta property=\"og:site_name\" content=\"The Expansion Method\" \/>\n<meta property=\"article:modified_time\" content=\"2021-02-02T08:25:32+00:00\" \/>\n<meta name=\"twitter:card\" content=\"summary_large_image\" \/>\n<meta name=\"twitter:label1\" content=\"Gesch\u00e4tzte Lesezeit\" \/>\n\t<meta name=\"twitter:data1\" content=\"5\u00a0Minuten\" \/>\n<script type=\"application\/ld+json\" class=\"yoast-schema-graph\">{\"@context\":\"https:\\\/\\\/schema.org\",\"@graph\":[{\"@type\":\"WebPage\",\"@id\":\"https:\\\/\\\/expansion-method.com\\\/de\\\/faq\\\/\",\"url\":\"https:\\\/\\\/expansion-method.com\\\/de\\\/faq\\\/\",\"name\":\"FAQs - The Expansion Method\",\"isPartOf\":{\"@id\":\"https:\\\/\\\/expansion-method.com\\\/de\\\/#website\"},\"datePublished\":\"2021-02-01T08:58:47+00:00\",\"dateModified\":\"2021-02-02T08:25:32+00:00\",\"breadcrumb\":{\"@id\":\"https:\\\/\\\/expansion-method.com\\\/de\\\/faq\\\/#breadcrumb\"},\"inLanguage\":\"de\",\"potentialAction\":[{\"@type\":\"ReadAction\",\"target\":[\"https:\\\/\\\/expansion-method.com\\\/de\\\/faq\\\/\"]}]},{\"@type\":\"BreadcrumbList\",\"@id\":\"https:\\\/\\\/expansion-method.com\\\/de\\\/faq\\\/#breadcrumb\",\"itemListElement\":[{\"@type\":\"ListItem\",\"position\":1,\"name\":\"Startseite\",\"item\":\"https:\\\/\\\/expansion-method.com\\\/de\\\/\"},{\"@type\":\"ListItem\",\"position\":2,\"name\":\"FAQs\"}]},{\"@type\":\"WebSite\",\"@id\":\"https:\\\/\\\/expansion-method.com\\\/de\\\/#website\",\"url\":\"https:\\\/\\\/expansion-method.com\\\/de\\\/\",\"name\":\"The Expansion Method\",\"description\":\"Become Bigger Than Your Problems\",\"potentialAction\":[{\"@type\":\"SearchAction\",\"target\":{\"@type\":\"EntryPoint\",\"urlTemplate\":\"https:\\\/\\\/expansion-method.com\\\/de\\\/?s={search_term_string}\"},\"query-input\":{\"@type\":\"PropertyValueSpecification\",\"valueRequired\":true,\"valueName\":\"search_term_string\"}}],\"inLanguage\":\"de\"}]}<\/script>\n<!-- \/ Yoast SEO plugin. -->","yoast_head_json":{"title":"FAQs - The Expansion Method","robots":{"index":"index","follow":"follow","max-snippet":"max-snippet:-1","max-image-preview":"max-image-preview:large","max-video-preview":"max-video-preview:-1"},"canonical":"https:\/\/expansion-method.com\/de\/faq\/","og_locale":"de_DE","og_type":"article","og_title":"FAQs - The Expansion Method","og_description":"FAQHier haben wir versucht, die am h\u00e4ufigsten gestellten Fragen zu beantworten. Wenn du eine andere Frage haben solltest, die wir \u00fcbersehen haben, kannst du uns herzlich gerne kontaktieren. a.\u00a0Das Prinzip der Expansion wird von soliden Grundlagen theoretischen und philosophischen Wissens abgeleitet. Es erweitert eine umfassende Sichtweise des menschlichen Geistes und Bewusstseins, die von yogischen Traditionen [&hellip;]","og_url":"https:\/\/expansion-method.com\/de\/faq\/","og_site_name":"The Expansion Method","article_modified_time":"2021-02-02T08:25:32+00:00","twitter_card":"summary_large_image","twitter_misc":{"Gesch\u00e4tzte Lesezeit":"5\u00a0Minuten"},"schema":{"@context":"https:\/\/schema.org","@graph":[{"@type":"WebPage","@id":"https:\/\/expansion-method.com\/de\/faq\/","url":"https:\/\/expansion-method.com\/de\/faq\/","name":"FAQs - The Expansion Method","isPartOf":{"@id":"https:\/\/expansion-method.com\/de\/#website"},"datePublished":"2021-02-01T08:58:47+00:00","dateModified":"2021-02-02T08:25:32+00:00","breadcrumb":{"@id":"https:\/\/expansion-method.com\/de\/faq\/#breadcrumb"},"inLanguage":"de","potentialAction":[{"@type":"ReadAction","target":["https:\/\/expansion-method.com\/de\/faq\/"]}]},{"@type":"BreadcrumbList","@id":"https:\/\/expansion-method.com\/de\/faq\/#breadcrumb","itemListElement":[{"@type":"ListItem","position":1,"name":"Startseite","item":"https:\/\/expansion-method.com\/de\/"},{"@type":"ListItem","position":2,"name":"FAQs"}]},{"@type":"WebSite","@id":"https:\/\/expansion-method.com\/de\/#website","url":"https:\/\/expansion-method.com\/de\/","name":"The Expansion Method","description":"Become Bigger Than Your Problems","potentialAction":[{"@type":"SearchAction","target":{"@type":"EntryPoint","urlTemplate":"https:\/\/expansion-method.com\/de\/?s={search_term_string}"},"query-input":{"@type":"PropertyValueSpecification","valueRequired":true,"valueName":"search_term_string"}}],"inLanguage":"de"}]}},"_links":{"self":[{"href":"https:\/\/expansion-method.com\/de\/wp-json\/wp\/v2\/pages\/4727","targetHints":{"allow":["GET"]}}],"collection":[{"href":"https:\/\/expansion-method.com\/de\/wp-json\/wp\/v2\/pages"}],"about":[{"href":"https:\/\/expansion-method.com\/de\/wp-json\/wp\/v2\/types\/page"}],"author":[{"embeddable":true,"href":"https:\/\/expansion-method.com\/de\/wp-json\/wp\/v2\/users\/1"}],"replies":[{"embeddable":true,"href":"https:\/\/expansion-method.com\/de\/wp-json\/wp\/v2\/comments?post=4727"}],"version-history":[{"count":0,"href":"https:\/\/expansion-method.com\/de\/wp-json\/wp\/v2\/pages\/4727\/revisions"}],"wp:attachment":[{"href":"https:\/\/expansion-method.com\/de\/wp-json\/wp\/v2\/media?parent=4727"}],"curies":[{"name":"wp","href":"https:\/\/api.w.org\/{rel}","templated":true}]}}