{"id":4750,"date":"2021-02-02T14:17:22","date_gmt":"2021-02-02T13:17:22","guid":{"rendered":"https:\/\/expansion-method.com\/meditation-and-balance\/"},"modified":"2021-02-02T18:37:53","modified_gmt":"2021-02-02T17:37:53","slug":"meditation-und-balance","status":"publish","type":"page","link":"https:\/\/expansion-method.com\/de\/meditation-und-balance\/","title":{"rendered":"Expansion f\u00fcr meditation und balance"},"content":{"rendered":"<p>[et_pb_section fb_built=&#8220;1&#8243; admin_label=&#8220;Hero Section&#8220; _builder_version=&#8220;4.8.1&#8243; use_background_color_gradient=&#8220;on&#8220; background_color_gradient_start=&#8220;rgba(0,0,0,0.5)&#8220; background_color_gradient_end=&#8220;rgba(0,0,0,0)&#8220; background_color_gradient_overlays_image=&#8220;on&#8220; background_image=&#8220;https:\/\/expansion-method.com\/wp-content\/uploads\/2021\/02\/meditation-expanded-states-of-consciousness.jpg&#8220; parallax=&#8220;on&#8220; custom_margin=&#8220;|||&#8220; custom_padding=&#8220;7.4%||12.4%|||&#8220;][et_pb_row _builder_version=&#8220;3.25&#8243; background_size=&#8220;initial&#8220; background_position=&#8220;top_left&#8220; background_repeat=&#8220;repeat&#8220;][et_pb_column type=&#8220;4_4&#8243; _builder_version=&#8220;3.25&#8243; custom_padding=&#8220;|||&#8220; custom_padding__hover=&#8220;|||&#8220;][et_pb_text admin_label=&#8220;Title&#8220; _builder_version=&#8220;4.8.1&#8243; text_font=&#8220;Quattrocento||||||||&#8220; text_text_color=&#8220;#FFFFFF&#8220; text_font_size=&#8220;22px&#8220; text_line_height=&#8220;1.4em&#8220; header_font=&#8220;||||||||&#8220; header_text_align=&#8220;center&#8220; header_text_color=&#8220;#FFFFFF&#8220; header_font_size=&#8220;70px&#8220; header_letter_spacing=&#8220;6px&#8220; header_line_height=&#8220;1.1em&#8220; text_orientation=&#8220;center&#8220; background_layout=&#8220;dark&#8220; max_width=&#8220;800px&#8220; module_alignment=&#8220;center&#8220; animation_style=&#8220;slide&#8220; animation_direction=&#8220;top&#8220; animation_intensity_slide=&#8220;3%&#8220; animation_starting_opacity=&#8220;100%&#8220; header_font_size_tablet=&#8220;40px&#8220; header_font_size_phone=&#8220;&#8220; header_font_size_last_edited=&#8220;on|tablet&#8220;]<\/p>\n<p>Die Expansion f\u00fcr<\/p>\n<p>&nbsp;<\/p>\n<h1>Meditation und Balance<\/h1>\n<p>[\/et_pb_text][\/et_pb_column][\/et_pb_row][\/et_pb_section][et_pb_section fb_built=&#8220;1&#8243; admin_label=&#8220;Feature Section&#8220; _builder_version=&#8220;4.8.1&#8243; background_image=&#8220;https:\/\/expansion-method.com\/wp-content\/uploads\/2021\/02\/background-free.jpg&#8220; background_position=&#8220;center_right&#8220; max_width=&#8220;88%&#8220; module_alignment=&#8220;center&#8220; custom_margin=&#8220;-6%|||&#8220; custom_padding=&#8220;82px||17px|||&#8220; animation_style=&#8220;slide&#8220; animation_direction=&#8220;left&#8220; animation_intensity_slide=&#8220;2%&#8220; animation_starting_opacity=&#8220;100%&#8220; box_shadow_style=&#8220;preset3&#8243; box_shadow_vertical=&#8220;80px&#8220; box_shadow_blur=&#8220;120px&#8220; box_shadow_spread=&#8220;-60px&#8220; box_shadow_color=&#8220;rgba(63,63,31,0.3)&#8220;][et_pb_row column_structure=&#8220;1_5,3_5,1_5&#8243; _builder_version=&#8220;3.25&#8243; width=&#8220;90%&#8220; max_width=&#8220;90%&#8220; use_custom_width=&#8220;on&#8220; width_unit=&#8220;off&#8220; custom_width_percent=&#8220;90%&#8220;][et_pb_column type=&#8220;1_5&#8243; _builder_version=&#8220;3.25&#8243; custom_padding=&#8220;|||&#8220; custom_padding__hover=&#8220;|||&#8220;][et_pb_text admin_label=&#8220;Title&#8220; _builder_version=&#8220;3.27.4&#8243; text_font=&#8220;||||||||&#8220; header_font=&#8220;||||||||&#8220; header_2_font=&#8220;Quattrocento||||||||&#8220; header_2_font_size=&#8220;60px&#8220; header_2_line_height=&#8220;1.3em&#8220; animation_style=&#8220;slide&#8220; animation_direction=&#8220;left&#8220; animation_duration=&#8220;1400ms&#8220; animation_intensity_slide=&#8220;6%&#8220; header_2_font_size_tablet=&#8220;40px&#8220; header_2_font_size_phone=&#8220;&#8220; header_2_font_size_last_edited=&#8220;on|tablet&#8220;][\/et_pb_text][\/et_pb_column][et_pb_column type=&#8220;3_5&#8243; _builder_version=&#8220;3.25&#8243; custom_padding=&#8220;|||&#8220; custom_padding__hover=&#8220;|||&#8220;][et_pb_text admin_label=&#8220;Title&#8220; _builder_version=&#8220;4.8.1&#8243; text_font=&#8220;|300|||||||&#8220; text_text_color=&#8220;#854f15&#8243; text_font_size=&#8220;31px&#8220; text_line_height=&#8220;1.2em&#8220; header_font=&#8220;||||||||&#8220; header_2_font=&#8220;||||||||&#8220; header_2_font_size=&#8220;60px&#8220; header_2_line_height=&#8220;1.3em&#8220; text_orientation=&#8220;center&#8220; module_alignment=&#8220;center&#8220; custom_margin=&#8220;6px||10px|||&#8220; animation_style=&#8220;fade&#8220; animation_direction=&#8220;left&#8220; animation_starting_opacity=&#8220;100%&#8220; header_2_font_size_tablet=&#8220;40px&#8220; header_2_font_size_phone=&#8220;&#8220; header_2_font_size_last_edited=&#8220;on|tablet&#8220;]<\/p>\n<blockquote>\n<p><em>Meditation war noch nie so einfach und tiefgehend. Wenn es dir schwerf\u00e4llt, dich zu &#8222;entspannen&#8220;, probiere diese erneuerte Form der Meditation aus.<\/em><\/p>\n<\/blockquote>\n<p>[\/et_pb_text][et_pb_text _builder_version=&#8220;4.8.1&#8243; text_font=&#8220;Quattrocento||||||||&#8220; text_font_size=&#8220;18px&#8220; text_line_height=&#8220;2.2em&#8220; header_font=&#8220;||||||||&#8220; header_2_font=&#8220;||||||||&#8220; text_orientation=&#8220;justified&#8220; animation_style=&#8220;slide&#8220; animation_direction=&#8220;left&#8220; animation_duration=&#8220;1400ms&#8220; animation_delay=&#8220;100ms&#8220; animation_intensity_slide=&#8220;6%&#8220;]<\/p>\n<p><em>Wie kann ich meinen Geist zum Schweigen bringen und die tiefsten Zust\u00e4nde der Meditation erreichen? Wie kann ich diese Zust\u00e4nde, wenn sie einmal erreicht sind, zu einem Teil meiner t\u00e4glichen Lebenserfahrung machen?<\/em><\/p>\n<p>Wenn du jemals irgendeine Form von spiritueller Praxis ausge\u00fcbt hast oder dich sogar geneigt gef\u00fchlt hast, in das spirituelle Feld einzutauchen, sind diese beiden Fragen mit Sicherheit in deinem Kopf aufgetaucht. In der Tat mag das Verstummen des Geistes wie eine un\u00fcberwindbare Br\u00fccke erscheinen, und dein t\u00e4gliches Leben mit meditativem Duft zu erf\u00fcllen, mag wie eine enorme Herausforderung erscheinen.<\/p>\n<p>[\/et_pb_text][\/et_pb_column][et_pb_column type=&#8220;1_5&#8243; _builder_version=&#8220;3.25&#8243; custom_padding=&#8220;|||&#8220; custom_padding__hover=&#8220;|||&#8220;][\/et_pb_column][\/et_pb_row][\/et_pb_section][et_pb_section fb_built=&#8220;1&#8243; _builder_version=&#8220;4.8.1&#8243; _module_preset=&#8220;default&#8220; custom_padding=&#8220;42px||44px|||&#8220;][et_pb_row column_structure=&#8220;2_5,3_5&#8243; _builder_version=&#8220;4.8.1&#8243; custom_margin=&#8220;||0px||false|false&#8220; custom_padding=&#8220;||1px|||&#8220;][et_pb_column type=&#8220;2_5&#8243; _builder_version=&#8220;3.25&#8243; custom_padding=&#8220;|||&#8220; custom_padding__hover=&#8220;|||&#8220;][et_pb_image src=&#8220;https:\/\/expansion-method.com\/wp-content\/uploads\/2021\/02\/open-sky-mind.jpg&#8220; title_text=&#8220;open-sky-mind&#8220; _builder_version=&#8220;4.8.1&#8243; _module_preset=&#8220;default&#8220; custom_margin=&#8220;||0px||false|false&#8220; custom_padding=&#8220;||0px||false|false&#8220;][\/et_pb_image][\/et_pb_column][et_pb_column type=&#8220;3_5&#8243; _builder_version=&#8220;3.25&#8243; custom_padding=&#8220;|||&#8220; custom_padding__hover=&#8220;|||&#8220;][et_pb_text _builder_version=&#8220;4.8.1&#8243; text_font=&#8220;Quattrocento||||||||&#8220; text_font_size=&#8220;18px&#8220; text_line_height=&#8220;2.2em&#8220; header_font=&#8220;||||||||&#8220; header_2_font=&#8220;||||||||&#8220; text_orientation=&#8220;justified&#8220; animation_style=&#8220;slide&#8220; animation_direction=&#8220;left&#8220; animation_duration=&#8220;1400ms&#8220; animation_delay=&#8220;100ms&#8220; animation_intensity_slide=&#8220;6%&#8220; hover_enabled=&#8220;0&#8243; custom_margin=&#8220;40px||||false|false&#8220; sticky_enabled=&#8220;0&#8243;]<\/p>\n<p>Selbst wenn du Momente meditativer Gl\u00fcckseligkeit erlebst, vergeht dieser stille Zustand entt\u00e4uschend schnell wieder. Dar\u00fcber hinaus bietet dir die Praxis der Meditation keine echten L\u00f6sungen f\u00fcr das Leben; du wirst h\u00f6chstens eine momentane Erleichterung davon bekommen, einen kurzen Urlaub sozusagen. Wenn du deine Augen \u00f6ffnest, stellst du fest, dass all deine Probleme einfach da liegen und warten, unver\u00e4ndert.<\/p>\n<p>[\/et_pb_text][\/et_pb_column][\/et_pb_row][\/et_pb_section][et_pb_section fb_built=&#8220;1&#8243; custom_padding_last_edited=&#8220;off|desktop&#8220; admin_label=&#8220;Feature Section&#8220; _builder_version=&#8220;4.8.1&#8243; background_color=&#8220;#f7f7f7&#8243; background_image=&#8220;https:\/\/expansion-method.com\/wp-content\/uploads\/2019\/05\/tea_shop_42.jpg&#8220; module_alignment=&#8220;center&#8220; custom_margin=&#8220;0px||||false|false&#8220; custom_padding=&#8220;0px||3.8%||false|false&#8220; custom_padding_tablet=&#8220;0px||0px|&#8220;][et_pb_row column_structure=&#8220;1_5,3_5,1_5&#8243; _builder_version=&#8220;4.8.1&#8243; width=&#8220;88%&#8220; max_width=&#8220;88%&#8220; module_alignment=&#8220;center&#8220; custom_margin=&#8220;-2px|auto||auto||&#8220; custom_padding=&#8220;68px|||||&#8220; use_custom_width=&#8220;on&#8220; width_unit=&#8220;off&#8220; custom_width_percent=&#8220;88%&#8220; locked=&#8220;off&#8220;][et_pb_column type=&#8220;1_5&#8243; _builder_version=&#8220;3.25&#8243; custom_padding=&#8220;|40px||40px&#8220; custom_padding__hover=&#8220;|||&#8220;][\/et_pb_column][et_pb_column type=&#8220;3_5&#8243; _builder_version=&#8220;4.8.1&#8243; custom_padding=&#8220;|||&#8220; custom_padding__hover=&#8220;|||&#8220;][et_pb_text _builder_version=&#8220;4.8.1&#8243; text_font=&#8220;Quattrocento||||||||&#8220; text_font_size=&#8220;18px&#8220; text_line_height=&#8220;2.2em&#8220; header_font=&#8220;||||||||&#8220; header_2_font=&#8220;||||||||&#8220; text_orientation=&#8220;justified&#8220; custom_margin=&#8220;|||&#8220; custom_padding=&#8220;||0px|||&#8220; animation_style=&#8220;fade&#8220; animation_direction=&#8220;left&#8220;]<\/p>\n<h2>M\u00f6chtest du dein meditatives Bewusstsein erweitern?<\/h2>\n<p>Der &#8222;Expansions&#8220;-Prozess weitet nicht nur negative Blockaden aus, sondern auch positive und gl\u00fcckselige Geisteszust\u00e4nde. Wenn du ihn anwendest, wirst du merken, wie schnell dein K\u00f6rper und dein Geist ins Gleichgewicht kommen k\u00f6nnen. Es hilft deinem aktiven Geist, in Stille und freudige Ruhe einzutauchen.<\/p>\n<p>Shai Tubali, der spirituelle Lehrer, der diese Methode entwickelt hat, war sehr beunruhigt \u00fcber die Tatsache, dass, obwohl spirituelle Lehrer unaufh\u00f6rlich \u00fcber diese meditativen Zust\u00e4nde sprechen, diese f\u00fcr die meisten Menschen normalerweise unerreichbar sind. Au\u00dferdem bleibt die Meditation ohne die F\u00e4higkeit, sie in unser tats\u00e4chliches Leben zu integrieren, eine abstrakte und vage Erfahrung, nur &#8222;etwas, an das man sich erinnert&#8220;. Schlie\u00dflich gelang es ihm, den Zugang zu erleuchteten Zust\u00e4nden zu &#8217;strukturieren&#8216;, indem er die &#8218;Expansion&#8216; entwickelte. Jetzt kann jeder ein St\u00fcck von diesen Zust\u00e4nden mit gr\u00f6\u00dferer lebensver\u00e4ndernder Kraft haben &#8211; systematisch und t\u00e4glich.<\/p>\n<p>[\/et_pb_text][\/et_pb_column][et_pb_column type=&#8220;1_5&#8243; _builder_version=&#8220;4.8.1&#8243; custom_padding=&#8220;|||&#8220; custom_padding__hover=&#8220;|||&#8220;][\/et_pb_column][\/et_pb_row][\/et_pb_section][et_pb_section fb_built=&#8220;1&#8243; admin_label=&#8220;New Arrivals Section&#8220; _builder_version=&#8220;3.22&#8243; custom_padding=&#8220;63px|0px|6px|0px||&#8220; locked=&#8220;off&#8220;][et_pb_row _builder_version=&#8220;3.25&#8243;][et_pb_column type=&#8220;4_4&#8243; _builder_version=&#8220;3.25&#8243; custom_padding=&#8220;|||&#8220; custom_padding__hover=&#8220;|||&#8220;][et_pb_text ol_position=&#8220;outside&#8220; ol_item_indent=&#8220;27px&#8220; admin_label=&#8220;Subtitle&#8220; _builder_version=&#8220;4.8.1&#8243; text_font=&#8220;Quattrocento||||||||&#8220; text_font_size=&#8220;18px&#8220; text_line_height=&#8220;2.2em&#8220; ol_line_height=&#8220;1.6em&#8220; header_font=&#8220;||||||||&#8220; header_2_font=&#8220;||||||||&#8220; text_orientation=&#8220;justified&#8220; max_width=&#8220;700px&#8220; module_alignment=&#8220;center&#8220; animation_style=&#8220;fade&#8220; animation_direction=&#8220;left&#8220; animation_starting_opacity=&#8220;100%&#8220;]<\/p>\n<h3 style=\"text-align: justify;\">Das bedeutet:<\/h3>\n<p>&nbsp;<\/p>\n<ol>\n<li>Du keine Angst vor Meditation zu haben brauchst: Selbst wenn du ein unerfahrener Praktizierender bist, kannst du jetzt getrost in tiefen Zust\u00e4nden verweilen, die du vielleicht als &#8222;weit jenseits deiner Liga&#8220; angesehen hast<\/li>\n<li>Wenn du ein erfahrener Praktizierender bist, kannst du jetzt \u00fcber Zust\u00e4nde von Gl\u00fcckseligkeit und Stille hinausgehen; tats\u00e4chlich kannst du unendlich weit dar\u00fcber hinausgehen.<\/li>\n<li>Du kannst dir eine umfassende Landkarte der inneren Entwicklung aneignen und die genaue Ebene deiner Praxis und die Wege zu ihrer Verbesserung kennenlernen.<\/li>\n<li>Du musst nicht durch intensiv fordernde Tage des Retreats und der Praxis gehen, um spirituelle Erh\u00f6hung zu erlangen. Die &#8218;Expansion&#8216; wirkt schnell und kraftvoll und hebt dein Wesen ohne Anstrengung hoch \u00fcber deinen derzeitigen Entwicklungsstand.<\/li>\n<li>Du brauchst nicht mehr zu hoffen, um den meditativen Zustand zu erreichen. Es geschieht jedes Mal und wird mit der Zeit immer besser.<\/li>\n<li><span style=\"font-size: 18px;\">Du kannst die &#8218;Expansion&#8216; benutzen, um deine Lieblingsmeditationstechnik, ein Mantra oder ein spirituelles Symbol zu vertiefen, oder du kannst eine unserer einzigartigen Meditationstechniken ausprobieren, wie z.B.: &#8218;Die Expansion f\u00fcr Meditation&#8216;, &#8218;Die Expansion der Chakren&#8216; und &#8218;Die Expansion der Selbst-Identit\u00e4t&#8216;.<\/span><\/li>\n<li>Du musst keine neuen Glaubenss\u00e4tze oder Dogmen annehmen. Du kannst deinem spirituellen Weg oder deiner Religion treu bleiben.<\/li>\n<li>Wenn du die ultimative Dimension der spirituellen Erleuchtung und des Kundalini-Erwachens suchst, wirst du hier ein umfangreiches Unterst\u00fctzungssystem finden, das dir hilft, die Energie der Befreiung zu erwecken. Wir haben viele Praktiken, um dein aktuelles Stadium auszugleichen und zu ver\u00e4ndern, ein umfangreiches Wissen \u00fcber deine subtile Anatomie und wie du sie nutzen kannst und eine solide Philosophie dar\u00fcber, wie deine Chakren ein Spiegelbild deiner vielschichtigen Psyche sind.<\/li>\n<li>Diese einfache, aber effektive Struktur erm\u00f6glicht es dir, fast \u00fcberall und zu jeder Zeit zu praktizieren &#8211; ob allein, mit einem Partner oder mit einem\/einer zertifizierten Begleiter\/in.<\/li>\n<li>Unsere Techniken sind so konzipiert, dass du durch kontinuierliches \u00dcben zwei Geschenke bekommst: die Stabilisierung hoher Bewusstseinszust\u00e4nde und die immer tiefer gehende Integration in das reale Leben.<\/li>\n<\/ol>\n<p>[\/et_pb_text][\/et_pb_column][\/et_pb_row][\/et_pb_section][et_pb_section fb_built=&#8220;1&#8243; _builder_version=&#8220;4.8.1&#8243; _module_preset=&#8220;default&#8220; use_background_color_gradient=&#8220;on&#8220; background_color_gradient_start=&#8220;#ffffff&#8220; background_color_gradient_end=&#8220;#e6e3e0&#8243;][et_pb_row _builder_version=&#8220;4.8.1&#8243; _module_preset=&#8220;default&#8220;][et_pb_column type=&#8220;4_4&#8243; _builder_version=&#8220;4.8.1&#8243; _module_preset=&#8220;default&#8220;][et_pb_text admin_label=&#8220;Subtitle&#8220; _builder_version=&#8220;4.8.1&#8243; text_font=&#8220;Quattrocento||||||||&#8220; text_font_size=&#8220;18px&#8220; text_line_height=&#8220;2.2em&#8220; header_font=&#8220;||||||||&#8220; header_2_font=&#8220;||||||||&#8220; text_orientation=&#8220;justified&#8220; max_width=&#8220;700px&#8220; module_alignment=&#8220;center&#8220; animation_style=&#8220;fade&#8220; animation_direction=&#8220;left&#8220; animation_starting_opacity=&#8220;100%&#8220;]<\/p>\n<p><span style=\"font-size: 18px;\">Deine Lebensweise wird bald die dramatischen Ver\u00e4nderungen deiner inneren Welt widerspiegeln; st\u00f6rende Muster, die aus der gew\u00f6hnlichen mentalen und emotionalen Ebene des Seins resultieren, verblassen oft m\u00fchelos. Auf der anderen Seite ben\u00f6tigst du vielleicht nicht mehr das beruhigende Konzept des positiven Denkens, um dich im Leben ausgeglichen zu f\u00fchlen. Sich immer wieder in den erleuchteten Zustand zu begeben, befreit dich von der Notwendigkeit, \u00e4ngstlich auf irgendein \u00e4u\u00dferes Wunder oder eine himmlische Gnade zu warten. Du wirst dich als dein gr\u00f6\u00dfter Befreier offenbaren. <\/span><\/p>\n<p style=\"text-align: justify;\">\n<p>[\/et_pb_text][\/et_pb_column][\/et_pb_row][\/et_pb_section]<\/p>\n","protected":false},"excerpt":{"rendered":"<p>Die Expansion f\u00fcr &nbsp; Meditation und Balance Meditation war noch nie so einfach und tiefgehend. Wenn es dir schwerf\u00e4llt, dich zu &#8222;entspannen&#8220;, probiere diese erneuerte Form der Meditation aus. Wie kann ich meinen Geist zum Schweigen bringen und die tiefsten Zust\u00e4nde der Meditation erreichen? Wie kann ich diese Zust\u00e4nde, wenn sie einmal erreicht sind, zu [&hellip;]<\/p>\n","protected":false},"author":1,"featured_media":0,"parent":0,"menu_order":0,"comment_status":"closed","ping_status":"closed","template":"","meta":{"_et_pb_use_builder":"on","_et_pb_old_content":"","_et_gb_content_width":"","footnotes":""},"class_list":["post-4750","page","type-page","status-publish","hentry"],"yoast_head":"<!-- This site is optimized with the Yoast SEO plugin v27.3 - https:\/\/yoast.com\/product\/yoast-seo-wordpress\/ -->\n<title>Expansion f\u00fcr meditation und balance - The Expansion Method<\/title>\n<meta name=\"robots\" content=\"index, follow, max-snippet:-1, max-image-preview:large, max-video-preview:-1\" \/>\n<link rel=\"canonical\" href=\"https:\/\/expansion-method.com\/de\/meditation-und-balance\/\" \/>\n<meta property=\"og:locale\" content=\"de_DE\" \/>\n<meta property=\"og:type\" content=\"article\" \/>\n<meta property=\"og:title\" content=\"Expansion f\u00fcr meditation und balance - The Expansion Method\" \/>\n<meta property=\"og:description\" content=\"Die Expansion f\u00fcr &nbsp; Meditation und Balance Meditation war noch nie so einfach und tiefgehend. Wenn es dir schwerf\u00e4llt, dich zu &quot;entspannen&quot;, probiere diese erneuerte Form der Meditation aus. Wie kann ich meinen Geist zum Schweigen bringen und die tiefsten Zust\u00e4nde der Meditation erreichen? Wie kann ich diese Zust\u00e4nde, wenn sie einmal erreicht sind, zu [&hellip;]\" \/>\n<meta property=\"og:url\" content=\"https:\/\/expansion-method.com\/de\/meditation-und-balance\/\" \/>\n<meta property=\"og:site_name\" content=\"The Expansion Method\" \/>\n<meta property=\"article:modified_time\" content=\"2021-02-02T17:37:53+00:00\" \/>\n<meta name=\"twitter:card\" content=\"summary_large_image\" \/>\n<meta name=\"twitter:label1\" content=\"Gesch\u00e4tzte Lesezeit\" \/>\n\t<meta name=\"twitter:data1\" content=\"5\u00a0Minuten\" \/>\n<script type=\"application\/ld+json\" class=\"yoast-schema-graph\">{\"@context\":\"https:\\\/\\\/schema.org\",\"@graph\":[{\"@type\":\"WebPage\",\"@id\":\"https:\\\/\\\/expansion-method.com\\\/de\\\/meditation-und-balance\\\/\",\"url\":\"https:\\\/\\\/expansion-method.com\\\/de\\\/meditation-und-balance\\\/\",\"name\":\"Expansion f\u00fcr meditation und balance - The Expansion Method\",\"isPartOf\":{\"@id\":\"https:\\\/\\\/expansion-method.com\\\/de\\\/#website\"},\"datePublished\":\"2021-02-02T13:17:22+00:00\",\"dateModified\":\"2021-02-02T17:37:53+00:00\",\"breadcrumb\":{\"@id\":\"https:\\\/\\\/expansion-method.com\\\/de\\\/meditation-und-balance\\\/#breadcrumb\"},\"inLanguage\":\"de\",\"potentialAction\":[{\"@type\":\"ReadAction\",\"target\":[\"https:\\\/\\\/expansion-method.com\\\/de\\\/meditation-und-balance\\\/\"]}]},{\"@type\":\"BreadcrumbList\",\"@id\":\"https:\\\/\\\/expansion-method.com\\\/de\\\/meditation-und-balance\\\/#breadcrumb\",\"itemListElement\":[{\"@type\":\"ListItem\",\"position\":1,\"name\":\"Startseite\",\"item\":\"https:\\\/\\\/expansion-method.com\\\/de\\\/\"},{\"@type\":\"ListItem\",\"position\":2,\"name\":\"Expansion f\u00fcr meditation und balance\"}]},{\"@type\":\"WebSite\",\"@id\":\"https:\\\/\\\/expansion-method.com\\\/de\\\/#website\",\"url\":\"https:\\\/\\\/expansion-method.com\\\/de\\\/\",\"name\":\"The Expansion Method\",\"description\":\"Become Bigger Than Your Problems\",\"potentialAction\":[{\"@type\":\"SearchAction\",\"target\":{\"@type\":\"EntryPoint\",\"urlTemplate\":\"https:\\\/\\\/expansion-method.com\\\/de\\\/?s={search_term_string}\"},\"query-input\":{\"@type\":\"PropertyValueSpecification\",\"valueRequired\":true,\"valueName\":\"search_term_string\"}}],\"inLanguage\":\"de\"}]}<\/script>\n<!-- \/ Yoast SEO plugin. -->","yoast_head_json":{"title":"Expansion f\u00fcr meditation und balance - The Expansion Method","robots":{"index":"index","follow":"follow","max-snippet":"max-snippet:-1","max-image-preview":"max-image-preview:large","max-video-preview":"max-video-preview:-1"},"canonical":"https:\/\/expansion-method.com\/de\/meditation-und-balance\/","og_locale":"de_DE","og_type":"article","og_title":"Expansion f\u00fcr meditation und balance - The Expansion Method","og_description":"Die Expansion f\u00fcr &nbsp; Meditation und Balance Meditation war noch nie so einfach und tiefgehend. Wenn es dir schwerf\u00e4llt, dich zu \"entspannen\", probiere diese erneuerte Form der Meditation aus. Wie kann ich meinen Geist zum Schweigen bringen und die tiefsten Zust\u00e4nde der Meditation erreichen? Wie kann ich diese Zust\u00e4nde, wenn sie einmal erreicht sind, zu [&hellip;]","og_url":"https:\/\/expansion-method.com\/de\/meditation-und-balance\/","og_site_name":"The Expansion Method","article_modified_time":"2021-02-02T17:37:53+00:00","twitter_card":"summary_large_image","twitter_misc":{"Gesch\u00e4tzte Lesezeit":"5\u00a0Minuten"},"schema":{"@context":"https:\/\/schema.org","@graph":[{"@type":"WebPage","@id":"https:\/\/expansion-method.com\/de\/meditation-und-balance\/","url":"https:\/\/expansion-method.com\/de\/meditation-und-balance\/","name":"Expansion f\u00fcr meditation und balance - The Expansion Method","isPartOf":{"@id":"https:\/\/expansion-method.com\/de\/#website"},"datePublished":"2021-02-02T13:17:22+00:00","dateModified":"2021-02-02T17:37:53+00:00","breadcrumb":{"@id":"https:\/\/expansion-method.com\/de\/meditation-und-balance\/#breadcrumb"},"inLanguage":"de","potentialAction":[{"@type":"ReadAction","target":["https:\/\/expansion-method.com\/de\/meditation-und-balance\/"]}]},{"@type":"BreadcrumbList","@id":"https:\/\/expansion-method.com\/de\/meditation-und-balance\/#breadcrumb","itemListElement":[{"@type":"ListItem","position":1,"name":"Startseite","item":"https:\/\/expansion-method.com\/de\/"},{"@type":"ListItem","position":2,"name":"Expansion f\u00fcr meditation und balance"}]},{"@type":"WebSite","@id":"https:\/\/expansion-method.com\/de\/#website","url":"https:\/\/expansion-method.com\/de\/","name":"The Expansion Method","description":"Become Bigger Than Your Problems","potentialAction":[{"@type":"SearchAction","target":{"@type":"EntryPoint","urlTemplate":"https:\/\/expansion-method.com\/de\/?s={search_term_string}"},"query-input":{"@type":"PropertyValueSpecification","valueRequired":true,"valueName":"search_term_string"}}],"inLanguage":"de"}]}},"_links":{"self":[{"href":"https:\/\/expansion-method.com\/de\/wp-json\/wp\/v2\/pages\/4750","targetHints":{"allow":["GET"]}}],"collection":[{"href":"https:\/\/expansion-method.com\/de\/wp-json\/wp\/v2\/pages"}],"about":[{"href":"https:\/\/expansion-method.com\/de\/wp-json\/wp\/v2\/types\/page"}],"author":[{"embeddable":true,"href":"https:\/\/expansion-method.com\/de\/wp-json\/wp\/v2\/users\/1"}],"replies":[{"embeddable":true,"href":"https:\/\/expansion-method.com\/de\/wp-json\/wp\/v2\/comments?post=4750"}],"version-history":[{"count":0,"href":"https:\/\/expansion-method.com\/de\/wp-json\/wp\/v2\/pages\/4750\/revisions"}],"wp:attachment":[{"href":"https:\/\/expansion-method.com\/de\/wp-json\/wp\/v2\/media?parent=4750"}],"curies":[{"name":"wp","href":"https:\/\/api.w.org\/{rel}","templated":true}]}}