{"id":4833,"date":"2021-03-02T14:52:59","date_gmt":"2021-03-02T13:52:59","guid":{"rendered":"https:\/\/expansion-method.com\/directory-therapists\/"},"modified":"2021-03-10T16:44:35","modified_gmt":"2021-03-10T15:44:35","slug":"traumatherapeuten-finden","status":"publish","type":"page","link":"https:\/\/expansion-method.com\/de\/traumatherapeuten-finden\/","title":{"rendered":"Traumatherapeuten finden"},"content":{"rendered":"<p>[et_pb_section fb_built=&#8220;1&#8243; _builder_version=&#8220;4.9.0&#8243; _module_preset=&#8220;default&#8220; use_background_color_gradient=&#8220;on&#8220; background_color_gradient_type=&#8220;radial&#8220; parallax=&#8220;on&#8220;][et_pb_row _builder_version=&#8220;4.9.0&#8243; _module_preset=&#8220;default&#8220; custom_padding=&#8220;|20px||20px|false|false&#8220;][et_pb_column type=&#8220;4_4&#8243; _builder_version=&#8220;4.9.0&#8243; _module_preset=&#8220;default&#8220;][et_pb_text _builder_version=&#8220;4.9.0&#8243; _module_preset=&#8220;default&#8220; header_2_text_color=&#8220;#FFFFFF&#8220;]<\/p>\n<h2 style=\"text-align: center;\">Expansion-Method Begleiter*innen in deiner N\u00e4he finden<\/h2>\n<p>[\/et_pb_text][\/et_pb_column][\/et_pb_row][\/et_pb_section][et_pb_section fb_built=&#8220;1&#8243; _builder_version=&#8220;4.9.0&#8243; _module_preset=&#8220;default&#8220; custom_padding=&#8220;0px|||||&#8220;][et_pb_row column_structure=&#8220;1_5,3_5,1_5&#8243; _builder_version=&#8220;4.9.0&#8243; _module_preset=&#8220;default&#8220;][et_pb_column type=&#8220;1_5&#8243; _builder_version=&#8220;4.9.0&#8243; _module_preset=&#8220;default&#8220;][\/et_pb_column][et_pb_column type=&#8220;3_5&#8243; _builder_version=&#8220;4.9.0&#8243; _module_preset=&#8220;default&#8220;][et_pb_text _builder_version=&#8220;4.9.1&#8243; _module_preset=&#8220;default&#8220;]<\/p>\n<p>Hier findest du eine aktuelle Liste von Expansion-Method-Begleiter*innen. Sie wurden nach einem mehrmonatigen Expansion Training von Tamar Brosh (aufbauend auf den Lehren von Shai Tubali) zertifiziert.<\/p>\n<p>Die Expansion-Method-Begleiter*innen \u00fcben ihre T\u00e4tigkeit grunds\u00e4tzlich in pers\u00f6nlicher Verantwortung im Rahmen ihres Berufes aus. Sofern sie eine Heilerlaubnis besitzen, z.B. \u00c4rzte, Psychotherapeuten, Heilpraktiker, Heilpraktiker f\u00fcr Psychotherapie, d\u00fcrfen sie die Expansions-Methode im Rahmen ihrer Arbeit anwenden. Alle anderen zertifizierten Expansion-Method-Begleiter*innen d\u00fcrfen die Expansions-Methode im Rahmen ihres jeweiligen Berufes beratend und begleitend einsetzen.<\/p>\n<p><strong>Die hier ver\u00f6ffentlichten Daten dienen ausschlie\u00dflich der Kontaktaufnahme zu Therapie- und Coachingzwecken. Es ist untersagt, die Kontaktdaten unserer Begleiter*innen f\u00fcr Werbezwecke zu missbrauchen!<\/strong><\/p>\n<p>[\/et_pb_text][\/et_pb_column][et_pb_column type=&#8220;1_5&#8243; _builder_version=&#8220;4.9.0&#8243; _module_preset=&#8220;default&#8220;][\/et_pb_column][\/et_pb_row][\/et_pb_section][et_pb_section fb_built=&#8220;1&#8243; _builder_version=&#8220;4.9.1&#8243; _module_preset=&#8220;default&#8220;][et_pb_row _builder_version=&#8220;4.9.1&#8243; _module_preset=&#8220;default&#8220;][et_pb_column _builder_version=&#8220;4.9.1&#8243; _module_preset=&#8220;default&#8220; type=&#8220;4_4&#8243;][et_pb_text _builder_version=&#8220;4.9.1&#8243; _module_preset=&#8220;default&#8220; hover_enabled=&#8220;0&#8243; sticky_enabled=&#8220;0&#8243;][drts-directory-view directory=&#8220;therapists&#8220;][\/et_pb_text][\/et_pb_column][\/et_pb_row][\/et_pb_section]<\/p>\n","protected":false},"excerpt":{"rendered":"<p>Expansion-Method Begleiter*innen in deiner N\u00e4he findenHier findest du eine aktuelle Liste von Expansion-Method-Begleiter*innen. Sie wurden nach einem mehrmonatigen Expansion Training von Tamar Brosh (aufbauend auf den Lehren von Shai Tubali) zertifiziert. Die Expansion-Method-Begleiter*innen \u00fcben ihre T\u00e4tigkeit grunds\u00e4tzlich in pers\u00f6nlicher Verantwortung im Rahmen ihres Berufes aus. Sofern sie eine Heilerlaubnis besitzen, z.B. \u00c4rzte, Psychotherapeuten, Heilpraktiker, Heilpraktiker [&hellip;]<\/p>\n","protected":false},"author":1,"featured_media":0,"parent":0,"menu_order":0,"comment_status":"closed","ping_status":"closed","template":"","meta":{"_et_pb_use_builder":"on","_et_pb_old_content":"<!-- wp:paragraph -->\n<p><code>[drts-directory-view directory=\"therapists\"]<\/code><\/p>\n<!-- \/wp:paragraph -->","_et_gb_content_width":"","footnotes":""},"class_list":["post-4833","page","type-page","status-publish","hentry"],"yoast_head":"<!-- This site is optimized with the Yoast SEO plugin v27.3 - https:\/\/yoast.com\/product\/yoast-seo-wordpress\/ -->\n<title>Traumatherapeuten finden - The Expansion Method<\/title>\n<meta name=\"robots\" content=\"index, follow, max-snippet:-1, max-image-preview:large, max-video-preview:-1\" \/>\n<link rel=\"canonical\" href=\"https:\/\/expansion-method.com\/de\/traumatherapeuten-finden\/\" \/>\n<meta property=\"og:locale\" content=\"de_DE\" \/>\n<meta property=\"og:type\" content=\"article\" \/>\n<meta property=\"og:title\" content=\"Traumatherapeuten finden - The Expansion Method\" \/>\n<meta property=\"og:description\" content=\"Expansion-Method Begleiter*innen in deiner N\u00e4he findenHier findest du eine aktuelle Liste von Expansion-Method-Begleiter*innen. Sie wurden nach einem mehrmonatigen Expansion Training von Tamar Brosh (aufbauend auf den Lehren von Shai Tubali) zertifiziert. Die Expansion-Method-Begleiter*innen \u00fcben ihre T\u00e4tigkeit grunds\u00e4tzlich in pers\u00f6nlicher Verantwortung im Rahmen ihres Berufes aus. Sofern sie eine Heilerlaubnis besitzen, z.B. \u00c4rzte, Psychotherapeuten, Heilpraktiker, Heilpraktiker [&hellip;]\" \/>\n<meta property=\"og:url\" content=\"https:\/\/expansion-method.com\/de\/traumatherapeuten-finden\/\" \/>\n<meta property=\"og:site_name\" content=\"The Expansion Method\" \/>\n<meta property=\"article:modified_time\" content=\"2021-03-10T15:44:35+00:00\" \/>\n<meta name=\"twitter:card\" content=\"summary_large_image\" \/>\n<meta name=\"twitter:label1\" content=\"Gesch\u00e4tzte Lesezeit\" \/>\n\t<meta name=\"twitter:data1\" content=\"1\u00a0Minute\" \/>\n<script type=\"application\/ld+json\" class=\"yoast-schema-graph\">{\"@context\":\"https:\\\/\\\/schema.org\",\"@graph\":[{\"@type\":\"WebPage\",\"@id\":\"https:\\\/\\\/expansion-method.com\\\/de\\\/traumatherapeuten-finden\\\/\",\"url\":\"https:\\\/\\\/expansion-method.com\\\/de\\\/traumatherapeuten-finden\\\/\",\"name\":\"Traumatherapeuten finden - The Expansion Method\",\"isPartOf\":{\"@id\":\"https:\\\/\\\/expansion-method.com\\\/de\\\/#website\"},\"datePublished\":\"2021-03-02T13:52:59+00:00\",\"dateModified\":\"2021-03-10T15:44:35+00:00\",\"breadcrumb\":{\"@id\":\"https:\\\/\\\/expansion-method.com\\\/de\\\/traumatherapeuten-finden\\\/#breadcrumb\"},\"inLanguage\":\"de\",\"potentialAction\":[{\"@type\":\"ReadAction\",\"target\":[\"https:\\\/\\\/expansion-method.com\\\/de\\\/traumatherapeuten-finden\\\/\"]}]},{\"@type\":\"BreadcrumbList\",\"@id\":\"https:\\\/\\\/expansion-method.com\\\/de\\\/traumatherapeuten-finden\\\/#breadcrumb\",\"itemListElement\":[{\"@type\":\"ListItem\",\"position\":1,\"name\":\"Startseite\",\"item\":\"https:\\\/\\\/expansion-method.com\\\/de\\\/\"},{\"@type\":\"ListItem\",\"position\":2,\"name\":\"Traumatherapeuten finden\"}]},{\"@type\":\"WebSite\",\"@id\":\"https:\\\/\\\/expansion-method.com\\\/de\\\/#website\",\"url\":\"https:\\\/\\\/expansion-method.com\\\/de\\\/\",\"name\":\"The Expansion Method\",\"description\":\"Become Bigger Than Your Problems\",\"potentialAction\":[{\"@type\":\"SearchAction\",\"target\":{\"@type\":\"EntryPoint\",\"urlTemplate\":\"https:\\\/\\\/expansion-method.com\\\/de\\\/?s={search_term_string}\"},\"query-input\":{\"@type\":\"PropertyValueSpecification\",\"valueRequired\":true,\"valueName\":\"search_term_string\"}}],\"inLanguage\":\"de\"}]}<\/script>\n<!-- \/ Yoast SEO plugin. -->","yoast_head_json":{"title":"Traumatherapeuten finden - The Expansion Method","robots":{"index":"index","follow":"follow","max-snippet":"max-snippet:-1","max-image-preview":"max-image-preview:large","max-video-preview":"max-video-preview:-1"},"canonical":"https:\/\/expansion-method.com\/de\/traumatherapeuten-finden\/","og_locale":"de_DE","og_type":"article","og_title":"Traumatherapeuten finden - The Expansion Method","og_description":"Expansion-Method Begleiter*innen in deiner N\u00e4he findenHier findest du eine aktuelle Liste von Expansion-Method-Begleiter*innen. Sie wurden nach einem mehrmonatigen Expansion Training von Tamar Brosh (aufbauend auf den Lehren von Shai Tubali) zertifiziert. Die Expansion-Method-Begleiter*innen \u00fcben ihre T\u00e4tigkeit grunds\u00e4tzlich in pers\u00f6nlicher Verantwortung im Rahmen ihres Berufes aus. Sofern sie eine Heilerlaubnis besitzen, z.B. \u00c4rzte, Psychotherapeuten, Heilpraktiker, Heilpraktiker [&hellip;]","og_url":"https:\/\/expansion-method.com\/de\/traumatherapeuten-finden\/","og_site_name":"The Expansion Method","article_modified_time":"2021-03-10T15:44:35+00:00","twitter_card":"summary_large_image","twitter_misc":{"Gesch\u00e4tzte Lesezeit":"1\u00a0Minute"},"schema":{"@context":"https:\/\/schema.org","@graph":[{"@type":"WebPage","@id":"https:\/\/expansion-method.com\/de\/traumatherapeuten-finden\/","url":"https:\/\/expansion-method.com\/de\/traumatherapeuten-finden\/","name":"Traumatherapeuten finden - The Expansion Method","isPartOf":{"@id":"https:\/\/expansion-method.com\/de\/#website"},"datePublished":"2021-03-02T13:52:59+00:00","dateModified":"2021-03-10T15:44:35+00:00","breadcrumb":{"@id":"https:\/\/expansion-method.com\/de\/traumatherapeuten-finden\/#breadcrumb"},"inLanguage":"de","potentialAction":[{"@type":"ReadAction","target":["https:\/\/expansion-method.com\/de\/traumatherapeuten-finden\/"]}]},{"@type":"BreadcrumbList","@id":"https:\/\/expansion-method.com\/de\/traumatherapeuten-finden\/#breadcrumb","itemListElement":[{"@type":"ListItem","position":1,"name":"Startseite","item":"https:\/\/expansion-method.com\/de\/"},{"@type":"ListItem","position":2,"name":"Traumatherapeuten finden"}]},{"@type":"WebSite","@id":"https:\/\/expansion-method.com\/de\/#website","url":"https:\/\/expansion-method.com\/de\/","name":"The Expansion Method","description":"Become Bigger Than Your Problems","potentialAction":[{"@type":"SearchAction","target":{"@type":"EntryPoint","urlTemplate":"https:\/\/expansion-method.com\/de\/?s={search_term_string}"},"query-input":{"@type":"PropertyValueSpecification","valueRequired":true,"valueName":"search_term_string"}}],"inLanguage":"de"}]}},"_links":{"self":[{"href":"https:\/\/expansion-method.com\/de\/wp-json\/wp\/v2\/pages\/4833","targetHints":{"allow":["GET"]}}],"collection":[{"href":"https:\/\/expansion-method.com\/de\/wp-json\/wp\/v2\/pages"}],"about":[{"href":"https:\/\/expansion-method.com\/de\/wp-json\/wp\/v2\/types\/page"}],"author":[{"embeddable":true,"href":"https:\/\/expansion-method.com\/de\/wp-json\/wp\/v2\/users\/1"}],"replies":[{"embeddable":true,"href":"https:\/\/expansion-method.com\/de\/wp-json\/wp\/v2\/comments?post=4833"}],"version-history":[{"count":0,"href":"https:\/\/expansion-method.com\/de\/wp-json\/wp\/v2\/pages\/4833\/revisions"}],"wp:attachment":[{"href":"https:\/\/expansion-method.com\/de\/wp-json\/wp\/v2\/media?parent=4833"}],"curies":[{"name":"wp","href":"https:\/\/api.w.org\/{rel}","templated":true}]}}