{"id":5077,"date":"2021-03-05T08:18:43","date_gmt":"2021-03-05T07:18:43","guid":{"rendered":"https:\/\/expansion-method.com\/how-1-on-1-sessions-look-like\/"},"modified":"2021-03-28T20:08:22","modified_gmt":"2021-03-28T18:08:22","slug":"how-1-on-1-sessions-look-like","status":"publish","type":"page","link":"https:\/\/expansion-method.com\/de\/how-1-on-1-sessions-look-like\/","title":{"rendered":"Wie eine 1-zu-1 Sitzung aussieht"},"content":{"rendered":"<p>[et_pb_section fb_built=&#8220;1&#8243; admin_label=&#8220;Hero Section&#8220; _builder_version=&#8220;4.9.0&#8243; background_image=&#8220;https:\/\/expansion-method.com\/wp-content\/uploads\/2021\/03\/expansion-session-header-tamar.jpg&#8220; custom_margin=&#8220;|||&#8220; custom_padding=&#8220;3.5%||7.8%|||&#8220;][et_pb_row _builder_version=&#8220;3.25&#8243; background_size=&#8220;initial&#8220; background_position=&#8220;top_left&#8220; background_repeat=&#8220;repeat&#8220;][et_pb_column type=&#8220;4_4&#8243; _builder_version=&#8220;3.25&#8243; custom_padding=&#8220;|||&#8220; custom_padding__hover=&#8220;|||&#8220;][et_pb_text admin_label=&#8220;Title&#8220; _builder_version=&#8220;4.9.2&#8243; text_font=&#8220;Quattrocento||||||||&#8220; text_text_color=&#8220;#000000&#8243; text_font_size=&#8220;22px&#8220; text_line_height=&#8220;1.4em&#8220; header_font=&#8220;||||||||&#8220; header_text_align=&#8220;center&#8220; header_text_color=&#8220;#000000&#8243; header_font_size=&#8220;70px&#8220; header_letter_spacing=&#8220;6px&#8220; header_line_height=&#8220;1.4em&#8220; text_orientation=&#8220;center&#8220; background_layout=&#8220;dark&#8220; max_width=&#8220;800px&#8220; module_alignment=&#8220;center&#8220; animation_direction=&#8220;top&#8220; header_font_size_tablet=&#8220;40px&#8220; header_font_size_phone=&#8220;&#8220; header_font_size_last_edited=&#8220;on|tablet&#8220;]<\/p>\n<p>1-zu-1<\/p>\n<p>&nbsp;<\/p>\n<h1>Die Expansion Session<\/h1>\n<p>[\/et_pb_text][\/et_pb_column][\/et_pb_row][\/et_pb_section][et_pb_section fb_built=&#8220;1&#8243; admin_label=&#8220;Feature Section&#8220; _builder_version=&#8220;4.9.2&#8243; background_image=&#8220;https:\/\/expansion-method.com\/wp-content\/uploads\/2021\/02\/background-free.jpg&#8220; background_position=&#8220;center_right&#8220; max_width=&#8220;88%&#8220; module_alignment=&#8220;center&#8220; custom_margin=&#8220;-6%|||&#8220; custom_padding=&#8220;82px||17px|||&#8220; animation_direction=&#8220;left&#8220; box_shadow_style=&#8220;preset3&#8243; box_shadow_vertical=&#8220;80px&#8220; box_shadow_blur=&#8220;120px&#8220; box_shadow_spread=&#8220;-60px&#8220; box_shadow_color=&#8220;rgba(63,63,31,0.3)&#8220;][et_pb_row column_structure=&#8220;1_5,3_5,1_5&#8243; _builder_version=&#8220;4.9.2&#8243; width=&#8220;90%&#8220; max_width=&#8220;90%&#8220; use_custom_width=&#8220;on&#8220; width_unit=&#8220;off&#8220; custom_width_percent=&#8220;90%&#8220;][et_pb_column type=&#8220;1_5&#8243; _builder_version=&#8220;3.25&#8243; custom_padding=&#8220;|||&#8220; custom_padding__hover=&#8220;|||&#8220;][et_pb_text admin_label=&#8220;Title&#8220; _builder_version=&#8220;3.27.4&#8243; text_font=&#8220;||||||||&#8220; header_font=&#8220;||||||||&#8220; header_2_font=&#8220;Quattrocento||||||||&#8220; header_2_font_size=&#8220;60px&#8220; header_2_line_height=&#8220;1.3em&#8220; animation_style=&#8220;slide&#8220; animation_direction=&#8220;left&#8220; animation_duration=&#8220;1400ms&#8220; animation_intensity_slide=&#8220;6%&#8220; header_2_font_size_tablet=&#8220;40px&#8220; header_2_font_size_phone=&#8220;&#8220; header_2_font_size_last_edited=&#8220;on|tablet&#8220;][\/et_pb_text][\/et_pb_column][et_pb_column type=&#8220;3_5&#8243; _builder_version=&#8220;3.25&#8243; custom_padding=&#8220;|||&#8220; custom_padding__hover=&#8220;|||&#8220;][et_pb_text _builder_version=&#8220;4.9.2&#8243; text_font=&#8220;Quattrocento||||||||&#8220; text_font_size=&#8220;18px&#8220; text_line_height=&#8220;2.2em&#8220; header_font=&#8220;||||||||&#8220; header_2_font=&#8220;||||||||&#8220; animation_direction=&#8220;left&#8220;]<\/p>\n<p style=\"text-align: justify;\">Eine Expansionssitzung ist ein pers\u00f6nlicher Prozess. Sie findet zwischen einer Begleiterin\/einem Begleiter und einem Klienten statt und dauert etwa zwei Stunden. Wenn die Sitzung beginnt, erkl\u00e4rt der Klient das Thema, an dem er arbeiten m\u00f6chte, sei es eine emotionale, mentale, psychosomatische Behandlung, spirituelle Entwicklung oder eine andere Herausforderung im Leben. Dann w\u00e4hlt die Begleiterin\/der Begleiter die richtige Technik f\u00fcr ihn aus. Die Expansions-Methode umfasst fast 50 verschiedene Techniken &#8211; jede davon f\u00fcr einen spezifischen und unterschiedlichen Zweck entwickelt. Gemeinsam beginnen der Klient und der Instruktor den Prozess.<\/p>\n<p>[\/et_pb_text][et_pb_text admin_label=&#8220;Title&#8220; _builder_version=&#8220;4.9.2&#8243; text_font=&#8220;|300|||||||&#8220; text_text_color=&#8220;#854f15&#8243; text_font_size=&#8220;31px&#8220; text_line_height=&#8220;1.2em&#8220; header_font=&#8220;||||||||&#8220; header_2_font=&#8220;||||||||&#8220; header_2_font_size=&#8220;60px&#8220; header_2_line_height=&#8220;1.3em&#8220; text_orientation=&#8220;center&#8220; module_alignment=&#8220;center&#8220; custom_margin=&#8220;6px||10px|||&#8220; animation_direction=&#8220;left&#8220; hover_enabled=&#8220;0&#8243; header_2_font_size_tablet=&#8220;40px&#8220; header_2_font_size_phone=&#8220;&#8220; header_2_font_size_last_edited=&#8220;on|tablet&#8220; sticky_enabled=&#8220;0&#8243;]<\/p>\n<blockquote><p><em>Ein*e Expansion-Begleiter*in wird den Klienten niemals sagen, was sie denken oder tun sollen. Im Gegenteil, eines der Prinzipien der Expansions-Methode ist der Aufbau einer wahren Selbstautorit\u00e4t.<\/em><\/p><\/blockquote>\n<p>[\/et_pb_text][\/et_pb_column][et_pb_column type=&#8220;1_5&#8243; _builder_version=&#8220;3.25&#8243; custom_padding=&#8220;|||&#8220; custom_padding__hover=&#8220;|||&#8220;][\/et_pb_column][\/et_pb_row][\/et_pb_section][et_pb_section fb_built=&#8220;1&#8243; _builder_version=&#8220;4.8.1&#8243; _module_preset=&#8220;default&#8220; custom_padding=&#8220;42px||44px|||&#8220;][et_pb_row _builder_version=&#8220;4.9.0&#8243; _module_preset=&#8220;default&#8220;][et_pb_column type=&#8220;4_4&#8243; _builder_version=&#8220;4.9.0&#8243; _module_preset=&#8220;default&#8220;][et_pb_text admin_label=&#8220;Subtitle&#8220; _builder_version=&#8220;4.9.2&#8243; text_font=&#8220;Quattrocento||||||||&#8220; text_font_size=&#8220;18px&#8220; text_line_height=&#8220;2.2em&#8220; header_font=&#8220;||||||||&#8220; header_2_font=&#8220;||||||||&#8220; text_orientation=&#8220;center&#8220; max_width=&#8220;700px&#8220; module_alignment=&#8220;center&#8220; animation_direction=&#8220;left&#8220;]<\/p>\n<p style=\"text-align: justify;\">In der Expansionssitzung schlie\u00dft der Klient seine Augen und die Begleiterin f\u00fchrt ihn in den Expansionsprozess, um sich besser konzentrieren und in h\u00f6here Bewusstseinszust\u00e4nde leiten zu k\u00f6nnen. In dem Moment, in dem der Klient einen Zustand erreicht, in dem er frei von dem Problem ist, das zu Beginn der Sitzung pr\u00e4sentiert wurde, kann er zum ersten Mal die Herausforderung klar sehen und bedeutende Fortschritte in Richtung ihrer L\u00f6sung machen, da er sie aus einem h\u00f6heren Bewusstseinszustand heraus behandelt. Die Begleiterin hilft dem Klienten, sich in den h\u00f6heren Bewusstseinsfeldern zu stabilisieren und sich mit den Quellen der Weisheit, der Liebe und der Befreiung zu verbinden. Diese Zust\u00e4nde waren schon immer im Klienten vorhanden, aber da ihm die richtigen Werkzeuge fehlten, war es ihm nicht m\u00f6glich, sich mit ihnen zu verbinden. Je mehr sich der Prozess vertieft, mit Hilfe von Fragen und praktischer Anleitung, hilft die Begleiterin dem Klienten, Muster und Traumata zu dekonstruieren, was eine spirituelle Transformation erm\u00f6glicht.<\/p>\n<p>[\/et_pb_text][\/et_pb_column][\/et_pb_row][et_pb_row column_structure=&#8220;2_5,3_5&#8243; _builder_version=&#8220;4.8.1&#8243; custom_margin=&#8220;||0px||false|false&#8220; custom_padding=&#8220;||1px|||&#8220;][et_pb_column type=&#8220;2_5&#8243; _builder_version=&#8220;3.25&#8243; custom_padding=&#8220;|||&#8220; custom_padding__hover=&#8220;|||&#8220;][et_pb_image src=&#8220;https:\/\/expansion-method.com\/wp-content\/uploads\/2021\/03\/session-with-tamar.jpg&#8220; title_text=&#8220;session-with-tamar&#8220; _builder_version=&#8220;4.9.0&#8243; _module_preset=&#8220;default&#8220; custom_margin=&#8220;||0px||false|false&#8220; custom_padding=&#8220;||0px||false|false&#8220;][\/et_pb_image][\/et_pb_column][et_pb_column type=&#8220;3_5&#8243; _builder_version=&#8220;3.25&#8243; custom_padding=&#8220;|||&#8220; custom_padding__hover=&#8220;|||&#8220;][et_pb_text _builder_version=&#8220;4.9.2&#8243; text_font=&#8220;Quattrocento||||||||&#8220; text_font_size=&#8220;18px&#8220; text_line_height=&#8220;2.2em&#8220; header_font=&#8220;||||||||&#8220; header_2_font=&#8220;||||||||&#8220; custom_margin=&#8220;|||&#8220; custom_padding=&#8220;||0px|||&#8220; animation_direction=&#8220;left&#8220; hover_enabled=&#8220;0&#8243; sticky_enabled=&#8220;0&#8243;]<\/p>\n<p>Eine Expansionsbegleiterin wird der Person, die den Prozess durchl\u00e4uft, niemals ihre eigene Meinung sagen, noch wird sie sie zu einer bestimmten Entscheidung oder Handlung irgendeiner Art anweisen &#8211; andernfalls w\u00fcrde sie eines der wichtigsten Prinzipien des Expansionsprozesses verraten: die Unterst\u00fctzung beim Aufbau einer wahren Selbstautorit\u00e4t und wahrer innerer Kraft; die Erschaffung eines wahren Selbst, das nicht die F\u00fchrung einer \u00e4u\u00dferen Autorit\u00e4t irgendeiner Art ben\u00f6tigt.<\/p>\n<p>[\/et_pb_text][\/et_pb_column][\/et_pb_row][\/et_pb_section][et_pb_section fb_built=&#8220;1&#8243; custom_padding_last_edited=&#8220;off|desktop&#8220; admin_label=&#8220;Feature Section&#8220; _builder_version=&#8220;4.8.1&#8243; background_color=&#8220;#f7f7f7&#8243; background_image=&#8220;https:\/\/expansion-method.com\/wp-content\/uploads\/2019\/05\/tea_shop_42.jpg&#8220; module_alignment=&#8220;center&#8220; custom_margin=&#8220;0px||||false|false&#8220; custom_padding=&#8220;0px||3.8%||false|false&#8220; custom_padding_tablet=&#8220;0px||0px|&#8220;][et_pb_row column_structure=&#8220;1_5,3_5,1_5&#8243; _builder_version=&#8220;4.8.1&#8243; width=&#8220;88%&#8220; max_width=&#8220;88%&#8220; module_alignment=&#8220;center&#8220; custom_margin=&#8220;-2px|auto||auto||&#8220; custom_padding=&#8220;|||&#8220; use_custom_width=&#8220;on&#8220; width_unit=&#8220;off&#8220; custom_width_percent=&#8220;88%&#8220; locked=&#8220;off&#8220;][et_pb_column type=&#8220;1_5&#8243; _builder_version=&#8220;3.25&#8243; custom_padding=&#8220;|40px||40px&#8220; custom_padding__hover=&#8220;|||&#8220;][\/et_pb_column][et_pb_column type=&#8220;3_5&#8243; _builder_version=&#8220;4.8.1&#8243; custom_padding=&#8220;|||&#8220; custom_padding__hover=&#8220;|||&#8220;][et_pb_text _builder_version=&#8220;4.9.2&#8243; text_font=&#8220;Quattrocento||||||||&#8220; text_font_size=&#8220;18px&#8220; text_line_height=&#8220;2.2em&#8220; header_font=&#8220;||||||||&#8220; header_2_font=&#8220;||||||||&#8220; custom_margin=&#8220;|||&#8220; custom_padding=&#8220;||0px|||&#8220; animation_direction=&#8220;left&#8220;]<\/p>\n<p><span style=\"font-size: 18px;\">In dem Moment, in dem ein Mensch diese Schichten von Pr\u00e4senz, Kraft und Heilung in sich entdeckt, etabliert er Selbstverantwortung und -bestimmung. F\u00fclle, Intelligenz und Liebe werden nun als sehr zug\u00e4ngliche Zust\u00e4nde offenbart.<\/span><\/p>\n<p>[\/et_pb_text][et_pb_text admin_label=&#8220;Title&#8220; _builder_version=&#8220;4.9.2&#8243; text_font=&#8220;|300|||||||&#8220; text_text_color=&#8220;#854f15&#8243; text_font_size=&#8220;31px&#8220; text_line_height=&#8220;1.2em&#8220; header_font=&#8220;||||||||&#8220; header_2_font=&#8220;||||||||&#8220; header_2_font_size=&#8220;60px&#8220; header_2_line_height=&#8220;1.3em&#8220; text_orientation=&#8220;center&#8220; module_alignment=&#8220;center&#8220; custom_margin=&#8220;6px||10px|||&#8220; animation_style=&#8220;fade&#8220; animation_direction=&#8220;left&#8220; animation_starting_opacity=&#8220;100%&#8220; hover_enabled=&#8220;0&#8243; header_2_font_size_tablet=&#8220;40px&#8220; header_2_font_size_phone=&#8220;&#8220; header_2_font_size_last_edited=&#8220;on|tablet&#8220; sticky_enabled=&#8220;0&#8243;]<\/p>\n<blockquote>\n<p><em>Diese Kombination einer professionellen Anleitung zusammen mit den Techniken der Expansionsmethode macht die Sitzung zu einem befreienden und unvergesslichen Erlebnis und eine Reihe von Sitzungen &#8211; zu einem lebensver\u00e4ndernden Ereignis.<\/em><\/p>\n<\/blockquote>\n<p>[\/et_pb_text][\/et_pb_column][et_pb_column type=&#8220;1_5&#8243; _builder_version=&#8220;4.8.1&#8243; custom_padding=&#8220;|||&#8220; custom_padding__hover=&#8220;|||&#8220;][\/et_pb_column][\/et_pb_row][\/et_pb_section][et_pb_section fb_built=&#8220;1&#8243; _builder_version=&#8220;4.8.1&#8243; _module_preset=&#8220;default&#8220; use_background_color_gradient=&#8220;on&#8220; background_color_gradient_start=&#8220;#ffffff&#8220; background_color_gradient_end=&#8220;#e6e3e0&#8243;][et_pb_row _builder_version=&#8220;4.8.1&#8243; _module_preset=&#8220;default&#8220;][et_pb_column type=&#8220;4_4&#8243; _builder_version=&#8220;4.8.1&#8243; _module_preset=&#8220;default&#8220;][et_pb_text admin_label=&#8220;Subtitle&#8220; _builder_version=&#8220;4.9.2&#8243; text_font=&#8220;Quattrocento||||||||&#8220; text_font_size=&#8220;18px&#8220; text_line_height=&#8220;2.2em&#8220; header_font=&#8220;||||||||&#8220; header_2_font=&#8220;||||||||&#8220; text_orientation=&#8220;justified&#8220; max_width=&#8220;700px&#8220; module_alignment=&#8220;center&#8220; animation_direction=&#8220;left&#8220;]<\/p>\n<p>Expansion ist das prim\u00e4re Werkzeug, das die Begleiter*innen w\u00e4hrend der Sitzungen verwenden. Die Arbeit zum Erreichen hoher Bewusstseinszust\u00e4nde ist jedoch vielschichtig: Traumdeutung, L\u00f6sen und Loslassen von Traumata, Balancieren der Chakren, Aufl\u00f6sen von sich wiederholenden Mustern und Abh\u00e4ngigkeiten und mehr.<\/p>\n<p>Am Ende der Sitzung integrieren die Begleiter alles Gesagte, um Erkenntnisse zu verankern, Klarheit und Bewusstsein in die Erfahrung zu bringen. Der Klient erh\u00e4lt au\u00dferdem eine aufgezeichnete Transkription der Sitzung. Da alles, was geschehen ist, die eigenen Worte des Klienten sind, wird der Prozess der Verinnerlichung und Transformation schneller &#8211; es ist einfacher f\u00fcr uns, eine Wahrheit so zu akzeptieren, wie sie im Inneren offenbart wurde, als sie von einer externen Autorit\u00e4t zu h\u00f6ren.<\/p>\n<p>Die Sitzung findet in einer entspannten und ruhigen Atmosph\u00e4re statt. Die Begleiter der Expansion sind in der Lage, ein tiefes Einf\u00fchlungsverm\u00f6gen an den Tag zu legen und geschickt einen tiefen und befreienden Prozess durchzuf\u00fchren und auf alle Schwierigkeiten einzugehen, die w\u00e4hrend der Sitzung auftauchen k\u00f6nnten. Die Kombination aus einem professionellen Begleitung, die wei\u00df, wie man mit verschiedenen Bewusstseinsebenen arbeitet, zusammen mit den bahnbrechenden Techniken der Expansions-Methode macht die Sitzung zu einem befreienden und unvergesslichen Erlebnis und eine Reihe von Sitzungen &#8211; zu einem lebensver\u00e4ndernden Ereignis.<\/p>\n<p style=\"text-align: justify;\">\n<p>[\/et_pb_text][\/et_pb_column][\/et_pb_row][et_pb_row column_structure=&#8220;1_2,1_2&#8243; _builder_version=&#8220;4.9.2&#8243; _module_preset=&#8220;default&#8220; background_color=&#8220;#1E4496&#8243; use_background_color_gradient=&#8220;on&#8220; background_color_gradient_start=&#8220;#1e4496&#8243; background_color_gradient_end=&#8220;rgba(30,68,150,0.37)&#8220; background_color_gradient_type=&#8220;radial&#8220; background_color_gradient_direction_radial=&#8220;bottom left&#8220; background_color_gradient_overlays_image=&#8220;on&#8220; background_image=&#8220;https:\/\/expansion-method.com\/wp-content\/uploads\/2021\/03\/sky-lean.jpg&#8220; custom_padding=&#8220;|20px||30px|false|false&#8220;][et_pb_column type=&#8220;1_2&#8243; _builder_version=&#8220;4.9.0&#8243; _module_preset=&#8220;default&#8220;][et_pb_text _builder_version=&#8220;4.9.2&#8243; text_font=&#8220;Quattrocento|700|||||||&#8220; text_text_color=&#8220;#FFFFFF&#8220; text_font_size=&#8220;18px&#8220; text_line_height=&#8220;2.2em&#8220; header_font=&#8220;||||||||&#8220; header_2_font=&#8220;||||||||&#8220; text_orientation=&#8220;justified&#8220; animation_direction=&#8220;left&#8220;]<\/p>\n<p>Weiter zu unserer Liste der zertifizierten Begleiter*innen. <\/p>\n<p>[\/et_pb_text][et_pb_button button_url=&#8220;https:\/\/expansion-method.com\/traumatherapeuten-finden\/&#8220; button_text=&#8220;Weiter&#8220; button_alignment=&#8220;center&#8220; _builder_version=&#8220;4.9.2&#8243; _module_preset=&#8220;default&#8220; custom_button=&#8220;on&#8220; button_text_color=&#8220;#000000&#8243; button_bg_color=&#8220;gcid-d3c1140a-463a-4d90-aa12-63fa444e33d4&#8243; button_border_color=&#8220;RGBA(0,0,0,0)&#8220; button_icon=&#8220;%%28%%&#8220; hover_enabled=&#8220;0&#8243; box_shadow_style=&#8220;preset3&#8243; global_colors_info=&#8220;{%22gcid-d3c1140a-463a-4d90-aa12-63fa444e33d4%22:%91%22button_bg_color%22%93}&#8220; sticky_enabled=&#8220;0&#8243;][\/et_pb_button][\/et_pb_column][et_pb_column type=&#8220;1_2&#8243; _builder_version=&#8220;4.9.0&#8243; _module_preset=&#8220;default&#8220;][et_pb_text _builder_version=&#8220;4.9.2&#8243; text_font=&#8220;Quattrocento|700|||||||&#8220; text_text_color=&#8220;#FFFFFF&#8220; text_font_size=&#8220;18px&#8220; text_line_height=&#8220;2.2em&#8220; header_font=&#8220;||||||||&#8220; header_2_font=&#8220;||||||||&#8220; text_orientation=&#8220;justified&#8220; animation_direction=&#8220;left&#8220;]<\/p>\n<p>Entdecke die &#8222;Expansion Method Trauma Release Ausbildung&#8220;<\/p>\n<p>[\/et_pb_text][et_pb_button button_url=&#8220;https:\/\/expansion-method.com\/trauma-release-training\/&#8220; button_text=&#8220;Werde zertifizierte Begleiter*in&#8220; button_alignment=&#8220;center&#8220; _builder_version=&#8220;4.9.2&#8243; _module_preset=&#8220;default&#8220; custom_button=&#8220;on&#8220; button_text_color=&#8220;#000000&#8243; button_bg_color=&#8220;gcid-d3c1140a-463a-4d90-aa12-63fa444e33d4&#8243; button_border_color=&#8220;RGBA(0,0,0,0)&#8220; button_icon=&#8220;%%28%%&#8220; hover_enabled=&#8220;0&#8243; box_shadow_style=&#8220;preset3&#8243; global_colors_info=&#8220;{%22gcid-d3c1140a-463a-4d90-aa12-63fa444e33d4%22:%91%22button_bg_color%22%93}&#8220; sticky_enabled=&#8220;0&#8243;][\/et_pb_button][\/et_pb_column][\/et_pb_row][\/et_pb_section]<\/p>\n","protected":false},"excerpt":{"rendered":"<p>1-zu-1 &nbsp; Die Expansion SessionEine Expansionssitzung ist ein pers\u00f6nlicher Prozess. Sie findet zwischen einer Begleiterin\/einem Begleiter und einem Klienten statt und dauert etwa zwei Stunden. Wenn die Sitzung beginnt, erkl\u00e4rt der Klient das Thema, an dem er arbeiten m\u00f6chte, sei es eine emotionale, mentale, psychosomatische Behandlung, spirituelle Entwicklung oder eine andere Herausforderung im Leben. Dann [&hellip;]<\/p>\n","protected":false},"author":1,"featured_media":0,"parent":0,"menu_order":0,"comment_status":"closed","ping_status":"closed","template":"","meta":{"_et_pb_use_builder":"on","_et_pb_old_content":"","_et_gb_content_width":"","footnotes":""},"class_list":["post-5077","page","type-page","status-publish","hentry"],"yoast_head":"<!-- This site is optimized with the Yoast SEO plugin v27.3 - https:\/\/yoast.com\/product\/yoast-seo-wordpress\/ -->\n<title>Wie eine 1-zu-1 Sitzung aussieht - The Expansion Method<\/title>\n<meta name=\"robots\" content=\"index, follow, max-snippet:-1, max-image-preview:large, max-video-preview:-1\" \/>\n<link rel=\"canonical\" href=\"https:\/\/expansion-method.com\/de\/how-1-on-1-sessions-look-like\/\" \/>\n<meta property=\"og:locale\" content=\"de_DE\" \/>\n<meta property=\"og:type\" content=\"article\" \/>\n<meta property=\"og:title\" content=\"Wie eine 1-zu-1 Sitzung aussieht - The Expansion Method\" \/>\n<meta property=\"og:description\" content=\"1-zu-1 &nbsp; Die Expansion SessionEine Expansionssitzung ist ein pers\u00f6nlicher Prozess. Sie findet zwischen einer Begleiterin\/einem Begleiter und einem Klienten statt und dauert etwa zwei Stunden. Wenn die Sitzung beginnt, erkl\u00e4rt der Klient das Thema, an dem er arbeiten m\u00f6chte, sei es eine emotionale, mentale, psychosomatische Behandlung, spirituelle Entwicklung oder eine andere Herausforderung im Leben. Dann [&hellip;]\" \/>\n<meta property=\"og:url\" content=\"https:\/\/expansion-method.com\/de\/how-1-on-1-sessions-look-like\/\" \/>\n<meta property=\"og:site_name\" content=\"The Expansion Method\" \/>\n<meta property=\"article:modified_time\" content=\"2021-03-28T18:08:22+00:00\" \/>\n<meta name=\"twitter:card\" content=\"summary_large_image\" \/>\n<meta name=\"twitter:label1\" content=\"Gesch\u00e4tzte Lesezeit\" \/>\n\t<meta name=\"twitter:data1\" content=\"5\u00a0Minuten\" \/>\n<script type=\"application\/ld+json\" class=\"yoast-schema-graph\">{\"@context\":\"https:\\\/\\\/schema.org\",\"@graph\":[{\"@type\":\"WebPage\",\"@id\":\"https:\\\/\\\/expansion-method.com\\\/de\\\/how-1-on-1-sessions-look-like\\\/\",\"url\":\"https:\\\/\\\/expansion-method.com\\\/de\\\/how-1-on-1-sessions-look-like\\\/\",\"name\":\"Wie eine 1-zu-1 Sitzung aussieht - The Expansion Method\",\"isPartOf\":{\"@id\":\"https:\\\/\\\/expansion-method.com\\\/de\\\/#website\"},\"datePublished\":\"2021-03-05T07:18:43+00:00\",\"dateModified\":\"2021-03-28T18:08:22+00:00\",\"breadcrumb\":{\"@id\":\"https:\\\/\\\/expansion-method.com\\\/de\\\/how-1-on-1-sessions-look-like\\\/#breadcrumb\"},\"inLanguage\":\"de\",\"potentialAction\":[{\"@type\":\"ReadAction\",\"target\":[\"https:\\\/\\\/expansion-method.com\\\/de\\\/how-1-on-1-sessions-look-like\\\/\"]}]},{\"@type\":\"BreadcrumbList\",\"@id\":\"https:\\\/\\\/expansion-method.com\\\/de\\\/how-1-on-1-sessions-look-like\\\/#breadcrumb\",\"itemListElement\":[{\"@type\":\"ListItem\",\"position\":1,\"name\":\"Startseite\",\"item\":\"https:\\\/\\\/expansion-method.com\\\/de\\\/\"},{\"@type\":\"ListItem\",\"position\":2,\"name\":\"Wie eine 1-zu-1 Sitzung aussieht\"}]},{\"@type\":\"WebSite\",\"@id\":\"https:\\\/\\\/expansion-method.com\\\/de\\\/#website\",\"url\":\"https:\\\/\\\/expansion-method.com\\\/de\\\/\",\"name\":\"The Expansion Method\",\"description\":\"Become Bigger Than Your Problems\",\"potentialAction\":[{\"@type\":\"SearchAction\",\"target\":{\"@type\":\"EntryPoint\",\"urlTemplate\":\"https:\\\/\\\/expansion-method.com\\\/de\\\/?s={search_term_string}\"},\"query-input\":{\"@type\":\"PropertyValueSpecification\",\"valueRequired\":true,\"valueName\":\"search_term_string\"}}],\"inLanguage\":\"de\"}]}<\/script>\n<!-- \/ Yoast SEO plugin. -->","yoast_head_json":{"title":"Wie eine 1-zu-1 Sitzung aussieht - The Expansion Method","robots":{"index":"index","follow":"follow","max-snippet":"max-snippet:-1","max-image-preview":"max-image-preview:large","max-video-preview":"max-video-preview:-1"},"canonical":"https:\/\/expansion-method.com\/de\/how-1-on-1-sessions-look-like\/","og_locale":"de_DE","og_type":"article","og_title":"Wie eine 1-zu-1 Sitzung aussieht - The Expansion Method","og_description":"1-zu-1 &nbsp; Die Expansion SessionEine Expansionssitzung ist ein pers\u00f6nlicher Prozess. Sie findet zwischen einer Begleiterin\/einem Begleiter und einem Klienten statt und dauert etwa zwei Stunden. Wenn die Sitzung beginnt, erkl\u00e4rt der Klient das Thema, an dem er arbeiten m\u00f6chte, sei es eine emotionale, mentale, psychosomatische Behandlung, spirituelle Entwicklung oder eine andere Herausforderung im Leben. Dann [&hellip;]","og_url":"https:\/\/expansion-method.com\/de\/how-1-on-1-sessions-look-like\/","og_site_name":"The Expansion Method","article_modified_time":"2021-03-28T18:08:22+00:00","twitter_card":"summary_large_image","twitter_misc":{"Gesch\u00e4tzte Lesezeit":"5\u00a0Minuten"},"schema":{"@context":"https:\/\/schema.org","@graph":[{"@type":"WebPage","@id":"https:\/\/expansion-method.com\/de\/how-1-on-1-sessions-look-like\/","url":"https:\/\/expansion-method.com\/de\/how-1-on-1-sessions-look-like\/","name":"Wie eine 1-zu-1 Sitzung aussieht - The Expansion Method","isPartOf":{"@id":"https:\/\/expansion-method.com\/de\/#website"},"datePublished":"2021-03-05T07:18:43+00:00","dateModified":"2021-03-28T18:08:22+00:00","breadcrumb":{"@id":"https:\/\/expansion-method.com\/de\/how-1-on-1-sessions-look-like\/#breadcrumb"},"inLanguage":"de","potentialAction":[{"@type":"ReadAction","target":["https:\/\/expansion-method.com\/de\/how-1-on-1-sessions-look-like\/"]}]},{"@type":"BreadcrumbList","@id":"https:\/\/expansion-method.com\/de\/how-1-on-1-sessions-look-like\/#breadcrumb","itemListElement":[{"@type":"ListItem","position":1,"name":"Startseite","item":"https:\/\/expansion-method.com\/de\/"},{"@type":"ListItem","position":2,"name":"Wie eine 1-zu-1 Sitzung aussieht"}]},{"@type":"WebSite","@id":"https:\/\/expansion-method.com\/de\/#website","url":"https:\/\/expansion-method.com\/de\/","name":"The Expansion Method","description":"Become Bigger Than Your Problems","potentialAction":[{"@type":"SearchAction","target":{"@type":"EntryPoint","urlTemplate":"https:\/\/expansion-method.com\/de\/?s={search_term_string}"},"query-input":{"@type":"PropertyValueSpecification","valueRequired":true,"valueName":"search_term_string"}}],"inLanguage":"de"}]}},"_links":{"self":[{"href":"https:\/\/expansion-method.com\/de\/wp-json\/wp\/v2\/pages\/5077","targetHints":{"allow":["GET"]}}],"collection":[{"href":"https:\/\/expansion-method.com\/de\/wp-json\/wp\/v2\/pages"}],"about":[{"href":"https:\/\/expansion-method.com\/de\/wp-json\/wp\/v2\/types\/page"}],"author":[{"embeddable":true,"href":"https:\/\/expansion-method.com\/de\/wp-json\/wp\/v2\/users\/1"}],"replies":[{"embeddable":true,"href":"https:\/\/expansion-method.com\/de\/wp-json\/wp\/v2\/comments?post=5077"}],"version-history":[{"count":0,"href":"https:\/\/expansion-method.com\/de\/wp-json\/wp\/v2\/pages\/5077\/revisions"}],"wp:attachment":[{"href":"https:\/\/expansion-method.com\/de\/wp-json\/wp\/v2\/media?parent=5077"}],"curies":[{"name":"wp","href":"https:\/\/api.w.org\/{rel}","templated":true}]}}