{"id":5195,"date":"2021-03-28T20:35:27","date_gmt":"2021-03-28T18:35:27","guid":{"rendered":"https:\/\/expansion-method.com\/the-team\/"},"modified":"2021-04-30T23:25:03","modified_gmt":"2021-04-30T21:25:03","slug":"the-team","status":"publish","type":"page","link":"https:\/\/expansion-method.com\/de\/the-team\/","title":{"rendered":"Das Team"},"content":{"rendered":"<p>[et_pb_section fb_built=&#8220;1&#8243; _builder_version=&#8220;4.9.2&#8243; _module_preset=&#8220;default&#8220; use_background_color_gradient=&#8220;on&#8220; background_color_gradient_start=&#8220;rgba(30,68,150,0.99)&#8220; background_color_gradient_end=&#8220;rgba(30,68,150,0.25)&#8220; background_color_gradient_type=&#8220;radial&#8220; background_color_gradient_direction_radial=&#8220;bottom left&#8220; background_color_gradient_overlays_image=&#8220;on&#8220; background_image=&#8220;https:\/\/expansion-method.com\/wp-content\/uploads\/2021\/03\/sky-lean.jpg&#8220;][et_pb_row _builder_version=&#8220;4.9.0&#8243; _module_preset=&#8220;default&#8220; custom_padding=&#8220;|20px||20px|false|false&#8220;][et_pb_column type=&#8220;4_4&#8243; _builder_version=&#8220;4.9.0&#8243; _module_preset=&#8220;default&#8220;][et_pb_text _builder_version=&#8220;4.9.2&#8243; _module_preset=&#8220;default&#8220; header_text_color=&#8220;#FFFFFF&#8220; header_font_size=&#8220;51px&#8220; header_2_text_color=&#8220;#FFFFFF&#8220;]<\/p>\n<h1 style=\"text-align: center;\">Das Team<\/h1>\n<p>[\/et_pb_text][\/et_pb_column][\/et_pb_row][\/et_pb_section][et_pb_section fb_built=&#8220;1&#8243; _builder_version=&#8220;4.9.0&#8243; _module_preset=&#8220;default&#8220; custom_padding=&#8220;87px|||||&#8220;][et_pb_row column_structure=&#8220;1_2,1_2&#8243; _builder_version=&#8220;4.9.0&#8243; _module_preset=&#8220;default&#8220;][et_pb_column type=&#8220;1_2&#8243; _builder_version=&#8220;4.9.0&#8243; _module_preset=&#8220;default&#8220;][et_pb_text _builder_version=&#8220;4.9.2&#8243; _module_preset=&#8220;default&#8220;]<\/p>\n<h2>Shai Tubali<\/h2>\n<blockquote>\n<p><strong><em>&#8222;Ich glaube, dass der ausgedehnte Zustand der ges\u00fcndeste und nat\u00fcrlichste f\u00fcr uns ist. Er ist sicherlich nat\u00fcrlicher als in Begrenzung und Kontraktion gefangen zu sein&#8220;<\/em><\/strong><\/p>\n<\/blockquote>\n<div class=\"et_pb_module et_pb_text et_pb_text_18  et_pb_text_align_left et_pb_bg_layout_light\">\n<div class=\"et_pb_text_inner\">\n<p>Shai Tubali ist ein f\u00fchrender Experte auf dem Gebiet der Selbstentfaltung und Selbsterm\u00e4chtigung. In seinen Schriften und Lehren verbindet er gekonnt Psychologie, Philosophie, yogische Traditionen und \u00f6stliches Denken und Praktiken zu kraftvollen Prozessen der inneren Transformation.<\/p>\n<p>Eine seiner aktivsten Methoden der Anleitung sind seine zahlreichen B\u00fccher, die in den letzten zwei Jahrzehnten international in f\u00fcnf Sprachen erschienen sind und von gro\u00dfen Verlagen ver\u00f6ffentlicht wurden. Shai Tubalis Schriften und Lehren sind jedoch bei weitem nicht auf das \u00f6stliche Denken beschr\u00e4nkt. Mit der Zeit hat er eine beachtliche Liste von Methoden geschaffen, die Meditation, Therapie und Selbsterm\u00e4chtigung zu hochwirksamen, ganzheitlichen Prozessen vermischen. Seine bekanntesten Methoden &#8211; die &#8222;Expansions-Methode&#8220;, die &#8222;Power Psychologie&#8220; und die &#8222;Chakra-Psychologie&#8220; &#8211; werden von Psychologen und Psychotherapeuten in ganz Europa angewandt. Seine \u00fcberraschenden psychologischen Einsichten wurden von Psychologen und Akademikern sowohl f\u00fcr ihre Originalit\u00e4t als auch f\u00fcr ihre Tiefe anerkannt.<\/p>\n<\/div>\n<\/div>\n<p>[\/et_pb_text][\/et_pb_column][et_pb_column type=&#8220;1_2&#8243; _builder_version=&#8220;4.9.0&#8243; _module_preset=&#8220;default&#8220;][et_pb_image src=&#8220;https:\/\/expansion-method.com\/wp-content\/uploads\/2021\/03\/shai-tubali-expansion-method.jpg&#8220; title_text=&#8220;shai-tubali-expansion-method&#8220; _builder_version=&#8220;4.9.2&#8243; _module_preset=&#8220;default&#8220; custom_margin=&#8220;40px|||||&#8220;][\/et_pb_image][\/et_pb_column][\/et_pb_row][et_pb_row column_structure=&#8220;1_2,1_2&#8243; _builder_version=&#8220;4.9.0&#8243; _module_preset=&#8220;default&#8220; custom_margin=&#8220;41px|auto||auto||&#8220;][et_pb_column type=&#8220;1_2&#8243; _builder_version=&#8220;4.9.0&#8243; _module_preset=&#8220;default&#8220;][et_pb_image src=&#8220;https:\/\/expansion-method.com\/wp-content\/uploads\/2021\/03\/Tamar-Brosh-Expansion-Trainer.jpg&#8220; title_text=&#8220;Tamar-Brosh-Expansion-Trainer&#8220; _builder_version=&#8220;4.9.2&#8243; _module_preset=&#8220;default&#8220;][\/et_pb_image][\/et_pb_column][et_pb_column type=&#8220;1_2&#8243; _builder_version=&#8220;4.9.0&#8243; _module_preset=&#8220;default&#8220;][et_pb_text _builder_version=&#8220;4.9.2&#8243; _module_preset=&#8220;default&#8220;]<\/p>\n<h2>Tamar Brosh<\/h2>\n<blockquote>\n<p><strong><em>Ich wei\u00df, dass es immer einen Teil in dir gibt &#8211; der nie traumatisiert war.<\/em><\/strong><\/p>\n<\/blockquote>\n<p>Tamar Brosh, M.A. ist ein Coach f\u00fcr positive Psychologie und eine zertifizierte Praktikerin in der Expansionsmethode und Power Psychology. Sie ist eine erfahrene Begleiterin im L\u00f6sen von Traumata und legt gro\u00dfen Wert auf spirituelle Entwicklung und Selbsterm\u00e4chtigung. In den letzten 16 Jahren hat sie in ihren florierenden Kliniken in Israel und Berlin vielen Menschen geholfen, Hindernisse und begrenzende Muster zu durchbrechen. Sie ist Mentorin f\u00fcr Frauen und trainiert sie, den Emotionalk\u00f6rper zu \u00fcberwinden, indem sie die Kraft der Meditation und Ausdehnung mit Power-Psychologie kombiniert. Tamar hat sich auch auf die Arbeit mit Paaren spezialisiert und war fr\u00fcher als Anw\u00e4ltin in Israel t\u00e4tig. Sie studiert seit zwanzig Jahren bei Shai Tubali und ist eine vollendete Yogini.<\/p>\n<p>[\/et_pb_text][\/et_pb_column][\/et_pb_row][et_pb_row column_structure=&#8220;1_2,1_2&#8243; _builder_version=&#8220;4.9.2&#8243; _module_preset=&#8220;default&#8220; custom_margin=&#8220;41px|auto||auto||&#8220; custom_padding=&#8220;56px|||||&#8220;][et_pb_column type=&#8220;1_2&#8243; _builder_version=&#8220;4.9.2&#8243; _module_preset=&#8220;default&#8220;][et_pb_text _builder_version=&#8220;4.9.2&#8243; _module_preset=&#8220;default&#8220;]<\/p>\n<h2>Carlos J. Stickel<\/h2>\n<blockquote>\n<p><strong><em>Ich glaube, dass die Entwicklung des menschlichen Bewusstseins ein wesentlicher Schl\u00fcssel ist, um den Herausforderungen der Menschheit im 21. Jahrhundert zu begegnen und L\u00f6sungen zu finden.<br \/><\/em><\/strong><\/p>\n<\/blockquote>\n<p>Carlos Stickel hat einen Master-Abschluss in Sustainability Management. Aufbauend auf seinem Ansatz, den er ethisches oder respektbasiertes Marketing nennt, ist er in unserem Team f\u00fcr die Vermarktung und Organisation unserer Seminare und Trainings, f\u00fcr die Website und die Kundenbetreuung zust\u00e4ndig. So ist seine Arbeit wie eine Br\u00fccke zu Ihnen, lieber Leser, und unseren transformativen Seminaren und Trainings.<\/p>\n<p>[\/et_pb_text][\/et_pb_column][et_pb_column type=&#8220;1_2&#8243; _builder_version=&#8220;4.9.2&#8243; _module_preset=&#8220;default&#8220;][et_pb_image src=&#8220;https:\/\/expansion-method.com\/wp-content\/uploads\/2021\/03\/team-carlos-stickel.jpg&#8220; title_text=&#8220;team-carlos-stickel&#8220; _builder_version=&#8220;4.9.2&#8243; _module_preset=&#8220;default&#8220;][\/et_pb_image][\/et_pb_column][\/et_pb_row][et_pb_row column_structure=&#8220;1_2,1_2&#8243; _builder_version=&#8220;4.9.2&#8243; _module_preset=&#8220;default&#8220; custom_margin=&#8220;41px|auto||auto||&#8220;][et_pb_column type=&#8220;1_2&#8243; _builder_version=&#8220;4.9.2&#8243; _module_preset=&#8220;default&#8220;][et_pb_image src=&#8220;https:\/\/expansion-method.com\/wp-content\/uploads\/2021\/04\/FB-Anzeige_Portraitbild.jpg&#8220; title_text=&#8220;Franziska-Regina-Schneider-Expansion-Method-Begleiterin&#8220; _builder_version=&#8220;4.9.4&#8243; _module_preset=&#8220;default&#8220; hover_enabled=&#8220;0&#8243; sticky_enabled=&#8220;0&#8243;][\/et_pb_image][\/et_pb_column][et_pb_column type=&#8220;1_2&#8243; _builder_version=&#8220;4.9.2&#8243; _module_preset=&#8220;default&#8220;][et_pb_text _builder_version=&#8220;4.9.4&#8243; _module_preset=&#8220;default&#8220; hover_enabled=&#8220;0&#8243; header_2_font_size=&#8220;30px&#8220; sticky_enabled=&#8220;0&#8243;]<\/p>\n<h2>Franziska Regina Schneider<\/h2>\n<p>&nbsp;<\/p>\n<blockquote>\n<p><strong><em>&#8222;Die Expansions-Methode bringt dich in ein Sein voller Selbstverantwortung und wahrer innerer Kraft. Dies ist das sch\u00f6nste Geschenk, was du dir jemals machen kannst.&#8220;<\/em><\/strong><\/p>\n<\/blockquote>\n<p>Franziska Regina Schneider ist zertifizierte Begleiterin der Expansions-Methode und arbeitet als Mentorin mit den Auszubildenden im Zertifizierungsprozess.<\/p>\n<p>Urpr\u00fcnglich im Personalmanagement t\u00e4tig, entschied Franziska sich aufgrund ihrer eigenen intensiven transformativen Erfahrungen mit der Expansions-Methode, andere Menschen auf ihrem Weg in ein Leben voller Selbstverantwortung und Selbsterm\u00e4chtigung zu begleiten. Als Expansion-Practitioner, Coach und Yogalehrerin begleitet sie schwerpunktm\u00e4\u00dfig vor allem auch Menschen zur\u00fcck in ihr Herz und das Wieder-Erleben von eigener innerer Vollst\u00e4ndigkeit.<\/p>\n<p>[\/et_pb_text][\/et_pb_column][\/et_pb_row][\/et_pb_section]<\/p>\n","protected":false},"excerpt":{"rendered":"<p>Das TeamShai Tubali &#8222;Ich glaube, dass der ausgedehnte Zustand der ges\u00fcndeste und nat\u00fcrlichste f\u00fcr uns ist. Er ist sicherlich nat\u00fcrlicher als in Begrenzung und Kontraktion gefangen zu sein&#8220; Shai Tubali ist ein f\u00fchrender Experte auf dem Gebiet der Selbstentfaltung und Selbsterm\u00e4chtigung. In seinen Schriften und Lehren verbindet er gekonnt Psychologie, Philosophie, yogische Traditionen und \u00f6stliches [&hellip;]<\/p>\n","protected":false},"author":1,"featured_media":0,"parent":0,"menu_order":0,"comment_status":"closed","ping_status":"closed","template":"","meta":{"_et_pb_use_builder":"on","_et_pb_old_content":"","_et_gb_content_width":"","footnotes":""},"class_list":["post-5195","page","type-page","status-publish","hentry"],"yoast_head":"<!-- This site is optimized with the Yoast SEO plugin v27.1.1 - https:\/\/yoast.com\/product\/yoast-seo-wordpress\/ -->\n<title>Das Team - The Expansion Method<\/title>\n<meta name=\"robots\" content=\"index, follow, max-snippet:-1, max-image-preview:large, max-video-preview:-1\" \/>\n<link rel=\"canonical\" href=\"https:\/\/expansion-method.com\/de\/the-team\/\" \/>\n<meta property=\"og:locale\" content=\"de_DE\" \/>\n<meta property=\"og:type\" content=\"article\" \/>\n<meta property=\"og:title\" content=\"Das Team - The Expansion Method\" \/>\n<meta property=\"og:description\" content=\"Das TeamShai Tubali &quot;Ich glaube, dass der ausgedehnte Zustand der ges\u00fcndeste und nat\u00fcrlichste f\u00fcr uns ist. Er ist sicherlich nat\u00fcrlicher als in Begrenzung und Kontraktion gefangen zu sein&quot; Shai Tubali ist ein f\u00fchrender Experte auf dem Gebiet der Selbstentfaltung und Selbsterm\u00e4chtigung. In seinen Schriften und Lehren verbindet er gekonnt Psychologie, Philosophie, yogische Traditionen und \u00f6stliches [&hellip;]\" \/>\n<meta property=\"og:url\" content=\"https:\/\/expansion-method.com\/de\/the-team\/\" \/>\n<meta property=\"og:site_name\" content=\"The Expansion Method\" \/>\n<meta property=\"article:modified_time\" content=\"2021-04-30T21:25:03+00:00\" \/>\n<meta name=\"twitter:card\" content=\"summary_large_image\" \/>\n<meta name=\"twitter:label1\" content=\"Gesch\u00e4tzte Lesezeit\" \/>\n\t<meta name=\"twitter:data1\" content=\"3\u00a0Minuten\" \/>\n<script type=\"application\/ld+json\" class=\"yoast-schema-graph\">{\"@context\":\"https:\/\/schema.org\",\"@graph\":[{\"@type\":\"WebPage\",\"@id\":\"https:\/\/expansion-method.com\/de\/the-team\/\",\"url\":\"https:\/\/expansion-method.com\/de\/the-team\/\",\"name\":\"Das Team - The Expansion Method\",\"isPartOf\":{\"@id\":\"https:\/\/expansion-method.com\/de\/#website\"},\"datePublished\":\"2021-03-28T18:35:27+00:00\",\"dateModified\":\"2021-04-30T21:25:03+00:00\",\"breadcrumb\":{\"@id\":\"https:\/\/expansion-method.com\/de\/the-team\/#breadcrumb\"},\"inLanguage\":\"de\",\"potentialAction\":[{\"@type\":\"ReadAction\",\"target\":[\"https:\/\/expansion-method.com\/de\/the-team\/\"]}]},{\"@type\":\"BreadcrumbList\",\"@id\":\"https:\/\/expansion-method.com\/de\/the-team\/#breadcrumb\",\"itemListElement\":[{\"@type\":\"ListItem\",\"position\":1,\"name\":\"Startseite\",\"item\":\"https:\/\/expansion-method.com\/de\/\"},{\"@type\":\"ListItem\",\"position\":2,\"name\":\"Das Team\"}]},{\"@type\":\"WebSite\",\"@id\":\"https:\/\/expansion-method.com\/de\/#website\",\"url\":\"https:\/\/expansion-method.com\/de\/\",\"name\":\"The Expansion Method\",\"description\":\"Become Bigger Than Your Problems\",\"potentialAction\":[{\"@type\":\"SearchAction\",\"target\":{\"@type\":\"EntryPoint\",\"urlTemplate\":\"https:\/\/expansion-method.com\/de\/?s={search_term_string}\"},\"query-input\":{\"@type\":\"PropertyValueSpecification\",\"valueRequired\":true,\"valueName\":\"search_term_string\"}}],\"inLanguage\":\"de\"}]}<\/script>\n<!-- \/ Yoast SEO plugin. -->","yoast_head_json":{"title":"Das Team - The Expansion Method","robots":{"index":"index","follow":"follow","max-snippet":"max-snippet:-1","max-image-preview":"max-image-preview:large","max-video-preview":"max-video-preview:-1"},"canonical":"https:\/\/expansion-method.com\/de\/the-team\/","og_locale":"de_DE","og_type":"article","og_title":"Das Team - The Expansion Method","og_description":"Das TeamShai Tubali \"Ich glaube, dass der ausgedehnte Zustand der ges\u00fcndeste und nat\u00fcrlichste f\u00fcr uns ist. Er ist sicherlich nat\u00fcrlicher als in Begrenzung und Kontraktion gefangen zu sein\" Shai Tubali ist ein f\u00fchrender Experte auf dem Gebiet der Selbstentfaltung und Selbsterm\u00e4chtigung. In seinen Schriften und Lehren verbindet er gekonnt Psychologie, Philosophie, yogische Traditionen und \u00f6stliches [&hellip;]","og_url":"https:\/\/expansion-method.com\/de\/the-team\/","og_site_name":"The Expansion Method","article_modified_time":"2021-04-30T21:25:03+00:00","twitter_card":"summary_large_image","twitter_misc":{"Gesch\u00e4tzte Lesezeit":"3\u00a0Minuten"},"schema":{"@context":"https:\/\/schema.org","@graph":[{"@type":"WebPage","@id":"https:\/\/expansion-method.com\/de\/the-team\/","url":"https:\/\/expansion-method.com\/de\/the-team\/","name":"Das Team - The Expansion Method","isPartOf":{"@id":"https:\/\/expansion-method.com\/de\/#website"},"datePublished":"2021-03-28T18:35:27+00:00","dateModified":"2021-04-30T21:25:03+00:00","breadcrumb":{"@id":"https:\/\/expansion-method.com\/de\/the-team\/#breadcrumb"},"inLanguage":"de","potentialAction":[{"@type":"ReadAction","target":["https:\/\/expansion-method.com\/de\/the-team\/"]}]},{"@type":"BreadcrumbList","@id":"https:\/\/expansion-method.com\/de\/the-team\/#breadcrumb","itemListElement":[{"@type":"ListItem","position":1,"name":"Startseite","item":"https:\/\/expansion-method.com\/de\/"},{"@type":"ListItem","position":2,"name":"Das Team"}]},{"@type":"WebSite","@id":"https:\/\/expansion-method.com\/de\/#website","url":"https:\/\/expansion-method.com\/de\/","name":"The Expansion Method","description":"Become Bigger Than Your Problems","potentialAction":[{"@type":"SearchAction","target":{"@type":"EntryPoint","urlTemplate":"https:\/\/expansion-method.com\/de\/?s={search_term_string}"},"query-input":{"@type":"PropertyValueSpecification","valueRequired":true,"valueName":"search_term_string"}}],"inLanguage":"de"}]}},"_links":{"self":[{"href":"https:\/\/expansion-method.com\/de\/wp-json\/wp\/v2\/pages\/5195","targetHints":{"allow":["GET"]}}],"collection":[{"href":"https:\/\/expansion-method.com\/de\/wp-json\/wp\/v2\/pages"}],"about":[{"href":"https:\/\/expansion-method.com\/de\/wp-json\/wp\/v2\/types\/page"}],"author":[{"embeddable":true,"href":"https:\/\/expansion-method.com\/de\/wp-json\/wp\/v2\/users\/1"}],"replies":[{"embeddable":true,"href":"https:\/\/expansion-method.com\/de\/wp-json\/wp\/v2\/comments?post=5195"}],"version-history":[{"count":0,"href":"https:\/\/expansion-method.com\/de\/wp-json\/wp\/v2\/pages\/5195\/revisions"}],"wp:attachment":[{"href":"https:\/\/expansion-method.com\/de\/wp-json\/wp\/v2\/media?parent=5195"}],"curies":[{"name":"wp","href":"https:\/\/api.w.org\/{rel}","templated":true}]}}