{"id":6874,"date":"2022-05-12T10:39:51","date_gmt":"2022-05-12T08:39:51","guid":{"rendered":"https:\/\/expansion-method.com\/?page_id=6874"},"modified":"2022-05-12T10:44:34","modified_gmt":"2022-05-12T08:44:34","slug":"willkommen","status":"publish","type":"page","link":"https:\/\/expansion-method.com\/de\/supervisions-programm\/willkommen\/","title":{"rendered":"Supervision &#8211; Willkommen und Danke!"},"content":{"rendered":"<p>[et_pb_section fb_built=&#8220;1&#8243; _builder_version=&#8220;4.16&#8243; _module_preset=&#8220;default&#8220; background_color=&#8220;#fefaee&#8220; custom_padding=&#8220;27px||14px|||&#8220; global_colors_info=&#8220;{}&#8220; theme_builder_area=&#8220;post_content&#8220;][et_pb_row column_structure=&#8220;1_2,1_2&#8243; _builder_version=&#8220;4.16&#8243; _module_preset=&#8220;default&#8220; global_colors_info=&#8220;{}&#8220; theme_builder_area=&#8220;post_content&#8220;][et_pb_column type=&#8220;1_2&#8243; _builder_version=&#8220;4.16&#8243; _module_preset=&#8220;default&#8220; global_colors_info=&#8220;{}&#8220; theme_builder_area=&#8220;post_content&#8220;][et_pb_image src=&#8220;https:\/\/expansion-method.com\/wp-content\/uploads\/2019\/05\/The-Expansion-Method-Logo.png&#8220; title_text=&#8220;The Expansion Method Logo&#8220; _builder_version=&#8220;4.16&#8243; _module_preset=&#8220;default&#8220; width=&#8220;46%&#8220; module_alignment=&#8220;center&#8220; global_colors_info=&#8220;{}&#8220; theme_builder_area=&#8220;post_content&#8220;][\/et_pb_image][\/et_pb_column][et_pb_column type=&#8220;1_2&#8243; _builder_version=&#8220;4.16&#8243; _module_preset=&#8220;default&#8220; global_colors_info=&#8220;{}&#8220; theme_builder_area=&#8220;post_content&#8220;][\/et_pb_column][\/et_pb_row][\/et_pb_section][et_pb_section fb_built=&#8220;1&#8243; _builder_version=&#8220;4.16&#8243; _module_preset=&#8220;default&#8220; global_colors_info=&#8220;{}&#8220; theme_builder_area=&#8220;post_content&#8220;][et_pb_row column_structure=&#8220;1_5,3_5,1_5&#8243; _builder_version=&#8220;4.16&#8243; _module_preset=&#8220;default&#8220; global_colors_info=&#8220;{}&#8220; theme_builder_area=&#8220;post_content&#8220;][et_pb_column type=&#8220;1_5&#8243; _builder_version=&#8220;4.16&#8243; _module_preset=&#8220;default&#8220; global_colors_info=&#8220;{}&#8220; theme_builder_area=&#8220;post_content&#8220;][\/et_pb_column][et_pb_column type=&#8220;3_5&#8243; _builder_version=&#8220;4.16&#8243; _module_preset=&#8220;default&#8220; global_colors_info=&#8220;{}&#8220; theme_builder_area=&#8220;post_content&#8220;][et_pb_text _builder_version=&#8220;4.16&#8243; _module_preset=&#8220;default&#8220; global_colors_info=&#8220;{}&#8220; theme_builder_area=&#8220;post_content&#8220;]<\/p>\n<h1 style=\"text-align: center;\">Willkommen zum Supervisionsprogramm mit Tamar Brosh<\/h1>\n<p>[\/et_pb_text][\/et_pb_column][et_pb_column type=&#8220;1_5&#8243; _builder_version=&#8220;4.16&#8243; _module_preset=&#8220;default&#8220; global_colors_info=&#8220;{}&#8220; theme_builder_area=&#8220;post_content&#8220;][\/et_pb_column][\/et_pb_row][\/et_pb_section][et_pb_section fb_built=&#8220;1&#8243; _builder_version=&#8220;4.16&#8243; _module_preset=&#8220;default&#8220; background_color=&#8220;#eefefe&#8220; global_colors_info=&#8220;{}&#8220; theme_builder_area=&#8220;post_content&#8220;][et_pb_row column_structure=&#8220;1_5,3_5,1_5&#8243; _builder_version=&#8220;4.16&#8243; _module_preset=&#8220;default&#8220; global_colors_info=&#8220;{}&#8220; theme_builder_area=&#8220;post_content&#8220;][et_pb_column type=&#8220;1_5&#8243; _builder_version=&#8220;4.16&#8243; _module_preset=&#8220;default&#8220; global_colors_info=&#8220;{}&#8220; theme_builder_area=&#8220;post_content&#8220;][\/et_pb_column][et_pb_column type=&#8220;3_5&#8243; _builder_version=&#8220;4.16&#8243; _module_preset=&#8220;default&#8220; global_colors_info=&#8220;{}&#8220; theme_builder_area=&#8220;post_content&#8220;][et_pb_text _builder_version=&#8220;4.16&#8243; _module_preset=&#8220;default&#8220; global_colors_info=&#8220;{}&#8220; theme_builder_area=&#8220;post_content&#8220;]<\/p>\n<p>Wir freuen uns sehr dich dabei zu haben!<\/p>\n<p>M\u00f6gen wir monatlich gemeinsam wachsen und voneinander lernen!<\/p>\n<p>In K\u00fcrze erh\u00e4ltst du eine <strong><em>E-Mail<\/em><\/strong> von uns. Darin findest du alle Informationen kommenden Supervisionstermin.<\/p>\n<p>Im Anschluss an die live-Abenden werden die Aufzeichnungen immer in unserem <em>Online-Campus<\/em>, <strong><em>ActiveSpirits,<\/em><\/strong> f\u00fcr dich hochgeladen.<\/p>\n<p>Falls du noch keinen Account dort hattest, wird dich also auch eine Email mit den Zugangsdaten zum ActiveSpirits-Campus erreichen.<\/p>\n<p>Falls du diese E-Mails nicht direkt findest, schau auch kurz in deinem Spam-Ordner nach.<br \/>Hier ist dein Link zum Online Campus:<br \/><a href=\"https:\/\/we.activespirits.net\/login\" target=\"_blank\" rel=\"noopener\">\u200bwe.activespirits.net\/login<\/a><\/p>\n<p>Wir sehen uns in K\u00fcrze!<\/p>\n<p>Herzlichst,<\/p>\n<p>Carlos<\/p>\n<p>P.S.<br \/>Falls du Hilfe brauchst, schreib uns gerne jederzeit an<span>\u00a0<\/span><em>carlos@activespirits.net<\/em>.<\/p>\n<p>Die Abrechnung erfolgt \u00fcber unseren Zahlungsanbieter Digistore24.<\/p>\n<p>[\/et_pb_text][\/et_pb_column][et_pb_column type=&#8220;1_5&#8243; _builder_version=&#8220;4.16&#8243; _module_preset=&#8220;default&#8220; global_colors_info=&#8220;{}&#8220; theme_builder_area=&#8220;post_content&#8220;][\/et_pb_column][\/et_pb_row][\/et_pb_section][et_pb_section fb_built=&#8220;1&#8243; _builder_version=&#8220;4.16&#8243; _module_preset=&#8220;default&#8220; global_colors_info=&#8220;{}&#8220; theme_builder_area=&#8220;post_content&#8220;][et_pb_row column_structure=&#8220;1_3,1_3,1_3&#8243; _builder_version=&#8220;4.16&#8243; _module_preset=&#8220;default&#8220; global_colors_info=&#8220;{}&#8220; theme_builder_area=&#8220;post_content&#8220;][et_pb_column type=&#8220;1_3&#8243; _builder_version=&#8220;4.16&#8243; _module_preset=&#8220;default&#8220; global_colors_info=&#8220;{}&#8220; theme_builder_area=&#8220;post_content&#8220;][\/et_pb_column][et_pb_column type=&#8220;1_3&#8243; _builder_version=&#8220;4.16&#8243; _module_preset=&#8220;default&#8220; global_colors_info=&#8220;{}&#8220; theme_builder_area=&#8220;post_content&#8220;][et_pb_text _builder_version=&#8220;4.16&#8243; _module_preset=&#8220;default&#8220; global_colors_info=&#8220;{}&#8220; theme_builder_area=&#8220;post_content&#8220;]<\/p>\n<p style=\"text-align: center;\"><a href=\"https:\/\/expansion-method.com\/impressum\/\"><strong>Impressum<\/strong><\/a><strong> | <a href=\"https:\/\/expansion-method.com\/privacy-policy\/\">Datenschutz<\/a><\/strong><\/p>\n<p>[\/et_pb_text][\/et_pb_column][et_pb_column type=&#8220;1_3&#8243; _builder_version=&#8220;4.16&#8243; _module_preset=&#8220;default&#8220; global_colors_info=&#8220;{}&#8220; theme_builder_area=&#8220;post_content&#8220;][\/et_pb_column][\/et_pb_row][\/et_pb_section]<\/p>\n","protected":false},"excerpt":{"rendered":"<p>Willkommen zum Supervisionsprogramm mit Tamar BroshWir freuen uns sehr dich dabei zu haben! M\u00f6gen wir monatlich gemeinsam wachsen und voneinander lernen! In K\u00fcrze erh\u00e4ltst du eine E-Mail von uns. Darin findest du alle Informationen kommenden Supervisionstermin. Im Anschluss an die live-Abenden werden die Aufzeichnungen immer in unserem Online-Campus, ActiveSpirits, f\u00fcr dich hochgeladen. Falls du noch [&hellip;]<\/p>\n","protected":false},"author":1,"featured_media":0,"parent":6846,"menu_order":0,"comment_status":"closed","ping_status":"closed","template":"page-template-blank.php","meta":{"_et_pb_use_builder":"on","_et_pb_old_content":"","_et_gb_content_width":"","footnotes":""},"class_list":["post-6874","page","type-page","status-publish","hentry"],"yoast_head":"<!-- This site is optimized with the Yoast SEO plugin v27.3 - https:\/\/yoast.com\/product\/yoast-seo-wordpress\/ -->\n<title>Supervision - Willkommen und Danke! - The Expansion Method<\/title>\n<meta name=\"robots\" content=\"index, follow, max-snippet:-1, max-image-preview:large, max-video-preview:-1\" \/>\n<link rel=\"canonical\" href=\"https:\/\/expansion-method.com\/de\/supervisions-programm\/willkommen\/\" \/>\n<meta property=\"og:locale\" content=\"de_DE\" \/>\n<meta property=\"og:type\" content=\"article\" \/>\n<meta property=\"og:title\" content=\"Supervision - Willkommen und Danke! - The Expansion Method\" \/>\n<meta property=\"og:description\" content=\"Willkommen zum Supervisionsprogramm mit Tamar BroshWir freuen uns sehr dich dabei zu haben! M\u00f6gen wir monatlich gemeinsam wachsen und voneinander lernen! In K\u00fcrze erh\u00e4ltst du eine E-Mail von uns. Darin findest du alle Informationen kommenden Supervisionstermin. Im Anschluss an die live-Abenden werden die Aufzeichnungen immer in unserem Online-Campus, ActiveSpirits, f\u00fcr dich hochgeladen. Falls du noch [&hellip;]\" \/>\n<meta property=\"og:url\" content=\"https:\/\/expansion-method.com\/de\/supervisions-programm\/willkommen\/\" \/>\n<meta property=\"og:site_name\" content=\"The Expansion Method\" \/>\n<meta property=\"article:modified_time\" content=\"2022-05-12T08:44:34+00:00\" \/>\n<meta name=\"twitter:card\" content=\"summary_large_image\" \/>\n<script type=\"application\/ld+json\" class=\"yoast-schema-graph\">{\"@context\":\"https:\\\/\\\/schema.org\",\"@graph\":[{\"@type\":\"WebPage\",\"@id\":\"https:\\\/\\\/expansion-method.com\\\/de\\\/supervisions-programm\\\/willkommen\\\/\",\"url\":\"https:\\\/\\\/expansion-method.com\\\/de\\\/supervisions-programm\\\/willkommen\\\/\",\"name\":\"Supervision - Willkommen und Danke! - The Expansion Method\",\"isPartOf\":{\"@id\":\"https:\\\/\\\/expansion-method.com\\\/de\\\/#website\"},\"datePublished\":\"2022-05-12T08:39:51+00:00\",\"dateModified\":\"2022-05-12T08:44:34+00:00\",\"breadcrumb\":{\"@id\":\"https:\\\/\\\/expansion-method.com\\\/de\\\/supervisions-programm\\\/willkommen\\\/#breadcrumb\"},\"inLanguage\":\"de\",\"potentialAction\":[{\"@type\":\"ReadAction\",\"target\":[\"https:\\\/\\\/expansion-method.com\\\/de\\\/supervisions-programm\\\/willkommen\\\/\"]}]},{\"@type\":\"BreadcrumbList\",\"@id\":\"https:\\\/\\\/expansion-method.com\\\/de\\\/supervisions-programm\\\/willkommen\\\/#breadcrumb\",\"itemListElement\":[{\"@type\":\"ListItem\",\"position\":1,\"name\":\"Startseite\",\"item\":\"https:\\\/\\\/expansion-method.com\\\/de\\\/\"},{\"@type\":\"ListItem\",\"position\":2,\"name\":\"Supervisions-Programm mit Tamar Brosh\",\"item\":\"https:\\\/\\\/expansion-method.com\\\/de\\\/supervisions-programm\\\/\"},{\"@type\":\"ListItem\",\"position\":3,\"name\":\"Supervision &#8211; Willkommen und Danke!\"}]},{\"@type\":\"WebSite\",\"@id\":\"https:\\\/\\\/expansion-method.com\\\/de\\\/#website\",\"url\":\"https:\\\/\\\/expansion-method.com\\\/de\\\/\",\"name\":\"The Expansion Method\",\"description\":\"Become Bigger Than Your Problems\",\"potentialAction\":[{\"@type\":\"SearchAction\",\"target\":{\"@type\":\"EntryPoint\",\"urlTemplate\":\"https:\\\/\\\/expansion-method.com\\\/de\\\/?s={search_term_string}\"},\"query-input\":{\"@type\":\"PropertyValueSpecification\",\"valueRequired\":true,\"valueName\":\"search_term_string\"}}],\"inLanguage\":\"de\"}]}<\/script>\n<!-- \/ Yoast SEO plugin. -->","yoast_head_json":{"title":"Supervision - Willkommen und Danke! - The Expansion Method","robots":{"index":"index","follow":"follow","max-snippet":"max-snippet:-1","max-image-preview":"max-image-preview:large","max-video-preview":"max-video-preview:-1"},"canonical":"https:\/\/expansion-method.com\/de\/supervisions-programm\/willkommen\/","og_locale":"de_DE","og_type":"article","og_title":"Supervision - Willkommen und Danke! - The Expansion Method","og_description":"Willkommen zum Supervisionsprogramm mit Tamar BroshWir freuen uns sehr dich dabei zu haben! M\u00f6gen wir monatlich gemeinsam wachsen und voneinander lernen! In K\u00fcrze erh\u00e4ltst du eine E-Mail von uns. Darin findest du alle Informationen kommenden Supervisionstermin. Im Anschluss an die live-Abenden werden die Aufzeichnungen immer in unserem Online-Campus, ActiveSpirits, f\u00fcr dich hochgeladen. Falls du noch [&hellip;]","og_url":"https:\/\/expansion-method.com\/de\/supervisions-programm\/willkommen\/","og_site_name":"The Expansion Method","article_modified_time":"2022-05-12T08:44:34+00:00","twitter_card":"summary_large_image","schema":{"@context":"https:\/\/schema.org","@graph":[{"@type":"WebPage","@id":"https:\/\/expansion-method.com\/de\/supervisions-programm\/willkommen\/","url":"https:\/\/expansion-method.com\/de\/supervisions-programm\/willkommen\/","name":"Supervision - Willkommen und Danke! - The Expansion Method","isPartOf":{"@id":"https:\/\/expansion-method.com\/de\/#website"},"datePublished":"2022-05-12T08:39:51+00:00","dateModified":"2022-05-12T08:44:34+00:00","breadcrumb":{"@id":"https:\/\/expansion-method.com\/de\/supervisions-programm\/willkommen\/#breadcrumb"},"inLanguage":"de","potentialAction":[{"@type":"ReadAction","target":["https:\/\/expansion-method.com\/de\/supervisions-programm\/willkommen\/"]}]},{"@type":"BreadcrumbList","@id":"https:\/\/expansion-method.com\/de\/supervisions-programm\/willkommen\/#breadcrumb","itemListElement":[{"@type":"ListItem","position":1,"name":"Startseite","item":"https:\/\/expansion-method.com\/de\/"},{"@type":"ListItem","position":2,"name":"Supervisions-Programm mit Tamar Brosh","item":"https:\/\/expansion-method.com\/de\/supervisions-programm\/"},{"@type":"ListItem","position":3,"name":"Supervision &#8211; Willkommen und Danke!"}]},{"@type":"WebSite","@id":"https:\/\/expansion-method.com\/de\/#website","url":"https:\/\/expansion-method.com\/de\/","name":"The Expansion Method","description":"Become Bigger Than Your Problems","potentialAction":[{"@type":"SearchAction","target":{"@type":"EntryPoint","urlTemplate":"https:\/\/expansion-method.com\/de\/?s={search_term_string}"},"query-input":{"@type":"PropertyValueSpecification","valueRequired":true,"valueName":"search_term_string"}}],"inLanguage":"de"}]}},"_links":{"self":[{"href":"https:\/\/expansion-method.com\/de\/wp-json\/wp\/v2\/pages\/6874","targetHints":{"allow":["GET"]}}],"collection":[{"href":"https:\/\/expansion-method.com\/de\/wp-json\/wp\/v2\/pages"}],"about":[{"href":"https:\/\/expansion-method.com\/de\/wp-json\/wp\/v2\/types\/page"}],"author":[{"embeddable":true,"href":"https:\/\/expansion-method.com\/de\/wp-json\/wp\/v2\/users\/1"}],"replies":[{"embeddable":true,"href":"https:\/\/expansion-method.com\/de\/wp-json\/wp\/v2\/comments?post=6874"}],"version-history":[{"count":0,"href":"https:\/\/expansion-method.com\/de\/wp-json\/wp\/v2\/pages\/6874\/revisions"}],"up":[{"embeddable":true,"href":"https:\/\/expansion-method.com\/de\/wp-json\/wp\/v2\/pages\/6846"}],"wp:attachment":[{"href":"https:\/\/expansion-method.com\/de\/wp-json\/wp\/v2\/media?parent=6874"}],"curies":[{"name":"wp","href":"https:\/\/api.w.org\/{rel}","templated":true}]}}