{"id":6956,"date":"2021-03-05T08:24:57","date_gmt":"2021-03-05T07:24:57","guid":{"rendered":"https:\/\/expansion-method.com\/training-programs\/"},"modified":"2024-04-05T13:44:03","modified_gmt":"2024-04-05T11:44:03","slug":"training-programs","status":"publish","type":"page","link":"https:\/\/expansion-method.com\/de\/training-programs\/","title":{"rendered":"Weiterbildungen in der Expansions-Methode"},"content":{"rendered":"<p>[et_pb_section fb_built=&#8220;1&#8243; admin_label=&#8220;Hero Section&#8220; _builder_version=&#8220;4.16&#8243; use_background_color_gradient=&#8220;on&#8220; background_color_gradient_stops=&#8220;rgba(30,68,150,0.25) 0%|rgba(30,68,150,0.88) 100%&#8220; background_color_gradient_overlays_image=&#8220;on&#8220; background_color_gradient_start=&#8220;rgba(30,68,150,0.25)&#8220; background_color_gradient_end=&#8220;rgba(30,68,150,0.88)&#8220; background_image=&#8220;https:\/\/expansion-method.com\/wp-content\/uploads\/2021\/03\/expansion-method-basic-head1.jpg&#8220; custom_margin=&#8220;|||&#8220; custom_padding=&#8220;4.4%||9.2%|||&#8220; global_colors_info=&#8220;{}&#8220;][et_pb_row _builder_version=&#8220;4.16&#8243; background_size=&#8220;initial&#8220; background_position=&#8220;top_left&#8220; background_repeat=&#8220;repeat&#8220; global_colors_info=&#8220;{}&#8220;][et_pb_column type=&#8220;4_4&#8243; _builder_version=&#8220;4.16&#8243; custom_padding=&#8220;|||&#8220; global_colors_info=&#8220;{}&#8220; custom_padding__hover=&#8220;|||&#8220;][et_pb_text admin_label=&#8220;Title&#8220; _builder_version=&#8220;4.16&#8243; text_font=&#8220;Quattrocento||||||||&#8220; text_text_color=&#8220;#FFFFFF&#8220; text_font_size=&#8220;22px&#8220; text_line_height=&#8220;1.4em&#8220; header_font=&#8220;||||||||&#8220; header_text_align=&#8220;center&#8220; header_text_color=&#8220;#FFFFFF&#8220; header_font_size=&#8220;70px&#8220; header_letter_spacing=&#8220;6px&#8220; header_line_height=&#8220;1.1em&#8220; text_orientation=&#8220;center&#8220; background_layout=&#8220;dark&#8220; max_width=&#8220;800px&#8220; module_alignment=&#8220;center&#8220; animation_direction=&#8220;top&#8220; header_font_size_tablet=&#8220;40px&#8220; header_font_size_phone=&#8220;&#8220; header_font_size_last_edited=&#8220;on|tablet&#8220; global_colors_info=&#8220;{}&#8220;]<\/p>\n<p>Jetzt teilnehmen<\/p>\n<p>&nbsp;<\/p>\n<h1>Weiterbildungen in der Expansions-Methode<\/h1>\n<p>[\/et_pb_text][\/et_pb_column][\/et_pb_row][\/et_pb_section][et_pb_section fb_built=&#8220;1&#8243; admin_label=&#8220;Feature Section&#8220; _builder_version=&#8220;4.16&#8243; background_image=&#8220;https:\/\/expansion-method.com\/wp-content\/uploads\/2021\/02\/background-free.jpg&#8220; background_position=&#8220;center_right&#8220; max_width=&#8220;88%&#8220; module_alignment=&#8220;center&#8220; custom_margin=&#8220;-6%|||&#8220; custom_padding=&#8220;82px||17px|||&#8220; animation_direction=&#8220;left&#8220; box_shadow_style=&#8220;preset3&#8243; box_shadow_vertical=&#8220;80px&#8220; box_shadow_blur=&#8220;120px&#8220; box_shadow_spread=&#8220;-60px&#8220; box_shadow_color=&#8220;rgba(63,63,31,0.3)&#8220; global_colors_info=&#8220;{}&#8220;][et_pb_row column_structure=&#8220;1_5,3_5,1_5&#8243; _builder_version=&#8220;4.16&#8243; width=&#8220;90%&#8220; max_width=&#8220;90%&#8220; use_custom_width=&#8220;on&#8220; width_unit=&#8220;off&#8220; custom_width_percent=&#8220;90%&#8220; global_colors_info=&#8220;{}&#8220;][et_pb_column type=&#8220;1_5&#8243; _builder_version=&#8220;4.16&#8243; custom_padding=&#8220;|||&#8220; global_colors_info=&#8220;{}&#8220; custom_padding__hover=&#8220;|||&#8220;][et_pb_text admin_label=&#8220;Title&#8220; _builder_version=&#8220;4.16&#8243; text_font=&#8220;||||||||&#8220; header_font=&#8220;||||||||&#8220; header_2_font=&#8220;Quattrocento||||||||&#8220; header_2_font_size=&#8220;60px&#8220; header_2_line_height=&#8220;1.3em&#8220; animation_style=&#8220;slide&#8220; animation_direction=&#8220;left&#8220; animation_duration=&#8220;1400ms&#8220; animation_intensity_slide=&#8220;6%&#8220; header_2_font_size_tablet=&#8220;40px&#8220; header_2_font_size_phone=&#8220;&#8220; header_2_font_size_last_edited=&#8220;on|tablet&#8220; global_colors_info=&#8220;{}&#8220;][\/et_pb_text][\/et_pb_column][et_pb_column type=&#8220;3_5&#8243; _builder_version=&#8220;4.16&#8243; custom_padding=&#8220;|||&#8220; global_colors_info=&#8220;{}&#8220; custom_padding__hover=&#8220;|||&#8220;][et_pb_text admin_label=&#8220;Title&#8220; _builder_version=&#8220;4.16&#8243; text_font=&#8220;|300|||||||&#8220; text_text_color=&#8220;#854f15&#8243; text_font_size=&#8220;31px&#8220; text_line_height=&#8220;1.2em&#8220; header_font=&#8220;||||||||&#8220; header_2_font=&#8220;||||||||&#8220; header_2_font_size=&#8220;60px&#8220; header_2_line_height=&#8220;1.3em&#8220; text_orientation=&#8220;center&#8220; module_alignment=&#8220;center&#8220; custom_margin=&#8220;6px||10px|||&#8220; animation_direction=&#8220;left&#8220; header_2_font_size_tablet=&#8220;40px&#8220; header_2_font_size_phone=&#8220;&#8220; header_2_font_size_last_edited=&#8220;on|tablet&#8220; global_colors_info=&#8220;{}&#8220;]<\/p>\n<blockquote>\n<p><em>Die Teilnahme an den Trainingsprogrammen von Expansion kann dir neue und spannende T\u00fcren f\u00fcr deine berufliche und pers\u00f6nliche Entwicklung \u00f6ffnen.<\/em><\/p>\n<\/blockquote>\n<p>[\/et_pb_text][et_pb_text _builder_version=&#8220;4.16&#8243; text_font=&#8220;Quattrocento||||||||&#8220; text_font_size=&#8220;18px&#8220; text_line_height=&#8220;2.2em&#8220; header_font=&#8220;||||||||&#8220; header_2_font=&#8220;||||||||&#8220; text_orientation=&#8220;justified&#8220; animation_direction=&#8220;left&#8220; global_colors_info=&#8220;{}&#8220;]<\/p>\n<p><em>\u00a0<\/em><\/p>\n<p>Mit diesem Ausbildungsprogramm kannst du in den Traumatechniken der Expansions-Methode zertifiziert werden. Wenn du dich entscheidest, die verschiedenen Stufen der Ausbildung zu absolvieren, gibt es au\u00dferdem fortgeschrittene Zertifizierungen &#8211; bis hin zur M\u00f6glichkeit selbst Ausbilder*in zu werden.<\/p>\n<p>Die Kerntechniken der Expansions-Methode sind auf Traumaarbeit spezialisiert; daher basiert unser Grundausbildungsprogramm auf den Traumatechniken der Expansion und beinhaltet ein umfangreiches und transformatives Wissen aus der Welt der<em> positiven Psychologie, des energetischen Feinstoffk\u00f6rpers (einschlie\u00dflich des Chakrasystems), der Power-Psychologie und der Chakra-Psychologie.<\/em><\/p>\n<p>[\/et_pb_text][\/et_pb_column][et_pb_column type=&#8220;1_5&#8243; _builder_version=&#8220;4.16&#8243; custom_padding=&#8220;|||&#8220; global_colors_info=&#8220;{}&#8220; custom_padding__hover=&#8220;|||&#8220;][\/et_pb_column][\/et_pb_row][\/et_pb_section][et_pb_section fb_built=&#8220;1&#8243; _builder_version=&#8220;4.16&#8243; _module_preset=&#8220;default&#8220; custom_padding=&#8220;42px||44px|||&#8220; global_colors_info=&#8220;{}&#8220;][et_pb_row column_structure=&#8220;2_5,3_5&#8243; _builder_version=&#8220;4.16&#8243; custom_margin=&#8220;||0px||false|false&#8220; custom_padding=&#8220;||1px|||&#8220; global_colors_info=&#8220;{}&#8220;][et_pb_column type=&#8220;2_5&#8243; _builder_version=&#8220;4.16&#8243; custom_padding=&#8220;|||&#8220; global_colors_info=&#8220;{}&#8220; custom_padding__hover=&#8220;|||&#8220;][et_pb_image src=&#8220;https:\/\/expansion-method.com\/wp-content\/uploads\/2021\/03\/expansion-books.jpg&#8220; title_text=&#8220;expansion-books&#8220; _builder_version=&#8220;4.16&#8243; _module_preset=&#8220;default&#8220; custom_margin=&#8220;||0px||false|false&#8220; custom_padding=&#8220;||0px||false|false&#8220; global_colors_info=&#8220;{}&#8220;][\/et_pb_image][\/et_pb_column][et_pb_column type=&#8220;3_5&#8243; _builder_version=&#8220;4.16&#8243; custom_padding=&#8220;|||&#8220; global_colors_info=&#8220;{}&#8220; custom_padding__hover=&#8220;|||&#8220;][et_pb_text _builder_version=&#8220;4.16&#8243; text_font=&#8220;Quattrocento||||||||&#8220; text_font_size=&#8220;18px&#8220; text_line_height=&#8220;2.2em&#8220; header_font=&#8220;||||||||&#8220; header_2_font=&#8220;||||||||&#8220; text_orientation=&#8220;justified&#8220; animation_direction=&#8220;left&#8220; global_colors_info=&#8220;{}&#8220;]<\/p>\n<p>Die Unterrichtsmaterialien basieren auf den B\u00fcchern von Shai Tubali: &#8222;White Light: Reise zur Gl\u00fcckseligkeit&#8220; und &#8222;Chakren &#8211; die sieben Energiek\u00f6rper der Seele&#8220; sowie &#8222;The Journey to True Inner Power&#8220;. Sie beinhalten Einf\u00fchrungen in die Expansionsmethode im Allgemeinen und den &#8222;Expansionsprozess&#8220; im Besonderen, die Grundlagen der &#8222;Erleuchteten Psychologie&#8220;, die feinstoffliche Anatomie des Menschen, einschlie\u00dflich der feinstofflichen Felder und der Chakren, die Prozesse der Analyse und Integration sowie die sieben grundlegenden Techniken f\u00fcr Einzelsitzungen.<\/p>\n<p>[\/et_pb_text][\/et_pb_column][\/et_pb_row][et_pb_row column_structure=&#8220;1_2,1_2&#8243; _builder_version=&#8220;4.16&#8243; _module_preset=&#8220;default&#8220; background_color=&#8220;#1E4496&#8243; use_background_color_gradient=&#8220;on&#8220; background_color_gradient_type=&#8220;circular&#8220; background_color_gradient_direction_radial=&#8220;bottom left&#8220; background_color_gradient_stops=&#8220;#1e4496 0%|rgba(30,68,150,0.37) 100%&#8220; background_color_gradient_overlays_image=&#8220;on&#8220; background_color_gradient_start=&#8220;#1e4496&#8243; background_color_gradient_end=&#8220;rgba(30,68,150,0.37)&#8220; background_image=&#8220;https:\/\/expansion-method.com\/wp-content\/uploads\/2021\/03\/sky-lean.jpg&#8220; custom_padding=&#8220;|20px||30px|false|false&#8220; global_colors_info=&#8220;{}&#8220;][et_pb_column type=&#8220;1_2&#8243; _builder_version=&#8220;4.16&#8243; _module_preset=&#8220;default&#8220; global_colors_info=&#8220;{}&#8220;][et_pb_text _builder_version=&#8220;4.16&#8243; text_font=&#8220;Quattrocento|700|||||||&#8220; text_text_color=&#8220;#FFFFFF&#8220; text_font_size=&#8220;18px&#8220; text_line_height=&#8220;2.2em&#8220; header_font=&#8220;||||||||&#8220; header_2_font=&#8220;||||||||&#8220; text_orientation=&#8220;justified&#8220; animation_direction=&#8220;left&#8220; global_colors_info=&#8220;{}&#8220;]<\/p>\n<p>Erhalte mehr Informationen Expansion Method Trauma Release Training:<\/p>\n<p>[\/et_pb_text][et_pb_button button_url=&#8220;https:\/\/expansion-method.com\/de\/ausbildung\/&#8220; button_text=&#8220;Mehr erfahren&#8220; _builder_version=&#8220;4.24.3&#8243; _module_preset=&#8220;default&#8220; button_bg_color=&#8220;gcid-d3c1140a-463a-4d90-aa12-63fa444e33d4&#8243; button_border_color=&#8220;RGBA(0,0,0,0)&#8220; button_use_icon=&#8220;off&#8220; hover_enabled=&#8220;0&#8243; box_shadow_style=&#8220;preset3&#8243; global_colors_info=&#8220;{%22gcid-d3c1140a-463a-4d90-aa12-63fa444e33d4%22:%91%22button_bg_color%22%93}&#8220; sticky_enabled=&#8220;0&#8243;][\/et_pb_button][\/et_pb_column][et_pb_column type=&#8220;1_2&#8243; _builder_version=&#8220;4.16&#8243; _module_preset=&#8220;default&#8220; global_colors_info=&#8220;{}&#8220;][et_pb_text _builder_version=&#8220;4.16&#8243; text_font=&#8220;Quattrocento|700|||||||&#8220; text_text_color=&#8220;#FFFFFF&#8220; text_font_size=&#8220;18px&#8220; text_line_height=&#8220;2.2em&#8220; header_font=&#8220;||||||||&#8220; header_2_font=&#8220;||||||||&#8220; text_orientation=&#8220;justified&#8220; animation_direction=&#8220;left&#8220; global_colors_info=&#8220;{}&#8220;]<\/p>\n<p>Erfahre mehr \u00fcber die Schule emotionaler Transformation:<\/p>\n<p>[\/et_pb_text][et_pb_button button_url=&#8220;https:\/\/expansion-method.com\/de\/ausbildung\/&#8220; button_text=&#8220;Mehr erfahren&#8220; _builder_version=&#8220;4.18.0&#8243; _module_preset=&#8220;default&#8220; button_bg_color=&#8220;gcid-d3c1140a-463a-4d90-aa12-63fa444e33d4&#8243; button_border_color=&#8220;RGBA(0,0,0,0)&#8220; button_use_icon=&#8220;off&#8220; box_shadow_style=&#8220;preset3&#8243; global_colors_info=&#8220;{%22gcid-d3c1140a-463a-4d90-aa12-63fa444e33d4%22:%91%22button_bg_color%22%93}&#8220;][\/et_pb_button][\/et_pb_column][\/et_pb_row][\/et_pb_section][et_pb_section fb_built=&#8220;1&#8243; custom_padding_last_edited=&#8220;off|desktop&#8220; admin_label=&#8220;Feature Section&#8220; _builder_version=&#8220;4.16&#8243; background_color=&#8220;#f7f7f7&#8243; background_image=&#8220;https:\/\/expansion-method.com\/wp-content\/uploads\/2019\/05\/tea_shop_42.jpg&#8220; module_alignment=&#8220;center&#8220; custom_margin=&#8220;0px||||false|false&#8220; custom_padding=&#8220;0px||3.8%||false|false&#8220; custom_padding_tablet=&#8220;0px||0px|&#8220; global_colors_info=&#8220;{}&#8220;][et_pb_row column_structure=&#8220;1_5,3_5,1_5&#8243; _builder_version=&#8220;4.16&#8243; width=&#8220;88%&#8220; max_width=&#8220;88%&#8220; module_alignment=&#8220;center&#8220; custom_margin=&#8220;-2px|auto||auto||&#8220; custom_padding=&#8220;68px|||||&#8220; use_custom_width=&#8220;on&#8220; width_unit=&#8220;off&#8220; custom_width_percent=&#8220;88%&#8220; locked=&#8220;off&#8220; global_colors_info=&#8220;{}&#8220;][et_pb_column type=&#8220;1_5&#8243; _builder_version=&#8220;4.16&#8243; custom_padding=&#8220;|40px||40px&#8220; global_colors_info=&#8220;{}&#8220; custom_padding__hover=&#8220;|||&#8220;][\/et_pb_column][et_pb_column type=&#8220;3_5&#8243; _builder_version=&#8220;4.16&#8243; custom_padding=&#8220;|||&#8220; global_colors_info=&#8220;{}&#8220; custom_padding__hover=&#8220;|||&#8220;][et_pb_text _builder_version=&#8220;4.16&#8243; text_font=&#8220;Quattrocento||||||||&#8220; text_font_size=&#8220;18px&#8220; text_line_height=&#8220;2.2em&#8220; header_font=&#8220;||||||||&#8220; header_2_font=&#8220;||||||||&#8220; text_orientation=&#8220;justified&#8220; custom_margin=&#8220;|||&#8220; custom_padding=&#8220;||0px|||&#8220; animation_direction=&#8220;left&#8220; global_colors_info=&#8220;{}&#8220;]<\/p>\n<h2 style=\"text-align: left;\">Die fortgeschrittenen Ausbildungsstufen<\/h2>\n<p>Die zweite Stufe des Ausbildungsprogramms macht dich zum Experten f\u00fcr das L\u00f6se verborgener Traumaerinnerungen und die Arbeit mit dem Unterbewusstsein. Viele unserer Muster, destruktiven Tendenzen und Grund\u00fcberzeugungen beruhen auf traumatischen Erlebnissen, an die wir uns nicht erinnern k\u00f6nnen. Die Expansion f\u00fcr verborgene Traumaerinnerungen ist eine bahnbrechende Reihe von Techniken, die darauf abzielen, einen sicheren Zugang zum Unterbewusstsein des Klienten zu finden und die negativen Erinnerungen aufzusp\u00fcren, die schwerwiegende und sch\u00e4dliche Einpr\u00e4gungen in unserem Wesen hinterlassen haben, und sie zu entfernen. Diese Techniken sind aber auch dazu gedacht, positive, verborgene Erinnerungen an F\u00e4higkeiten, Fertigkeiten und Erfolge, die in uns schlummern, bewusst zu wecken. In der zweiten Ausbildungsstufe lernst du nicht nur, wie du die verborgenen Erinnerungen an ein Trauma heilen kannst, sondern auch, wie du deinem Kunden helfen kannst, sich wieder mit seinen inneren Kr\u00e4ften und F\u00e4higkeiten zu verbinden.\u00a0<\/p>\n<p><em>Die Teilnahme an einer Hidden Memory Ausbildung ist nur nach erfolgreichem Abschluss einer Stufe 1 Ausbildung m\u00f6glich.<\/em><\/p>\n<p>&nbsp;<\/p>\n<p>[\/et_pb_text][\/et_pb_column][et_pb_column type=&#8220;1_5&#8243; _builder_version=&#8220;4.16&#8243; custom_padding=&#8220;|||&#8220; global_colors_info=&#8220;{}&#8220; custom_padding__hover=&#8220;|||&#8220;][\/et_pb_column][\/et_pb_row][\/et_pb_section]<\/p>\n","protected":false},"excerpt":{"rendered":"<p>Jetzt teilnehmen &nbsp; Weiterbildungen in der Expansions-Methode Die Teilnahme an den Trainingsprogrammen von Expansion kann dir neue und spannende T\u00fcren f\u00fcr deine berufliche und pers\u00f6nliche Entwicklung \u00f6ffnen. \u00a0 Mit diesem Ausbildungsprogramm kannst du in den Traumatechniken der Expansions-Methode zertifiziert werden. Wenn du dich entscheidest, die verschiedenen Stufen der Ausbildung zu absolvieren, gibt es au\u00dferdem fortgeschrittene [&hellip;]<\/p>\n","protected":false},"author":1,"featured_media":0,"parent":0,"menu_order":0,"comment_status":"closed","ping_status":"closed","template":"","meta":{"_et_pb_use_builder":"on","_et_pb_old_content":"","_et_gb_content_width":"","footnotes":""},"class_list":["post-6956","page","type-page","status-publish","hentry"],"yoast_head":"<!-- This site is optimized with the Yoast SEO plugin v27.3 - https:\/\/yoast.com\/product\/yoast-seo-wordpress\/ -->\n<title>Weiterbildungen in der Expansions-Methode - The Expansion Method<\/title>\n<meta name=\"robots\" content=\"index, follow, max-snippet:-1, max-image-preview:large, max-video-preview:-1\" \/>\n<link rel=\"canonical\" href=\"https:\/\/expansion-method.com\/de\/training-programs\/\" \/>\n<meta property=\"og:locale\" content=\"de_DE\" \/>\n<meta property=\"og:type\" content=\"article\" \/>\n<meta property=\"og:title\" content=\"Weiterbildungen in der Expansions-Methode - The Expansion Method\" \/>\n<meta property=\"og:description\" content=\"Jetzt teilnehmen &nbsp; Weiterbildungen in der Expansions-Methode Die Teilnahme an den Trainingsprogrammen von Expansion kann dir neue und spannende T\u00fcren f\u00fcr deine berufliche und pers\u00f6nliche Entwicklung \u00f6ffnen. \u00a0 Mit diesem Ausbildungsprogramm kannst du in den Traumatechniken der Expansions-Methode zertifiziert werden. Wenn du dich entscheidest, die verschiedenen Stufen der Ausbildung zu absolvieren, gibt es au\u00dferdem fortgeschrittene [&hellip;]\" \/>\n<meta property=\"og:url\" content=\"https:\/\/expansion-method.com\/de\/training-programs\/\" \/>\n<meta property=\"og:site_name\" content=\"The Expansion Method\" \/>\n<meta property=\"article:modified_time\" content=\"2024-04-05T11:44:03+00:00\" \/>\n<meta name=\"twitter:card\" content=\"summary_large_image\" \/>\n<meta name=\"twitter:label1\" content=\"Gesch\u00e4tzte Lesezeit\" \/>\n\t<meta name=\"twitter:data1\" content=\"2\u00a0Minuten\" \/>\n<script type=\"application\/ld+json\" class=\"yoast-schema-graph\">{\"@context\":\"https:\\\/\\\/schema.org\",\"@graph\":[{\"@type\":\"WebPage\",\"@id\":\"https:\\\/\\\/expansion-method.com\\\/de\\\/training-programs\\\/\",\"url\":\"https:\\\/\\\/expansion-method.com\\\/de\\\/training-programs\\\/\",\"name\":\"Weiterbildungen in der Expansions-Methode - The Expansion Method\",\"isPartOf\":{\"@id\":\"https:\\\/\\\/expansion-method.com\\\/de\\\/#website\"},\"datePublished\":\"2021-03-05T07:24:57+00:00\",\"dateModified\":\"2024-04-05T11:44:03+00:00\",\"breadcrumb\":{\"@id\":\"https:\\\/\\\/expansion-method.com\\\/de\\\/training-programs\\\/#breadcrumb\"},\"inLanguage\":\"de\",\"potentialAction\":[{\"@type\":\"ReadAction\",\"target\":[\"https:\\\/\\\/expansion-method.com\\\/de\\\/training-programs\\\/\"]}]},{\"@type\":\"BreadcrumbList\",\"@id\":\"https:\\\/\\\/expansion-method.com\\\/de\\\/training-programs\\\/#breadcrumb\",\"itemListElement\":[{\"@type\":\"ListItem\",\"position\":1,\"name\":\"Startseite\",\"item\":\"https:\\\/\\\/expansion-method.com\\\/de\\\/\"},{\"@type\":\"ListItem\",\"position\":2,\"name\":\"Weiterbildungen in der Expansions-Methode\"}]},{\"@type\":\"WebSite\",\"@id\":\"https:\\\/\\\/expansion-method.com\\\/de\\\/#website\",\"url\":\"https:\\\/\\\/expansion-method.com\\\/de\\\/\",\"name\":\"The Expansion Method\",\"description\":\"Become Bigger Than Your Problems\",\"potentialAction\":[{\"@type\":\"SearchAction\",\"target\":{\"@type\":\"EntryPoint\",\"urlTemplate\":\"https:\\\/\\\/expansion-method.com\\\/de\\\/?s={search_term_string}\"},\"query-input\":{\"@type\":\"PropertyValueSpecification\",\"valueRequired\":true,\"valueName\":\"search_term_string\"}}],\"inLanguage\":\"de\"}]}<\/script>\n<!-- \/ Yoast SEO plugin. -->","yoast_head_json":{"title":"Weiterbildungen in der Expansions-Methode - The Expansion Method","robots":{"index":"index","follow":"follow","max-snippet":"max-snippet:-1","max-image-preview":"max-image-preview:large","max-video-preview":"max-video-preview:-1"},"canonical":"https:\/\/expansion-method.com\/de\/training-programs\/","og_locale":"de_DE","og_type":"article","og_title":"Weiterbildungen in der Expansions-Methode - The Expansion Method","og_description":"Jetzt teilnehmen &nbsp; Weiterbildungen in der Expansions-Methode Die Teilnahme an den Trainingsprogrammen von Expansion kann dir neue und spannende T\u00fcren f\u00fcr deine berufliche und pers\u00f6nliche Entwicklung \u00f6ffnen. \u00a0 Mit diesem Ausbildungsprogramm kannst du in den Traumatechniken der Expansions-Methode zertifiziert werden. Wenn du dich entscheidest, die verschiedenen Stufen der Ausbildung zu absolvieren, gibt es au\u00dferdem fortgeschrittene [&hellip;]","og_url":"https:\/\/expansion-method.com\/de\/training-programs\/","og_site_name":"The Expansion Method","article_modified_time":"2024-04-05T11:44:03+00:00","twitter_card":"summary_large_image","twitter_misc":{"Gesch\u00e4tzte Lesezeit":"2\u00a0Minuten"},"schema":{"@context":"https:\/\/schema.org","@graph":[{"@type":"WebPage","@id":"https:\/\/expansion-method.com\/de\/training-programs\/","url":"https:\/\/expansion-method.com\/de\/training-programs\/","name":"Weiterbildungen in der Expansions-Methode - The Expansion Method","isPartOf":{"@id":"https:\/\/expansion-method.com\/de\/#website"},"datePublished":"2021-03-05T07:24:57+00:00","dateModified":"2024-04-05T11:44:03+00:00","breadcrumb":{"@id":"https:\/\/expansion-method.com\/de\/training-programs\/#breadcrumb"},"inLanguage":"de","potentialAction":[{"@type":"ReadAction","target":["https:\/\/expansion-method.com\/de\/training-programs\/"]}]},{"@type":"BreadcrumbList","@id":"https:\/\/expansion-method.com\/de\/training-programs\/#breadcrumb","itemListElement":[{"@type":"ListItem","position":1,"name":"Startseite","item":"https:\/\/expansion-method.com\/de\/"},{"@type":"ListItem","position":2,"name":"Weiterbildungen in der Expansions-Methode"}]},{"@type":"WebSite","@id":"https:\/\/expansion-method.com\/de\/#website","url":"https:\/\/expansion-method.com\/de\/","name":"The Expansion Method","description":"Become Bigger Than Your Problems","potentialAction":[{"@type":"SearchAction","target":{"@type":"EntryPoint","urlTemplate":"https:\/\/expansion-method.com\/de\/?s={search_term_string}"},"query-input":{"@type":"PropertyValueSpecification","valueRequired":true,"valueName":"search_term_string"}}],"inLanguage":"de"}]}},"_links":{"self":[{"href":"https:\/\/expansion-method.com\/de\/wp-json\/wp\/v2\/pages\/6956","targetHints":{"allow":["GET"]}}],"collection":[{"href":"https:\/\/expansion-method.com\/de\/wp-json\/wp\/v2\/pages"}],"about":[{"href":"https:\/\/expansion-method.com\/de\/wp-json\/wp\/v2\/types\/page"}],"author":[{"embeddable":true,"href":"https:\/\/expansion-method.com\/de\/wp-json\/wp\/v2\/users\/1"}],"replies":[{"embeddable":true,"href":"https:\/\/expansion-method.com\/de\/wp-json\/wp\/v2\/comments?post=6956"}],"version-history":[{"count":0,"href":"https:\/\/expansion-method.com\/de\/wp-json\/wp\/v2\/pages\/6956\/revisions"}],"wp:attachment":[{"href":"https:\/\/expansion-method.com\/de\/wp-json\/wp\/v2\/media?parent=6956"}],"curies":[{"name":"wp","href":"https:\/\/api.w.org\/{rel}","templated":true}]}}